{"id":5064,"date":"2020-04-10T22:29:34","date_gmt":"2020-04-10T20:29:34","guid":{"rendered":"https:\/\/niipit.dk\/jeres-gulvsliber-shop\/?page_id=5064"},"modified":"2021-06-26T10:00:05","modified_gmt":"2021-06-26T08:00:05","slug":"frontpage","status":"publish","type":"page","link":"https:\/\/niipit.dk\/jeres-gulvsliber\/","title":{"rendered":"Forside"},"content":{"rendered":"<hr class=\"wp-block-separator\" \/>\r\n\r\n\r\n<h1>Hos Jeres Gulvsliber kan du altid f\u00e5 gulvservices af h\u00f8jeste kvalitet<\/h1>\r\n<p><span style=\"color: #000000;\"><a style=\"color: #000000;\" href=\"https:\/\/jeresgulvsliber.dk\/\" target=\"_blank\" rel=\"noopener\">Jeres gulvsliber<\/a><\/span> er dine specialister indenfor alle former for gulvservices. Det kan blandt andet v\u00e6re at du har brug for gulvafslibning, gulvafh\u00f8vling eller efterbehandling af tr\u00e6overfladerne i dit hjem, kontor eller andre steder.<\/p>\r\n<p>Jeres Gulvsliber er et aarhusiansk gulvfirma som kan hj\u00e6lpe dig i hele Jylland og p\u00e5 Fyn med alle dine behov for gulvservices. Hvis du kan se at overfladen p\u00e5 gulvet er begyndt at se for\u00e6ldet ud eller m\u00e5ske decideret grimt, s\u00e5 er det sandsynligvis p\u00e5 tide at du giver fat i Jeres Gulvsliber.<\/p>\r\n<p>De har i dag 5 rigtig dygtige gulvslibere og to firmabiler, som dag hj\u00e6lper kunder rundt i hele landet med at f\u00e5 de bedste og p\u00e6neste tr\u00e6overflader og gulv, s\u00e5ledes at de altid kan tr\u00e6de ind i et rent og p\u00e6nt hjem hver eneste evige dag.<\/p>\r\n<p>Hvis du lige et flyttet ind i et nyt hjem eller skal til at s\u00e6lge et eksisterende hjem, s\u00e5 kan det ogs\u00e5 v\u00e6re en id\u00e9 at kigge ind i, at f\u00e5 ordnet gulvet s\u00e5ledes at du eller den potentielle tilflytter allerede f\u00f8ler sig velkommen. Hvis dit hjem ikke ser s\u00e6rlig p\u00e6nt ud, s\u00e5 kan det nemlig fraholde nogle k\u00f8bere fra at k\u00f8be dit hjem hvis de mister interessen n\u00e5r de kigger p\u00e5 billederne.<\/p>\r\n<p>Det er n\u00e6sten altid en god id\u00e9 at holde sit hjem i god stand s\u00e5ledes, at beboerne f\u00f8ler sig velkomne og tilpas i hjemmet, da s\u00e5danne ting er med til at p\u00e5virke hvordan vi har det i hverdagen. Hvis du fornemmer at dit hjem er beskidt og rodet, s\u00e5 vil det formentlig ogs\u00e5 have en negativ p\u00e5virkning p\u00e5 dig selv i hverdagen. Det kan blandt andet v\u00e6re, at du ikke har lyst til at invitere g\u00e6ster med hjem, hvis du selv synes at gulvet ser grimt og beskidt ud.<\/p>\r\n<p>Uanset hvad din \u00e5rsag er til at f\u00e5 et nyt gulv, s\u00e5 kan du altid komme i kontakt med Jeres Gulvsliber s\u00e5 de kan h\u00f8re netop dine behov for at f\u00e5 et nyt gulv og give dig en rigtig god pris for at f\u00e5 opgaven l\u00f8st.<\/p>\r\n","protected":false},"excerpt":{"rendered":"<p>Hos Jeres Gulvsliber kan du altid f\u00e5 gulvservices af h\u00f8jeste kvalitet Jeres gulvsliber er dine specialister indenfor alle former for gulvservices. Det kan blandt andet v\u00e6re at du har brug for gulvafslibning, gulvafh\u00f8vling eller efterbehandling af tr\u00e6overfladerne i dit hjem, kontor eller andre steder. Jeres Gulvsliber er et aarhusiansk gulvfirma som kan hj\u00e6lpe dig i <a class=\"moretag btn btn-primary\" href=\"https:\/\/niipit.dk\/jeres-gulvsliber\/\">L\u00e6s mere<\/a><\/p>\n","protected":false},"author":1,"featured_media":0,"parent":0,"menu_order":0,"comment_status":"closed","ping_status":"closed","template":"frontpagePremium.php","meta":{"_exactmetrics_skip_tracking":false,"_exactmetrics_sitenote_active":false,"_exactmetrics_sitenote_note":"","_exactmetrics_sitenote_category":0,"_monsterinsights_skip_tracking":false,"_monsterinsights_sitenote_active":false,"_monsterinsights_sitenote_note":"","_monsterinsights_sitenote_category":0,"footnotes":""},"class_list":["post-5064","page","type-page","status-publish","hentry"],"yoast_head":"<!-- This site is optimized with the Yoast SEO plugin v27.3 - https:\/\/yoast.com\/product\/yoast-seo-wordpress\/ -->\n<title>Hos Jeres Gulvsliber kan du altid f\u00e5 gulvservices af h\u00f8jeste kvalitet<\/title>\n<meta name=\"description\" content=\"Har du brug for hj\u00e6lp til gulvafslibning Kontakt Jeres Gulvsliber her f\u00e5r du altid gulvservices af h\u00f8jeste kvalitet\" \/>\n<meta name=\"robots\" content=\"index, follow, max-snippet:-1, max-image-preview:large, max-video-preview:-1\" \/>\n<link rel=\"canonical\" href=\"https:\/\/niipit.dk\/jeres-gulvsliber\/\" \/>\n<meta property=\"og:locale\" content=\"da_DK\" \/>\n<meta property=\"og:type\" content=\"article\" \/>\n<meta property=\"og:title\" content=\"Hos Jeres Gulvsliber kan du altid f\u00e5 gulvservices af h\u00f8jeste kvalitet\" \/>\n<meta property=\"og:description\" content=\"Har du brug for hj\u00e6lp til gulvafslibning Kontakt Jeres Gulvsliber her f\u00e5r du altid gulvservices af h\u00f8jeste kvalitet\" \/>\n<meta property=\"og:url\" content=\"https:\/\/niipit.dk\/jeres-gulvsliber\/\" \/>\n<meta property=\"og:site_name\" content=\"Jeres Gulvsliber\" \/>\n<meta property=\"article:modified_time\" content=\"2021-06-26T08:00:05+00:00\" \/>\n<meta name=\"twitter:card\" content=\"summary_large_image\" \/>\n<meta name=\"twitter:label1\" content=\"Estimeret l\u00e6setid\" \/>\n\t<meta name=\"twitter:data1\" content=\"2 minutter\" \/>\n<script type=\"application\/ld+json\" class=\"yoast-schema-graph\">{\"@context\":\"https:\\\/\\\/schema.org\",\"@graph\":[{\"@type\":\"WebPage\",\"@id\":\"https:\\\/\\\/niipit.dk\\\/jeres-gulvsliber\\\/\",\"url\":\"https:\\\/\\\/niipit.dk\\\/jeres-gulvsliber\\\/\",\"name\":\"Hos Jeres Gulvsliber kan du altid f\u00e5 gulvservices af h\u00f8jeste kvalitet\",\"isPartOf\":{\"@id\":\"https:\\\/\\\/niipit.dk\\\/jeres-gulvsliber\\\/#website\"},\"datePublished\":\"2020-04-10T20:29:34+00:00\",\"dateModified\":\"2021-06-26T08:00:05+00:00\",\"description\":\"Har du brug for hj\u00e6lp til gulvafslibning Kontakt Jeres Gulvsliber her f\u00e5r du altid gulvservices af h\u00f8jeste kvalitet\",\"breadcrumb\":{\"@id\":\"https:\\\/\\\/niipit.dk\\\/jeres-gulvsliber\\\/#breadcrumb\"},\"inLanguage\":\"da-DK\",\"potentialAction\":[{\"@type\":\"ReadAction\",\"target\":[\"https:\\\/\\\/niipit.dk\\\/jeres-gulvsliber\\\/\"]}]},{\"@type\":\"BreadcrumbList\",\"@id\":\"https:\\\/\\\/niipit.dk\\\/jeres-gulvsliber\\\/#breadcrumb\",\"itemListElement\":[{\"@type\":\"ListItem\",\"position\":1,\"name\":\"Hjem\",\"item\":\"https:\\\/\\\/niipit.dk\\\/jeres-gulvsliber\\\/\"},{\"@type\":\"ListItem\",\"position\":2,\"name\":\"Forside\"}]},{\"@type\":\"WebSite\",\"@id\":\"https:\\\/\\\/niipit.dk\\\/jeres-gulvsliber\\\/#website\",\"url\":\"https:\\\/\\\/niipit.dk\\\/jeres-gulvsliber\\\/\",\"name\":\"Jeres Gulvsliber\",\"description\":\"DIT PROFESSIONELLE  GULVFIRMA\",\"potentialAction\":[{\"@type\":\"SearchAction\",\"target\":{\"@type\":\"EntryPoint\",\"urlTemplate\":\"https:\\\/\\\/niipit.dk\\\/jeres-gulvsliber\\\/?s={search_term_string}\"},\"query-input\":{\"@type\":\"PropertyValueSpecification\",\"valueRequired\":true,\"valueName\":\"search_term_string\"}}],\"inLanguage\":\"da-DK\"}]}<\/script>\n<!-- \/ Yoast SEO plugin. -->","yoast_head_json":{"title":"Hos Jeres Gulvsliber kan du altid f\u00e5 gulvservices af h\u00f8jeste kvalitet","description":"Har du brug for hj\u00e6lp til gulvafslibning Kontakt Jeres Gulvsliber her f\u00e5r du altid gulvservices af h\u00f8jeste kvalitet","robots":{"index":"index","follow":"follow","max-snippet":"max-snippet:-1","max-image-preview":"max-image-preview:large","max-video-preview":"max-video-preview:-1"},"canonical":"https:\/\/niipit.dk\/jeres-gulvsliber\/","og_locale":"da_DK","og_type":"article","og_title":"Hos Jeres Gulvsliber kan du altid f\u00e5 gulvservices af h\u00f8jeste kvalitet","og_description":"Har du brug for hj\u00e6lp til gulvafslibning Kontakt Jeres Gulvsliber her f\u00e5r du altid gulvservices af h\u00f8jeste kvalitet","og_url":"https:\/\/niipit.dk\/jeres-gulvsliber\/","og_site_name":"Jeres Gulvsliber","article_modified_time":"2021-06-26T08:00:05+00:00","twitter_card":"summary_large_image","twitter_misc":{"Estimeret l\u00e6setid":"2 minutter"},"schema":{"@context":"https:\/\/schema.org","@graph":[{"@type":"WebPage","@id":"https:\/\/niipit.dk\/jeres-gulvsliber\/","url":"https:\/\/niipit.dk\/jeres-gulvsliber\/","name":"Hos Jeres Gulvsliber kan du altid f\u00e5 gulvservices af h\u00f8jeste kvalitet","isPartOf":{"@id":"https:\/\/niipit.dk\/jeres-gulvsliber\/#website"},"datePublished":"2020-04-10T20:29:34+00:00","dateModified":"2021-06-26T08:00:05+00:00","description":"Har du brug for hj\u00e6lp til gulvafslibning Kontakt Jeres Gulvsliber her f\u00e5r du altid gulvservices af h\u00f8jeste kvalitet","breadcrumb":{"@id":"https:\/\/niipit.dk\/jeres-gulvsliber\/#breadcrumb"},"inLanguage":"da-DK","potentialAction":[{"@type":"ReadAction","target":["https:\/\/niipit.dk\/jeres-gulvsliber\/"]}]},{"@type":"BreadcrumbList","@id":"https:\/\/niipit.dk\/jeres-gulvsliber\/#breadcrumb","itemListElement":[{"@type":"ListItem","position":1,"name":"Hjem","item":"https:\/\/niipit.dk\/jeres-gulvsliber\/"},{"@type":"ListItem","position":2,"name":"Forside"}]},{"@type":"WebSite","@id":"https:\/\/niipit.dk\/jeres-gulvsliber\/#website","url":"https:\/\/niipit.dk\/jeres-gulvsliber\/","name":"Jeres Gulvsliber","description":"DIT PROFESSIONELLE  GULVFIRMA","potentialAction":[{"@type":"SearchAction","target":{"@type":"EntryPoint","urlTemplate":"https:\/\/niipit.dk\/jeres-gulvsliber\/?s={search_term_string}"},"query-input":{"@type":"PropertyValueSpecification","valueRequired":true,"valueName":"search_term_string"}}],"inLanguage":"da-DK"}]}},"_links":{"self":[{"href":"https:\/\/niipit.dk\/jeres-gulvsliber\/wp-json\/wp\/v2\/pages\/5064","targetHints":{"allow":["GET"]}}],"collection":[{"href":"https:\/\/niipit.dk\/jeres-gulvsliber\/wp-json\/wp\/v2\/pages"}],"about":[{"href":"https:\/\/niipit.dk\/jeres-gulvsliber\/wp-json\/wp\/v2\/types\/page"}],"author":[{"embeddable":true,"href":"https:\/\/niipit.dk\/jeres-gulvsliber\/wp-json\/wp\/v2\/users\/1"}],"replies":[{"embeddable":true,"href":"https:\/\/niipit.dk\/jeres-gulvsliber\/wp-json\/wp\/v2\/comments?post=5064"}],"version-history":[{"count":4,"href":"https:\/\/niipit.dk\/jeres-gulvsliber\/wp-json\/wp\/v2\/pages\/5064\/revisions"}],"predecessor-version":[{"id":5993,"href":"https:\/\/niipit.dk\/jeres-gulvsliber\/wp-json\/wp\/v2\/pages\/5064\/revisions\/5993"}],"wp:attachment":[{"href":"https:\/\/niipit.dk\/jeres-gulvsliber\/wp-json\/wp\/v2\/media?parent=5064"}],"curies":[{"name":"wp","href":"https:\/\/api.w.org\/{rel}","templated":true}]}}