{"id":5064,"date":"2020-04-10T22:29:34","date_gmt":"2020-04-10T20:29:34","guid":{"rendered":"https:\/\/niipit.dk\/jely-huse-shop\/?page_id=5064"},"modified":"2020-12-22T17:54:28","modified_gmt":"2020-12-22T16:54:28","slug":"frontpage","status":"publish","type":"page","link":"https:\/\/niipit.dk\/jely-huse\/","title":{"rendered":"Forside"},"content":{"rendered":"\n<hr class=\"wp-block-separator\"\/>\n\n\n\n<h1 class=\"wp-block-heading\" id=\"h-f-opfyldt-dine-boligdr-mme-af-byggefirma-med-mere-end-50-rs-erfaring\">F\u00e5 opfyldt dine boligdr\u00f8mme af byggefirma med mere end 50 \u00e5rs erfaring<\/h1>\n\n\n\n<h2 class=\"wp-block-heading\" id=\"h-jely-huse-bygger-individuelt-arkitekttegnede-huse-til-typehuspriser\">Jely Huse bygger individuelt arkitekttegnede huse til typehuspriser<\/h2>\n\n\n\n<p>Mange tiltr\u00e6kkes af typehusenes billige priser og effektive byggeproces, men skr\u00e6mmes samtidig af de meget faste rammer og ringe muligheder for individualisering. Kan du nikke genkendende til dette, b\u00f8r du v\u00e6lge familievirksomheden <a href=\"https:\/\/www.jely.dk\/\" target=\"_blank\" rel=\"noreferrer noopener\">Jely Huse<\/a> som byggefirma. Hos dem kan du nemlig f\u00e5 et individuelt arkitekttegnet hus, hvor du har indflydelse p\u00e5 udf\u00f8relsen gennem hele byggeprocessen \u2013 og endda til samme priser som mange almindelige typehuse.<\/p>\n\n\n\n<h3 class=\"wp-block-heading\" id=\"h-dine-nsker-bliver-im-dekommet-gennem-hele-processen\">Dine \u00f8nsker bliver im\u00f8dekommet gennem hele processen<\/h3>\n\n\n\n<p>Hos Jely Huse ser de det som deres fornemste opgave at skabe deres kunders dr\u00f8mmehjem. De ved, at der undervejs i processen kan opst\u00e5 behov og \u00f8nsker, som ingen kunne forudse p\u00e5 forh\u00e5nd. Derfor f\u00e5r du udleveret en byggen\u00f8gle, s\u00e5 du til enhver tid kan bes\u00f8ge dit kommende hjem, mens h\u00e5ndv\u00e6rkerne g\u00e5r og er i gang med at bygge det. Skulle du p\u00e5 s\u00e5dan et bes\u00f8g lige pludselig indse, at noget skal \u00e6ndres, vil Jely Huse g\u00f8re alt, hvad de kan for at im\u00f8dekomme dine \u00f8nsker og behov \u2013 selvf\u00f8lgelig indenfor, hvad der ingeni\u00f8rm\u00e6ssigt kan lade sig g\u00f8re.<\/p>\n\n\n\n<h3 class=\"wp-block-heading\" id=\"h-f-et-uforpligtende-byggebudget-og-tilbud-p-dit-dr-mmehus\">F\u00e5 et uforpligtende byggebudget og tilbud p\u00e5 dit dr\u00f8mmehus<\/h3>\n\n\n\n<p>Uanset om du har meget specifikke ideer til, hvordan dit dr\u00f8mmehjem skal se ud, eller hvis du har brug for inspiration, laver Jely Huse gerne et uforpligtende byggebudget og tilbud p\u00e5 dit dr\u00f8mmehus. Hvis du har egne skitser, ideer eller forslag, beder de dig om at sende det til dem, s\u00e5 de kan tage udgangspunkt i dette. Alternativt kan du lade dig inspirere af deres arkitektforslag til forskellige typer af huse.<\/p>\n","protected":false},"excerpt":{"rendered":"<p>F\u00e5 opfyldt dine boligdr\u00f8mme af byggefirma med mere end 50 \u00e5rs erfaring Jely Huse bygger individuelt arkitekttegnede huse til typehuspriser Mange tiltr\u00e6kkes af typehusenes billige priser og effektive byggeproces, men skr\u00e6mmes samtidig af de meget faste rammer og ringe muligheder for individualisering. Kan du nikke genkendende til dette, b\u00f8r du v\u00e6lge familievirksomheden Jely Huse som <a class=\"moretag btn btn-primary\" href=\"https:\/\/niipit.dk\/jely-huse\/\">L\u00e6s mere<\/a><\/p>\n","protected":false},"author":1,"featured_media":0,"parent":0,"menu_order":0,"comment_status":"closed","ping_status":"closed","template":"frontpagePremium.php","meta":{"_exactmetrics_skip_tracking":false,"_exactmetrics_sitenote_active":false,"_exactmetrics_sitenote_note":"","_exactmetrics_sitenote_category":0,"_monsterinsights_skip_tracking":false,"_monsterinsights_sitenote_active":false,"_monsterinsights_sitenote_note":"","_monsterinsights_sitenote_category":0,"footnotes":""},"class_list":["post-5064","page","type-page","status-publish","hentry"],"yoast_head":"<!-- This site is optimized with the Yoast SEO Premium plugin v16.3 (Yoast SEO v27.3) - https:\/\/yoast.com\/product\/yoast-seo-premium-wordpress\/ -->\n<title>Jely Huse dit personlige byggefirma lige i n\u00e6rheden af dig<\/title>\n<meta name=\"description\" content=\"Hos Jely Huse bygger vi smarte kvalitets huse, som passer personligt til jer! Her f\u00e5r du akritekttegnet designhuse.\" \/>\n<meta name=\"robots\" content=\"index, follow, max-snippet:-1, max-image-preview:large, max-video-preview:-1\" \/>\n<link rel=\"canonical\" href=\"https:\/\/niipit.dk\/jely-huse\/\" \/>\n<meta property=\"og:locale\" content=\"da_DK\" \/>\n<meta property=\"og:type\" content=\"article\" \/>\n<meta property=\"og:title\" content=\"Jely Huse dit personlige byggefirma lige i n\u00e6rheden af dig\" \/>\n<meta property=\"og:description\" content=\"Hos Jely Huse bygger vi smarte kvalitets huse, som passer personligt til jer! Her f\u00e5r du akritekttegnet designhuse.\" \/>\n<meta property=\"og:url\" content=\"https:\/\/niipit.dk\/jely-huse\/\" \/>\n<meta property=\"og:site_name\" content=\"Jely-Huse\" \/>\n<meta property=\"article:modified_time\" content=\"2020-12-22T16:54:28+00:00\" \/>\n<meta name=\"twitter:card\" content=\"summary_large_image\" \/>\n<meta name=\"twitter:label1\" content=\"Estimeret l\u00e6setid\" \/>\n\t<meta name=\"twitter:data1\" content=\"1 minut\" \/>\n<script type=\"application\/ld+json\" class=\"yoast-schema-graph\">{\"@context\":\"https:\\\/\\\/schema.org\",\"@graph\":[{\"@type\":\"WebPage\",\"@id\":\"https:\\\/\\\/niipit.dk\\\/jely-huse\\\/\",\"url\":\"https:\\\/\\\/niipit.dk\\\/jely-huse\\\/\",\"name\":\"Jely Huse dit personlige byggefirma lige i n\u00e6rheden af dig\",\"isPartOf\":{\"@id\":\"https:\\\/\\\/niipit.dk\\\/jely-huse\\\/#website\"},\"datePublished\":\"2020-04-10T20:29:34+00:00\",\"dateModified\":\"2020-12-22T16:54:28+00:00\",\"description\":\"Hos Jely Huse bygger vi smarte kvalitets huse, som passer personligt til jer! Her f\u00e5r du akritekttegnet designhuse.\",\"breadcrumb\":{\"@id\":\"https:\\\/\\\/niipit.dk\\\/jely-huse\\\/#breadcrumb\"},\"inLanguage\":\"da-DK\",\"potentialAction\":[{\"@type\":\"ReadAction\",\"target\":[\"https:\\\/\\\/niipit.dk\\\/jely-huse\\\/\"]}]},{\"@type\":\"BreadcrumbList\",\"@id\":\"https:\\\/\\\/niipit.dk\\\/jely-huse\\\/#breadcrumb\",\"itemListElement\":[{\"@type\":\"ListItem\",\"position\":1,\"name\":\"Hjem\",\"item\":\"https:\\\/\\\/niipit.dk\\\/jely-huse\\\/\"},{\"@type\":\"ListItem\",\"position\":2,\"name\":\"Forside\"}]},{\"@type\":\"WebSite\",\"@id\":\"https:\\\/\\\/niipit.dk\\\/jely-huse\\\/#website\",\"url\":\"https:\\\/\\\/niipit.dk\\\/jely-huse\\\/\",\"name\":\"Jely-Huse\",\"description\":\"Arkitekthuse\",\"potentialAction\":[{\"@type\":\"SearchAction\",\"target\":{\"@type\":\"EntryPoint\",\"urlTemplate\":\"https:\\\/\\\/niipit.dk\\\/jely-huse\\\/?s={search_term_string}\"},\"query-input\":{\"@type\":\"PropertyValueSpecification\",\"valueRequired\":true,\"valueName\":\"search_term_string\"}}],\"inLanguage\":\"da-DK\"}]}<\/script>\n<!-- \/ Yoast SEO Premium plugin. -->","yoast_head_json":{"title":"Jely Huse dit personlige byggefirma lige i n\u00e6rheden af dig","description":"Hos Jely Huse bygger vi smarte kvalitets huse, som passer personligt til jer! Her f\u00e5r du akritekttegnet designhuse.","robots":{"index":"index","follow":"follow","max-snippet":"max-snippet:-1","max-image-preview":"max-image-preview:large","max-video-preview":"max-video-preview:-1"},"canonical":"https:\/\/niipit.dk\/jely-huse\/","og_locale":"da_DK","og_type":"article","og_title":"Jely Huse dit personlige byggefirma lige i n\u00e6rheden af dig","og_description":"Hos Jely Huse bygger vi smarte kvalitets huse, som passer personligt til jer! Her f\u00e5r du akritekttegnet designhuse.","og_url":"https:\/\/niipit.dk\/jely-huse\/","og_site_name":"Jely-Huse","article_modified_time":"2020-12-22T16:54:28+00:00","twitter_card":"summary_large_image","twitter_misc":{"Estimeret l\u00e6setid":"1 minut"},"schema":{"@context":"https:\/\/schema.org","@graph":[{"@type":"WebPage","@id":"https:\/\/niipit.dk\/jely-huse\/","url":"https:\/\/niipit.dk\/jely-huse\/","name":"Jely Huse dit personlige byggefirma lige i n\u00e6rheden af dig","isPartOf":{"@id":"https:\/\/niipit.dk\/jely-huse\/#website"},"datePublished":"2020-04-10T20:29:34+00:00","dateModified":"2020-12-22T16:54:28+00:00","description":"Hos Jely Huse bygger vi smarte kvalitets huse, som passer personligt til jer! Her f\u00e5r du akritekttegnet designhuse.","breadcrumb":{"@id":"https:\/\/niipit.dk\/jely-huse\/#breadcrumb"},"inLanguage":"da-DK","potentialAction":[{"@type":"ReadAction","target":["https:\/\/niipit.dk\/jely-huse\/"]}]},{"@type":"BreadcrumbList","@id":"https:\/\/niipit.dk\/jely-huse\/#breadcrumb","itemListElement":[{"@type":"ListItem","position":1,"name":"Hjem","item":"https:\/\/niipit.dk\/jely-huse\/"},{"@type":"ListItem","position":2,"name":"Forside"}]},{"@type":"WebSite","@id":"https:\/\/niipit.dk\/jely-huse\/#website","url":"https:\/\/niipit.dk\/jely-huse\/","name":"Jely-Huse","description":"Arkitekthuse","potentialAction":[{"@type":"SearchAction","target":{"@type":"EntryPoint","urlTemplate":"https:\/\/niipit.dk\/jely-huse\/?s={search_term_string}"},"query-input":{"@type":"PropertyValueSpecification","valueRequired":true,"valueName":"search_term_string"}}],"inLanguage":"da-DK"}]}},"_links":{"self":[{"href":"https:\/\/niipit.dk\/jely-huse\/wp-json\/wp\/v2\/pages\/5064","targetHints":{"allow":["GET"]}}],"collection":[{"href":"https:\/\/niipit.dk\/jely-huse\/wp-json\/wp\/v2\/pages"}],"about":[{"href":"https:\/\/niipit.dk\/jely-huse\/wp-json\/wp\/v2\/types\/page"}],"author":[{"embeddable":true,"href":"https:\/\/niipit.dk\/jely-huse\/wp-json\/wp\/v2\/users\/1"}],"replies":[{"embeddable":true,"href":"https:\/\/niipit.dk\/jely-huse\/wp-json\/wp\/v2\/comments?post=5064"}],"version-history":[{"count":1,"href":"https:\/\/niipit.dk\/jely-huse\/wp-json\/wp\/v2\/pages\/5064\/revisions"}],"predecessor-version":[{"id":5985,"href":"https:\/\/niipit.dk\/jely-huse\/wp-json\/wp\/v2\/pages\/5064\/revisions\/5985"}],"wp:attachment":[{"href":"https:\/\/niipit.dk\/jely-huse\/wp-json\/wp\/v2\/media?parent=5064"}],"curies":[{"name":"wp","href":"https:\/\/api.w.org\/{rel}","templated":true}]}}