{"id":5064,"date":"2018-08-10T22:29:34","date_gmt":"2018-08-10T20:29:34","guid":{"rendered":"https:\/\/niipit.dk\/inspo-shop\/?page_id=5064"},"modified":"2020-01-24T10:31:25","modified_gmt":"2020-01-24T09:31:25","slug":"frontpage","status":"publish","type":"page","link":"https:\/\/niipit.dk\/inspo\/","title":{"rendered":"Forside"},"content":{"rendered":"\n<hr class=\"wp-block-separator\"\/>\n\n\n\n<p>Inspo er dit hj\u00e6lpev\u00e6rkt\u00f8j til gymnasiet. Her finder du et bredt udvalg af hj\u00e6lpemidler, guides og noter.&nbsp;<\/p>\n\n\n\n<p>Du kan ogs\u00e5 finde et bredt udvalg af f\u00e6rdige opgaver, som du kan bruge til inspiration og til at forst\u00e5, hvordan sproget, stilen og opgaven skal laves. P\u00e5 inspo finder du over 5.000 materialer.<\/p>\n\n\n\n<p>S\u00e6rligt noterne er perfekte til at bruge, n\u00e5r du skal til at forberede til eksamen. Ved at bruge noterne kan du hurtigt f\u00e5 et overblik over, hvilke emner og begreber, som man skal v\u00e6re opm\u00e6rksom p\u00e5.&nbsp;<\/p>\n\n\n\n<p>P\u00e5 inspo finder du noter indenfor hvert fag og nogle af noterne er specialt lavet til bestemte emner og fag. F.eks. er der noter indenfor alle begreber, udtryk og emner indenfor politik som man har i samfundsfag.&nbsp;<\/p>\n\n\n\n<p>Du kan ogs\u00e5 bruge noterne i forbindelse med tavleundervisningen, hvis du har brug for at dykke ned i specifikke emner indenfor det fag du har.&nbsp;<\/p>\n\n\n\n<p>Det koster et mindre m\u00e5nedligt bel\u00f8b at bruge inspo. N\u00e5r du laver et medlemskab har du mulighed for at downloade 20 materialer om m\u00e5neden.&nbsp;<\/p>\n\n\n\n<p>Alle materialerne p\u00e5 inspo er gennemtjekket og sikret, s\u00e5 du ved at kvaliteten er i top. Det betyder bl.a. at alle opgaverne har enten karakteren 7, 10 eller 12.&nbsp;<\/p>\n\n\n\n<p>Som medlem p\u00e5&nbsp;<a href=\"http:\/\/inspo.dk\/\">inspo.dk<\/a>&nbsp;har du ikke kun adgang til en masse nyttige materialer. Du har ogs\u00e5 adgang til en masse sp\u00e6ndende studierabatter. F.eks. f\u00e5r du en unik rabat hos store take-away k\u00e6der og rabat ved kendte t\u00f8jm\u00e6rker.&nbsp;<\/p>\n\n\n\n<p>N\u00e5r du opretter et medlemskab, vil du altid have muligheden for at opsige dit medlemskab. Der er heller ingen binding tilknyttet og det er nemt at opsige.&nbsp;<\/p>\n\n\n\n<p>Skulle der dog opst\u00e5 problemer eller har du sp\u00f8rgsm\u00e5l til noget, skal du altid v\u00e6re velkommen til at kontakte dem p\u00e5 telefon eller skrive en mail til dem. De svarer normalt indenfor 2 dage.<\/p>\n\n\n\n<p><\/p>\n","protected":false},"excerpt":{"rendered":"<p>Inspo er dit hj\u00e6lpev\u00e6rkt\u00f8j til gymnasiet. Her finder du et bredt udvalg af hj\u00e6lpemidler, guides og noter.&nbsp; Du kan ogs\u00e5 finde et bredt udvalg af f\u00e6rdige opgaver, som du kan bruge til inspiration og til at forst\u00e5, hvordan sproget, stilen og opgaven skal laves. P\u00e5 inspo finder du over 5.000 materialer. S\u00e6rligt noterne er perfekte <a class=\"moretag btn btn-primary\" href=\"https:\/\/niipit.dk\/inspo\/\">L\u00e6s mere<\/a><\/p>\n","protected":false},"author":1,"featured_media":0,"parent":0,"menu_order":0,"comment_status":"closed","ping_status":"closed","template":"frontpagePremium.php","meta":{"_exactmetrics_skip_tracking":false,"_exactmetrics_sitenote_active":false,"_exactmetrics_sitenote_note":"","_exactmetrics_sitenote_category":0,"_monsterinsights_skip_tracking":false,"_monsterinsights_sitenote_active":false,"_monsterinsights_sitenote_note":"","_monsterinsights_sitenote_category":0,"footnotes":""},"class_list":["post-5064","page","type-page","status-publish","hentry"],"yoast_head":"<!-- This site is optimized with the Yoast SEO Premium plugin v16.3 (Yoast SEO v27.4) - https:\/\/yoast.com\/product\/yoast-seo-premium-wordpress\/ -->\n<title>Inspo - Find inspiration og hj\u00e6lp til gymnasiet. L\u00e6s mere<\/title>\n<meta name=\"description\" content=\"P\u00e5 inspo finder du en masse brugbare noter og hj\u00e6lpemidler, som du kan bruge i forbindelse med dit studie. Bliv medlem og spar masser af tid fra dag 1.\" \/>\n<meta name=\"robots\" content=\"index, follow, max-snippet:-1, max-image-preview:large, max-video-preview:-1\" \/>\n<link rel=\"canonical\" href=\"https:\/\/niipit.dk\/inspo\/\" \/>\n<meta property=\"og:locale\" content=\"da_DK\" \/>\n<meta property=\"og:type\" content=\"article\" \/>\n<meta property=\"og:title\" content=\"Inspo - Find inspiration og hj\u00e6lp til gymnasiet. L\u00e6s mere\" \/>\n<meta property=\"og:description\" content=\"P\u00e5 inspo finder du en masse brugbare noter og hj\u00e6lpemidler, som du kan bruge i forbindelse med dit studie. Bliv medlem og spar masser af tid fra dag 1.\" \/>\n<meta property=\"og:url\" content=\"https:\/\/niipit.dk\/inspo\/\" \/>\n<meta property=\"og:site_name\" content=\"Inspo\" \/>\n<meta property=\"article:modified_time\" content=\"2020-01-24T09:31:25+00:00\" \/>\n<meta name=\"twitter:card\" content=\"summary_large_image\" \/>\n<meta name=\"twitter:label1\" content=\"Estimeret l\u00e6setid\" \/>\n\t<meta name=\"twitter:data1\" content=\"2 minutter\" \/>\n<script type=\"application\/ld+json\" class=\"yoast-schema-graph\">{\"@context\":\"https:\\\/\\\/schema.org\",\"@graph\":[{\"@type\":\"WebPage\",\"@id\":\"https:\\\/\\\/niipit.dk\\\/inspo\\\/\",\"url\":\"https:\\\/\\\/niipit.dk\\\/inspo\\\/\",\"name\":\"Inspo - Find inspiration og hj\u00e6lp til gymnasiet. L\u00e6s mere\",\"isPartOf\":{\"@id\":\"https:\\\/\\\/niipit.dk\\\/inspo\\\/#website\"},\"datePublished\":\"2018-08-10T20:29:34+00:00\",\"dateModified\":\"2020-01-24T09:31:25+00:00\",\"description\":\"P\u00e5 inspo finder du en masse brugbare noter og hj\u00e6lpemidler, som du kan bruge i forbindelse med dit studie. Bliv medlem og spar masser af tid fra dag 1.\",\"breadcrumb\":{\"@id\":\"https:\\\/\\\/niipit.dk\\\/inspo\\\/#breadcrumb\"},\"inLanguage\":\"da-DK\",\"potentialAction\":[{\"@type\":\"ReadAction\",\"target\":[\"https:\\\/\\\/niipit.dk\\\/inspo\\\/\"]}]},{\"@type\":\"BreadcrumbList\",\"@id\":\"https:\\\/\\\/niipit.dk\\\/inspo\\\/#breadcrumb\",\"itemListElement\":[{\"@type\":\"ListItem\",\"position\":1,\"name\":\"Hjem\",\"item\":\"https:\\\/\\\/niipit.dk\\\/inspo\\\/\"},{\"@type\":\"ListItem\",\"position\":2,\"name\":\"Forside\"}]},{\"@type\":\"WebSite\",\"@id\":\"https:\\\/\\\/niipit.dk\\\/inspo\\\/#website\",\"url\":\"https:\\\/\\\/niipit.dk\\\/inspo\\\/\",\"name\":\"Inspo\",\"description\":\"F\u00e5 din virksomhed p\u00e5 niipit\",\"potentialAction\":[{\"@type\":\"SearchAction\",\"target\":{\"@type\":\"EntryPoint\",\"urlTemplate\":\"https:\\\/\\\/niipit.dk\\\/inspo\\\/?s={search_term_string}\"},\"query-input\":{\"@type\":\"PropertyValueSpecification\",\"valueRequired\":true,\"valueName\":\"search_term_string\"}}],\"inLanguage\":\"da-DK\"}]}<\/script>\n<!-- \/ Yoast SEO Premium plugin. -->","yoast_head_json":{"title":"Inspo - Find inspiration og hj\u00e6lp til gymnasiet. L\u00e6s mere","description":"P\u00e5 inspo finder du en masse brugbare noter og hj\u00e6lpemidler, som du kan bruge i forbindelse med dit studie. Bliv medlem og spar masser af tid fra dag 1.","robots":{"index":"index","follow":"follow","max-snippet":"max-snippet:-1","max-image-preview":"max-image-preview:large","max-video-preview":"max-video-preview:-1"},"canonical":"https:\/\/niipit.dk\/inspo\/","og_locale":"da_DK","og_type":"article","og_title":"Inspo - Find inspiration og hj\u00e6lp til gymnasiet. L\u00e6s mere","og_description":"P\u00e5 inspo finder du en masse brugbare noter og hj\u00e6lpemidler, som du kan bruge i forbindelse med dit studie. Bliv medlem og spar masser af tid fra dag 1.","og_url":"https:\/\/niipit.dk\/inspo\/","og_site_name":"Inspo","article_modified_time":"2020-01-24T09:31:25+00:00","twitter_card":"summary_large_image","twitter_misc":{"Estimeret l\u00e6setid":"2 minutter"},"schema":{"@context":"https:\/\/schema.org","@graph":[{"@type":"WebPage","@id":"https:\/\/niipit.dk\/inspo\/","url":"https:\/\/niipit.dk\/inspo\/","name":"Inspo - Find inspiration og hj\u00e6lp til gymnasiet. L\u00e6s mere","isPartOf":{"@id":"https:\/\/niipit.dk\/inspo\/#website"},"datePublished":"2018-08-10T20:29:34+00:00","dateModified":"2020-01-24T09:31:25+00:00","description":"P\u00e5 inspo finder du en masse brugbare noter og hj\u00e6lpemidler, som du kan bruge i forbindelse med dit studie. Bliv medlem og spar masser af tid fra dag 1.","breadcrumb":{"@id":"https:\/\/niipit.dk\/inspo\/#breadcrumb"},"inLanguage":"da-DK","potentialAction":[{"@type":"ReadAction","target":["https:\/\/niipit.dk\/inspo\/"]}]},{"@type":"BreadcrumbList","@id":"https:\/\/niipit.dk\/inspo\/#breadcrumb","itemListElement":[{"@type":"ListItem","position":1,"name":"Hjem","item":"https:\/\/niipit.dk\/inspo\/"},{"@type":"ListItem","position":2,"name":"Forside"}]},{"@type":"WebSite","@id":"https:\/\/niipit.dk\/inspo\/#website","url":"https:\/\/niipit.dk\/inspo\/","name":"Inspo","description":"F\u00e5 din virksomhed p\u00e5 niipit","potentialAction":[{"@type":"SearchAction","target":{"@type":"EntryPoint","urlTemplate":"https:\/\/niipit.dk\/inspo\/?s={search_term_string}"},"query-input":{"@type":"PropertyValueSpecification","valueRequired":true,"valueName":"search_term_string"}}],"inLanguage":"da-DK"}]}},"_links":{"self":[{"href":"https:\/\/niipit.dk\/inspo\/wp-json\/wp\/v2\/pages\/5064","targetHints":{"allow":["GET"]}}],"collection":[{"href":"https:\/\/niipit.dk\/inspo\/wp-json\/wp\/v2\/pages"}],"about":[{"href":"https:\/\/niipit.dk\/inspo\/wp-json\/wp\/v2\/types\/page"}],"author":[{"embeddable":true,"href":"https:\/\/niipit.dk\/inspo\/wp-json\/wp\/v2\/users\/1"}],"replies":[{"embeddable":true,"href":"https:\/\/niipit.dk\/inspo\/wp-json\/wp\/v2\/comments?post=5064"}],"version-history":[{"count":0,"href":"https:\/\/niipit.dk\/inspo\/wp-json\/wp\/v2\/pages\/5064\/revisions"}],"wp:attachment":[{"href":"https:\/\/niipit.dk\/inspo\/wp-json\/wp\/v2\/media?parent=5064"}],"curies":[{"name":"wp","href":"https:\/\/api.w.org\/{rel}","templated":true}]}}