{"id":5064,"date":"2018-08-10T22:29:34","date_gmt":"2018-08-10T20:29:34","guid":{"rendered":"https:\/\/niipit.dk\/induna\/?page_id=5064"},"modified":"2021-01-05T08:46:48","modified_gmt":"2021-01-05T07:46:48","slug":"frontpage","status":"publish","type":"page","link":"https:\/\/niipit.dk\/induna\/","title":{"rendered":"Forside"},"content":{"rendered":"\n<h2 class=\"wp-block-heading\" id=\"h-tv-omtale-af-min-bog\">TV omtale af min bog<\/h2>\n\n\n\n<p><a href=\"https:\/\/www.tv2ostjylland.dk\/artikel\/diana-omgivet-af-sygdom-de-paaroerende-bliver-glemt?fbclid=IwAR02PPIlZV9FV7n5g13qvUHfqy4bye6b2IxXIvw80iDgqHqqY3Kv4OUA0OY\" target=\"_blank\" rel=\"noreferrer noopener\">Se tv omtalen af min bog p\u00e5 Tv2 \u00d8stjylland<\/a><\/p>\n","protected":false},"excerpt":{"rendered":"<p>TV omtale af min bog Se tv omtalen af min bog p\u00e5 Tv2 \u00d8stjylland<\/p>\n","protected":false},"author":922,"featured_media":0,"parent":0,"menu_order":0,"comment_status":"closed","ping_status":"closed","template":"frontpagePremium.php","meta":{"_exactmetrics_skip_tracking":false,"_exactmetrics_sitenote_active":false,"_exactmetrics_sitenote_note":"","_exactmetrics_sitenote_category":0,"_monsterinsights_skip_tracking":false,"_monsterinsights_sitenote_active":false,"_monsterinsights_sitenote_note":"","_monsterinsights_sitenote_category":0,"footnotes":""},"class_list":["post-5064","page","type-page","status-publish","hentry"],"yoast_head":"<!-- This site is optimized with the Yoast SEO Premium plugin v16.3 (Yoast SEO v27.2) - https:\/\/yoast.com\/product\/yoast-seo-premium-wordpress\/ -->\n<title>Induna - Bestil min nye bog her - Jeg er ogs\u00e5 vigtig<\/title>\n<meta name=\"description\" content=\"Induna - Jeg er ogs\u00e5 Vigtig - er bogen til dig som er p\u00e5r\u00f8rende til en alvorligt syg. Til dig som lever med sygdom t\u00e6t inde p\u00e5 livet.\" \/>\n<meta name=\"robots\" content=\"index, follow, max-snippet:-1, max-image-preview:large, max-video-preview:-1\" \/>\n<link rel=\"canonical\" href=\"https:\/\/niipit.dk\/induna\/\" \/>\n<meta property=\"og:locale\" content=\"da_DK\" \/>\n<meta property=\"og:type\" content=\"article\" \/>\n<meta property=\"og:title\" content=\"Induna - Bestil min nye bog her - Jeg er ogs\u00e5 vigtig\" \/>\n<meta property=\"og:description\" content=\"Induna - Jeg er ogs\u00e5 Vigtig - er bogen til dig som er p\u00e5r\u00f8rende til en alvorligt syg. Til dig som lever med sygdom t\u00e6t inde p\u00e5 livet.\" \/>\n<meta property=\"og:url\" content=\"https:\/\/niipit.dk\/induna\/\" \/>\n<meta property=\"og:site_name\" content=\"Induna\" \/>\n<meta property=\"article:modified_time\" content=\"2021-01-05T07:46:48+00:00\" \/>\n<meta name=\"twitter:card\" content=\"summary_large_image\" \/>\n<script type=\"application\/ld+json\" class=\"yoast-schema-graph\">{\"@context\":\"https:\/\/schema.org\",\"@graph\":[{\"@type\":\"WebPage\",\"@id\":\"https:\/\/niipit.dk\/induna\/\",\"url\":\"https:\/\/niipit.dk\/induna\/\",\"name\":\"Induna - Bestil min nye bog her - Jeg er ogs\u00e5 vigtig\",\"isPartOf\":{\"@id\":\"https:\/\/niipit.dk\/induna\/#website\"},\"datePublished\":\"2018-08-10T20:29:34+00:00\",\"dateModified\":\"2021-01-05T07:46:48+00:00\",\"description\":\"Induna - Jeg er ogs\u00e5 Vigtig - er bogen til dig som er p\u00e5r\u00f8rende til en alvorligt syg. Til dig som lever med sygdom t\u00e6t inde p\u00e5 livet.\",\"breadcrumb\":{\"@id\":\"https:\/\/niipit.dk\/induna\/#breadcrumb\"},\"inLanguage\":\"da-DK\",\"potentialAction\":[{\"@type\":\"ReadAction\",\"target\":[\"https:\/\/niipit.dk\/induna\/\"]}]},{\"@type\":\"BreadcrumbList\",\"@id\":\"https:\/\/niipit.dk\/induna\/#breadcrumb\",\"itemListElement\":[{\"@type\":\"ListItem\",\"position\":1,\"name\":\"Hjem\",\"item\":\"https:\/\/niipit.dk\/induna\/\"},{\"@type\":\"ListItem\",\"position\":2,\"name\":\"Forside\"}]},{\"@type\":\"WebSite\",\"@id\":\"https:\/\/niipit.dk\/induna\/#website\",\"url\":\"https:\/\/niipit.dk\/induna\/\",\"name\":\"Induna\",\"description\":\"Jeg er ogs\u00e5 vigtig...\",\"potentialAction\":[{\"@type\":\"SearchAction\",\"target\":{\"@type\":\"EntryPoint\",\"urlTemplate\":\"https:\/\/niipit.dk\/induna\/?s={search_term_string}\"},\"query-input\":{\"@type\":\"PropertyValueSpecification\",\"valueRequired\":true,\"valueName\":\"search_term_string\"}}],\"inLanguage\":\"da-DK\"}]}<\/script>\n<!-- \/ Yoast SEO Premium plugin. -->","yoast_head_json":{"title":"Induna - Bestil min nye bog her - Jeg er ogs\u00e5 vigtig","description":"Induna - Jeg er ogs\u00e5 Vigtig - er bogen til dig som er p\u00e5r\u00f8rende til en alvorligt syg. Til dig som lever med sygdom t\u00e6t inde p\u00e5 livet.","robots":{"index":"index","follow":"follow","max-snippet":"max-snippet:-1","max-image-preview":"max-image-preview:large","max-video-preview":"max-video-preview:-1"},"canonical":"https:\/\/niipit.dk\/induna\/","og_locale":"da_DK","og_type":"article","og_title":"Induna - Bestil min nye bog her - Jeg er ogs\u00e5 vigtig","og_description":"Induna - Jeg er ogs\u00e5 Vigtig - er bogen til dig som er p\u00e5r\u00f8rende til en alvorligt syg. Til dig som lever med sygdom t\u00e6t inde p\u00e5 livet.","og_url":"https:\/\/niipit.dk\/induna\/","og_site_name":"Induna","article_modified_time":"2021-01-05T07:46:48+00:00","twitter_card":"summary_large_image","schema":{"@context":"https:\/\/schema.org","@graph":[{"@type":"WebPage","@id":"https:\/\/niipit.dk\/induna\/","url":"https:\/\/niipit.dk\/induna\/","name":"Induna - Bestil min nye bog her - Jeg er ogs\u00e5 vigtig","isPartOf":{"@id":"https:\/\/niipit.dk\/induna\/#website"},"datePublished":"2018-08-10T20:29:34+00:00","dateModified":"2021-01-05T07:46:48+00:00","description":"Induna - Jeg er ogs\u00e5 Vigtig - er bogen til dig som er p\u00e5r\u00f8rende til en alvorligt syg. Til dig som lever med sygdom t\u00e6t inde p\u00e5 livet.","breadcrumb":{"@id":"https:\/\/niipit.dk\/induna\/#breadcrumb"},"inLanguage":"da-DK","potentialAction":[{"@type":"ReadAction","target":["https:\/\/niipit.dk\/induna\/"]}]},{"@type":"BreadcrumbList","@id":"https:\/\/niipit.dk\/induna\/#breadcrumb","itemListElement":[{"@type":"ListItem","position":1,"name":"Hjem","item":"https:\/\/niipit.dk\/induna\/"},{"@type":"ListItem","position":2,"name":"Forside"}]},{"@type":"WebSite","@id":"https:\/\/niipit.dk\/induna\/#website","url":"https:\/\/niipit.dk\/induna\/","name":"Induna","description":"Jeg er ogs\u00e5 vigtig...","potentialAction":[{"@type":"SearchAction","target":{"@type":"EntryPoint","urlTemplate":"https:\/\/niipit.dk\/induna\/?s={search_term_string}"},"query-input":{"@type":"PropertyValueSpecification","valueRequired":true,"valueName":"search_term_string"}}],"inLanguage":"da-DK"}]}},"_links":{"self":[{"href":"https:\/\/niipit.dk\/induna\/wp-json\/wp\/v2\/pages\/5064","targetHints":{"allow":["GET"]}}],"collection":[{"href":"https:\/\/niipit.dk\/induna\/wp-json\/wp\/v2\/pages"}],"about":[{"href":"https:\/\/niipit.dk\/induna\/wp-json\/wp\/v2\/types\/page"}],"author":[{"embeddable":true,"href":"https:\/\/niipit.dk\/induna\/wp-json\/wp\/v2\/users\/922"}],"replies":[{"embeddable":true,"href":"https:\/\/niipit.dk\/induna\/wp-json\/wp\/v2\/comments?post=5064"}],"version-history":[{"count":3,"href":"https:\/\/niipit.dk\/induna\/wp-json\/wp\/v2\/pages\/5064\/revisions"}],"predecessor-version":[{"id":6305,"href":"https:\/\/niipit.dk\/induna\/wp-json\/wp\/v2\/pages\/5064\/revisions\/6305"}],"wp:attachment":[{"href":"https:\/\/niipit.dk\/induna\/wp-json\/wp\/v2\/media?parent=5064"}],"curies":[{"name":"wp","href":"https:\/\/api.w.org\/{rel}","templated":true}]}}