{"id":5064,"date":"2018-08-10T22:29:34","date_gmt":"2018-08-10T20:29:34","guid":{"rendered":"https:\/\/niipit.dk\/imerco-vojens-shop\/?page_id=5064"},"modified":"2019-10-20T01:40:36","modified_gmt":"2019-10-19T23:40:36","slug":"frontpage","status":"publish","type":"page","link":"https:\/\/niipit.dk\/imerco-vojens\/","title":{"rendered":"Forside"},"content":{"rendered":"\n<h3 class=\"wp-block-heading\">Imerco Vojens i S\u00f8nderjylland<\/h3>\n\n\n\n<p>\u2705 Se \u00e5bningstider hos Imerco Vojens<br>\n\u2705 K\u00f8b online<br>\n\u2705 Byt i din lokale imerco butik<br>\n\u2705 Altid mange gode tilbud b\u00e5de online og i din lokale butik<br>\n\u2705 Prismatch: butik og online<br>\n\u2705 Vil du optjene 7% i bonuspoint n\u00e5r du handler i Imerco. <br>\n\u2705 Bliv medlem af imerco+ og f\u00e5 endnu flere fordele<br>\n\u2705 VIP invitationer til arrangementer i din lokale Imerco.<\/p>\n\n\n\n<p>Bes\u00f8g Imerco Vojens, r\u00e5dhuscenteret 31, n\u00e6ste gang du skal k\u00f8be en f\u00f8dselsdagsgave. Du finder altid det sidste nye udstyr fra AEG, Breuer, CASA Living, frandsen, K\u00e4hler Hammersh\u00f8j, Lo Roch\u00e8re, Moccamaster, Peit Hein, Riflet, Spring Copenhagen, Wilfa.    <\/p>\n\n\n\n<p>Vil du fork\u00e6le dig selv med noget nyt til k\u00f8kkenet ? M\u00e5ske en ny elkedel, madkasse, stempelkande, det kan ogs\u00e5 v\u00e6re kasserolle Kig i shoppen og du kan finde det hele. <br>\nMangler du inspiration til boligindretning, indvendigt og udvendigt, i havestuen eller b\u00f8rnev\u00e6relset, uanset hvor s\u00e5 har vi et stort udvalg af m\u00e6rker lige fra A simple mess, Bloomingville, CASA Living, Ellen DeGreners by Royal Doulton, Jette Fr\u00f6lich Design, Leitmotiv, Mumi by Arabia, , RISVIG Design, Soehnle, Zone. Vi lover ikke du kan finde alt men m\u00e5ske kan du finde det her.      <\/p>\n\n\n\n<p>Vidste du at Imerco har Gavelisten. Her kan du oprette en gaveliste i din lokale butik og efterh\u00e5nden som dine gave\u00f8nsker bliver k\u00f8bt sletter vi dem fra listen s\u00e5 du undg\u00e5r flere gaver af den samme ting. P\u00e5 den m\u00e5de slipper du for bytter\u00e6set efter festen. Som tak for at Du brugte Imercos Gaveliste s\u00e5 f\u00e5r du et gavekort til Imerco p\u00e5 10% af det bel\u00f8b dine g\u00e6ster har k\u00f8bt for, fra din gaveliste.     <br>\nImerco ved hvad bruden og brudgommen oftes \u00f8nsker sig. Disse vare er ofte et hit til brylluppet Wilfa Slowjuicer, Kaj Bojesen Turtelduer Egetr\u00e6, erik bagger glas, Rosendahl Grand Cru Ovnfastfad, Bitz fad.    <\/p>\n\n\n\n<p>Hvad siger kunderne om at handle online fra Imerco.dk    Nem hjemmeside ved bestilling -Hurtig betjening og levering, -Det virker bare. Bestille, betale og leveret f\u00e5 dage efter, -hurtig og korrekt betjening  <\/p>\n\n\n\n<p>G\u00e5r du efter glad og smilende personale som altid giver en god service s\u00e5 g\u00e5r du ikke forg\u00e6ves n\u00e5r du handler i Imerco Vojens. Husk der er altid landsd\u00e6kkende bytteservice.     <\/p>\n\n\n\n<p>Ses vi i Vojens?<\/p>\n\n\n\n<p>R\u00e5dhuscenteret 31, 6500 Vojens<br>T: +45 74 54 10 24<br>E: K31450@imerco.dk<\/p>\n\n\n\n<p><\/p>\n","protected":false},"excerpt":{"rendered":"<p>Imerco Vojens i S\u00f8nderjylland \u2705 Se \u00e5bningstider hos Imerco Vojens \u2705 K\u00f8b online \u2705 Byt i din lokale imerco butik \u2705 Altid mange gode tilbud b\u00e5de online og i din lokale butik \u2705 Prismatch: butik og online \u2705 Vil du optjene 7% i bonuspoint n\u00e5r du handler i Imerco. \u2705 Bliv medlem af imerco+ og <a class=\"moretag btn btn-primary\" href=\"https:\/\/niipit.dk\/imerco-vojens\/\">L\u00e6s mere<\/a><\/p>\n","protected":false},"author":905,"featured_media":0,"parent":0,"menu_order":0,"comment_status":"closed","ping_status":"closed","template":"frontpagePremium.php","meta":{"_exactmetrics_skip_tracking":false,"_exactmetrics_sitenote_active":false,"_exactmetrics_sitenote_note":"","_exactmetrics_sitenote_category":0,"_monsterinsights_skip_tracking":false,"_monsterinsights_sitenote_active":false,"_monsterinsights_sitenote_note":"","_monsterinsights_sitenote_category":0,"footnotes":""},"class_list":["post-5064","page","type-page","status-publish","hentry"],"yoast_head":"<!-- This site is optimized with the Yoast SEO Premium plugin v16.3 (Yoast SEO v27.3) - https:\/\/yoast.com\/product\/yoast-seo-premium-wordpress\/ -->\n<title>Imerco Vojens Din isenkr\u00e6mmer i S\u00f8nderjylland - Niipit.dk<\/title>\n<meta name=\"description\" content=\"Imerco i Vojens er din isenkr\u00e6mmer i s\u00f8nderjylland. Bestil i vores butik online og afhent dine vare i butikken. Vil du handle lokalt s\u00e5 k\u00f8b her\" \/>\n<meta name=\"robots\" content=\"index, follow, max-snippet:-1, max-image-preview:large, max-video-preview:-1\" \/>\n<link rel=\"canonical\" href=\"https:\/\/niipit.dk\/imerco-vojens\/\" \/>\n<meta property=\"og:locale\" content=\"da_DK\" \/>\n<meta property=\"og:type\" content=\"article\" \/>\n<meta property=\"og:title\" content=\"Imerco Vojens Din isenkr\u00e6mmer i S\u00f8nderjylland - Niipit.dk\" \/>\n<meta property=\"og:description\" content=\"Imerco i Vojens er din isenkr\u00e6mmer i s\u00f8nderjylland. Bestil i vores butik online og afhent dine vare i butikken. Vil du handle lokalt s\u00e5 k\u00f8b her\" \/>\n<meta property=\"og:url\" content=\"https:\/\/niipit.dk\/imerco-vojens\/\" \/>\n<meta property=\"og:site_name\" content=\"Imerco Vojens\" \/>\n<meta property=\"article:modified_time\" content=\"2019-10-19T23:40:36+00:00\" \/>\n<meta name=\"twitter:card\" content=\"summary_large_image\" \/>\n<meta name=\"twitter:label1\" content=\"Estimeret l\u00e6setid\" \/>\n\t<meta name=\"twitter:data1\" content=\"2 minutter\" \/>\n<script type=\"application\/ld+json\" class=\"yoast-schema-graph\">{\"@context\":\"https:\\\/\\\/schema.org\",\"@graph\":[{\"@type\":\"WebPage\",\"@id\":\"https:\\\/\\\/niipit.dk\\\/imerco-vojens\\\/\",\"url\":\"https:\\\/\\\/niipit.dk\\\/imerco-vojens\\\/\",\"name\":\"Imerco Vojens Din isenkr\u00e6mmer i S\u00f8nderjylland - Niipit.dk\",\"isPartOf\":{\"@id\":\"https:\\\/\\\/niipit.dk\\\/imerco-vojens\\\/#website\"},\"datePublished\":\"2018-08-10T20:29:34+00:00\",\"dateModified\":\"2019-10-19T23:40:36+00:00\",\"description\":\"Imerco i Vojens er din isenkr\u00e6mmer i s\u00f8nderjylland. Bestil i vores butik online og afhent dine vare i butikken. Vil du handle lokalt s\u00e5 k\u00f8b her\",\"breadcrumb\":{\"@id\":\"https:\\\/\\\/niipit.dk\\\/imerco-vojens\\\/#breadcrumb\"},\"inLanguage\":\"da-DK\",\"potentialAction\":[{\"@type\":\"ReadAction\",\"target\":[\"https:\\\/\\\/niipit.dk\\\/imerco-vojens\\\/\"]}]},{\"@type\":\"BreadcrumbList\",\"@id\":\"https:\\\/\\\/niipit.dk\\\/imerco-vojens\\\/#breadcrumb\",\"itemListElement\":[{\"@type\":\"ListItem\",\"position\":1,\"name\":\"Hjem\",\"item\":\"https:\\\/\\\/niipit.dk\\\/imerco-vojens\\\/\"},{\"@type\":\"ListItem\",\"position\":2,\"name\":\"Forside\"}]},{\"@type\":\"WebSite\",\"@id\":\"https:\\\/\\\/niipit.dk\\\/imerco-vojens\\\/#website\",\"url\":\"https:\\\/\\\/niipit.dk\\\/imerco-vojens\\\/\",\"name\":\"Imerco Vojens\",\"description\":\"Find lokale butikker med Niipit.dk\",\"potentialAction\":[{\"@type\":\"SearchAction\",\"target\":{\"@type\":\"EntryPoint\",\"urlTemplate\":\"https:\\\/\\\/niipit.dk\\\/imerco-vojens\\\/?s={search_term_string}\"},\"query-input\":{\"@type\":\"PropertyValueSpecification\",\"valueRequired\":true,\"valueName\":\"search_term_string\"}}],\"inLanguage\":\"da-DK\"}]}<\/script>\n<!-- \/ Yoast SEO Premium plugin. -->","yoast_head_json":{"title":"Imerco Vojens Din isenkr\u00e6mmer i S\u00f8nderjylland - Niipit.dk","description":"Imerco i Vojens er din isenkr\u00e6mmer i s\u00f8nderjylland. Bestil i vores butik online og afhent dine vare i butikken. Vil du handle lokalt s\u00e5 k\u00f8b her","robots":{"index":"index","follow":"follow","max-snippet":"max-snippet:-1","max-image-preview":"max-image-preview:large","max-video-preview":"max-video-preview:-1"},"canonical":"https:\/\/niipit.dk\/imerco-vojens\/","og_locale":"da_DK","og_type":"article","og_title":"Imerco Vojens Din isenkr\u00e6mmer i S\u00f8nderjylland - Niipit.dk","og_description":"Imerco i Vojens er din isenkr\u00e6mmer i s\u00f8nderjylland. Bestil i vores butik online og afhent dine vare i butikken. Vil du handle lokalt s\u00e5 k\u00f8b her","og_url":"https:\/\/niipit.dk\/imerco-vojens\/","og_site_name":"Imerco Vojens","article_modified_time":"2019-10-19T23:40:36+00:00","twitter_card":"summary_large_image","twitter_misc":{"Estimeret l\u00e6setid":"2 minutter"},"schema":{"@context":"https:\/\/schema.org","@graph":[{"@type":"WebPage","@id":"https:\/\/niipit.dk\/imerco-vojens\/","url":"https:\/\/niipit.dk\/imerco-vojens\/","name":"Imerco Vojens Din isenkr\u00e6mmer i S\u00f8nderjylland - Niipit.dk","isPartOf":{"@id":"https:\/\/niipit.dk\/imerco-vojens\/#website"},"datePublished":"2018-08-10T20:29:34+00:00","dateModified":"2019-10-19T23:40:36+00:00","description":"Imerco i Vojens er din isenkr\u00e6mmer i s\u00f8nderjylland. Bestil i vores butik online og afhent dine vare i butikken. Vil du handle lokalt s\u00e5 k\u00f8b her","breadcrumb":{"@id":"https:\/\/niipit.dk\/imerco-vojens\/#breadcrumb"},"inLanguage":"da-DK","potentialAction":[{"@type":"ReadAction","target":["https:\/\/niipit.dk\/imerco-vojens\/"]}]},{"@type":"BreadcrumbList","@id":"https:\/\/niipit.dk\/imerco-vojens\/#breadcrumb","itemListElement":[{"@type":"ListItem","position":1,"name":"Hjem","item":"https:\/\/niipit.dk\/imerco-vojens\/"},{"@type":"ListItem","position":2,"name":"Forside"}]},{"@type":"WebSite","@id":"https:\/\/niipit.dk\/imerco-vojens\/#website","url":"https:\/\/niipit.dk\/imerco-vojens\/","name":"Imerco Vojens","description":"Find lokale butikker med Niipit.dk","potentialAction":[{"@type":"SearchAction","target":{"@type":"EntryPoint","urlTemplate":"https:\/\/niipit.dk\/imerco-vojens\/?s={search_term_string}"},"query-input":{"@type":"PropertyValueSpecification","valueRequired":true,"valueName":"search_term_string"}}],"inLanguage":"da-DK"}]}},"_links":{"self":[{"href":"https:\/\/niipit.dk\/imerco-vojens\/wp-json\/wp\/v2\/pages\/5064","targetHints":{"allow":["GET"]}}],"collection":[{"href":"https:\/\/niipit.dk\/imerco-vojens\/wp-json\/wp\/v2\/pages"}],"about":[{"href":"https:\/\/niipit.dk\/imerco-vojens\/wp-json\/wp\/v2\/types\/page"}],"author":[{"embeddable":true,"href":"https:\/\/niipit.dk\/imerco-vojens\/wp-json\/wp\/v2\/users\/905"}],"replies":[{"embeddable":true,"href":"https:\/\/niipit.dk\/imerco-vojens\/wp-json\/wp\/v2\/comments?post=5064"}],"version-history":[{"count":0,"href":"https:\/\/niipit.dk\/imerco-vojens\/wp-json\/wp\/v2\/pages\/5064\/revisions"}],"wp:attachment":[{"href":"https:\/\/niipit.dk\/imerco-vojens\/wp-json\/wp\/v2\/media?parent=5064"}],"curies":[{"name":"wp","href":"https:\/\/api.w.org\/{rel}","templated":true}]}}