{"id":5064,"date":"2020-04-10T22:29:34","date_gmt":"2020-04-10T20:29:34","guid":{"rendered":"https:\/\/niipit.dk\/ikea-odense-shop\/?page_id=5064"},"modified":"2021-03-27T18:37:08","modified_gmt":"2021-03-27T17:37:08","slug":"frontpage","status":"publish","type":"page","link":"https:\/\/niipit.dk\/ikea-odense\/","title":{"rendered":"Forside"},"content":{"rendered":"\n<hr class=\"wp-block-separator\"\/>\n\n\n\n<h2 class=\"wp-block-heading\" id=\"h-ikea-i-odense-er-det-sydligste-varehus-i-danmark\">IKEA i Odense er det sydligste varehus i Danmark.<\/h2>\n\n\n\n<p>IKEA I Odense ligger godt placeret n\u00e6r Roseng\u00e5rdscentret. Med over 200.000 indbyggere samlet  i Odense s\u00e5 er det den 3 st\u00f8rste by i Danmark. Netop her i 2020 \/ 2021 har befolkningen i blandt andet Odense haft focus p\u00e5 bolig indretning. I og med at IKEA netop st\u00e5r for boligindretning til alle hjemmets rum s\u00e5 har odense varerhuset v\u00e6ret godt bes\u00f8gt b\u00e5de online og fysisk n\u00e5r det har v\u00e6ret muligt. I disse tider hvor alle er s\u00e5 meget hjemme i deres bolig s\u00e5 har kreative l\u00f8sninger st\u00e5et h\u00f8jt p\u00e5 Danskerenes liste. IKEA har i gennem \u00e5rtier haft focus p\u00e5 netop boligindretning der udnyttede rummenes muligheder. Her kan du se IKEA odense <a href=\"https:\/\/www.ikea.com\/dk\/da\/stores\/\" target=\"_blank\" rel=\"noreferrer noopener\">\u00e5bningstider<\/a><\/p>\n\n\n\n<h3 class=\"wp-block-heading\" id=\"h-ikea-har-altid-bent\">IKEA har altid \u00e5bent<\/h3>\n\n\n\n<p>Det er s\u00e5 fedt med IKEA for de holder altid \u00e5bent. Og uanset hvordan resten af Danmark holder \u00e5bent eller lukket s\u00e5 kan du bestille og betale nyt indbo hele d\u00f8gnet rundt. Lynhurtigt g\u00e5r personalet i gang med at pakke din ordre og alt efter om du har bestil at f\u00e5 leveret eller selv afhente dine varer, ja s\u00e5 er de hurtigt p\u00e5 ved til dit hjem.<\/p>\n\n\n\n<h3 class=\"wp-block-heading\" id=\"h-ikea-skaber-danske-arbejdspladser\">IKEA skaber Danske arbejdspladser.<\/h3>\n\n\n\n<p>N\u00e5r du v\u00e6lger at handle i IKEA Odense eller et af de andre varerhuse i Danmark s\u00e5 er du med til at s\u00f8rge for der bliver holdt gang i Danske arbejdspladser. Mange t\u00e6nker ikke over det men faktisk s\u00e5 er det den bedste m\u00e5de du kan hj\u00e6lpe med at holde ledigheden ned. S\u00e5 husk at handle alt hvad du kan i butikker der ligger i Danmark<\/p>\n\n\n\n<h3 class=\"wp-block-heading\" id=\"h-vidste-du-at-i-ikea-lborg-er-det-nordligste-varehus-i-danmark\">Vidste du at i IKEA \u00c5lborg er det nordligste varehus i Danmark? <\/h3>\n\n\n\n<p>Det er faktisk lidt sjovt at t\u00e6nke p\u00e5 placeringerne af Ikea varer husene. For den i \u00c5lborg er den der ligger Aller mest i nord i hele Danmark. <a href=\"https:\/\/niipit.dk\/ikea-aalborg\/\">L\u00e6s historien om IKEA Aalborg<\/a><\/p>\n\n\n\n<p><\/p>\n","protected":false},"excerpt":{"rendered":"<p>IKEA i Odense er det sydligste varehus i Danmark. IKEA I Odense ligger godt placeret n\u00e6r Roseng\u00e5rdscentret. Med over 200.000 indbyggere samlet i Odense s\u00e5 er det den 3 st\u00f8rste by i Danmark. Netop her i 2020 \/ 2021 har befolkningen i blandt andet Odense haft focus p\u00e5 bolig indretning. I og med at IKEA <a class=\"moretag btn btn-primary\" href=\"https:\/\/niipit.dk\/ikea-odense\/\">L\u00e6s mere<\/a><\/p>\n","protected":false},"author":1,"featured_media":0,"parent":0,"menu_order":0,"comment_status":"closed","ping_status":"closed","template":"frontpagePremium.php","meta":{"_exactmetrics_skip_tracking":false,"_exactmetrics_sitenote_active":false,"_exactmetrics_sitenote_note":"","_exactmetrics_sitenote_category":0,"_monsterinsights_skip_tracking":false,"_monsterinsights_sitenote_active":false,"_monsterinsights_sitenote_note":"","_monsterinsights_sitenote_category":0,"footnotes":""},"class_list":["post-5064","page","type-page","status-publish","hentry"],"yoast_head":"<!-- This site is optimized with the Yoast SEO Premium plugin v16.3 (Yoast SEO v27.2) - https:\/\/yoast.com\/product\/yoast-seo-premium-wordpress\/ -->\n<title>Ikea Odense \u00c5bningstider og adresse lige her \u27a4\u27a4\u27a4<\/title>\n<meta name=\"description\" content=\"Ikea Odense Find \u00e5bningstider og rutevejledning eller bes\u00f8g shoppen og find lige det du st\u00e5r mangler. Det st\u00f8rste m\u00f8belhus du kan \u00f8nske dig \u27a4\" \/>\n<meta name=\"robots\" content=\"index, follow, max-snippet:-1, max-image-preview:large, max-video-preview:-1\" \/>\n<link rel=\"canonical\" href=\"https:\/\/niipit.dk\/ikea-odense\/\" \/>\n<meta property=\"og:locale\" content=\"da_DK\" \/>\n<meta property=\"og:type\" content=\"article\" \/>\n<meta property=\"og:title\" content=\"Ikea Odense \u00c5bningstider og adresse lige her \u27a4\u27a4\u27a4\" \/>\n<meta property=\"og:description\" content=\"Ikea Odense Find \u00e5bningstider og rutevejledning eller bes\u00f8g shoppen og find lige det du st\u00e5r mangler. Det st\u00f8rste m\u00f8belhus du kan \u00f8nske dig \u27a4\" \/>\n<meta property=\"og:url\" content=\"https:\/\/niipit.dk\/ikea-odense\/\" \/>\n<meta property=\"og:site_name\" content=\"Ikea Odense\" \/>\n<meta property=\"article:modified_time\" content=\"2021-03-27T17:37:08+00:00\" \/>\n<meta name=\"twitter:card\" content=\"summary_large_image\" \/>\n<meta name=\"twitter:label1\" content=\"Estimeret l\u00e6setid\" \/>\n\t<meta name=\"twitter:data1\" content=\"2 minutter\" \/>\n<script type=\"application\/ld+json\" class=\"yoast-schema-graph\">{\"@context\":\"https:\/\/schema.org\",\"@graph\":[{\"@type\":\"WebPage\",\"@id\":\"https:\/\/niipit.dk\/ikea-odense\/\",\"url\":\"https:\/\/niipit.dk\/ikea-odense\/\",\"name\":\"Ikea Odense \u00c5bningstider og adresse lige her \u27a4\u27a4\u27a4\",\"isPartOf\":{\"@id\":\"https:\/\/niipit.dk\/ikea-odense\/#website\"},\"datePublished\":\"2020-04-10T20:29:34+00:00\",\"dateModified\":\"2021-03-27T17:37:08+00:00\",\"description\":\"Ikea Odense Find \u00e5bningstider og rutevejledning eller bes\u00f8g shoppen og find lige det du st\u00e5r mangler. Det st\u00f8rste m\u00f8belhus du kan \u00f8nske dig \u27a4\",\"breadcrumb\":{\"@id\":\"https:\/\/niipit.dk\/ikea-odense\/#breadcrumb\"},\"inLanguage\":\"da-DK\",\"potentialAction\":[{\"@type\":\"ReadAction\",\"target\":[\"https:\/\/niipit.dk\/ikea-odense\/\"]}]},{\"@type\":\"BreadcrumbList\",\"@id\":\"https:\/\/niipit.dk\/ikea-odense\/#breadcrumb\",\"itemListElement\":[{\"@type\":\"ListItem\",\"position\":1,\"name\":\"Hjem\",\"item\":\"https:\/\/niipit.dk\/ikea-odense\/\"},{\"@type\":\"ListItem\",\"position\":2,\"name\":\"Forside\"}]},{\"@type\":\"WebSite\",\"@id\":\"https:\/\/niipit.dk\/ikea-odense\/#website\",\"url\":\"https:\/\/niipit.dk\/ikea-odense\/\",\"name\":\"Ikea Odense\",\"description\":\"Find \u00e5bningstider og adresse\",\"potentialAction\":[{\"@type\":\"SearchAction\",\"target\":{\"@type\":\"EntryPoint\",\"urlTemplate\":\"https:\/\/niipit.dk\/ikea-odense\/?s={search_term_string}\"},\"query-input\":{\"@type\":\"PropertyValueSpecification\",\"valueRequired\":true,\"valueName\":\"search_term_string\"}}],\"inLanguage\":\"da-DK\"}]}<\/script>\n<!-- \/ Yoast SEO Premium plugin. -->","yoast_head_json":{"title":"Ikea Odense \u00c5bningstider og adresse lige her \u27a4\u27a4\u27a4","description":"Ikea Odense Find \u00e5bningstider og rutevejledning eller bes\u00f8g shoppen og find lige det du st\u00e5r mangler. Det st\u00f8rste m\u00f8belhus du kan \u00f8nske dig \u27a4","robots":{"index":"index","follow":"follow","max-snippet":"max-snippet:-1","max-image-preview":"max-image-preview:large","max-video-preview":"max-video-preview:-1"},"canonical":"https:\/\/niipit.dk\/ikea-odense\/","og_locale":"da_DK","og_type":"article","og_title":"Ikea Odense \u00c5bningstider og adresse lige her \u27a4\u27a4\u27a4","og_description":"Ikea Odense Find \u00e5bningstider og rutevejledning eller bes\u00f8g shoppen og find lige det du st\u00e5r mangler. Det st\u00f8rste m\u00f8belhus du kan \u00f8nske dig \u27a4","og_url":"https:\/\/niipit.dk\/ikea-odense\/","og_site_name":"Ikea Odense","article_modified_time":"2021-03-27T17:37:08+00:00","twitter_card":"summary_large_image","twitter_misc":{"Estimeret l\u00e6setid":"2 minutter"},"schema":{"@context":"https:\/\/schema.org","@graph":[{"@type":"WebPage","@id":"https:\/\/niipit.dk\/ikea-odense\/","url":"https:\/\/niipit.dk\/ikea-odense\/","name":"Ikea Odense \u00c5bningstider og adresse lige her \u27a4\u27a4\u27a4","isPartOf":{"@id":"https:\/\/niipit.dk\/ikea-odense\/#website"},"datePublished":"2020-04-10T20:29:34+00:00","dateModified":"2021-03-27T17:37:08+00:00","description":"Ikea Odense Find \u00e5bningstider og rutevejledning eller bes\u00f8g shoppen og find lige det du st\u00e5r mangler. Det st\u00f8rste m\u00f8belhus du kan \u00f8nske dig \u27a4","breadcrumb":{"@id":"https:\/\/niipit.dk\/ikea-odense\/#breadcrumb"},"inLanguage":"da-DK","potentialAction":[{"@type":"ReadAction","target":["https:\/\/niipit.dk\/ikea-odense\/"]}]},{"@type":"BreadcrumbList","@id":"https:\/\/niipit.dk\/ikea-odense\/#breadcrumb","itemListElement":[{"@type":"ListItem","position":1,"name":"Hjem","item":"https:\/\/niipit.dk\/ikea-odense\/"},{"@type":"ListItem","position":2,"name":"Forside"}]},{"@type":"WebSite","@id":"https:\/\/niipit.dk\/ikea-odense\/#website","url":"https:\/\/niipit.dk\/ikea-odense\/","name":"Ikea Odense","description":"Find \u00e5bningstider og adresse","potentialAction":[{"@type":"SearchAction","target":{"@type":"EntryPoint","urlTemplate":"https:\/\/niipit.dk\/ikea-odense\/?s={search_term_string}"},"query-input":{"@type":"PropertyValueSpecification","valueRequired":true,"valueName":"search_term_string"}}],"inLanguage":"da-DK"}]}},"_links":{"self":[{"href":"https:\/\/niipit.dk\/ikea-odense\/wp-json\/wp\/v2\/pages\/5064","targetHints":{"allow":["GET"]}}],"collection":[{"href":"https:\/\/niipit.dk\/ikea-odense\/wp-json\/wp\/v2\/pages"}],"about":[{"href":"https:\/\/niipit.dk\/ikea-odense\/wp-json\/wp\/v2\/types\/page"}],"author":[{"embeddable":true,"href":"https:\/\/niipit.dk\/ikea-odense\/wp-json\/wp\/v2\/users\/1"}],"replies":[{"embeddable":true,"href":"https:\/\/niipit.dk\/ikea-odense\/wp-json\/wp\/v2\/comments?post=5064"}],"version-history":[{"count":1,"href":"https:\/\/niipit.dk\/ikea-odense\/wp-json\/wp\/v2\/pages\/5064\/revisions"}],"predecessor-version":[{"id":5986,"href":"https:\/\/niipit.dk\/ikea-odense\/wp-json\/wp\/v2\/pages\/5064\/revisions\/5986"}],"wp:attachment":[{"href":"https:\/\/niipit.dk\/ikea-odense\/wp-json\/wp\/v2\/media?parent=5064"}],"curies":[{"name":"wp","href":"https:\/\/api.w.org\/{rel}","templated":true}]}}