{"id":5064,"date":"2020-04-10T22:29:34","date_gmt":"2020-04-10T20:29:34","guid":{"rendered":"https:\/\/niipit.dk\/ikea-aalborg-shop\/?page_id=5064"},"modified":"2021-03-27T18:29:36","modified_gmt":"2021-03-27T17:29:36","slug":"frontpage","status":"publish","type":"page","link":"https:\/\/niipit.dk\/ikea-aalborg\/","title":{"rendered":"Forside"},"content":{"rendered":"\n<hr class=\"wp-block-separator\"\/>\n\n\n\n<h2 class=\"wp-block-heading\" id=\"h-ikea-lborg-danmarks-nordligste-varehus\">IKEA \u00c5lborg Danmarks nordligste varehus.<\/h2>\n\n\n\n<p>Hvis du bor i den nordlige del af Danmark s\u00e5 er Ikea \u00c5lborg den eneste du finder nord for Aarhus, se opdaterede <a href=\"https:\/\/www.ikea.com\/dk\/da\/stores\/\" target=\"_blank\" rel=\"noreferrer noopener\">\u00e5bningstider<\/a>. Siden 25 marts 1982 har Aalborg haft sit eget IKEA varehus i Skalborg. Det startede ud med en lille bitte butik p\u00e5 &#8220;kun&#8221; 4100m2 og 6000m2 lager. Den gang var det en k\u00e6mpe stor butik, i dag er varehuset flyttet ud p\u00e5 Krebsen 40, Aalborg og rummer mere end 30.000m2 der er fyldt med l\u00e6kre m\u00f8bler til dig.<\/p>\n\n\n\n<h3 class=\"wp-block-heading\" id=\"h-ikea-lborg-har-bent-hele-d-gnet\">IKEA \u00c5lborg har \u00e5bent hele d\u00f8gnet<\/h3>\n\n\n\n<p>Vidste du at IKEA \u00c5lborg har \u00e5bent hele d\u00f8gnet. Ja ikke s\u00e5 du kan komme ned i butikken men de har klik og hent? Det vil sige at du kan sidde hjemme i sofaen og finde det du gerne vil have og bestille det p\u00e5 ikea.dk for s\u00e5 at hente det i din lokale IKEA eller et afhentningssted n\u00e6r dig. I skrivende stund s\u00e5 findes der over 50 steder i danmark hvor du kan afhente dine varer.<\/p>\n\n\n\n<h3 class=\"wp-block-heading\" id=\"h-ikea-lborg-og-b-redygtighed\">IKEA \u00c5lborg og b\u00e6redygtighed<\/h3>\n\n\n\n<p>IKEA i \u00c5lborg g\u00f8r rigtig meget for milj\u00f8et. Hvis du kigger efter i vores varehuse s\u00e5 har vi masse vis af solcelle anl\u00e6g for at kunne skaffe s\u00e5 meget str\u00f8m fra naturen og s\u00f8rge for at der er lys i vores p\u00e6re inde i varehuset s\u00e5 du kan se noget n\u00e5r du g\u00e5r rundt hos os.<\/p>\n\n\n\n<p>Ligeledes s\u00e5 g\u00f8r vi alt hvad vi kan for at begr\u00e6nse affald. Du har m\u00e5ske allerede opdaget at vi bruger mindre pap i vores indpakninger end tidligere. Det er et af de mange tiltag der er. I gamle dage fik du b\u00e5de v\u00e6rkt\u00f8j og ekstra skruer og tr\u00e6 pinde med s\u00e5 du havde lidt ekstra til at samle dine m\u00f8bler men s\u00e5dan er det ikke i dag. Der er KUN det i posen som du skal bruge for at kunne samle dit m\u00f8bel. Dette er ligeledes for at vi kan spare milj\u00f8et for un\u00f8digt affald.<\/p>\n","protected":false},"excerpt":{"rendered":"<p>IKEA \u00c5lborg Danmarks nordligste varehus. Hvis du bor i den nordlige del af Danmark s\u00e5 er Ikea \u00c5lborg den eneste du finder nord for Aarhus, se opdaterede \u00e5bningstider. Siden 25 marts 1982 har Aalborg haft sit eget IKEA varehus i Skalborg. Det startede ud med en lille bitte butik p\u00e5 &#8220;kun&#8221; 4100m2 og 6000m2 lager. <a class=\"moretag btn btn-primary\" href=\"https:\/\/niipit.dk\/ikea-aalborg\/\">L\u00e6s mere<\/a><\/p>\n","protected":false},"author":1,"featured_media":0,"parent":0,"menu_order":0,"comment_status":"closed","ping_status":"closed","template":"frontpagePremium.php","meta":{"_exactmetrics_skip_tracking":false,"_exactmetrics_sitenote_active":false,"_exactmetrics_sitenote_note":"","_exactmetrics_sitenote_category":0,"_monsterinsights_skip_tracking":false,"_monsterinsights_sitenote_active":false,"_monsterinsights_sitenote_note":"","_monsterinsights_sitenote_category":0,"footnotes":""},"class_list":["post-5064","page","type-page","status-publish","hentry"],"yoast_head":"<!-- This site is optimized with the Yoast SEO Premium plugin v16.3 (Yoast SEO v27.3) - https:\/\/yoast.com\/product\/yoast-seo-premium-wordpress\/ -->\n<title>IKEA \u00c5lborg \u00c5bningstider og adresse lige her \u27a4\u27a4\u27a4<\/title>\n<meta name=\"description\" content=\"IKEA \u00c5lborg Find \u00e5bningstider og rutevejledning eller bes\u00f8g shoppen og find lige det du st\u00e5r mangler. Det st\u00f8rste m\u00f8belhus du kan \u00f8nske dig \u27a4\" \/>\n<meta name=\"robots\" content=\"index, follow, max-snippet:-1, max-image-preview:large, max-video-preview:-1\" \/>\n<link rel=\"canonical\" href=\"https:\/\/niipit.dk\/ikea-aalborg\/\" \/>\n<meta property=\"og:locale\" content=\"da_DK\" \/>\n<meta property=\"og:type\" content=\"article\" \/>\n<meta property=\"og:title\" content=\"IKEA \u00c5lborg \u00c5bningstider og adresse lige her \u27a4\u27a4\u27a4\" \/>\n<meta property=\"og:description\" content=\"IKEA \u00c5lborg Find \u00e5bningstider og rutevejledning eller bes\u00f8g shoppen og find lige det du st\u00e5r mangler. Det st\u00f8rste m\u00f8belhus du kan \u00f8nske dig \u27a4\" \/>\n<meta property=\"og:url\" content=\"https:\/\/niipit.dk\/ikea-aalborg\/\" \/>\n<meta property=\"og:site_name\" content=\"IKEA \u00c5lborg\" \/>\n<meta property=\"article:modified_time\" content=\"2021-03-27T17:29:36+00:00\" \/>\n<meta name=\"twitter:card\" content=\"summary_large_image\" \/>\n<meta name=\"twitter:label1\" content=\"Estimeret l\u00e6setid\" \/>\n\t<meta name=\"twitter:data1\" content=\"2 minutter\" \/>\n<script type=\"application\/ld+json\" class=\"yoast-schema-graph\">{\"@context\":\"https:\\\/\\\/schema.org\",\"@graph\":[{\"@type\":\"WebPage\",\"@id\":\"https:\\\/\\\/niipit.dk\\\/ikea-aalborg\\\/\",\"url\":\"https:\\\/\\\/niipit.dk\\\/ikea-aalborg\\\/\",\"name\":\"IKEA \u00c5lborg \u00c5bningstider og adresse lige her \u27a4\u27a4\u27a4\",\"isPartOf\":{\"@id\":\"https:\\\/\\\/niipit.dk\\\/ikea-aalborg\\\/#website\"},\"datePublished\":\"2020-04-10T20:29:34+00:00\",\"dateModified\":\"2021-03-27T17:29:36+00:00\",\"description\":\"IKEA \u00c5lborg Find \u00e5bningstider og rutevejledning eller bes\u00f8g shoppen og find lige det du st\u00e5r mangler. Det st\u00f8rste m\u00f8belhus du kan \u00f8nske dig \u27a4\",\"breadcrumb\":{\"@id\":\"https:\\\/\\\/niipit.dk\\\/ikea-aalborg\\\/#breadcrumb\"},\"inLanguage\":\"da-DK\",\"potentialAction\":[{\"@type\":\"ReadAction\",\"target\":[\"https:\\\/\\\/niipit.dk\\\/ikea-aalborg\\\/\"]}]},{\"@type\":\"BreadcrumbList\",\"@id\":\"https:\\\/\\\/niipit.dk\\\/ikea-aalborg\\\/#breadcrumb\",\"itemListElement\":[{\"@type\":\"ListItem\",\"position\":1,\"name\":\"Hjem\",\"item\":\"https:\\\/\\\/niipit.dk\\\/ikea-aalborg\\\/\"},{\"@type\":\"ListItem\",\"position\":2,\"name\":\"Forside\"}]},{\"@type\":\"WebSite\",\"@id\":\"https:\\\/\\\/niipit.dk\\\/ikea-aalborg\\\/#website\",\"url\":\"https:\\\/\\\/niipit.dk\\\/ikea-aalborg\\\/\",\"name\":\"IKEA \u00c5lborg\",\"description\":\"Find \u00e5bningstider og adresse\",\"potentialAction\":[{\"@type\":\"SearchAction\",\"target\":{\"@type\":\"EntryPoint\",\"urlTemplate\":\"https:\\\/\\\/niipit.dk\\\/ikea-aalborg\\\/?s={search_term_string}\"},\"query-input\":{\"@type\":\"PropertyValueSpecification\",\"valueRequired\":true,\"valueName\":\"search_term_string\"}}],\"inLanguage\":\"da-DK\"}]}<\/script>\n<!-- \/ Yoast SEO Premium plugin. -->","yoast_head_json":{"title":"IKEA \u00c5lborg \u00c5bningstider og adresse lige her \u27a4\u27a4\u27a4","description":"IKEA \u00c5lborg Find \u00e5bningstider og rutevejledning eller bes\u00f8g shoppen og find lige det du st\u00e5r mangler. Det st\u00f8rste m\u00f8belhus du kan \u00f8nske dig \u27a4","robots":{"index":"index","follow":"follow","max-snippet":"max-snippet:-1","max-image-preview":"max-image-preview:large","max-video-preview":"max-video-preview:-1"},"canonical":"https:\/\/niipit.dk\/ikea-aalborg\/","og_locale":"da_DK","og_type":"article","og_title":"IKEA \u00c5lborg \u00c5bningstider og adresse lige her \u27a4\u27a4\u27a4","og_description":"IKEA \u00c5lborg Find \u00e5bningstider og rutevejledning eller bes\u00f8g shoppen og find lige det du st\u00e5r mangler. Det st\u00f8rste m\u00f8belhus du kan \u00f8nske dig \u27a4","og_url":"https:\/\/niipit.dk\/ikea-aalborg\/","og_site_name":"IKEA \u00c5lborg","article_modified_time":"2021-03-27T17:29:36+00:00","twitter_card":"summary_large_image","twitter_misc":{"Estimeret l\u00e6setid":"2 minutter"},"schema":{"@context":"https:\/\/schema.org","@graph":[{"@type":"WebPage","@id":"https:\/\/niipit.dk\/ikea-aalborg\/","url":"https:\/\/niipit.dk\/ikea-aalborg\/","name":"IKEA \u00c5lborg \u00c5bningstider og adresse lige her \u27a4\u27a4\u27a4","isPartOf":{"@id":"https:\/\/niipit.dk\/ikea-aalborg\/#website"},"datePublished":"2020-04-10T20:29:34+00:00","dateModified":"2021-03-27T17:29:36+00:00","description":"IKEA \u00c5lborg Find \u00e5bningstider og rutevejledning eller bes\u00f8g shoppen og find lige det du st\u00e5r mangler. Det st\u00f8rste m\u00f8belhus du kan \u00f8nske dig \u27a4","breadcrumb":{"@id":"https:\/\/niipit.dk\/ikea-aalborg\/#breadcrumb"},"inLanguage":"da-DK","potentialAction":[{"@type":"ReadAction","target":["https:\/\/niipit.dk\/ikea-aalborg\/"]}]},{"@type":"BreadcrumbList","@id":"https:\/\/niipit.dk\/ikea-aalborg\/#breadcrumb","itemListElement":[{"@type":"ListItem","position":1,"name":"Hjem","item":"https:\/\/niipit.dk\/ikea-aalborg\/"},{"@type":"ListItem","position":2,"name":"Forside"}]},{"@type":"WebSite","@id":"https:\/\/niipit.dk\/ikea-aalborg\/#website","url":"https:\/\/niipit.dk\/ikea-aalborg\/","name":"IKEA \u00c5lborg","description":"Find \u00e5bningstider og adresse","potentialAction":[{"@type":"SearchAction","target":{"@type":"EntryPoint","urlTemplate":"https:\/\/niipit.dk\/ikea-aalborg\/?s={search_term_string}"},"query-input":{"@type":"PropertyValueSpecification","valueRequired":true,"valueName":"search_term_string"}}],"inLanguage":"da-DK"}]}},"_links":{"self":[{"href":"https:\/\/niipit.dk\/ikea-aalborg\/wp-json\/wp\/v2\/pages\/5064","targetHints":{"allow":["GET"]}}],"collection":[{"href":"https:\/\/niipit.dk\/ikea-aalborg\/wp-json\/wp\/v2\/pages"}],"about":[{"href":"https:\/\/niipit.dk\/ikea-aalborg\/wp-json\/wp\/v2\/types\/page"}],"author":[{"embeddable":true,"href":"https:\/\/niipit.dk\/ikea-aalborg\/wp-json\/wp\/v2\/users\/1"}],"replies":[{"embeddable":true,"href":"https:\/\/niipit.dk\/ikea-aalborg\/wp-json\/wp\/v2\/comments?post=5064"}],"version-history":[{"count":2,"href":"https:\/\/niipit.dk\/ikea-aalborg\/wp-json\/wp\/v2\/pages\/5064\/revisions"}],"predecessor-version":[{"id":5990,"href":"https:\/\/niipit.dk\/ikea-aalborg\/wp-json\/wp\/v2\/pages\/5064\/revisions\/5990"}],"wp:attachment":[{"href":"https:\/\/niipit.dk\/ikea-aalborg\/wp-json\/wp\/v2\/media?parent=5064"}],"curies":[{"name":"wp","href":"https:\/\/api.w.org\/{rel}","templated":true}]}}