{"id":5064,"date":"2018-08-10T22:29:34","date_gmt":"2018-08-10T20:29:34","guid":{"rendered":"https:\/\/niipit.dk\/hovmand-energi-shop\/?page_id=5064"},"modified":"2020-02-01T15:49:37","modified_gmt":"2020-02-01T14:49:37","slug":"frontpage","status":"publish","type":"page","link":"https:\/\/niipit.dk\/hovmand-energi\/","title":{"rendered":"Forside"},"content":{"rendered":"\n<hr class=\"wp-block-separator\"\/>\n\n\n\n<h2 class=\"wp-block-heading\">Autoriseret EL &amp; VVS Installat\u00f8r i Vanl\u00f8se og K\u00f8benhavn<\/h2>\n\n\n\n<p>Hovmand Energi er autoriseret VVS og EL installat\u00f8r &#8211; Vi udf\u00f8rer alt inden for VVS og EL arbejde efter dansk standard.&nbsp;<\/p>\n\n\n\n<p>Hovmand Energi leverer en h\u00f8j kvalitet, og s\u00e6tter en \u00e6re i at yde en god service. Vi hj\u00e6lper b\u00e5de private, virksomheder, boligforeninger og offentlige institutioner med VVS og EL installationer &#8211; stort som sm\u00e5t.<\/p>\n\n\n\n<p>Vi kan ogs\u00e5 hj\u00e6lpe med gr\u00f8nne l\u00f8sninger fx varmepumper, solceller og jordvarme. Energioptimering af bolig og virksomhed.<\/p>\n\n\n\n<div class=\"wp-block-image\"><figure class=\"aligncenter size-large\"><a href=\"https:\/\/hovmandenergi.dk\"><img loading=\"lazy\" decoding=\"async\" width=\"302\" height=\"120\" src=\"https:\/\/niipit.dk\/hovmand-energi\/wp-content\/uploads\/sites\/392\/2020\/01\/Hovmand-energi.png\" alt=\"Hovmand-energi\" class=\"wp-image-5949\" srcset=\"https:\/\/niipit.dk\/hovmand-energi\/wp-content\/uploads\/sites\/392\/2020\/01\/Hovmand-energi.png 302w, https:\/\/niipit.dk\/hovmand-energi\/wp-content\/uploads\/sites\/392\/2020\/01\/Hovmand-energi-300x120.png 300w\" sizes=\"auto, (max-width: 302px) 100vw, 302px\" \/><\/a><\/figure><\/div>\n","protected":false},"excerpt":{"rendered":"<p>Autoriseret EL &amp; VVS Installat\u00f8r i Vanl\u00f8se og K\u00f8benhavn Hovmand Energi er autoriseret VVS og EL installat\u00f8r &#8211; Vi udf\u00f8rer alt inden for VVS og EL arbejde efter dansk standard.&nbsp; Hovmand Energi leverer en h\u00f8j kvalitet, og s\u00e6tter en \u00e6re i at yde en god service. Vi hj\u00e6lper b\u00e5de private, virksomheder, boligforeninger og offentlige institutioner <a class=\"moretag btn btn-primary\" href=\"https:\/\/niipit.dk\/hovmand-energi\/\">L\u00e6s mere<\/a><\/p>\n","protected":false},"author":1,"featured_media":0,"parent":0,"menu_order":0,"comment_status":"closed","ping_status":"closed","template":"frontpagePremium.php","meta":{"_exactmetrics_skip_tracking":false,"_exactmetrics_sitenote_active":false,"_exactmetrics_sitenote_note":"","_exactmetrics_sitenote_category":0,"_monsterinsights_skip_tracking":false,"_monsterinsights_sitenote_active":false,"_monsterinsights_sitenote_note":"","_monsterinsights_sitenote_category":0,"footnotes":""},"class_list":["post-5064","page","type-page","status-publish","hentry"],"yoast_head":"<!-- This site is optimized with the Yoast SEO Premium plugin v16.3 (Yoast SEO v27.4) - https:\/\/yoast.com\/product\/yoast-seo-premium-wordpress\/ -->\n<title>VVS-tjek El-tjek K\u00f8benhavn Vanl\u00f8se \u2502Hovmand Energi \u267b<\/title>\n<meta name=\"description\" content=\"EL og VVS installat\u00f8r i K\u00f8benhavn \u2502 Hovmand Energi er eksperter i Energirenovering, luft\/vand Varmepumper, Gasfyr, Vedligeholdelse &amp; Service \u2502 \u260e 71 74 74 80\" \/>\n<meta name=\"robots\" content=\"index, follow, max-snippet:-1, max-image-preview:large, max-video-preview:-1\" \/>\n<link rel=\"canonical\" href=\"https:\/\/niipit.dk\/hovmand-energi\/\" \/>\n<meta property=\"og:locale\" content=\"da_DK\" \/>\n<meta property=\"og:type\" content=\"article\" \/>\n<meta property=\"og:title\" content=\"VVS-tjek El-tjek K\u00f8benhavn Vanl\u00f8se \u2502Hovmand Energi \u267b\" \/>\n<meta property=\"og:description\" content=\"EL og VVS installat\u00f8r i K\u00f8benhavn \u2502 Hovmand Energi er eksperter i Energirenovering, luft\/vand Varmepumper, Gasfyr, Vedligeholdelse &amp; Service \u2502 \u260e 71 74 74 80\" \/>\n<meta property=\"og:url\" content=\"https:\/\/niipit.dk\/hovmand-energi\/\" \/>\n<meta property=\"og:site_name\" content=\"Hovmand Energi\" \/>\n<meta property=\"article:modified_time\" content=\"2020-02-01T14:49:37+00:00\" \/>\n<meta property=\"og:image\" content=\"https:\/\/niipit.dk\/hovmand-energi\/wp-content\/uploads\/sites\/392\/2020\/01\/Varmepumper-det-b\u00e6redygtige-valg-\u267b-Kontakt-Hovmand-Energi.png\" \/>\n\t<meta property=\"og:image:width\" content=\"591\" \/>\n\t<meta property=\"og:image:height\" content=\"519\" \/>\n\t<meta property=\"og:image:type\" content=\"image\/png\" \/>\n<meta name=\"twitter:card\" content=\"summary_large_image\" \/>\n<script type=\"application\/ld+json\" class=\"yoast-schema-graph\">{\"@context\":\"https:\\\/\\\/schema.org\",\"@graph\":[{\"@type\":\"WebPage\",\"@id\":\"https:\\\/\\\/niipit.dk\\\/hovmand-energi\\\/\",\"url\":\"https:\\\/\\\/niipit.dk\\\/hovmand-energi\\\/\",\"name\":\"VVS-tjek El-tjek K\u00f8benhavn Vanl\u00f8se \u2502Hovmand Energi \u267b\",\"isPartOf\":{\"@id\":\"https:\\\/\\\/niipit.dk\\\/hovmand-energi\\\/#website\"},\"primaryImageOfPage\":{\"@id\":\"https:\\\/\\\/niipit.dk\\\/hovmand-energi\\\/#primaryimage\"},\"image\":{\"@id\":\"https:\\\/\\\/niipit.dk\\\/hovmand-energi\\\/#primaryimage\"},\"thumbnailUrl\":\"https:\\\/\\\/niipit.dk\\\/hovmand-energi\\\/wp-content\\\/uploads\\\/sites\\\/392\\\/2020\\\/01\\\/Hovmand-energi.png\",\"datePublished\":\"2018-08-10T20:29:34+00:00\",\"dateModified\":\"2020-02-01T14:49:37+00:00\",\"description\":\"EL og VVS installat\u00f8r i K\u00f8benhavn \u2502 Hovmand Energi er eksperter i Energirenovering, luft\\\/vand Varmepumper, Gasfyr, Vedligeholdelse & Service \u2502 \u260e 71 74 74 80\",\"breadcrumb\":{\"@id\":\"https:\\\/\\\/niipit.dk\\\/hovmand-energi\\\/#breadcrumb\"},\"inLanguage\":\"da-DK\",\"potentialAction\":[{\"@type\":\"ReadAction\",\"target\":[\"https:\\\/\\\/niipit.dk\\\/hovmand-energi\\\/\"]}]},{\"@type\":\"ImageObject\",\"inLanguage\":\"da-DK\",\"@id\":\"https:\\\/\\\/niipit.dk\\\/hovmand-energi\\\/#primaryimage\",\"url\":\"https:\\\/\\\/niipit.dk\\\/hovmand-energi\\\/wp-content\\\/uploads\\\/sites\\\/392\\\/2020\\\/01\\\/Hovmand-energi.png\",\"contentUrl\":\"https:\\\/\\\/niipit.dk\\\/hovmand-energi\\\/wp-content\\\/uploads\\\/sites\\\/392\\\/2020\\\/01\\\/Hovmand-energi.png\"},{\"@type\":\"BreadcrumbList\",\"@id\":\"https:\\\/\\\/niipit.dk\\\/hovmand-energi\\\/#breadcrumb\",\"itemListElement\":[{\"@type\":\"ListItem\",\"position\":1,\"name\":\"Hjem\",\"item\":\"https:\\\/\\\/niipit.dk\\\/hovmand-energi\\\/\"},{\"@type\":\"ListItem\",\"position\":2,\"name\":\"Forside\"}]},{\"@type\":\"WebSite\",\"@id\":\"https:\\\/\\\/niipit.dk\\\/hovmand-energi\\\/#website\",\"url\":\"https:\\\/\\\/niipit.dk\\\/hovmand-energi\\\/\",\"name\":\"Hovmand Energi\",\"description\":\"Varmepumer &amp; naturgasfyr i K\u00f8benhavn &amp; Omegn\",\"potentialAction\":[{\"@type\":\"SearchAction\",\"target\":{\"@type\":\"EntryPoint\",\"urlTemplate\":\"https:\\\/\\\/niipit.dk\\\/hovmand-energi\\\/?s={search_term_string}\"},\"query-input\":{\"@type\":\"PropertyValueSpecification\",\"valueRequired\":true,\"valueName\":\"search_term_string\"}}],\"inLanguage\":\"da-DK\"}]}<\/script>\n<!-- \/ Yoast SEO Premium plugin. -->","yoast_head_json":{"title":"VVS-tjek El-tjek K\u00f8benhavn Vanl\u00f8se \u2502Hovmand Energi \u267b","description":"EL og VVS installat\u00f8r i K\u00f8benhavn \u2502 Hovmand Energi er eksperter i Energirenovering, luft\/vand Varmepumper, Gasfyr, Vedligeholdelse & Service \u2502 \u260e 71 74 74 80","robots":{"index":"index","follow":"follow","max-snippet":"max-snippet:-1","max-image-preview":"max-image-preview:large","max-video-preview":"max-video-preview:-1"},"canonical":"https:\/\/niipit.dk\/hovmand-energi\/","og_locale":"da_DK","og_type":"article","og_title":"VVS-tjek El-tjek K\u00f8benhavn Vanl\u00f8se \u2502Hovmand Energi \u267b","og_description":"EL og VVS installat\u00f8r i K\u00f8benhavn \u2502 Hovmand Energi er eksperter i Energirenovering, luft\/vand Varmepumper, Gasfyr, Vedligeholdelse & Service \u2502 \u260e 71 74 74 80","og_url":"https:\/\/niipit.dk\/hovmand-energi\/","og_site_name":"Hovmand Energi","article_modified_time":"2020-02-01T14:49:37+00:00","og_image":[{"width":591,"height":519,"url":"https:\/\/niipit.dk\/hovmand-energi\/wp-content\/uploads\/sites\/392\/2020\/01\/Varmepumper-det-b\u00e6redygtige-valg-\u267b-Kontakt-Hovmand-Energi.png","type":"image\/png"}],"twitter_card":"summary_large_image","schema":{"@context":"https:\/\/schema.org","@graph":[{"@type":"WebPage","@id":"https:\/\/niipit.dk\/hovmand-energi\/","url":"https:\/\/niipit.dk\/hovmand-energi\/","name":"VVS-tjek El-tjek K\u00f8benhavn Vanl\u00f8se \u2502Hovmand Energi \u267b","isPartOf":{"@id":"https:\/\/niipit.dk\/hovmand-energi\/#website"},"primaryImageOfPage":{"@id":"https:\/\/niipit.dk\/hovmand-energi\/#primaryimage"},"image":{"@id":"https:\/\/niipit.dk\/hovmand-energi\/#primaryimage"},"thumbnailUrl":"https:\/\/niipit.dk\/hovmand-energi\/wp-content\/uploads\/sites\/392\/2020\/01\/Hovmand-energi.png","datePublished":"2018-08-10T20:29:34+00:00","dateModified":"2020-02-01T14:49:37+00:00","description":"EL og VVS installat\u00f8r i K\u00f8benhavn \u2502 Hovmand Energi er eksperter i Energirenovering, luft\/vand Varmepumper, Gasfyr, Vedligeholdelse & Service \u2502 \u260e 71 74 74 80","breadcrumb":{"@id":"https:\/\/niipit.dk\/hovmand-energi\/#breadcrumb"},"inLanguage":"da-DK","potentialAction":[{"@type":"ReadAction","target":["https:\/\/niipit.dk\/hovmand-energi\/"]}]},{"@type":"ImageObject","inLanguage":"da-DK","@id":"https:\/\/niipit.dk\/hovmand-energi\/#primaryimage","url":"https:\/\/niipit.dk\/hovmand-energi\/wp-content\/uploads\/sites\/392\/2020\/01\/Hovmand-energi.png","contentUrl":"https:\/\/niipit.dk\/hovmand-energi\/wp-content\/uploads\/sites\/392\/2020\/01\/Hovmand-energi.png"},{"@type":"BreadcrumbList","@id":"https:\/\/niipit.dk\/hovmand-energi\/#breadcrumb","itemListElement":[{"@type":"ListItem","position":1,"name":"Hjem","item":"https:\/\/niipit.dk\/hovmand-energi\/"},{"@type":"ListItem","position":2,"name":"Forside"}]},{"@type":"WebSite","@id":"https:\/\/niipit.dk\/hovmand-energi\/#website","url":"https:\/\/niipit.dk\/hovmand-energi\/","name":"Hovmand Energi","description":"Varmepumer &amp; naturgasfyr i K\u00f8benhavn &amp; Omegn","potentialAction":[{"@type":"SearchAction","target":{"@type":"EntryPoint","urlTemplate":"https:\/\/niipit.dk\/hovmand-energi\/?s={search_term_string}"},"query-input":{"@type":"PropertyValueSpecification","valueRequired":true,"valueName":"search_term_string"}}],"inLanguage":"da-DK"}]}},"_links":{"self":[{"href":"https:\/\/niipit.dk\/hovmand-energi\/wp-json\/wp\/v2\/pages\/5064","targetHints":{"allow":["GET"]}}],"collection":[{"href":"https:\/\/niipit.dk\/hovmand-energi\/wp-json\/wp\/v2\/pages"}],"about":[{"href":"https:\/\/niipit.dk\/hovmand-energi\/wp-json\/wp\/v2\/types\/page"}],"author":[{"embeddable":true,"href":"https:\/\/niipit.dk\/hovmand-energi\/wp-json\/wp\/v2\/users\/1"}],"replies":[{"embeddable":true,"href":"https:\/\/niipit.dk\/hovmand-energi\/wp-json\/wp\/v2\/comments?post=5064"}],"version-history":[{"count":0,"href":"https:\/\/niipit.dk\/hovmand-energi\/wp-json\/wp\/v2\/pages\/5064\/revisions"}],"wp:attachment":[{"href":"https:\/\/niipit.dk\/hovmand-energi\/wp-json\/wp\/v2\/media?parent=5064"}],"curies":[{"name":"wp","href":"https:\/\/api.w.org\/{rel}","templated":true}]}}