{"id":5105,"date":"2018-08-15T22:02:47","date_gmt":"2018-08-15T20:02:47","guid":{"rendered":"https:\/\/niipit.dk\/nv2-QogM\/?page_id=5105"},"modified":"2020-05-16T16:50:43","modified_gmt":"2020-05-16T14:50:43","slug":"om","status":"publish","type":"page","link":"https:\/\/niipit.dk\/hovedgaden-tinglev\/om\/","title":{"rendered":"Om Hovedgaden 14"},"content":{"rendered":"<div class=\"thrv_wrapper thrv_heading\" data-tag=\"h1\" data-css=\"tve-u-163a601a1f4\">\n<h2 data-css=\"tve-u-163a60192ea\">Om Hovedgaden 14, 6360 Tinglev<\/h2>\n<p>Bygningen er fra for\u00e5ret 1939.<\/p>\n<p>Der er 4 lejem\u00e5l i bygningen.<\/p>\n<p>Nuv\u00e6rende ejer har ejet bygningen siden siden sommeren 2017.<\/p>\n<p>Bygningen er p\u00e5 193 m2 i grund areal<br \/>Boligareal er samlet p\u00e5 267 m2<br \/>K\u00e6lder p\u00e5 30 m2<\/p>\n<p>Det er en 2 etagers bygning og k\u00e6lder<\/p>\n<\/div>\n<p>Bygningen opvarmes med naturgas. Naturgas anl\u00e6gget blev skiftet i 2018<br \/>Priserne p\u00e5 naturgas kan du finde <span style=\"color: #000080;\"><a style=\"color: #000080;\" href=\"http:\/\/gasprisguiden.dk\">her<\/a><\/span><\/p>\n<p>Se mere info om Hovedgaden 14\u00a0<\/p>\n<p>Lejlighed 1<br \/>Er beliggende, Stuen tv &#8211; 48 m2 &#8211; <br \/>2 V\u00e6relser, entre, k\u00f8kken og bad<\/p>\n<p>Lejlighed 2<br \/>Er beliggende, Stuen th &#8211; 60 m2<br \/>2 V\u00e6relser, entre, k\u00f8kken og bad<\/p>\n<p>Lejlighed 3\u00a0<br \/>Er beliggende, F\u00f8rste sal tv &#8211; 54 m2<br \/>2 V\u00e6relser, entre, k\u00f8kken og bad<\/p>\n<p>Lejlighed 4<br \/>Er beliggende, F\u00f8rste sal th &#8211; 50 m2<br \/>2 V\u00e6relser, entre, k\u00f8kken og bad<\/p>\n<div class=\"thrv_wrapper thrv_text_element tve_empty_dropzone\" data-css=\"tve-u-163a60acbcb\">\n<div class=\"thrv_wrapper thrv_text_element tve_empty_dropzone\" data-css=\"tve-u-163a3bcdd15\">\n<p data-css=\"tve-u-163a3bcdd13\">Det er muligt at parkerer bilen i bagg\u00e5rden<br \/>Der er have til bygningen som deles af lejerene.<br \/>Der er adgang til afl\u00e5st cykel rum<br \/>Der er adgang til K\u00e6lder med vaskemaskine<\/p>\n<p>Bygningen ligger centralt i Tinglev. Du har under 200 meter til n\u00e6rmeste dagligvarer butik<\/p>\n<p data-css=\"tve-u-163a3bcdd13\">I Tinglev finder du b\u00e5de dagpleje, b\u00f8rnehave, skole, sv\u00f8mmehal, bus og togstation, dagligvarer butikker og et aktivt foreningsliv.<\/p>\n<p data-css=\"tve-u-163a3bcdd13\">Hvis du gerne vil bo t\u00e6t p\u00e5 offentlig transport s\u00e5 du b\u00e5de kan komme til Tyskland, op af i Jylland, til fyn eller sj\u00e6lland eller til s\u00f8nderbord s\u00e5 er tinglev det perfekte knudepunkt.<\/p>\n<p data-css=\"tve-u-163a3bcdd13\">I bil kan du n\u00e5 Motorvejen p\u00e5 10 minutter, T\u00f8nder kan du n\u00e5 p\u00e5 20 minutter og Tyskland kan du v\u00e6re i p\u00e5 bare 25 minutter.<\/p>\n<p data-css=\"tve-u-163a3bcdd13\">Boligerne i Tinglev er til en pris s\u00e5 alle kan betale. Bor du langt v\u00e6k men arbejder p\u00e5 en af fabrikkerne i omr\u00e5det s\u00e5 kan du spare mange penge i transport ved at have en pendler lejlighed p\u00e5 hovedgaden 14 i Tinglev<\/p>\n<\/div>\n<\/div>\n\n\n<div class=\"wp-block-image\"><figure class=\"aligncenter is-resized\"><img decoding=\"async\" src=\"https:\/\/niipit.dk\/hovedgaden-tinglev\/wp-content\/uploads\/sites\/324\/2019\/11\/Lejlighed-udlejes-Hovedgaden-14-6360-Tinglev-1024x541.png\" alt=\"Lejlighed udlejes Hovedgaden 14 6360 Tinglev\" class=\"wp-image-5830\" width=\"624\" srcset=\"https:\/\/niipit.dk\/hovedgaden-tinglev\/wp-content\/uploads\/sites\/324\/2019\/11\/Lejlighed-udlejes-Hovedgaden-14-6360-Tinglev-1024x541.png 1024w, https:\/\/niipit.dk\/hovedgaden-tinglev\/wp-content\/uploads\/sites\/324\/2019\/11\/Lejlighed-udlejes-Hovedgaden-14-6360-Tinglev-300x158.png 300w, https:\/\/niipit.dk\/hovedgaden-tinglev\/wp-content\/uploads\/sites\/324\/2019\/11\/Lejlighed-udlejes-Hovedgaden-14-6360-Tinglev-768x405.png 768w, https:\/\/niipit.dk\/hovedgaden-tinglev\/wp-content\/uploads\/sites\/324\/2019\/11\/Lejlighed-udlejes-Hovedgaden-14-6360-Tinglev-600x317.png 600w, https:\/\/niipit.dk\/hovedgaden-tinglev\/wp-content\/uploads\/sites\/324\/2019\/11\/Lejlighed-udlejes-Hovedgaden-14-6360-Tinglev.png 1508w\" sizes=\"(max-width: 1024px) 100vw, 1024px\" \/><\/figure><\/div>\n\n\n\n<p>Hvis du er int I at leje en af lejlighederne eller du vil drives op p\u00e5 vente liste s\u00e5 kontakt os <a href=\"https:\/\/niipit.dk\/hovedgaden-tinglev\/kontakt\/\"><strong>her <\/strong><\/a><\/p>\n","protected":false},"excerpt":{"rendered":"<p>Om Hovedgaden 14, 6360 Tinglev Bygningen er fra for\u00e5ret 1939. Der er 4 lejem\u00e5l i bygningen. Nuv\u00e6rende ejer har ejet bygningen siden siden sommeren 2017. Bygningen er p\u00e5 193 m2 i grund arealBoligareal er samlet p\u00e5 267 m2K\u00e6lder p\u00e5 30 m2 Det er en 2 etagers bygning og k\u00e6lder Bygningen opvarmes med naturgas. Naturgas anl\u00e6gget <a class=\"moretag btn btn-primary\" href=\"https:\/\/niipit.dk\/hovedgaden-tinglev\/om\/\">L\u00e6s mere<\/a><\/p>\n","protected":false},"author":905,"featured_media":0,"parent":0,"menu_order":0,"comment_status":"closed","ping_status":"closed","template":"","meta":{"_exactmetrics_skip_tracking":false,"_exactmetrics_sitenote_active":false,"_exactmetrics_sitenote_note":"","_exactmetrics_sitenote_category":0,"_monsterinsights_skip_tracking":false,"_monsterinsights_sitenote_active":false,"_monsterinsights_sitenote_note":"","_monsterinsights_sitenote_category":0,"footnotes":""},"class_list":["post-5105","page","type-page","status-publish","hentry"],"yoast_head":"<!-- This site is optimized with the Yoast SEO Premium plugin v16.3 (Yoast SEO v27.2) - https:\/\/yoast.com\/product\/yoast-seo-premium-wordpress\/ -->\n<title>Om Hovedgaden 14, 6360 Tinglev. L\u00e6s om bygingen her<\/title>\n<meta name=\"description\" content=\"Om Hovedgaden 14 i Tinglev S\u00f8nderjylland. Her kan du l\u00e6se om selve bygningen og alle lejlighederne der udlejes. Se om vi har ledige lejligheder lige nu.\" \/>\n<meta name=\"robots\" content=\"index, follow, max-snippet:-1, max-image-preview:large, max-video-preview:-1\" \/>\n<link rel=\"canonical\" href=\"https:\/\/niipit.dk\/hovedgaden-tinglev\/om\/\" \/>\n<meta property=\"og:locale\" content=\"da_DK\" \/>\n<meta property=\"og:type\" content=\"article\" \/>\n<meta property=\"og:title\" content=\"Om Hovedgaden 14, 6360 Tinglev. L\u00e6s om bygingen her\" \/>\n<meta property=\"og:description\" content=\"Om Hovedgaden 14 i Tinglev S\u00f8nderjylland. Her kan du l\u00e6se om selve bygningen og alle lejlighederne der udlejes. Se om vi har ledige lejligheder lige nu.\" \/>\n<meta property=\"og:url\" content=\"https:\/\/niipit.dk\/hovedgaden-tinglev\/om\/\" \/>\n<meta property=\"og:site_name\" content=\"Hovedgaden Tinglev\" \/>\n<meta property=\"article:modified_time\" content=\"2020-05-16T14:50:43+00:00\" \/>\n<meta property=\"og:image\" content=\"https:\/\/niipit.dk\/hovedgaden-tinglev\/wp-content\/uploads\/sites\/324\/2019\/11\/Lejlighed-udlejes-Hovedgaden-14-6360-Tinglev.png\" \/>\n\t<meta property=\"og:image:width\" content=\"1508\" \/>\n\t<meta property=\"og:image:height\" content=\"796\" \/>\n\t<meta property=\"og:image:type\" content=\"image\/png\" \/>\n<meta name=\"twitter:card\" content=\"summary_large_image\" \/>\n<meta name=\"twitter:label1\" content=\"Estimeret l\u00e6setid\" \/>\n\t<meta name=\"twitter:data1\" content=\"2 minutter\" \/>\n<script type=\"application\/ld+json\" class=\"yoast-schema-graph\">{\"@context\":\"https:\/\/schema.org\",\"@graph\":[{\"@type\":\"WebPage\",\"@id\":\"https:\/\/niipit.dk\/hovedgaden-tinglev\/om\/\",\"url\":\"https:\/\/niipit.dk\/hovedgaden-tinglev\/om\/\",\"name\":\"Om Hovedgaden 14, 6360 Tinglev. L\u00e6s om bygingen her\",\"isPartOf\":{\"@id\":\"https:\/\/niipit.dk\/hovedgaden-tinglev\/#website\"},\"primaryImageOfPage\":{\"@id\":\"https:\/\/niipit.dk\/hovedgaden-tinglev\/om\/#primaryimage\"},\"image\":{\"@id\":\"https:\/\/niipit.dk\/hovedgaden-tinglev\/om\/#primaryimage\"},\"thumbnailUrl\":\"https:\/\/niipit.dk\/hovedgaden-tinglev\/wp-content\/uploads\/sites\/324\/2019\/11\/Lejlighed-udlejes-Hovedgaden-14-6360-Tinglev-1024x541.png\",\"datePublished\":\"2018-08-15T20:02:47+00:00\",\"dateModified\":\"2020-05-16T14:50:43+00:00\",\"description\":\"Om Hovedgaden 14 i Tinglev S\u00f8nderjylland. Her kan du l\u00e6se om selve bygningen og alle lejlighederne der udlejes. Se om vi har ledige lejligheder lige nu.\",\"breadcrumb\":{\"@id\":\"https:\/\/niipit.dk\/hovedgaden-tinglev\/om\/#breadcrumb\"},\"inLanguage\":\"da-DK\",\"potentialAction\":[{\"@type\":\"ReadAction\",\"target\":[\"https:\/\/niipit.dk\/hovedgaden-tinglev\/om\/\"]}]},{\"@type\":\"ImageObject\",\"inLanguage\":\"da-DK\",\"@id\":\"https:\/\/niipit.dk\/hovedgaden-tinglev\/om\/#primaryimage\",\"url\":\"https:\/\/niipit.dk\/hovedgaden-tinglev\/wp-content\/uploads\/sites\/324\/2019\/11\/Lejlighed-udlejes-Hovedgaden-14-6360-Tinglev-1024x541.png\",\"contentUrl\":\"https:\/\/niipit.dk\/hovedgaden-tinglev\/wp-content\/uploads\/sites\/324\/2019\/11\/Lejlighed-udlejes-Hovedgaden-14-6360-Tinglev-1024x541.png\"},{\"@type\":\"BreadcrumbList\",\"@id\":\"https:\/\/niipit.dk\/hovedgaden-tinglev\/om\/#breadcrumb\",\"itemListElement\":[{\"@type\":\"ListItem\",\"position\":1,\"name\":\"Hjem\",\"item\":\"https:\/\/niipit.dk\/hovedgaden-tinglev\/\"},{\"@type\":\"ListItem\",\"position\":2,\"name\":\"Om Hovedgaden 14\"}]},{\"@type\":\"WebSite\",\"@id\":\"https:\/\/niipit.dk\/hovedgaden-tinglev\/#website\",\"url\":\"https:\/\/niipit.dk\/hovedgaden-tinglev\/\",\"name\":\"Hovedgaden Tinglev\",\"description\":\"Lejebolig udlejes i lille ejendom\",\"potentialAction\":[{\"@type\":\"SearchAction\",\"target\":{\"@type\":\"EntryPoint\",\"urlTemplate\":\"https:\/\/niipit.dk\/hovedgaden-tinglev\/?s={search_term_string}\"},\"query-input\":{\"@type\":\"PropertyValueSpecification\",\"valueRequired\":true,\"valueName\":\"search_term_string\"}}],\"inLanguage\":\"da-DK\"}]}<\/script>\n<!-- \/ Yoast SEO Premium plugin. -->","yoast_head_json":{"title":"Om Hovedgaden 14, 6360 Tinglev. L\u00e6s om bygingen her","description":"Om Hovedgaden 14 i Tinglev S\u00f8nderjylland. Her kan du l\u00e6se om selve bygningen og alle lejlighederne der udlejes. Se om vi har ledige lejligheder lige nu.","robots":{"index":"index","follow":"follow","max-snippet":"max-snippet:-1","max-image-preview":"max-image-preview:large","max-video-preview":"max-video-preview:-1"},"canonical":"https:\/\/niipit.dk\/hovedgaden-tinglev\/om\/","og_locale":"da_DK","og_type":"article","og_title":"Om Hovedgaden 14, 6360 Tinglev. L\u00e6s om bygingen her","og_description":"Om Hovedgaden 14 i Tinglev S\u00f8nderjylland. Her kan du l\u00e6se om selve bygningen og alle lejlighederne der udlejes. Se om vi har ledige lejligheder lige nu.","og_url":"https:\/\/niipit.dk\/hovedgaden-tinglev\/om\/","og_site_name":"Hovedgaden Tinglev","article_modified_time":"2020-05-16T14:50:43+00:00","og_image":[{"width":1508,"height":796,"url":"https:\/\/niipit.dk\/hovedgaden-tinglev\/wp-content\/uploads\/sites\/324\/2019\/11\/Lejlighed-udlejes-Hovedgaden-14-6360-Tinglev.png","type":"image\/png"}],"twitter_card":"summary_large_image","twitter_misc":{"Estimeret l\u00e6setid":"2 minutter"},"schema":{"@context":"https:\/\/schema.org","@graph":[{"@type":"WebPage","@id":"https:\/\/niipit.dk\/hovedgaden-tinglev\/om\/","url":"https:\/\/niipit.dk\/hovedgaden-tinglev\/om\/","name":"Om Hovedgaden 14, 6360 Tinglev. L\u00e6s om bygingen her","isPartOf":{"@id":"https:\/\/niipit.dk\/hovedgaden-tinglev\/#website"},"primaryImageOfPage":{"@id":"https:\/\/niipit.dk\/hovedgaden-tinglev\/om\/#primaryimage"},"image":{"@id":"https:\/\/niipit.dk\/hovedgaden-tinglev\/om\/#primaryimage"},"thumbnailUrl":"https:\/\/niipit.dk\/hovedgaden-tinglev\/wp-content\/uploads\/sites\/324\/2019\/11\/Lejlighed-udlejes-Hovedgaden-14-6360-Tinglev-1024x541.png","datePublished":"2018-08-15T20:02:47+00:00","dateModified":"2020-05-16T14:50:43+00:00","description":"Om Hovedgaden 14 i Tinglev S\u00f8nderjylland. Her kan du l\u00e6se om selve bygningen og alle lejlighederne der udlejes. Se om vi har ledige lejligheder lige nu.","breadcrumb":{"@id":"https:\/\/niipit.dk\/hovedgaden-tinglev\/om\/#breadcrumb"},"inLanguage":"da-DK","potentialAction":[{"@type":"ReadAction","target":["https:\/\/niipit.dk\/hovedgaden-tinglev\/om\/"]}]},{"@type":"ImageObject","inLanguage":"da-DK","@id":"https:\/\/niipit.dk\/hovedgaden-tinglev\/om\/#primaryimage","url":"https:\/\/niipit.dk\/hovedgaden-tinglev\/wp-content\/uploads\/sites\/324\/2019\/11\/Lejlighed-udlejes-Hovedgaden-14-6360-Tinglev-1024x541.png","contentUrl":"https:\/\/niipit.dk\/hovedgaden-tinglev\/wp-content\/uploads\/sites\/324\/2019\/11\/Lejlighed-udlejes-Hovedgaden-14-6360-Tinglev-1024x541.png"},{"@type":"BreadcrumbList","@id":"https:\/\/niipit.dk\/hovedgaden-tinglev\/om\/#breadcrumb","itemListElement":[{"@type":"ListItem","position":1,"name":"Hjem","item":"https:\/\/niipit.dk\/hovedgaden-tinglev\/"},{"@type":"ListItem","position":2,"name":"Om Hovedgaden 14"}]},{"@type":"WebSite","@id":"https:\/\/niipit.dk\/hovedgaden-tinglev\/#website","url":"https:\/\/niipit.dk\/hovedgaden-tinglev\/","name":"Hovedgaden Tinglev","description":"Lejebolig udlejes i lille ejendom","potentialAction":[{"@type":"SearchAction","target":{"@type":"EntryPoint","urlTemplate":"https:\/\/niipit.dk\/hovedgaden-tinglev\/?s={search_term_string}"},"query-input":{"@type":"PropertyValueSpecification","valueRequired":true,"valueName":"search_term_string"}}],"inLanguage":"da-DK"}]}},"_links":{"self":[{"href":"https:\/\/niipit.dk\/hovedgaden-tinglev\/wp-json\/wp\/v2\/pages\/5105","targetHints":{"allow":["GET"]}}],"collection":[{"href":"https:\/\/niipit.dk\/hovedgaden-tinglev\/wp-json\/wp\/v2\/pages"}],"about":[{"href":"https:\/\/niipit.dk\/hovedgaden-tinglev\/wp-json\/wp\/v2\/types\/page"}],"author":[{"embeddable":true,"href":"https:\/\/niipit.dk\/hovedgaden-tinglev\/wp-json\/wp\/v2\/users\/905"}],"replies":[{"embeddable":true,"href":"https:\/\/niipit.dk\/hovedgaden-tinglev\/wp-json\/wp\/v2\/comments?post=5105"}],"version-history":[{"count":0,"href":"https:\/\/niipit.dk\/hovedgaden-tinglev\/wp-json\/wp\/v2\/pages\/5105\/revisions"}],"wp:attachment":[{"href":"https:\/\/niipit.dk\/hovedgaden-tinglev\/wp-json\/wp\/v2\/media?parent=5105"}],"curies":[{"name":"wp","href":"https:\/\/api.w.org\/{rel}","templated":true}]}}