{"id":5064,"date":"2018-08-10T22:29:34","date_gmt":"2018-08-10T20:29:34","guid":{"rendered":"https:\/\/niipit.dk\/hotel-vojens-shop\/?page_id=5064"},"modified":"2021-03-09T13:06:40","modified_gmt":"2021-03-09T12:06:40","slug":"frontpage","status":"publish","type":"page","link":"https:\/\/niipit.dk\/hotel-vojens\/","title":{"rendered":"Hotel Vojens"},"content":{"rendered":"\n<hr class=\"wp-block-separator\"\/>\n\n\n\n<p>Hotel Vojens finder du 10 minutter fra E45, 35 minutter fra den tyske gr\u00e6nse og kun 25 minutter fra Kolding og er det T\u00f8nder du vil bes\u00f8ge s\u00e5 kan du kommer der over p\u00e5 35 minutter i bil. Hvis du kommer med toget s\u00e5 finder du Hotellet 5 min fra baneg\u00e5rden.<\/p>\n\n\n\n<p>Hvis du har lyst til en hyggelig weekend, med kro stemning i S\u00f8nderjylland uden at ende langt ude for byerne s\u00e5 har du muligheden her.<\/p>\n\n\n\n<p>P\u00e5 hotellet finder du vores v\u00e6relser, restaurant og krostue uden at du skal ud af bygningen. Du kan komme p\u00e5 kro ophold med alt hver hjertet beg\u00e6rer og hygge. Du kan bruge vores v\u00e6relser som mellemstation og f\u00e5 en god nats s\u00f8vn. <br>Hver morgen har vi morgen buffet til de overnattende g\u00e6ster.<\/p>\n\n\n\n<p>Du er velkommen uanset om du er direkt\u00f8r eller arbejdsmand, her er plads til alle. Da mange h\u00e5ndv\u00e6rkere bruger vores hotel s\u00e5 er vi altid tidligt i gang. Derfor hvis du skal tidligt op og afsted, kan du sagtens n\u00e5 at f\u00e5 din morgen mad inden afrejse.<\/p>\n\n\n\n<p>Hvis du har brug for et sted at holde din n\u00e6ste fest eller firma arrangement s\u00e5 har Hotel Vojens et stort udvalg af muligheder. Vi arrangerer dit n\u00e6ste arrangement ud fra hvad dine \u00f8nsker er. Vores store dejlige lokaler giver b\u00e5de plads til store fester og firma arrangementer. Har i for eksempel, brug for at sted hvor folk b\u00e5de kan samles ved et stort bord og ved flere mindre borde til opgaver eller spisning, s\u00e5 har vi alle muligheder for dette.<\/p>\n\n\n\n<p>Hver dag kan du f\u00e5 dagens ret. P\u00e5 s\u00e6rlig udvalgte dage serveres der stegt fl\u00e6st med persillesovs eller stegte \u00e5l med stuvede kartofler. Du kan ogs\u00e5 b\u00e5de f\u00e5 p\u00e5ske frokost og julefrokost i restauranten. Hvis du heller vi have maden med hjem s\u00e5 er det du ogs\u00e5 en mulighed.<\/p>\n\n\n\n<p><\/p>\n","protected":false},"excerpt":{"rendered":"<p>Hotel Vojens finder du 10 minutter fra E45, 35 minutter fra den tyske gr\u00e6nse og kun 25 minutter fra Kolding og er det T\u00f8nder du vil bes\u00f8ge s\u00e5 kan du kommer der over p\u00e5 35 minutter i bil. Hvis du kommer med toget s\u00e5 finder du Hotellet 5 min fra baneg\u00e5rden. Hvis du har lyst <a class=\"moretag btn btn-primary\" href=\"https:\/\/niipit.dk\/hotel-vojens\/\">L\u00e6s mere<\/a><\/p>\n","protected":false},"author":1,"featured_media":0,"parent":0,"menu_order":0,"comment_status":"closed","ping_status":"closed","template":"frontpagePremium.php","meta":{"_exactmetrics_skip_tracking":false,"_exactmetrics_sitenote_active":false,"_exactmetrics_sitenote_note":"","_exactmetrics_sitenote_category":0,"_monsterinsights_skip_tracking":false,"_monsterinsights_sitenote_active":false,"_monsterinsights_sitenote_note":"","_monsterinsights_sitenote_category":0,"footnotes":""},"class_list":["post-5064","page","type-page","status-publish","hentry"],"yoast_head":"<!-- This site is optimized with the Yoast SEO Premium plugin v16.3 (Yoast SEO v27.3) - https:\/\/yoast.com\/product\/yoast-seo-premium-wordpress\/ -->\n<title>Hotel Vojens - S\u00f8nderjylland - Niipit find hurtigt n\u00e6ste overnatning<\/title>\n<meta name=\"description\" content=\"Hotel Vojens - S\u00f8nderjylland. Centralt i beliggende p\u00e5 45 min kan du kommer til T\u00f8nder eller R\u00f8m\u00f8. P\u00e515-25 min kan du n\u00e5 til Haderslev eller Kolding\" \/>\n<meta name=\"robots\" content=\"index, follow, max-snippet:-1, max-image-preview:large, max-video-preview:-1\" \/>\n<link rel=\"canonical\" href=\"https:\/\/niipit.dk\/hotel-vojens\/\" \/>\n<meta property=\"og:locale\" content=\"da_DK\" \/>\n<meta property=\"og:type\" content=\"article\" \/>\n<meta property=\"og:title\" content=\"Hotel Vojens - S\u00f8nderjylland - Niipit find hurtigt n\u00e6ste overnatning\" \/>\n<meta property=\"og:description\" content=\"Hotel Vojens - S\u00f8nderjylland. Centralt i beliggende p\u00e5 45 min kan du kommer til T\u00f8nder eller R\u00f8m\u00f8. P\u00e515-25 min kan du n\u00e5 til Haderslev eller Kolding\" \/>\n<meta property=\"og:url\" content=\"https:\/\/niipit.dk\/hotel-vojens\/\" \/>\n<meta property=\"og:site_name\" content=\"Hotel Vojens\" \/>\n<meta property=\"article:modified_time\" content=\"2021-03-09T12:06:40+00:00\" \/>\n<meta name=\"twitter:card\" content=\"summary_large_image\" \/>\n<meta name=\"twitter:label1\" content=\"Estimeret l\u00e6setid\" \/>\n\t<meta name=\"twitter:data1\" content=\"2 minutter\" \/>\n<script type=\"application\/ld+json\" class=\"yoast-schema-graph\">{\"@context\":\"https:\\\/\\\/schema.org\",\"@graph\":[{\"@type\":\"WebPage\",\"@id\":\"https:\\\/\\\/niipit.dk\\\/hotel-vojens\\\/\",\"url\":\"https:\\\/\\\/niipit.dk\\\/hotel-vojens\\\/\",\"name\":\"Hotel Vojens - S\u00f8nderjylland - Niipit find hurtigt n\u00e6ste overnatning\",\"isPartOf\":{\"@id\":\"https:\\\/\\\/niipit.dk\\\/hotel-vojens\\\/#website\"},\"datePublished\":\"2018-08-10T20:29:34+00:00\",\"dateModified\":\"2021-03-09T12:06:40+00:00\",\"description\":\"Hotel Vojens - S\u00f8nderjylland. Centralt i beliggende p\u00e5 45 min kan du kommer til T\u00f8nder eller R\u00f8m\u00f8. P\u00e515-25 min kan du n\u00e5 til Haderslev eller Kolding\",\"breadcrumb\":{\"@id\":\"https:\\\/\\\/niipit.dk\\\/hotel-vojens\\\/#breadcrumb\"},\"inLanguage\":\"da-DK\",\"potentialAction\":[{\"@type\":\"ReadAction\",\"target\":[\"https:\\\/\\\/niipit.dk\\\/hotel-vojens\\\/\"]}]},{\"@type\":\"BreadcrumbList\",\"@id\":\"https:\\\/\\\/niipit.dk\\\/hotel-vojens\\\/#breadcrumb\",\"itemListElement\":[{\"@type\":\"ListItem\",\"position\":1,\"name\":\"Hjem\",\"item\":\"https:\\\/\\\/niipit.dk\\\/hotel-vojens\\\/\"},{\"@type\":\"ListItem\",\"position\":2,\"name\":\"Hotel Vojens\"}]},{\"@type\":\"WebSite\",\"@id\":\"https:\\\/\\\/niipit.dk\\\/hotel-vojens\\\/#website\",\"url\":\"https:\\\/\\\/niipit.dk\\\/hotel-vojens\\\/\",\"name\":\"Hotel Vojens\",\"description\":\"Find din n\u00e6ste overnatning med Niipit.dk\",\"potentialAction\":[{\"@type\":\"SearchAction\",\"target\":{\"@type\":\"EntryPoint\",\"urlTemplate\":\"https:\\\/\\\/niipit.dk\\\/hotel-vojens\\\/?s={search_term_string}\"},\"query-input\":{\"@type\":\"PropertyValueSpecification\",\"valueRequired\":true,\"valueName\":\"search_term_string\"}}],\"inLanguage\":\"da-DK\"}]}<\/script>\n<!-- \/ Yoast SEO Premium plugin. -->","yoast_head_json":{"title":"Hotel Vojens - S\u00f8nderjylland - Niipit find hurtigt n\u00e6ste overnatning","description":"Hotel Vojens - S\u00f8nderjylland. Centralt i beliggende p\u00e5 45 min kan du kommer til T\u00f8nder eller R\u00f8m\u00f8. P\u00e515-25 min kan du n\u00e5 til Haderslev eller Kolding","robots":{"index":"index","follow":"follow","max-snippet":"max-snippet:-1","max-image-preview":"max-image-preview:large","max-video-preview":"max-video-preview:-1"},"canonical":"https:\/\/niipit.dk\/hotel-vojens\/","og_locale":"da_DK","og_type":"article","og_title":"Hotel Vojens - S\u00f8nderjylland - Niipit find hurtigt n\u00e6ste overnatning","og_description":"Hotel Vojens - S\u00f8nderjylland. Centralt i beliggende p\u00e5 45 min kan du kommer til T\u00f8nder eller R\u00f8m\u00f8. P\u00e515-25 min kan du n\u00e5 til Haderslev eller Kolding","og_url":"https:\/\/niipit.dk\/hotel-vojens\/","og_site_name":"Hotel Vojens","article_modified_time":"2021-03-09T12:06:40+00:00","twitter_card":"summary_large_image","twitter_misc":{"Estimeret l\u00e6setid":"2 minutter"},"schema":{"@context":"https:\/\/schema.org","@graph":[{"@type":"WebPage","@id":"https:\/\/niipit.dk\/hotel-vojens\/","url":"https:\/\/niipit.dk\/hotel-vojens\/","name":"Hotel Vojens - S\u00f8nderjylland - Niipit find hurtigt n\u00e6ste overnatning","isPartOf":{"@id":"https:\/\/niipit.dk\/hotel-vojens\/#website"},"datePublished":"2018-08-10T20:29:34+00:00","dateModified":"2021-03-09T12:06:40+00:00","description":"Hotel Vojens - S\u00f8nderjylland. Centralt i beliggende p\u00e5 45 min kan du kommer til T\u00f8nder eller R\u00f8m\u00f8. P\u00e515-25 min kan du n\u00e5 til Haderslev eller Kolding","breadcrumb":{"@id":"https:\/\/niipit.dk\/hotel-vojens\/#breadcrumb"},"inLanguage":"da-DK","potentialAction":[{"@type":"ReadAction","target":["https:\/\/niipit.dk\/hotel-vojens\/"]}]},{"@type":"BreadcrumbList","@id":"https:\/\/niipit.dk\/hotel-vojens\/#breadcrumb","itemListElement":[{"@type":"ListItem","position":1,"name":"Hjem","item":"https:\/\/niipit.dk\/hotel-vojens\/"},{"@type":"ListItem","position":2,"name":"Hotel Vojens"}]},{"@type":"WebSite","@id":"https:\/\/niipit.dk\/hotel-vojens\/#website","url":"https:\/\/niipit.dk\/hotel-vojens\/","name":"Hotel Vojens","description":"Find din n\u00e6ste overnatning med Niipit.dk","potentialAction":[{"@type":"SearchAction","target":{"@type":"EntryPoint","urlTemplate":"https:\/\/niipit.dk\/hotel-vojens\/?s={search_term_string}"},"query-input":{"@type":"PropertyValueSpecification","valueRequired":true,"valueName":"search_term_string"}}],"inLanguage":"da-DK"}]}},"_links":{"self":[{"href":"https:\/\/niipit.dk\/hotel-vojens\/wp-json\/wp\/v2\/pages\/5064","targetHints":{"allow":["GET"]}}],"collection":[{"href":"https:\/\/niipit.dk\/hotel-vojens\/wp-json\/wp\/v2\/pages"}],"about":[{"href":"https:\/\/niipit.dk\/hotel-vojens\/wp-json\/wp\/v2\/types\/page"}],"author":[{"embeddable":true,"href":"https:\/\/niipit.dk\/hotel-vojens\/wp-json\/wp\/v2\/users\/1"}],"replies":[{"embeddable":true,"href":"https:\/\/niipit.dk\/hotel-vojens\/wp-json\/wp\/v2\/comments?post=5064"}],"version-history":[{"count":1,"href":"https:\/\/niipit.dk\/hotel-vojens\/wp-json\/wp\/v2\/pages\/5064\/revisions"}],"predecessor-version":[{"id":6651,"href":"https:\/\/niipit.dk\/hotel-vojens\/wp-json\/wp\/v2\/pages\/5064\/revisions\/6651"}],"wp:attachment":[{"href":"https:\/\/niipit.dk\/hotel-vojens\/wp-json\/wp\/v2\/media?parent=5064"}],"curies":[{"name":"wp","href":"https:\/\/api.w.org\/{rel}","templated":true}]}}