{"id":5064,"date":"2020-04-10T22:29:34","date_gmt":"2020-04-10T20:29:34","guid":{"rendered":"https:\/\/niipit.dk\/hobbyland-shop\/?page_id=5064"},"modified":"2021-06-30T22:19:31","modified_gmt":"2021-06-30T20:19:31","slug":"frontpage","status":"publish","type":"page","link":"https:\/\/niipit.dk\/hobbyland\/","title":{"rendered":"Forside"},"content":{"rendered":"\n<hr class=\"wp-block-separator\"\/>\n\n\n\n<h1 class=\"wp-block-heading\" id=\"h-hobbyland-havecenter-og-udflugtsm-l-n-r-roskilde\">Hobbyland Havecenter og udflugtsm\u00e5l n\u00e6r Roskilde<\/h1>\n\n\n\n<h2 class=\"wp-block-heading\" id=\"h-flere-events-og-k-mpe-udvalg-af-planter-og-brugskunst-i-topkvalitet\">Flere events og k\u00e6mpe udvalg af planter og brugskunst i topkvalitet<\/h2>\n\n\n\n<p><a href=\"https:\/\/hobbylandaps.dk\/\" target=\"_blank\" rel=\"noreferrer noopener\">Hobbyland<\/a> er et enormt havecenter n\u00e6r Roskilde, hvor du kan finde alt, hvad hjertet beg\u00e6rer inden for planter og brugskunst. G\u00e5 en tur gennem deres forskellige verdener med alverdens spiselige planter, farvestr\u00e5lende roser, dekorative og tropiske stueplanter, et hav af forskellige stauder og meget andet. De har ligeledes en stor brugskunstafdeling og flere hundrede kvadratmeter med et bredt udvalg af potter og krukker. Derudover holder de forskellige events i l\u00f8bet af \u00e5ret, som er sjove for b\u00e5de store og sm\u00e5.<\/p>\n\n\n\n<h3 class=\"wp-block-heading\" id=\"h-kvalitet-kundeservice-og-k-mpe-udvalg\">Kvalitet, kundeservice og k\u00e6mpe udvalg<\/h3>\n\n\n\n<p>Hos Hobbyland ser de det som deres fornemste opgave at give dig som kunde den allerbedste oplevelse. Derfor har de stort fokus p\u00e5 at tilbyde planter og brugskunst af den h\u00f8jeste kvalitet, de s\u00f8rger altid for at udvise god kundeservice, og \u00e5ret rundt kan du finde et k\u00e6mpe udvalg af alt til hus og have inden for planter og brugskunst.<br>N\u00e5r du bes\u00f8ger havecentret, bliver du m\u00f8dt af fagl\u00e6rte gartnere, der st\u00e5r klar til at r\u00e5dgive dig om alt, hvad der vedr\u00f8rer plantning og pasning af havecentrets mange forskellige slags haveplanter og stueplanter. Derudover finder du butiksassistenter og dekorat\u00f8rer, der l\u00f8bende s\u00f8rger for, at butikken altid er fyldt op og ser godt ud. Uanset hvem du m\u00f8der af Hobbylands medarbejdere, giver de gerne en hj\u00e6lpende h\u00e5nd med fx en tung pose jord eller en stor havekrukke.<\/p>\n\n\n\n<h3 class=\"wp-block-heading\" id=\"h-events-i-havecentret-ret-rundt\">Events i havecentret \u00e5ret rundt<\/h3>\n\n\n\n<p>I hver af de fire \u00e5rstider afholder Hobbyland forskellige events, der henvender sig til alle, der interesserer sig for pasning af haveplanter og stueplanter. I for\u00e5ret kan de forskellige events fx handle om, hvordan du passer dine roser, eller hvordan du indretter dit drivhus. N\u00e5r de kolde vinterm\u00e5neder melder sin ankomst, forvandler havecentret sig til et nisselandskab fyldt med julepynt og juledekorationer for enhver smag \u2013 og i l\u00f8bet af december holder Hobbyland forskellige juleevents.<br>Uanset hvorn\u00e5r p\u00e5 \u00e5ret det er, s\u00f8rger Hobbyland for, at du f\u00e5r en ny og sp\u00e6ndende oplevelse, der relaterer sig til \u00e5rstiden, n\u00e5r du bes\u00f8ger dem i deres havecenter.<\/p>\n\n\n\n<div class=\"wp-block-image\"><figure class=\"aligncenter size-large\"><a href=\"https:\/\/hobbylandaps.dk\" target=\"_blank\" rel=\"noopener\"><img loading=\"lazy\" decoding=\"async\" width=\"202\" height=\"202\" src=\"https:\/\/niipit.dk\/hobbyland\/wp-content\/uploads\/sites\/729\/2021\/06\/Havecentret-Hobbyland-1.jpg\" alt=\"\" class=\"wp-image-5994\" srcset=\"https:\/\/niipit.dk\/hobbyland\/wp-content\/uploads\/sites\/729\/2021\/06\/Havecentret-Hobbyland-1.jpg 202w, https:\/\/niipit.dk\/hobbyland\/wp-content\/uploads\/sites\/729\/2021\/06\/Havecentret-Hobbyland-1-150x150.jpg 150w, https:\/\/niipit.dk\/hobbyland\/wp-content\/uploads\/sites\/729\/2021\/06\/Havecentret-Hobbyland-1-100x100.jpg 100w\" sizes=\"auto, (max-width: 202px) 100vw, 202px\" \/><\/a><\/figure><\/div>\n","protected":false},"excerpt":{"rendered":"<p>Hobbyland Havecenter og udflugtsm\u00e5l n\u00e6r Roskilde Flere events og k\u00e6mpe udvalg af planter og brugskunst i topkvalitet Hobbyland er et enormt havecenter n\u00e6r Roskilde, hvor du kan finde alt, hvad hjertet beg\u00e6rer inden for planter og brugskunst. G\u00e5 en tur gennem deres forskellige verdener med alverdens spiselige planter, farvestr\u00e5lende roser, dekorative og tropiske stueplanter, et <a class=\"moretag btn btn-primary\" href=\"https:\/\/niipit.dk\/hobbyland\/\">L\u00e6s mere<\/a><\/p>\n","protected":false},"author":1,"featured_media":0,"parent":0,"menu_order":0,"comment_status":"closed","ping_status":"closed","template":"frontpagePremium.php","meta":{"_exactmetrics_skip_tracking":false,"_exactmetrics_sitenote_active":false,"_exactmetrics_sitenote_note":"","_exactmetrics_sitenote_category":0,"_monsterinsights_skip_tracking":false,"_monsterinsights_sitenote_active":false,"_monsterinsights_sitenote_note":"","_monsterinsights_sitenote_category":0,"footnotes":""},"class_list":["post-5064","page","type-page","status-publish","hentry"],"yoast_head":"<!-- This site is optimized with the Yoast SEO Premium plugin v16.3 (Yoast SEO v27.4) - https:\/\/yoast.com\/product\/yoast-seo-premium-wordpress\/ -->\n<title>Hobbyland har altid fagl\u00e6rte gartnere klar til at r\u00e5dgive dig<\/title>\n<meta name=\"description\" content=\"Se vores k\u00e6mpe store udvalg af mange forskellige slags haveplanter og stueplanter til din bolig | Se mere her\" \/>\n<meta name=\"robots\" content=\"index, follow, max-snippet:-1, max-image-preview:large, max-video-preview:-1\" \/>\n<link rel=\"canonical\" href=\"https:\/\/niipit.dk\/hobbyland\/\" \/>\n<meta property=\"og:locale\" content=\"da_DK\" \/>\n<meta property=\"og:type\" content=\"article\" \/>\n<meta property=\"og:title\" content=\"Hobbyland har altid fagl\u00e6rte gartnere klar til at r\u00e5dgive dig\" \/>\n<meta property=\"og:description\" content=\"Se vores k\u00e6mpe store udvalg af mange forskellige slags haveplanter og stueplanter til din bolig | Se mere her\" \/>\n<meta property=\"og:url\" content=\"https:\/\/niipit.dk\/hobbyland\/\" \/>\n<meta property=\"og:site_name\" content=\"Hobbyland\" \/>\n<meta property=\"article:modified_time\" content=\"2021-06-30T20:19:31+00:00\" \/>\n<meta property=\"og:image\" content=\"https:\/\/niipit.dk\/hobbyland\/wp-content\/uploads\/sites\/729\/2021\/06\/Havecentret-Hobbyland-1.jpg\" \/>\n<meta name=\"twitter:card\" content=\"summary_large_image\" \/>\n<meta name=\"twitter:label1\" content=\"Estimeret l\u00e6setid\" \/>\n\t<meta name=\"twitter:data1\" content=\"2 minutter\" \/>\n<script type=\"application\/ld+json\" class=\"yoast-schema-graph\">{\"@context\":\"https:\\\/\\\/schema.org\",\"@graph\":[{\"@type\":\"WebPage\",\"@id\":\"https:\\\/\\\/niipit.dk\\\/hobbyland\\\/\",\"url\":\"https:\\\/\\\/niipit.dk\\\/hobbyland\\\/\",\"name\":\"Hobbyland har altid fagl\u00e6rte gartnere klar til at r\u00e5dgive dig\",\"isPartOf\":{\"@id\":\"https:\\\/\\\/niipit.dk\\\/hobbyland\\\/#website\"},\"primaryImageOfPage\":{\"@id\":\"https:\\\/\\\/niipit.dk\\\/hobbyland\\\/#primaryimage\"},\"image\":{\"@id\":\"https:\\\/\\\/niipit.dk\\\/hobbyland\\\/#primaryimage\"},\"thumbnailUrl\":\"https:\\\/\\\/niipit.dk\\\/hobbyland\\\/wp-content\\\/uploads\\\/sites\\\/729\\\/2021\\\/06\\\/Havecentret-Hobbyland-1.jpg\",\"datePublished\":\"2020-04-10T20:29:34+00:00\",\"dateModified\":\"2021-06-30T20:19:31+00:00\",\"description\":\"Se vores k\u00e6mpe store udvalg af mange forskellige slags haveplanter og stueplanter til din bolig | Se mere her\",\"breadcrumb\":{\"@id\":\"https:\\\/\\\/niipit.dk\\\/hobbyland\\\/#breadcrumb\"},\"inLanguage\":\"da-DK\",\"potentialAction\":[{\"@type\":\"ReadAction\",\"target\":[\"https:\\\/\\\/niipit.dk\\\/hobbyland\\\/\"]}]},{\"@type\":\"ImageObject\",\"inLanguage\":\"da-DK\",\"@id\":\"https:\\\/\\\/niipit.dk\\\/hobbyland\\\/#primaryimage\",\"url\":\"https:\\\/\\\/niipit.dk\\\/hobbyland\\\/wp-content\\\/uploads\\\/sites\\\/729\\\/2021\\\/06\\\/Havecentret-Hobbyland-1.jpg\",\"contentUrl\":\"https:\\\/\\\/niipit.dk\\\/hobbyland\\\/wp-content\\\/uploads\\\/sites\\\/729\\\/2021\\\/06\\\/Havecentret-Hobbyland-1.jpg\"},{\"@type\":\"BreadcrumbList\",\"@id\":\"https:\\\/\\\/niipit.dk\\\/hobbyland\\\/#breadcrumb\",\"itemListElement\":[{\"@type\":\"ListItem\",\"position\":1,\"name\":\"Hjem\",\"item\":\"https:\\\/\\\/niipit.dk\\\/hobbyland\\\/\"},{\"@type\":\"ListItem\",\"position\":2,\"name\":\"Forside\"}]},{\"@type\":\"WebSite\",\"@id\":\"https:\\\/\\\/niipit.dk\\\/hobbyland\\\/#website\",\"url\":\"https:\\\/\\\/niipit.dk\\\/hobbyland\\\/\",\"name\":\"Hobbyland\",\"description\":\"Havecenter\",\"potentialAction\":[{\"@type\":\"SearchAction\",\"target\":{\"@type\":\"EntryPoint\",\"urlTemplate\":\"https:\\\/\\\/niipit.dk\\\/hobbyland\\\/?s={search_term_string}\"},\"query-input\":{\"@type\":\"PropertyValueSpecification\",\"valueRequired\":true,\"valueName\":\"search_term_string\"}}],\"inLanguage\":\"da-DK\"}]}<\/script>\n<!-- \/ Yoast SEO Premium plugin. -->","yoast_head_json":{"title":"Hobbyland har altid fagl\u00e6rte gartnere klar til at r\u00e5dgive dig","description":"Se vores k\u00e6mpe store udvalg af mange forskellige slags haveplanter og stueplanter til din bolig | Se mere her","robots":{"index":"index","follow":"follow","max-snippet":"max-snippet:-1","max-image-preview":"max-image-preview:large","max-video-preview":"max-video-preview:-1"},"canonical":"https:\/\/niipit.dk\/hobbyland\/","og_locale":"da_DK","og_type":"article","og_title":"Hobbyland har altid fagl\u00e6rte gartnere klar til at r\u00e5dgive dig","og_description":"Se vores k\u00e6mpe store udvalg af mange forskellige slags haveplanter og stueplanter til din bolig | Se mere her","og_url":"https:\/\/niipit.dk\/hobbyland\/","og_site_name":"Hobbyland","article_modified_time":"2021-06-30T20:19:31+00:00","og_image":[{"url":"https:\/\/niipit.dk\/hobbyland\/wp-content\/uploads\/sites\/729\/2021\/06\/Havecentret-Hobbyland-1.jpg","type":"","width":"","height":""}],"twitter_card":"summary_large_image","twitter_misc":{"Estimeret l\u00e6setid":"2 minutter"},"schema":{"@context":"https:\/\/schema.org","@graph":[{"@type":"WebPage","@id":"https:\/\/niipit.dk\/hobbyland\/","url":"https:\/\/niipit.dk\/hobbyland\/","name":"Hobbyland har altid fagl\u00e6rte gartnere klar til at r\u00e5dgive dig","isPartOf":{"@id":"https:\/\/niipit.dk\/hobbyland\/#website"},"primaryImageOfPage":{"@id":"https:\/\/niipit.dk\/hobbyland\/#primaryimage"},"image":{"@id":"https:\/\/niipit.dk\/hobbyland\/#primaryimage"},"thumbnailUrl":"https:\/\/niipit.dk\/hobbyland\/wp-content\/uploads\/sites\/729\/2021\/06\/Havecentret-Hobbyland-1.jpg","datePublished":"2020-04-10T20:29:34+00:00","dateModified":"2021-06-30T20:19:31+00:00","description":"Se vores k\u00e6mpe store udvalg af mange forskellige slags haveplanter og stueplanter til din bolig | Se mere her","breadcrumb":{"@id":"https:\/\/niipit.dk\/hobbyland\/#breadcrumb"},"inLanguage":"da-DK","potentialAction":[{"@type":"ReadAction","target":["https:\/\/niipit.dk\/hobbyland\/"]}]},{"@type":"ImageObject","inLanguage":"da-DK","@id":"https:\/\/niipit.dk\/hobbyland\/#primaryimage","url":"https:\/\/niipit.dk\/hobbyland\/wp-content\/uploads\/sites\/729\/2021\/06\/Havecentret-Hobbyland-1.jpg","contentUrl":"https:\/\/niipit.dk\/hobbyland\/wp-content\/uploads\/sites\/729\/2021\/06\/Havecentret-Hobbyland-1.jpg"},{"@type":"BreadcrumbList","@id":"https:\/\/niipit.dk\/hobbyland\/#breadcrumb","itemListElement":[{"@type":"ListItem","position":1,"name":"Hjem","item":"https:\/\/niipit.dk\/hobbyland\/"},{"@type":"ListItem","position":2,"name":"Forside"}]},{"@type":"WebSite","@id":"https:\/\/niipit.dk\/hobbyland\/#website","url":"https:\/\/niipit.dk\/hobbyland\/","name":"Hobbyland","description":"Havecenter","potentialAction":[{"@type":"SearchAction","target":{"@type":"EntryPoint","urlTemplate":"https:\/\/niipit.dk\/hobbyland\/?s={search_term_string}"},"query-input":{"@type":"PropertyValueSpecification","valueRequired":true,"valueName":"search_term_string"}}],"inLanguage":"da-DK"}]}},"_links":{"self":[{"href":"https:\/\/niipit.dk\/hobbyland\/wp-json\/wp\/v2\/pages\/5064","targetHints":{"allow":["GET"]}}],"collection":[{"href":"https:\/\/niipit.dk\/hobbyland\/wp-json\/wp\/v2\/pages"}],"about":[{"href":"https:\/\/niipit.dk\/hobbyland\/wp-json\/wp\/v2\/types\/page"}],"author":[{"embeddable":true,"href":"https:\/\/niipit.dk\/hobbyland\/wp-json\/wp\/v2\/users\/1"}],"replies":[{"embeddable":true,"href":"https:\/\/niipit.dk\/hobbyland\/wp-json\/wp\/v2\/comments?post=5064"}],"version-history":[{"count":3,"href":"https:\/\/niipit.dk\/hobbyland\/wp-json\/wp\/v2\/pages\/5064\/revisions"}],"predecessor-version":[{"id":5996,"href":"https:\/\/niipit.dk\/hobbyland\/wp-json\/wp\/v2\/pages\/5064\/revisions\/5996"}],"wp:attachment":[{"href":"https:\/\/niipit.dk\/hobbyland\/wp-json\/wp\/v2\/media?parent=5064"}],"curies":[{"name":"wp","href":"https:\/\/api.w.org\/{rel}","templated":true}]}}