{"id":5064,"date":"2018-08-10T22:29:34","date_gmt":"2018-08-10T20:29:34","guid":{"rendered":"https:\/\/niipit.dk\/heroic-sport-shop\/?page_id=5064"},"modified":"2021-03-09T13:38:06","modified_gmt":"2021-03-09T12:38:06","slug":"frontpage","status":"publish","type":"page","link":"https:\/\/niipit.dk\/heroic-sport\/","title":{"rendered":"Forside"},"content":{"rendered":"\n<h2 class=\"wp-block-heading\" id=\"h-bes-g-heroic-sport-blog\"><a href=\"https:\/\/heroicsport.com\/indian-clubs-blog\/\" target=\"_blank\" rel=\"noreferrer noopener\">Bes\u00f8g Heroic Sport blog <\/a><\/h2>\n\n\n\n<p><\/p>\n","protected":false},"excerpt":{"rendered":"<p>Bes\u00f8g Heroic Sport blog<\/p>\n","protected":false},"author":1005,"featured_media":0,"parent":0,"menu_order":0,"comment_status":"closed","ping_status":"closed","template":"frontpagePremium.php","meta":{"_exactmetrics_skip_tracking":false,"_exactmetrics_sitenote_active":false,"_exactmetrics_sitenote_note":"","_exactmetrics_sitenote_category":0,"_monsterinsights_skip_tracking":false,"_monsterinsights_sitenote_active":false,"_monsterinsights_sitenote_note":"","_monsterinsights_sitenote_category":0,"footnotes":""},"class_list":["post-5064","page","type-page","status-publish","hentry"],"yoast_head":"<!-- This site is optimized with the Yoast SEO Premium plugin v16.3 (Yoast SEO v27.3) - https:\/\/yoast.com\/product\/yoast-seo-premium-wordpress\/ -->\n<title>Heroic Sport - Har du pr\u00f8vet at tr\u00e6ne med pahlavandle?<\/title>\n<meta name=\"description\" content=\"Heroic Sport er for dig der vil tr\u00e6ne uden at skulle g\u00f8re det mere kopliceret end det er. Du kan tr\u00e6ne ude og inde, eller n\u00e5r du er p\u00e5 farten med f\u00e5 midler\" \/>\n<meta name=\"robots\" content=\"index, follow, max-snippet:-1, max-image-preview:large, max-video-preview:-1\" \/>\n<link rel=\"canonical\" href=\"https:\/\/niipit.dk\/heroic-sport\/\" \/>\n<meta property=\"og:locale\" content=\"da_DK\" \/>\n<meta property=\"og:type\" content=\"article\" \/>\n<meta property=\"og:title\" content=\"Heroic Sport - Har du pr\u00f8vet at tr\u00e6ne med pahlavandle?\" \/>\n<meta property=\"og:description\" content=\"Heroic Sport er for dig der vil tr\u00e6ne uden at skulle g\u00f8re det mere kopliceret end det er. Du kan tr\u00e6ne ude og inde, eller n\u00e5r du er p\u00e5 farten med f\u00e5 midler\" \/>\n<meta property=\"og:url\" content=\"https:\/\/niipit.dk\/heroic-sport\/\" \/>\n<meta property=\"og:site_name\" content=\"Heroic Sport\" \/>\n<meta property=\"article:modified_time\" content=\"2021-03-09T12:38:06+00:00\" \/>\n<meta property=\"og:image\" content=\"https:\/\/niipit.dk\/heroic-sport\/wp-content\/uploads\/sites\/227\/2019\/07\/pahlavandle-plastic-bottles.jpg\" \/>\n\t<meta property=\"og:image:width\" content=\"1080\" \/>\n\t<meta property=\"og:image:height\" content=\"1080\" \/>\n\t<meta property=\"og:image:type\" content=\"image\/jpeg\" \/>\n<meta name=\"twitter:card\" content=\"summary_large_image\" \/>\n<meta name=\"twitter:label1\" content=\"Estimeret l\u00e6setid\" \/>\n\t<meta name=\"twitter:data1\" content=\"1 minut\" \/>\n<script type=\"application\/ld+json\" class=\"yoast-schema-graph\">{\"@context\":\"https:\\\/\\\/schema.org\",\"@graph\":[{\"@type\":\"WebPage\",\"@id\":\"https:\\\/\\\/niipit.dk\\\/heroic-sport\\\/\",\"url\":\"https:\\\/\\\/niipit.dk\\\/heroic-sport\\\/\",\"name\":\"Heroic Sport - Har du pr\u00f8vet at tr\u00e6ne med pahlavandle?\",\"isPartOf\":{\"@id\":\"http:\\\/\\\/niipit.dk\\\/heroic-sport\\\/#website\"},\"datePublished\":\"2018-08-10T20:29:34+00:00\",\"dateModified\":\"2021-03-09T12:38:06+00:00\",\"description\":\"Heroic Sport er for dig der vil tr\u00e6ne uden at skulle g\u00f8re det mere kopliceret end det er. Du kan tr\u00e6ne ude og inde, eller n\u00e5r du er p\u00e5 farten med f\u00e5 midler\",\"breadcrumb\":{\"@id\":\"https:\\\/\\\/niipit.dk\\\/heroic-sport\\\/#breadcrumb\"},\"inLanguage\":\"da-DK\",\"potentialAction\":[{\"@type\":\"ReadAction\",\"target\":[\"https:\\\/\\\/niipit.dk\\\/heroic-sport\\\/\"]}]},{\"@type\":\"BreadcrumbList\",\"@id\":\"https:\\\/\\\/niipit.dk\\\/heroic-sport\\\/#breadcrumb\",\"itemListElement\":[{\"@type\":\"ListItem\",\"position\":1,\"name\":\"Hjem\",\"item\":\"https:\\\/\\\/niipit.dk\\\/heroic-sport\\\/\"},{\"@type\":\"ListItem\",\"position\":2,\"name\":\"Forside\"}]},{\"@type\":\"WebSite\",\"@id\":\"http:\\\/\\\/niipit.dk\\\/heroic-sport\\\/#website\",\"url\":\"http:\\\/\\\/niipit.dk\\\/heroic-sport\\\/\",\"name\":\"Heroic Sport\",\"description\":\"F\u00e5 din virksomhed p\u00e5 niipit\",\"potentialAction\":[{\"@type\":\"SearchAction\",\"target\":{\"@type\":\"EntryPoint\",\"urlTemplate\":\"http:\\\/\\\/niipit.dk\\\/heroic-sport\\\/?s={search_term_string}\"},\"query-input\":{\"@type\":\"PropertyValueSpecification\",\"valueRequired\":true,\"valueName\":\"search_term_string\"}}],\"inLanguage\":\"da-DK\"}]}<\/script>\n<!-- \/ Yoast SEO Premium plugin. -->","yoast_head_json":{"title":"Heroic Sport - Har du pr\u00f8vet at tr\u00e6ne med pahlavandle?","description":"Heroic Sport er for dig der vil tr\u00e6ne uden at skulle g\u00f8re det mere kopliceret end det er. Du kan tr\u00e6ne ude og inde, eller n\u00e5r du er p\u00e5 farten med f\u00e5 midler","robots":{"index":"index","follow":"follow","max-snippet":"max-snippet:-1","max-image-preview":"max-image-preview:large","max-video-preview":"max-video-preview:-1"},"canonical":"https:\/\/niipit.dk\/heroic-sport\/","og_locale":"da_DK","og_type":"article","og_title":"Heroic Sport - Har du pr\u00f8vet at tr\u00e6ne med pahlavandle?","og_description":"Heroic Sport er for dig der vil tr\u00e6ne uden at skulle g\u00f8re det mere kopliceret end det er. Du kan tr\u00e6ne ude og inde, eller n\u00e5r du er p\u00e5 farten med f\u00e5 midler","og_url":"https:\/\/niipit.dk\/heroic-sport\/","og_site_name":"Heroic Sport","article_modified_time":"2021-03-09T12:38:06+00:00","og_image":[{"width":1080,"height":1080,"url":"https:\/\/niipit.dk\/heroic-sport\/wp-content\/uploads\/sites\/227\/2019\/07\/pahlavandle-plastic-bottles.jpg","type":"image\/jpeg"}],"twitter_card":"summary_large_image","twitter_misc":{"Estimeret l\u00e6setid":"1 minut"},"schema":{"@context":"https:\/\/schema.org","@graph":[{"@type":"WebPage","@id":"https:\/\/niipit.dk\/heroic-sport\/","url":"https:\/\/niipit.dk\/heroic-sport\/","name":"Heroic Sport - Har du pr\u00f8vet at tr\u00e6ne med pahlavandle?","isPartOf":{"@id":"http:\/\/niipit.dk\/heroic-sport\/#website"},"datePublished":"2018-08-10T20:29:34+00:00","dateModified":"2021-03-09T12:38:06+00:00","description":"Heroic Sport er for dig der vil tr\u00e6ne uden at skulle g\u00f8re det mere kopliceret end det er. Du kan tr\u00e6ne ude og inde, eller n\u00e5r du er p\u00e5 farten med f\u00e5 midler","breadcrumb":{"@id":"https:\/\/niipit.dk\/heroic-sport\/#breadcrumb"},"inLanguage":"da-DK","potentialAction":[{"@type":"ReadAction","target":["https:\/\/niipit.dk\/heroic-sport\/"]}]},{"@type":"BreadcrumbList","@id":"https:\/\/niipit.dk\/heroic-sport\/#breadcrumb","itemListElement":[{"@type":"ListItem","position":1,"name":"Hjem","item":"https:\/\/niipit.dk\/heroic-sport\/"},{"@type":"ListItem","position":2,"name":"Forside"}]},{"@type":"WebSite","@id":"http:\/\/niipit.dk\/heroic-sport\/#website","url":"http:\/\/niipit.dk\/heroic-sport\/","name":"Heroic Sport","description":"F\u00e5 din virksomhed p\u00e5 niipit","potentialAction":[{"@type":"SearchAction","target":{"@type":"EntryPoint","urlTemplate":"http:\/\/niipit.dk\/heroic-sport\/?s={search_term_string}"},"query-input":{"@type":"PropertyValueSpecification","valueRequired":true,"valueName":"search_term_string"}}],"inLanguage":"da-DK"}]}},"_links":{"self":[{"href":"https:\/\/niipit.dk\/heroic-sport\/wp-json\/wp\/v2\/pages\/5064","targetHints":{"allow":["GET"]}}],"collection":[{"href":"https:\/\/niipit.dk\/heroic-sport\/wp-json\/wp\/v2\/pages"}],"about":[{"href":"https:\/\/niipit.dk\/heroic-sport\/wp-json\/wp\/v2\/types\/page"}],"author":[{"embeddable":true,"href":"https:\/\/niipit.dk\/heroic-sport\/wp-json\/wp\/v2\/users\/1005"}],"replies":[{"embeddable":true,"href":"https:\/\/niipit.dk\/heroic-sport\/wp-json\/wp\/v2\/comments?post=5064"}],"version-history":[{"count":2,"href":"https:\/\/niipit.dk\/heroic-sport\/wp-json\/wp\/v2\/pages\/5064\/revisions"}],"predecessor-version":[{"id":7798,"href":"https:\/\/niipit.dk\/heroic-sport\/wp-json\/wp\/v2\/pages\/5064\/revisions\/7798"}],"wp:attachment":[{"href":"https:\/\/niipit.dk\/heroic-sport\/wp-json\/wp\/v2\/media?parent=5064"}],"curies":[{"name":"wp","href":"https:\/\/api.w.org\/{rel}","templated":true}]}}