{"id":5064,"date":"2018-08-10T22:29:34","date_gmt":"2018-08-10T20:29:34","guid":{"rendered":"https:\/\/niipit.dk\/helles-blomster-skive-shop\/?page_id=5064"},"modified":"2023-01-30T13:42:31","modified_gmt":"2023-01-30T12:42:31","slug":"frontpage-helles-blomster","status":"publish","type":"page","link":"https:\/\/niipit.dk\/helles-blomster-skive\/","title":{"rendered":"Forside Helles Blomster"},"content":{"rendered":"\n<hr class=\"wp-block-separator has-css-opacity\"\/>\n\n\n\n<h2 class=\"wp-block-heading\" id=\"h-helles-blomsterhandler-skive\">Helles blomsterhandler Skive<\/h2>\n\n\n\n<p>Bes\u00f8g Helles kreative blomsterbutik p\u00e5 viborgvej i Skive. Anmeldelserne af Helles blomsterbutik p\u00e5 Google er rigtig fine. Mange kunder der har k\u00f8bt blomster har v\u00e6re ovenud tilfredse med kvaliteten og leveringen. Personalet bliver beskrevet som b\u00e5de sk\u00f8nne, hyggelige og flinke. Butikken bugner af p\u00e6ne pynte ting til hjemmet samt et hav af blomsterops\u00e6tninger, blomster dekorationer og masser af farverige blomster.<\/p>\n\n\n\n<h3 class=\"wp-block-heading\" id=\"h-helles-blomster-giver-dig-blomsteroplevelse-i-topkvalitet\">Helles blomster giver dig blomsteroplevelse i topkvalitet<\/h3>\n\n\n\n<p>Helles blomster \u00f8nsker altid at give dig en blomsteroplevelse ud over det s\u00e6dvanlige. Vil du have designet og indpakket dine blomstergaver s\u00e5 skal du bare sige til. Du kan f\u00e5 r\u00e5dgivning og vejledning s\u00e5 du f\u00e5r mest muligt v\u00e6rdig af dit k\u00f8b.  <\/p>\n\n\n\n<p>Helles Blomster er din inspirerende og kreativ blomsterbutik i Skive. Hele sortiment best\u00e5r af kvalitetsprodukter til alle lejligheder.  Om du skal bruge blomster til bryllup, bis\u00e6ttelse, runde f\u00f8dselsdage eller andre m\u00e6rkedage, s\u00e5 er du landet det rigtige sted.<\/p>\n\n\n\n<h3 class=\"wp-block-heading\" id=\"h-buketter-og-afsk-rne-blomster\">Buketter og afsk\u00e5rne blomster<\/h3>\n\n\n\n<p>Leder du efter et stort udvalg af afsk\u00e5rne blomster s\u00e5 finder du hurtigt det nyeste inden for blomsterbuketter og ops\u00e6tninger i butikken og som altid til fornuftige priser.<br>Skal du bruge en elegant buket til konen, en enkelt rose til studenten, en bordedekoration til middagsbordet eller en smuk b\u00e5redekoration til begravelse s\u00e5 kan du altid f\u00e5 den rette vejledning inden du k\u00f8ber blomsterne.<\/p>\n\n\n\n<p>HUSK at hvis du har brug for blomster levering i skive, s\u00e5 kan du sagtens f\u00e5 din blomster leveret hjem til dig selv eller til en anden adresse. Uanset om det er blomster til begravelse eller blomster til din kone eller mor s\u00e5 leverer blomsterne ud fra Helles blomster.<\/p>\n\n\n\n<h3 class=\"wp-block-heading\" id=\"h-plantestyling\">Plantestyling<\/h3>\n\n\n\n<p>Har du brug for en plantedekoration til festen, der skal v\u00e6re udover det s\u00e6dvanlige? Lad os sammen afd\u00e6kke dit behov, finde de rigtige farver og stilart samt anledning. N\u00e5r dekorat\u00f8ren har v\u00e6ret i gang vil du st\u00e5 med den smukkeste dekoration tilpasset dit behov. Det er plantestyling der huskes l\u00e6nge efter din fest er slut.<\/p>\n\n\n\n<h2 class=\"wp-block-heading\" id=\"h-v-rtindegave-vin-og-chokolade\">V\u00e6rtindegave &#8211; Vin og chokolade?<\/h2>\n\n\n\n<p>Mangler du en v\u00e6rtindegave s\u00e5 fortvivl ikke. Helles blomster i Skive har et stort udvalg b\u00e5de inden for brugskunst, vin og chokolade, hvis du mikser dem med blomster s\u00e5 har du altid en v\u00e6rtindegave der gl\u00e6der enhver v\u00e6rtinde.<br>Du kan b\u00e5de f\u00e5 din egen unikke v\u00e6rtindegave eller du kan v\u00e6lge en af de allerede sammensatte v\u00e6rtindegaver der er klar i butikken.<br>Forud bestil v\u00e6rtindegaver <a href=\"http:\/\/clk.tradedoubler.com\/click?p=238481&amp;a=2911803&amp;g=0&amp;url=http:\/\/www.euroflorist.dk\/\">her<\/a><\/p>\n\n\n\n<p><a href=\"https:\/\/niipit.dk\/helles-blomster-skive\/anmeldelser\/\">se vores anmeldelser <\/a><\/p>\n","protected":false},"excerpt":{"rendered":"<p>Helles blomsterhandler Skive Bes\u00f8g Helles kreative blomsterbutik p\u00e5 viborgvej i Skive. Anmeldelserne af Helles blomsterbutik p\u00e5 Google er rigtig fine. Mange kunder der har k\u00f8bt blomster har v\u00e6re ovenud tilfredse med kvaliteten og leveringen. Personalet bliver beskrevet som b\u00e5de sk\u00f8nne, hyggelige og flinke. Butikken bugner af p\u00e6ne pynte ting til hjemmet samt et hav af <a class=\"moretag btn btn-primary\" href=\"https:\/\/niipit.dk\/helles-blomster-skive\/\">L\u00e6s mere<\/a><\/p>\n","protected":false},"author":1,"featured_media":0,"parent":0,"menu_order":0,"comment_status":"closed","ping_status":"closed","template":"frontpagePremium.php","meta":{"_exactmetrics_skip_tracking":false,"_exactmetrics_sitenote_active":false,"_exactmetrics_sitenote_note":"","_exactmetrics_sitenote_category":0,"_monsterinsights_skip_tracking":false,"_monsterinsights_sitenote_active":false,"_monsterinsights_sitenote_note":"","_monsterinsights_sitenote_category":0,"footnotes":""},"class_list":["post-5064","page","type-page","status-publish","hentry"],"yoast_head":"<!-- This site is optimized with the Yoast SEO Premium plugin v16.3 (Yoast SEO v27.3) - https:\/\/yoast.com\/product\/yoast-seo-premium-wordpress\/ -->\n<title>Helles Blomster i Skive - Inspirerende og kreativ blomsterbutik<\/title>\n<meta name=\"description\" content=\"Helles blomster i Skive. Vil du have Inspirerende og kreativ blomster fra dit lokalomr\u00e5de s\u00e5 skal du helt sikkert kigge her. Vi leverer gerne ud for dig\" \/>\n<meta name=\"robots\" content=\"index, follow, max-snippet:-1, max-image-preview:large, max-video-preview:-1\" \/>\n<link rel=\"canonical\" href=\"https:\/\/niipit.dk\/helles-blomster-skive\/\" \/>\n<meta property=\"og:locale\" content=\"da_DK\" \/>\n<meta property=\"og:type\" content=\"article\" \/>\n<meta property=\"og:title\" content=\"Helles Blomster i Skive - Inspirerende og kreativ blomsterbutik\" \/>\n<meta property=\"og:description\" content=\"Helles blomster i Skive. Vil du have Inspirerende og kreativ blomster fra dit lokalomr\u00e5de s\u00e5 skal du helt sikkert kigge her. Vi leverer gerne ud for dig\" \/>\n<meta property=\"og:url\" content=\"https:\/\/niipit.dk\/helles-blomster-skive\/\" \/>\n<meta property=\"og:site_name\" content=\"Helles Blomster\" \/>\n<meta property=\"article:modified_time\" content=\"2023-01-30T12:42:31+00:00\" \/>\n<meta name=\"twitter:card\" content=\"summary_large_image\" \/>\n<meta name=\"twitter:label1\" content=\"Estimeret l\u00e6setid\" \/>\n\t<meta name=\"twitter:data1\" content=\"3 minutter\" \/>\n<script type=\"application\/ld+json\" class=\"yoast-schema-graph\">{\"@context\":\"https:\\\/\\\/schema.org\",\"@graph\":[{\"@type\":\"WebPage\",\"@id\":\"https:\\\/\\\/niipit.dk\\\/helles-blomster-skive\\\/\",\"url\":\"https:\\\/\\\/niipit.dk\\\/helles-blomster-skive\\\/\",\"name\":\"Helles Blomster i Skive - Inspirerende og kreativ blomsterbutik\",\"isPartOf\":{\"@id\":\"https:\\\/\\\/niipit.dk\\\/helles-blomster-skive\\\/#website\"},\"datePublished\":\"2018-08-10T20:29:34+00:00\",\"dateModified\":\"2023-01-30T12:42:31+00:00\",\"description\":\"Helles blomster i Skive. Vil du have Inspirerende og kreativ blomster fra dit lokalomr\u00e5de s\u00e5 skal du helt sikkert kigge her. Vi leverer gerne ud for dig\",\"breadcrumb\":{\"@id\":\"https:\\\/\\\/niipit.dk\\\/helles-blomster-skive\\\/#breadcrumb\"},\"inLanguage\":\"da-DK\",\"potentialAction\":[{\"@type\":\"ReadAction\",\"target\":[\"https:\\\/\\\/niipit.dk\\\/helles-blomster-skive\\\/\"]}]},{\"@type\":\"BreadcrumbList\",\"@id\":\"https:\\\/\\\/niipit.dk\\\/helles-blomster-skive\\\/#breadcrumb\",\"itemListElement\":[{\"@type\":\"ListItem\",\"position\":1,\"name\":\"Hjem\",\"item\":\"https:\\\/\\\/niipit.dk\\\/helles-blomster-skive\\\/\"},{\"@type\":\"ListItem\",\"position\":2,\"name\":\"Forside Helles Blomster\"}]},{\"@type\":\"WebSite\",\"@id\":\"https:\\\/\\\/niipit.dk\\\/helles-blomster-skive\\\/#website\",\"url\":\"https:\\\/\\\/niipit.dk\\\/helles-blomster-skive\\\/\",\"name\":\"Helles Blomster\",\"description\":\"F\u00e5 din virksomhed p\u00e5 niipit\",\"potentialAction\":[{\"@type\":\"SearchAction\",\"target\":{\"@type\":\"EntryPoint\",\"urlTemplate\":\"https:\\\/\\\/niipit.dk\\\/helles-blomster-skive\\\/?s={search_term_string}\"},\"query-input\":{\"@type\":\"PropertyValueSpecification\",\"valueRequired\":true,\"valueName\":\"search_term_string\"}}],\"inLanguage\":\"da-DK\"}]}<\/script>\n<!-- \/ Yoast SEO Premium plugin. -->","yoast_head_json":{"title":"Helles Blomster i Skive - Inspirerende og kreativ blomsterbutik","description":"Helles blomster i Skive. Vil du have Inspirerende og kreativ blomster fra dit lokalomr\u00e5de s\u00e5 skal du helt sikkert kigge her. Vi leverer gerne ud for dig","robots":{"index":"index","follow":"follow","max-snippet":"max-snippet:-1","max-image-preview":"max-image-preview:large","max-video-preview":"max-video-preview:-1"},"canonical":"https:\/\/niipit.dk\/helles-blomster-skive\/","og_locale":"da_DK","og_type":"article","og_title":"Helles Blomster i Skive - Inspirerende og kreativ blomsterbutik","og_description":"Helles blomster i Skive. Vil du have Inspirerende og kreativ blomster fra dit lokalomr\u00e5de s\u00e5 skal du helt sikkert kigge her. Vi leverer gerne ud for dig","og_url":"https:\/\/niipit.dk\/helles-blomster-skive\/","og_site_name":"Helles Blomster","article_modified_time":"2023-01-30T12:42:31+00:00","twitter_card":"summary_large_image","twitter_misc":{"Estimeret l\u00e6setid":"3 minutter"},"schema":{"@context":"https:\/\/schema.org","@graph":[{"@type":"WebPage","@id":"https:\/\/niipit.dk\/helles-blomster-skive\/","url":"https:\/\/niipit.dk\/helles-blomster-skive\/","name":"Helles Blomster i Skive - Inspirerende og kreativ blomsterbutik","isPartOf":{"@id":"https:\/\/niipit.dk\/helles-blomster-skive\/#website"},"datePublished":"2018-08-10T20:29:34+00:00","dateModified":"2023-01-30T12:42:31+00:00","description":"Helles blomster i Skive. Vil du have Inspirerende og kreativ blomster fra dit lokalomr\u00e5de s\u00e5 skal du helt sikkert kigge her. Vi leverer gerne ud for dig","breadcrumb":{"@id":"https:\/\/niipit.dk\/helles-blomster-skive\/#breadcrumb"},"inLanguage":"da-DK","potentialAction":[{"@type":"ReadAction","target":["https:\/\/niipit.dk\/helles-blomster-skive\/"]}]},{"@type":"BreadcrumbList","@id":"https:\/\/niipit.dk\/helles-blomster-skive\/#breadcrumb","itemListElement":[{"@type":"ListItem","position":1,"name":"Hjem","item":"https:\/\/niipit.dk\/helles-blomster-skive\/"},{"@type":"ListItem","position":2,"name":"Forside Helles Blomster"}]},{"@type":"WebSite","@id":"https:\/\/niipit.dk\/helles-blomster-skive\/#website","url":"https:\/\/niipit.dk\/helles-blomster-skive\/","name":"Helles Blomster","description":"F\u00e5 din virksomhed p\u00e5 niipit","potentialAction":[{"@type":"SearchAction","target":{"@type":"EntryPoint","urlTemplate":"https:\/\/niipit.dk\/helles-blomster-skive\/?s={search_term_string}"},"query-input":{"@type":"PropertyValueSpecification","valueRequired":true,"valueName":"search_term_string"}}],"inLanguage":"da-DK"}]}},"_links":{"self":[{"href":"https:\/\/niipit.dk\/helles-blomster-skive\/wp-json\/wp\/v2\/pages\/5064","targetHints":{"allow":["GET"]}}],"collection":[{"href":"https:\/\/niipit.dk\/helles-blomster-skive\/wp-json\/wp\/v2\/pages"}],"about":[{"href":"https:\/\/niipit.dk\/helles-blomster-skive\/wp-json\/wp\/v2\/types\/page"}],"author":[{"embeddable":true,"href":"https:\/\/niipit.dk\/helles-blomster-skive\/wp-json\/wp\/v2\/users\/1"}],"replies":[{"embeddable":true,"href":"https:\/\/niipit.dk\/helles-blomster-skive\/wp-json\/wp\/v2\/comments?post=5064"}],"version-history":[{"count":1,"href":"https:\/\/niipit.dk\/helles-blomster-skive\/wp-json\/wp\/v2\/pages\/5064\/revisions"}],"predecessor-version":[{"id":6235,"href":"https:\/\/niipit.dk\/helles-blomster-skive\/wp-json\/wp\/v2\/pages\/5064\/revisions\/6235"}],"wp:attachment":[{"href":"https:\/\/niipit.dk\/helles-blomster-skive\/wp-json\/wp\/v2\/media?parent=5064"}],"curies":[{"name":"wp","href":"https:\/\/api.w.org\/{rel}","templated":true}]}}