{"id":7149,"date":"2020-04-20T12:58:51","date_gmt":"2020-04-20T10:58:51","guid":{"rendered":"https:\/\/niipit.dk\/grill-experten\/?post_type=product&#038;p=7149"},"modified":"2020-04-26T14:21:57","modified_gmt":"2020-04-26T12:21:57","slug":"boef-sandwich","status":"publish","type":"product","link":"https:\/\/niipit.dk\/grill-experten\/produkt\/boef-sandwich\/","title":{"rendered":"B\u00f8f sandwich"},"content":{"rendered":"<div>\n<div class=\"\" dir=\"auto\">\n<blockquote>\n<div>\n<div class=\"\" dir=\"auto\">\n<h1 style=\"text-align: center\">B\u00f8f sandwich<\/h1>\n<\/div>\n<\/div>\n<\/blockquote>\n<\/div>\n<\/div>\n<h2 style=\"text-align: center\"><img loading=\"lazy\" decoding=\"async\" class=\"alignnone wp-image-7150 size-full\" src=\"https:\/\/niipit.dk\/grill-experten\/wp-content\/uploads\/sites\/253\/2020\/04\/B\u00f8f-sandwich-med-sovs.jpg\" alt=\"B\u00f8f sandwich med sovs\" width=\"600\" height=\"492\" srcset=\"https:\/\/niipit.dk\/grill-experten\/wp-content\/uploads\/sites\/253\/2020\/04\/B\u00f8f-sandwich-med-sovs.jpg 600w, https:\/\/niipit.dk\/grill-experten\/wp-content\/uploads\/sites\/253\/2020\/04\/B\u00f8f-sandwich-med-sovs-300x246.jpg 300w\" sizes=\"auto, (max-width: 600px) 100vw, 600px\" \/><br \/>\n<strong>Med sovs<\/strong><br \/>\nPris 52 kr<\/h2>\n<h2 style=\"text-align: center\"><a href=\"tel:004573540110\">BESTIL P\u00c5 +45 73 54 01 10<\/a><\/h2>\n<p style=\"text-align: center\"><img loading=\"lazy\" decoding=\"async\" class=\"alignnone size-medium wp-image-5748\" src=\"https:\/\/niipit.dk\/grill-experten\/wp-content\/uploads\/sites\/253\/2019\/08\/Grill-experten.dk_-300x59.png\" alt=\"Grill-eXperten i Vojens\" width=\"300\" height=\"59\" srcset=\"https:\/\/niipit.dk\/grill-experten\/wp-content\/uploads\/sites\/253\/2019\/08\/Grill-experten.dk_-300x59.png 300w, https:\/\/niipit.dk\/grill-experten\/wp-content\/uploads\/sites\/253\/2019\/08\/Grill-experten.dk_.png 400w\" sizes=\"auto, (max-width: 300px) 100vw, 300px\" \/><\/p>\n","protected":false},"excerpt":{"rendered":"<p>B\u00f8f sandwich Med sovs Pris 52 kr BESTIL P\u00c5 +45 73 54 01 10<\/p>\n","protected":false},"featured_media":7150,"template":"","meta":{"_exactmetrics_skip_tracking":false,"_exactmetrics_sitenote_active":false,"_exactmetrics_sitenote_note":"","_exactmetrics_sitenote_category":0,"_monsterinsights_skip_tracking":false,"_monsterinsights_sitenote_active":false,"_monsterinsights_sitenote_note":"","_monsterinsights_sitenote_category":0},"product_brand":[],"product_cat":[2168],"product_tag":[],"shoptype":[],"class_list":{"0":"post-7149","1":"product","2":"type-product","3":"status-publish","4":"has-post-thumbnail","6":"product_cat-se-take-away","8":"first","9":"instock","10":"shipping-taxable","11":"product-type-external"},"yoast_head":"<!-- This site is optimized with the Yoast SEO Premium plugin v16.3 (Yoast SEO v27.3) - https:\/\/yoast.com\/product\/yoast-seo-premium-wordpress\/ -->\n<title>B\u00f8f sandwich - Grill-eXperten<\/title>\n<meta name=\"robots\" content=\"index, follow, max-snippet:-1, max-image-preview:large, max-video-preview:-1\" \/>\n<link rel=\"canonical\" href=\"https:\/\/niipit.dk\/grill-experten\/produkt\/boef-sandwich\/\" \/>\n<meta property=\"og:locale\" content=\"da_DK\" \/>\n<meta property=\"og:type\" content=\"article\" \/>\n<meta property=\"og:title\" content=\"B\u00f8f sandwich - Grill-eXperten\" \/>\n<meta property=\"og:description\" content=\"B\u00f8f sandwich Med sovs Pris 52 kr BESTIL P\u00c5 +45 73 54 01 10\" \/>\n<meta property=\"og:url\" content=\"https:\/\/niipit.dk\/grill-experten\/produkt\/boef-sandwich\/\" \/>\n<meta property=\"og:site_name\" content=\"Grill-eXperten\" \/>\n<meta property=\"article:modified_time\" content=\"2020-04-26T12:21:57+00:00\" \/>\n<meta property=\"og:image\" content=\"https:\/\/niipit.dk\/grill-experten\/wp-content\/uploads\/sites\/253\/2020\/04\/B\u00f8f-sandwich-med-sovs.jpg\" \/>\n\t<meta property=\"og:image:width\" content=\"600\" \/>\n\t<meta property=\"og:image:height\" content=\"492\" \/>\n\t<meta property=\"og:image:type\" content=\"image\/jpeg\" \/>\n<meta name=\"twitter:card\" content=\"summary_large_image\" \/>\n<script type=\"application\/ld+json\" class=\"yoast-schema-graph\">{\"@context\":\"https:\\\/\\\/schema.org\",\"@graph\":[{\"@type\":\"WebPage\",\"@id\":\"https:\\\/\\\/niipit.dk\\\/grill-experten\\\/produkt\\\/boef-sandwich\\\/\",\"url\":\"https:\\\/\\\/niipit.dk\\\/grill-experten\\\/produkt\\\/boef-sandwich\\\/\",\"name\":\"B\u00f8f sandwich - Grill-eXperten\",\"isPartOf\":{\"@id\":\"http:\\\/\\\/niipit.dk\\\/grill-experten\\\/#website\"},\"primaryImageOfPage\":{\"@id\":\"https:\\\/\\\/niipit.dk\\\/grill-experten\\\/produkt\\\/boef-sandwich\\\/#primaryimage\"},\"image\":{\"@id\":\"https:\\\/\\\/niipit.dk\\\/grill-experten\\\/produkt\\\/boef-sandwich\\\/#primaryimage\"},\"thumbnailUrl\":\"https:\\\/\\\/niipit.dk\\\/grill-experten\\\/wp-content\\\/uploads\\\/sites\\\/253\\\/2020\\\/04\\\/B\u00f8f-sandwich-med-sovs.jpg\",\"datePublished\":\"2020-04-20T10:58:51+00:00\",\"dateModified\":\"2020-04-26T12:21:57+00:00\",\"breadcrumb\":{\"@id\":\"https:\\\/\\\/niipit.dk\\\/grill-experten\\\/produkt\\\/boef-sandwich\\\/#breadcrumb\"},\"inLanguage\":\"da-DK\",\"potentialAction\":[{\"@type\":\"ReadAction\",\"target\":[\"https:\\\/\\\/niipit.dk\\\/grill-experten\\\/produkt\\\/boef-sandwich\\\/\"]}]},{\"@type\":\"ImageObject\",\"inLanguage\":\"da-DK\",\"@id\":\"https:\\\/\\\/niipit.dk\\\/grill-experten\\\/produkt\\\/boef-sandwich\\\/#primaryimage\",\"url\":\"https:\\\/\\\/niipit.dk\\\/grill-experten\\\/wp-content\\\/uploads\\\/sites\\\/253\\\/2020\\\/04\\\/B\u00f8f-sandwich-med-sovs.jpg\",\"contentUrl\":\"https:\\\/\\\/niipit.dk\\\/grill-experten\\\/wp-content\\\/uploads\\\/sites\\\/253\\\/2020\\\/04\\\/B\u00f8f-sandwich-med-sovs.jpg\",\"width\":600,\"height\":492,\"caption\":\"B\u00f8f sandwich med sovs\"},{\"@type\":\"BreadcrumbList\",\"@id\":\"https:\\\/\\\/niipit.dk\\\/grill-experten\\\/produkt\\\/boef-sandwich\\\/#breadcrumb\",\"itemListElement\":[{\"@type\":\"ListItem\",\"position\":1,\"name\":\"Hjem\",\"item\":\"http:\\\/\\\/niipit.dk\\\/grill-experten\\\/\"},{\"@type\":\"ListItem\",\"position\":2,\"name\":\"Shop\",\"item\":\"https:\\\/\\\/niipit.dk\\\/grill-experten\\\/shop\\\/\"},{\"@type\":\"ListItem\",\"position\":3,\"name\":\"B\u00f8f sandwich\"}]},{\"@type\":\"WebSite\",\"@id\":\"http:\\\/\\\/niipit.dk\\\/grill-experten\\\/#website\",\"url\":\"http:\\\/\\\/niipit.dk\\\/grill-experten\\\/\",\"name\":\"Grill-eXperten\",\"description\":\"Spisested, grill og restaurant i vojens\",\"potentialAction\":[{\"@type\":\"SearchAction\",\"target\":{\"@type\":\"EntryPoint\",\"urlTemplate\":\"http:\\\/\\\/niipit.dk\\\/grill-experten\\\/?s={search_term_string}\"},\"query-input\":{\"@type\":\"PropertyValueSpecification\",\"valueRequired\":true,\"valueName\":\"search_term_string\"}}],\"inLanguage\":\"da-DK\"}]}<\/script>\n<!-- \/ Yoast SEO Premium plugin. -->","yoast_head_json":{"title":"B\u00f8f sandwich - Grill-eXperten","robots":{"index":"index","follow":"follow","max-snippet":"max-snippet:-1","max-image-preview":"max-image-preview:large","max-video-preview":"max-video-preview:-1"},"canonical":"https:\/\/niipit.dk\/grill-experten\/produkt\/boef-sandwich\/","og_locale":"da_DK","og_type":"article","og_title":"B\u00f8f sandwich - Grill-eXperten","og_description":"B\u00f8f sandwich Med sovs Pris 52 kr BESTIL P\u00c5 +45 73 54 01 10","og_url":"https:\/\/niipit.dk\/grill-experten\/produkt\/boef-sandwich\/","og_site_name":"Grill-eXperten","article_modified_time":"2020-04-26T12:21:57+00:00","og_image":[{"width":600,"height":492,"url":"https:\/\/niipit.dk\/grill-experten\/wp-content\/uploads\/sites\/253\/2020\/04\/B\u00f8f-sandwich-med-sovs.jpg","type":"image\/jpeg"}],"twitter_card":"summary_large_image","schema":{"@context":"https:\/\/schema.org","@graph":[{"@type":"WebPage","@id":"https:\/\/niipit.dk\/grill-experten\/produkt\/boef-sandwich\/","url":"https:\/\/niipit.dk\/grill-experten\/produkt\/boef-sandwich\/","name":"B\u00f8f sandwich - Grill-eXperten","isPartOf":{"@id":"http:\/\/niipit.dk\/grill-experten\/#website"},"primaryImageOfPage":{"@id":"https:\/\/niipit.dk\/grill-experten\/produkt\/boef-sandwich\/#primaryimage"},"image":{"@id":"https:\/\/niipit.dk\/grill-experten\/produkt\/boef-sandwich\/#primaryimage"},"thumbnailUrl":"https:\/\/niipit.dk\/grill-experten\/wp-content\/uploads\/sites\/253\/2020\/04\/B\u00f8f-sandwich-med-sovs.jpg","datePublished":"2020-04-20T10:58:51+00:00","dateModified":"2020-04-26T12:21:57+00:00","breadcrumb":{"@id":"https:\/\/niipit.dk\/grill-experten\/produkt\/boef-sandwich\/#breadcrumb"},"inLanguage":"da-DK","potentialAction":[{"@type":"ReadAction","target":["https:\/\/niipit.dk\/grill-experten\/produkt\/boef-sandwich\/"]}]},{"@type":"ImageObject","inLanguage":"da-DK","@id":"https:\/\/niipit.dk\/grill-experten\/produkt\/boef-sandwich\/#primaryimage","url":"https:\/\/niipit.dk\/grill-experten\/wp-content\/uploads\/sites\/253\/2020\/04\/B\u00f8f-sandwich-med-sovs.jpg","contentUrl":"https:\/\/niipit.dk\/grill-experten\/wp-content\/uploads\/sites\/253\/2020\/04\/B\u00f8f-sandwich-med-sovs.jpg","width":600,"height":492,"caption":"B\u00f8f sandwich med sovs"},{"@type":"BreadcrumbList","@id":"https:\/\/niipit.dk\/grill-experten\/produkt\/boef-sandwich\/#breadcrumb","itemListElement":[{"@type":"ListItem","position":1,"name":"Hjem","item":"http:\/\/niipit.dk\/grill-experten\/"},{"@type":"ListItem","position":2,"name":"Shop","item":"https:\/\/niipit.dk\/grill-experten\/shop\/"},{"@type":"ListItem","position":3,"name":"B\u00f8f sandwich"}]},{"@type":"WebSite","@id":"http:\/\/niipit.dk\/grill-experten\/#website","url":"http:\/\/niipit.dk\/grill-experten\/","name":"Grill-eXperten","description":"Spisested, grill og restaurant i vojens","potentialAction":[{"@type":"SearchAction","target":{"@type":"EntryPoint","urlTemplate":"http:\/\/niipit.dk\/grill-experten\/?s={search_term_string}"},"query-input":{"@type":"PropertyValueSpecification","valueRequired":true,"valueName":"search_term_string"}}],"inLanguage":"da-DK"}]}},"_links":{"self":[{"href":"https:\/\/niipit.dk\/grill-experten\/wp-json\/wp\/v2\/product\/7149","targetHints":{"allow":["GET"]}}],"collection":[{"href":"https:\/\/niipit.dk\/grill-experten\/wp-json\/wp\/v2\/product"}],"about":[{"href":"https:\/\/niipit.dk\/grill-experten\/wp-json\/wp\/v2\/types\/product"}],"wp:featuredmedia":[{"embeddable":true,"href":"https:\/\/niipit.dk\/grill-experten\/wp-json\/wp\/v2\/media\/7150"}],"wp:attachment":[{"href":"https:\/\/niipit.dk\/grill-experten\/wp-json\/wp\/v2\/media?parent=7149"}],"wp:term":[{"taxonomy":"product_brand","embeddable":true,"href":"https:\/\/niipit.dk\/grill-experten\/wp-json\/wp\/v2\/product_brand?post=7149"},{"taxonomy":"product_cat","embeddable":true,"href":"https:\/\/niipit.dk\/grill-experten\/wp-json\/wp\/v2\/product_cat?post=7149"},{"taxonomy":"product_tag","embeddable":true,"href":"https:\/\/niipit.dk\/grill-experten\/wp-json\/wp\/v2\/product_tag?post=7149"},{"taxonomy":"shoptype","embeddable":true,"href":"https:\/\/niipit.dk\/grill-experten\/wp-json\/wp\/v2\/shoptype?post=7149"}],"curies":[{"name":"wp","href":"https:\/\/api.w.org\/{rel}","templated":true}]}}