{"id":5781,"date":"2019-05-23T00:26:23","date_gmt":"2019-05-22T22:26:23","guid":{"rendered":"https:\/\/niipit.dk\/grillexperten\/?page_id=5781"},"modified":"2019-08-03T08:37:26","modified_gmt":"2019-08-03T06:37:26","slug":"job","status":"publish","type":"page","link":"https:\/\/niipit.dk\/grill-experten\/job\/","title":{"rendered":"Job"},"content":{"rendered":"\n<h2 class=\"wp-block-heading\">Job hos Grill-eXperten<\/h2>\n\n\n\n<h4 class=\"wp-block-heading\">Stillingen er besat<\/h4>\n\n\n\n<p>Til vores team s\u00f8ger vi en moden, glad, energisk, flexibel og stabil kollega, der evner at arbejde selvst\u00e6ndigt, trives med at tage intiativ og har et godt overblik.<\/p>\n\n\n\n<p>Dine opgaver vil v\u00e6re g\u00e6stebetjening, oprydning, og vareopfyldning.<\/p>\n\n\n\n<p>Stillingen ligger p\u00e5 prim\u00e6rt 8-12 timer pr. uge og prim\u00e6rt aften.<br>Du m\u00e5 gerne v\u00e6re i flexjob eller f\u00f8rtidspensionist.<\/p>\n\n\n\n<p>Vi tilbyder en dagligdag med sp\u00e6nding, og ikke mindst gode kollegaer.<\/p>\n\n\n\n<p>Du bliver en del af et begejstret og engageret team af medarbejdere der g\u00e5r op i at give vores kunder den bedste service der kan ydes.<\/p>\n\n\n\n<p>Du kommer til at arbejde i et stemningsfyldt milj\u00f8.<\/p>\n\n\n\n<div class=\"wp-block-image\"><figure class=\"aligncenter\"><img loading=\"lazy\" decoding=\"async\" width=\"400\" height=\"78\" src=\"https:\/\/niipit.dk\/grillexperten\/wp-content\/uploads\/sites\/253\/2019\/08\/Grill-experten.dk_.png\" alt=\"Grill-eXperten i Vojens\" class=\"wp-image-5748\" srcset=\"https:\/\/niipit.dk\/grill-experten\/wp-content\/uploads\/sites\/253\/2019\/08\/Grill-experten.dk_.png 400w, https:\/\/niipit.dk\/grill-experten\/wp-content\/uploads\/sites\/253\/2019\/08\/Grill-experten.dk_-300x59.png 300w\" sizes=\"auto, (max-width: 400px) 100vw, 400px\" \/><\/figure><\/div>\n\n\n\n<p>Grill-eXperten, \u00d8stergade 28, 6500 Vojens.<br>Tlf: 73 54 01 10  <br>E: grillexperten@gmail.com<\/p>\n","protected":false},"excerpt":{"rendered":"<p>Job hos Grill-eXperten Stillingen er besat Til vores team s\u00f8ger vi en moden, glad, energisk, flexibel og stabil kollega, der evner at arbejde selvst\u00e6ndigt, trives med at tage intiativ og har et godt overblik. Dine opgaver vil v\u00e6re g\u00e6stebetjening, oprydning, og vareopfyldning. Stillingen ligger p\u00e5 prim\u00e6rt 8-12 timer pr. uge og prim\u00e6rt aften.Du m\u00e5 gerne <a class=\"moretag btn btn-primary\" href=\"https:\/\/niipit.dk\/grill-experten\/job\/\">L\u00e6s mere<\/a><\/p>\n","protected":false},"author":1032,"featured_media":0,"parent":0,"menu_order":0,"comment_status":"closed","ping_status":"closed","template":"","meta":{"_exactmetrics_skip_tracking":false,"_exactmetrics_sitenote_active":false,"_exactmetrics_sitenote_note":"","_exactmetrics_sitenote_category":0,"_monsterinsights_skip_tracking":false,"_monsterinsights_sitenote_active":false,"_monsterinsights_sitenote_note":"","_monsterinsights_sitenote_category":0,"footnotes":""},"class_list":["post-5781","page","type-page","status-publish","hentry"],"yoast_head":"<!-- This site is optimized with the Yoast SEO Premium plugin v16.3 (Yoast SEO v27.4) - https:\/\/yoast.com\/product\/yoast-seo-premium-wordpress\/ -->\n<title>Job Grill-eXperten - S\u00f8ger du arbejde s\u00e5 se ledige job hos os her<\/title>\n<meta name=\"description\" content=\"Job hos Grill-eXperten i Vojens. Her kan du hele tiden f\u00f8lge med og se hvilke ledige job du kan s\u00f8ge. Vil du arbejde i et godt team s\u00e5 s\u00f8g job hos os her.\" \/>\n<meta name=\"robots\" content=\"index, follow, max-snippet:-1, max-image-preview:large, max-video-preview:-1\" \/>\n<link rel=\"canonical\" href=\"https:\/\/niipit.dk\/grill-experten\/job\/\" \/>\n<meta property=\"og:locale\" content=\"da_DK\" \/>\n<meta property=\"og:type\" content=\"article\" \/>\n<meta property=\"og:title\" content=\"Job Grill-eXperten - S\u00f8ger du arbejde s\u00e5 se ledige job hos os her\" \/>\n<meta property=\"og:description\" content=\"Job hos Grill-eXperten i Vojens. Her kan du hele tiden f\u00f8lge med og se hvilke ledige job du kan s\u00f8ge. Vil du arbejde i et godt team s\u00e5 s\u00f8g job hos os her.\" \/>\n<meta property=\"og:url\" content=\"https:\/\/niipit.dk\/grill-experten\/job\/\" \/>\n<meta property=\"og:site_name\" content=\"Grill-eXperten\" \/>\n<meta property=\"article:modified_time\" content=\"2019-08-03T06:37:26+00:00\" \/>\n<meta property=\"og:image\" content=\"https:\/\/niipit.dk\/grillexperten\/wp-content\/uploads\/sites\/253\/2019\/08\/Grill-experten.dk_.png\" \/>\n<meta name=\"twitter:card\" content=\"summary_large_image\" \/>\n<meta name=\"twitter:label1\" content=\"Estimeret l\u00e6setid\" \/>\n\t<meta name=\"twitter:data1\" content=\"1 minut\" \/>\n<script type=\"application\/ld+json\" class=\"yoast-schema-graph\">{\"@context\":\"https:\\\/\\\/schema.org\",\"@graph\":[{\"@type\":\"WebPage\",\"@id\":\"https:\\\/\\\/niipit.dk\\\/grill-experten\\\/job\\\/\",\"url\":\"https:\\\/\\\/niipit.dk\\\/grill-experten\\\/job\\\/\",\"name\":\"Job Grill-eXperten - S\u00f8ger du arbejde s\u00e5 se ledige job hos os her\",\"isPartOf\":{\"@id\":\"https:\\\/\\\/niipit.dk\\\/grill-experten\\\/#website\"},\"primaryImageOfPage\":{\"@id\":\"https:\\\/\\\/niipit.dk\\\/grill-experten\\\/job\\\/#primaryimage\"},\"image\":{\"@id\":\"https:\\\/\\\/niipit.dk\\\/grill-experten\\\/job\\\/#primaryimage\"},\"thumbnailUrl\":\"https:\\\/\\\/niipit.dk\\\/grillexperten\\\/wp-content\\\/uploads\\\/sites\\\/253\\\/2019\\\/08\\\/Grill-experten.dk_.png\",\"datePublished\":\"2019-05-22T22:26:23+00:00\",\"dateModified\":\"2019-08-03T06:37:26+00:00\",\"description\":\"Job hos Grill-eXperten i Vojens. Her kan du hele tiden f\u00f8lge med og se hvilke ledige job du kan s\u00f8ge. Vil du arbejde i et godt team s\u00e5 s\u00f8g job hos os her.\",\"breadcrumb\":{\"@id\":\"https:\\\/\\\/niipit.dk\\\/grill-experten\\\/job\\\/#breadcrumb\"},\"inLanguage\":\"da-DK\",\"potentialAction\":[{\"@type\":\"ReadAction\",\"target\":[\"https:\\\/\\\/niipit.dk\\\/grill-experten\\\/job\\\/\"]}]},{\"@type\":\"ImageObject\",\"inLanguage\":\"da-DK\",\"@id\":\"https:\\\/\\\/niipit.dk\\\/grill-experten\\\/job\\\/#primaryimage\",\"url\":\"https:\\\/\\\/niipit.dk\\\/grillexperten\\\/wp-content\\\/uploads\\\/sites\\\/253\\\/2019\\\/08\\\/Grill-experten.dk_.png\",\"contentUrl\":\"https:\\\/\\\/niipit.dk\\\/grillexperten\\\/wp-content\\\/uploads\\\/sites\\\/253\\\/2019\\\/08\\\/Grill-experten.dk_.png\"},{\"@type\":\"BreadcrumbList\",\"@id\":\"https:\\\/\\\/niipit.dk\\\/grill-experten\\\/job\\\/#breadcrumb\",\"itemListElement\":[{\"@type\":\"ListItem\",\"position\":1,\"name\":\"Hjem\",\"item\":\"https:\\\/\\\/niipit.dk\\\/grill-experten\\\/\"},{\"@type\":\"ListItem\",\"position\":2,\"name\":\"Job\"}]},{\"@type\":\"WebSite\",\"@id\":\"https:\\\/\\\/niipit.dk\\\/grill-experten\\\/#website\",\"url\":\"https:\\\/\\\/niipit.dk\\\/grill-experten\\\/\",\"name\":\"Grill-eXperten\",\"description\":\"Spisested, grill og restaurant i vojens\",\"potentialAction\":[{\"@type\":\"SearchAction\",\"target\":{\"@type\":\"EntryPoint\",\"urlTemplate\":\"https:\\\/\\\/niipit.dk\\\/grill-experten\\\/?s={search_term_string}\"},\"query-input\":{\"@type\":\"PropertyValueSpecification\",\"valueRequired\":true,\"valueName\":\"search_term_string\"}}],\"inLanguage\":\"da-DK\"}]}<\/script>\n<!-- \/ Yoast SEO Premium plugin. -->","yoast_head_json":{"title":"Job Grill-eXperten - S\u00f8ger du arbejde s\u00e5 se ledige job hos os her","description":"Job hos Grill-eXperten i Vojens. Her kan du hele tiden f\u00f8lge med og se hvilke ledige job du kan s\u00f8ge. Vil du arbejde i et godt team s\u00e5 s\u00f8g job hos os her.","robots":{"index":"index","follow":"follow","max-snippet":"max-snippet:-1","max-image-preview":"max-image-preview:large","max-video-preview":"max-video-preview:-1"},"canonical":"https:\/\/niipit.dk\/grill-experten\/job\/","og_locale":"da_DK","og_type":"article","og_title":"Job Grill-eXperten - S\u00f8ger du arbejde s\u00e5 se ledige job hos os her","og_description":"Job hos Grill-eXperten i Vojens. Her kan du hele tiden f\u00f8lge med og se hvilke ledige job du kan s\u00f8ge. Vil du arbejde i et godt team s\u00e5 s\u00f8g job hos os her.","og_url":"https:\/\/niipit.dk\/grill-experten\/job\/","og_site_name":"Grill-eXperten","article_modified_time":"2019-08-03T06:37:26+00:00","og_image":[{"url":"https:\/\/niipit.dk\/grillexperten\/wp-content\/uploads\/sites\/253\/2019\/08\/Grill-experten.dk_.png","type":"","width":"","height":""}],"twitter_card":"summary_large_image","twitter_misc":{"Estimeret l\u00e6setid":"1 minut"},"schema":{"@context":"https:\/\/schema.org","@graph":[{"@type":"WebPage","@id":"https:\/\/niipit.dk\/grill-experten\/job\/","url":"https:\/\/niipit.dk\/grill-experten\/job\/","name":"Job Grill-eXperten - S\u00f8ger du arbejde s\u00e5 se ledige job hos os her","isPartOf":{"@id":"https:\/\/niipit.dk\/grill-experten\/#website"},"primaryImageOfPage":{"@id":"https:\/\/niipit.dk\/grill-experten\/job\/#primaryimage"},"image":{"@id":"https:\/\/niipit.dk\/grill-experten\/job\/#primaryimage"},"thumbnailUrl":"https:\/\/niipit.dk\/grillexperten\/wp-content\/uploads\/sites\/253\/2019\/08\/Grill-experten.dk_.png","datePublished":"2019-05-22T22:26:23+00:00","dateModified":"2019-08-03T06:37:26+00:00","description":"Job hos Grill-eXperten i Vojens. Her kan du hele tiden f\u00f8lge med og se hvilke ledige job du kan s\u00f8ge. Vil du arbejde i et godt team s\u00e5 s\u00f8g job hos os her.","breadcrumb":{"@id":"https:\/\/niipit.dk\/grill-experten\/job\/#breadcrumb"},"inLanguage":"da-DK","potentialAction":[{"@type":"ReadAction","target":["https:\/\/niipit.dk\/grill-experten\/job\/"]}]},{"@type":"ImageObject","inLanguage":"da-DK","@id":"https:\/\/niipit.dk\/grill-experten\/job\/#primaryimage","url":"https:\/\/niipit.dk\/grillexperten\/wp-content\/uploads\/sites\/253\/2019\/08\/Grill-experten.dk_.png","contentUrl":"https:\/\/niipit.dk\/grillexperten\/wp-content\/uploads\/sites\/253\/2019\/08\/Grill-experten.dk_.png"},{"@type":"BreadcrumbList","@id":"https:\/\/niipit.dk\/grill-experten\/job\/#breadcrumb","itemListElement":[{"@type":"ListItem","position":1,"name":"Hjem","item":"https:\/\/niipit.dk\/grill-experten\/"},{"@type":"ListItem","position":2,"name":"Job"}]},{"@type":"WebSite","@id":"https:\/\/niipit.dk\/grill-experten\/#website","url":"https:\/\/niipit.dk\/grill-experten\/","name":"Grill-eXperten","description":"Spisested, grill og restaurant i vojens","potentialAction":[{"@type":"SearchAction","target":{"@type":"EntryPoint","urlTemplate":"https:\/\/niipit.dk\/grill-experten\/?s={search_term_string}"},"query-input":{"@type":"PropertyValueSpecification","valueRequired":true,"valueName":"search_term_string"}}],"inLanguage":"da-DK"}]}},"_links":{"self":[{"href":"https:\/\/niipit.dk\/grill-experten\/wp-json\/wp\/v2\/pages\/5781","targetHints":{"allow":["GET"]}}],"collection":[{"href":"https:\/\/niipit.dk\/grill-experten\/wp-json\/wp\/v2\/pages"}],"about":[{"href":"https:\/\/niipit.dk\/grill-experten\/wp-json\/wp\/v2\/types\/page"}],"author":[{"embeddable":true,"href":"https:\/\/niipit.dk\/grill-experten\/wp-json\/wp\/v2\/users\/1032"}],"replies":[{"embeddable":true,"href":"https:\/\/niipit.dk\/grill-experten\/wp-json\/wp\/v2\/comments?post=5781"}],"version-history":[{"count":0,"href":"https:\/\/niipit.dk\/grill-experten\/wp-json\/wp\/v2\/pages\/5781\/revisions"}],"wp:attachment":[{"href":"https:\/\/niipit.dk\/grill-experten\/wp-json\/wp\/v2\/media?parent=5781"}],"curies":[{"name":"wp","href":"https:\/\/api.w.org\/{rel}","templated":true}]}}