{"id":5064,"date":"2020-04-10T22:29:34","date_gmt":"2020-04-10T20:29:34","guid":{"rendered":"https:\/\/niipit.dk\/furrebaeks-anlaeg-shop\/?page_id=5064"},"modified":"2021-04-23T09:15:33","modified_gmt":"2021-04-23T07:15:33","slug":"frontpage","status":"publish","type":"page","link":"https:\/\/niipit.dk\/furrebaeks-anlaeg\/","title":{"rendered":"forside"},"content":{"rendered":"\n<hr class=\"wp-block-separator\"\/>\n\n\n\n<h1 class=\"wp-block-heading\" id=\"h-furreb-ks-anl-g-kan-opfylde-dine-havedr-mme\">Furreb\u00e6ks Anl\u00e6g kan opfylde dine havedr\u00f8mme<\/h1>\n\n\n\n<p>Vand i haven, anl\u00e6gning af st\u00f8ttemure eller en komplet transformation?<a href=\"https:\/\/www.xn--furrebks-anlg-8fbg.dk\/\" target=\"_blank\" rel=\"noreferrer noopener\"> Furreb\u00e6ks Anl\u00e6g<\/a> kan alt inden for gartnerarbejde og tager sig ogs\u00e5 gerne af din opgave, uanset om den er stor eller lille. Gartnervirksomheden holder til i L\u00f8kken, men d\u00e6kker det meste af Nordjylland. De er specialister i st\u00f8ttemure, flisearbejde og anl\u00e6gning af vand i haven, men har ogs\u00e5 st\u00e6rke kompetencer inden for beplantning og havedesign.<\/p>\n\n\n\n<p>S\u00e5 hvis du mangler en erfaren og kvalitetsbevidst gartner, skal du ikke t\u00f8ve med at tage fat i Furreb\u00e6ks Anl\u00e6g.<\/p>\n\n\n\n<h2 class=\"wp-block-heading\" id=\"h-f-hj-lp-til-alt-det-praktiske-og-tidskr-vende-havearbejde\">F\u00e5 hj\u00e6lp til alt det praktiske og tidskr\u00e6vende havearbejde<\/h2>\n\n\n\n<p>Du kender h\u00f8jst sandsynligt til problematikken, som mange husejere befinder sig i \u2013 nemlig \u00f8nsket om en smuk og indbydende have, der helst er velplejet \u00e5ret rundt, men hvor tiden samtidig ikke er der til at f\u00f8re dr\u00f8mmen ud i livet. B\u00e5de lugning, gr\u00e6ssl\u00e5ning og h\u00e6kkeklipning er tidskr\u00e6vende opgaver, som der skal findes overskud til i en travl hverdag. Derfor kan det v\u00e6re sv\u00e6rt at finde overskuddet til at skulle i gang med en st\u00f8rre renovering eller oml\u00e6gning af haven.<\/p>\n\n\n\n<p>I s\u00e5dan en situation kan det v\u00e6re den helt rigtige beslutning at tage fat i en professionel gartner, fordi vedkommende kan tage sig af alt det praktiske og tidskr\u00e6vende havearbejde. Derudover kan en gartner ogs\u00e5 komme med gode r\u00e5d og forslag til, hvordan haven kan blive udnyttet bedre. Med Furreb\u00e6ks Anl\u00e6g mange\u00e5rige erfaring og h\u00e5ndelag kan du trygt l\u00e6ne dig tilbage og i sidste ende nyde det f\u00e6rdige resultat.<\/p>\n","protected":false},"excerpt":{"rendered":"<p>Furreb\u00e6ks Anl\u00e6g kan opfylde dine havedr\u00f8mme Vand i haven, anl\u00e6gning af st\u00f8ttemure eller en komplet transformation? Furreb\u00e6ks Anl\u00e6g kan alt inden for gartnerarbejde og tager sig ogs\u00e5 gerne af din opgave, uanset om den er stor eller lille. Gartnervirksomheden holder til i L\u00f8kken, men d\u00e6kker det meste af Nordjylland. De er specialister i st\u00f8ttemure, flisearbejde <a class=\"moretag btn btn-primary\" href=\"https:\/\/niipit.dk\/furrebaeks-anlaeg\/\">L\u00e6s mere<\/a><\/p>\n","protected":false},"author":1,"featured_media":0,"parent":0,"menu_order":0,"comment_status":"closed","ping_status":"closed","template":"frontpagePremium.php","meta":{"_exactmetrics_skip_tracking":false,"_exactmetrics_sitenote_active":false,"_exactmetrics_sitenote_note":"","_exactmetrics_sitenote_category":0,"_monsterinsights_skip_tracking":false,"_monsterinsights_sitenote_active":false,"_monsterinsights_sitenote_note":"","_monsterinsights_sitenote_category":0,"footnotes":""},"class_list":["post-5064","page","type-page","status-publish","hentry"],"yoast_head":"<!-- This site is optimized with the Yoast SEO Premium plugin v16.3 (Yoast SEO v27.4) - https:\/\/yoast.com\/product\/yoast-seo-premium-wordpress\/ -->\n<title>Anl\u00e6gsgartner Nordjylland | Vi laver have- og bel\u00e6gningsarbejde<\/title>\n<meta name=\"description\" content=\"Har du en masse \u00f8nsker til, hvordan din have skal se ud? | T\u00f8v ikke med at kontakte Furreb\u00e6ks Anl\u00e6gs i dag!\" \/>\n<meta name=\"robots\" content=\"index, follow, max-snippet:-1, max-image-preview:large, max-video-preview:-1\" \/>\n<link rel=\"canonical\" href=\"https:\/\/niipit.dk\/furrebaeks-anlaeg\/\" \/>\n<meta property=\"og:locale\" content=\"da_DK\" \/>\n<meta property=\"og:type\" content=\"article\" \/>\n<meta property=\"og:title\" content=\"Anl\u00e6gsgartner Nordjylland | Vi laver have- og bel\u00e6gningsarbejde\" \/>\n<meta property=\"og:description\" content=\"Har du en masse \u00f8nsker til, hvordan din have skal se ud? | T\u00f8v ikke med at kontakte Furreb\u00e6ks Anl\u00e6gs i dag!\" \/>\n<meta property=\"og:url\" content=\"https:\/\/niipit.dk\/furrebaeks-anlaeg\/\" \/>\n<meta property=\"og:site_name\" content=\"Furreb\u00e6ks-anl\u00e6g\" \/>\n<meta property=\"article:modified_time\" content=\"2021-04-23T07:15:33+00:00\" \/>\n<meta property=\"og:image\" content=\"https:\/\/niipit.dk\/furrebaeks-anlaeg\/wp-content\/uploads\/sites\/710\/2021\/04\/Anlaegsgartner-Furrebaek-Anlaeg-i-nordjylland.jpg\" \/>\n\t<meta property=\"og:image:width\" content=\"960\" \/>\n\t<meta property=\"og:image:height\" content=\"720\" \/>\n\t<meta property=\"og:image:type\" content=\"image\/jpeg\" \/>\n<meta name=\"twitter:card\" content=\"summary_large_image\" \/>\n<meta name=\"twitter:label1\" content=\"Estimeret l\u00e6setid\" \/>\n\t<meta name=\"twitter:data1\" content=\"2 minutter\" \/>\n<script type=\"application\/ld+json\" class=\"yoast-schema-graph\">{\"@context\":\"https:\\\/\\\/schema.org\",\"@graph\":[{\"@type\":\"WebPage\",\"@id\":\"https:\\\/\\\/niipit.dk\\\/furrebaeks-anlaeg\\\/\",\"url\":\"https:\\\/\\\/niipit.dk\\\/furrebaeks-anlaeg\\\/\",\"name\":\"Anl\u00e6gsgartner Nordjylland | Vi laver have- og bel\u00e6gningsarbejde\",\"isPartOf\":{\"@id\":\"https:\\\/\\\/niipit.dk\\\/furrebaeks-anlaeg\\\/#website\"},\"datePublished\":\"2020-04-10T20:29:34+00:00\",\"dateModified\":\"2021-04-23T07:15:33+00:00\",\"description\":\"Har du en masse \u00f8nsker til, hvordan din have skal se ud? | T\u00f8v ikke med at kontakte Furreb\u00e6ks Anl\u00e6gs i dag!\",\"breadcrumb\":{\"@id\":\"https:\\\/\\\/niipit.dk\\\/furrebaeks-anlaeg\\\/#breadcrumb\"},\"inLanguage\":\"da-DK\",\"potentialAction\":[{\"@type\":\"ReadAction\",\"target\":[\"https:\\\/\\\/niipit.dk\\\/furrebaeks-anlaeg\\\/\"]}]},{\"@type\":\"BreadcrumbList\",\"@id\":\"https:\\\/\\\/niipit.dk\\\/furrebaeks-anlaeg\\\/#breadcrumb\",\"itemListElement\":[{\"@type\":\"ListItem\",\"position\":1,\"name\":\"Hjem\",\"item\":\"https:\\\/\\\/niipit.dk\\\/furrebaeks-anlaeg\\\/\"},{\"@type\":\"ListItem\",\"position\":2,\"name\":\"forside\"}]},{\"@type\":\"WebSite\",\"@id\":\"https:\\\/\\\/niipit.dk\\\/furrebaeks-anlaeg\\\/#website\",\"url\":\"https:\\\/\\\/niipit.dk\\\/furrebaeks-anlaeg\\\/\",\"name\":\"Furreb\u00e6ks-anl\u00e6g\",\"description\":\"Anl\u00e6gsgartner i Nordjylland\",\"potentialAction\":[{\"@type\":\"SearchAction\",\"target\":{\"@type\":\"EntryPoint\",\"urlTemplate\":\"https:\\\/\\\/niipit.dk\\\/furrebaeks-anlaeg\\\/?s={search_term_string}\"},\"query-input\":{\"@type\":\"PropertyValueSpecification\",\"valueRequired\":true,\"valueName\":\"search_term_string\"}}],\"inLanguage\":\"da-DK\"}]}<\/script>\n<!-- \/ Yoast SEO Premium plugin. -->","yoast_head_json":{"title":"Anl\u00e6gsgartner Nordjylland | Vi laver have- og bel\u00e6gningsarbejde","description":"Har du en masse \u00f8nsker til, hvordan din have skal se ud? | T\u00f8v ikke med at kontakte Furreb\u00e6ks Anl\u00e6gs i dag!","robots":{"index":"index","follow":"follow","max-snippet":"max-snippet:-1","max-image-preview":"max-image-preview:large","max-video-preview":"max-video-preview:-1"},"canonical":"https:\/\/niipit.dk\/furrebaeks-anlaeg\/","og_locale":"da_DK","og_type":"article","og_title":"Anl\u00e6gsgartner Nordjylland | Vi laver have- og bel\u00e6gningsarbejde","og_description":"Har du en masse \u00f8nsker til, hvordan din have skal se ud? | T\u00f8v ikke med at kontakte Furreb\u00e6ks Anl\u00e6gs i dag!","og_url":"https:\/\/niipit.dk\/furrebaeks-anlaeg\/","og_site_name":"Furreb\u00e6ks-anl\u00e6g","article_modified_time":"2021-04-23T07:15:33+00:00","og_image":[{"width":960,"height":720,"url":"https:\/\/niipit.dk\/furrebaeks-anlaeg\/wp-content\/uploads\/sites\/710\/2021\/04\/Anlaegsgartner-Furrebaek-Anlaeg-i-nordjylland.jpg","type":"image\/jpeg"}],"twitter_card":"summary_large_image","twitter_misc":{"Estimeret l\u00e6setid":"2 minutter"},"schema":{"@context":"https:\/\/schema.org","@graph":[{"@type":"WebPage","@id":"https:\/\/niipit.dk\/furrebaeks-anlaeg\/","url":"https:\/\/niipit.dk\/furrebaeks-anlaeg\/","name":"Anl\u00e6gsgartner Nordjylland | Vi laver have- og bel\u00e6gningsarbejde","isPartOf":{"@id":"https:\/\/niipit.dk\/furrebaeks-anlaeg\/#website"},"datePublished":"2020-04-10T20:29:34+00:00","dateModified":"2021-04-23T07:15:33+00:00","description":"Har du en masse \u00f8nsker til, hvordan din have skal se ud? | T\u00f8v ikke med at kontakte Furreb\u00e6ks Anl\u00e6gs i dag!","breadcrumb":{"@id":"https:\/\/niipit.dk\/furrebaeks-anlaeg\/#breadcrumb"},"inLanguage":"da-DK","potentialAction":[{"@type":"ReadAction","target":["https:\/\/niipit.dk\/furrebaeks-anlaeg\/"]}]},{"@type":"BreadcrumbList","@id":"https:\/\/niipit.dk\/furrebaeks-anlaeg\/#breadcrumb","itemListElement":[{"@type":"ListItem","position":1,"name":"Hjem","item":"https:\/\/niipit.dk\/furrebaeks-anlaeg\/"},{"@type":"ListItem","position":2,"name":"forside"}]},{"@type":"WebSite","@id":"https:\/\/niipit.dk\/furrebaeks-anlaeg\/#website","url":"https:\/\/niipit.dk\/furrebaeks-anlaeg\/","name":"Furreb\u00e6ks-anl\u00e6g","description":"Anl\u00e6gsgartner i Nordjylland","potentialAction":[{"@type":"SearchAction","target":{"@type":"EntryPoint","urlTemplate":"https:\/\/niipit.dk\/furrebaeks-anlaeg\/?s={search_term_string}"},"query-input":{"@type":"PropertyValueSpecification","valueRequired":true,"valueName":"search_term_string"}}],"inLanguage":"da-DK"}]}},"_links":{"self":[{"href":"https:\/\/niipit.dk\/furrebaeks-anlaeg\/wp-json\/wp\/v2\/pages\/5064","targetHints":{"allow":["GET"]}}],"collection":[{"href":"https:\/\/niipit.dk\/furrebaeks-anlaeg\/wp-json\/wp\/v2\/pages"}],"about":[{"href":"https:\/\/niipit.dk\/furrebaeks-anlaeg\/wp-json\/wp\/v2\/types\/page"}],"author":[{"embeddable":true,"href":"https:\/\/niipit.dk\/furrebaeks-anlaeg\/wp-json\/wp\/v2\/users\/1"}],"replies":[{"embeddable":true,"href":"https:\/\/niipit.dk\/furrebaeks-anlaeg\/wp-json\/wp\/v2\/comments?post=5064"}],"version-history":[{"count":4,"href":"https:\/\/niipit.dk\/furrebaeks-anlaeg\/wp-json\/wp\/v2\/pages\/5064\/revisions"}],"predecessor-version":[{"id":5988,"href":"https:\/\/niipit.dk\/furrebaeks-anlaeg\/wp-json\/wp\/v2\/pages\/5064\/revisions\/5988"}],"wp:attachment":[{"href":"https:\/\/niipit.dk\/furrebaeks-anlaeg\/wp-json\/wp\/v2\/media?parent=5064"}],"curies":[{"name":"wp","href":"https:\/\/api.w.org\/{rel}","templated":true}]}}