{"id":5064,"date":"2020-04-10T22:29:34","date_gmt":"2020-04-10T20:29:34","guid":{"rendered":"https:\/\/niipit.dk\/fuldkornspartnerskabet-shop\/?page_id=5064"},"modified":"2020-11-22T14:58:25","modified_gmt":"2020-11-22T13:58:25","slug":"frontpage","status":"publish","type":"page","link":"https:\/\/niipit.dk\/fuldkornspartnerskabet\/","title":{"rendered":"Forside"},"content":{"rendered":"\n<hr class=\"wp-block-separator\"\/>\n\n\n\n<h1 class=\"wp-block-heading\" id=\"h-fuldkornspartnerskabet\">Fuldkornspartnerskabet<\/h1>\n\n\n\n<p><a href=\"https:\/\/fuldkorn.dk\/om-partnerskabet\/\" target=\"_blank\" rel=\"noreferrer noopener\">Fuldkornspartnerskabet<\/a> er et offentligt-privat partnerskab mellem F\u00f8devarestyrelsen, Kr\u00e6ftens Bek\u00e6mpelse, Hjerteforeningen og Diabetesforeningen, samt en r\u00e6kke f\u00f8devarevirksomheder. Vi arbejder sammen om at forbedre folkesundheden ved at f\u00e5 danskerne til at spise mere fuldkorn.<\/p>\n","protected":false},"excerpt":{"rendered":"<p>Fuldkornspartnerskabet Fuldkornspartnerskabet er et offentligt-privat partnerskab mellem F\u00f8devarestyrelsen, Kr\u00e6ftens Bek\u00e6mpelse, Hjerteforeningen og Diabetesforeningen, samt en r\u00e6kke f\u00f8devarevirksomheder. Vi arbejder sammen om at forbedre folkesundheden ved at f\u00e5 danskerne til at spise mere fuldkorn.<\/p>\n","protected":false},"author":1,"featured_media":0,"parent":0,"menu_order":0,"comment_status":"closed","ping_status":"closed","template":"frontpagePremium.php","meta":{"_exactmetrics_skip_tracking":false,"_exactmetrics_sitenote_active":false,"_exactmetrics_sitenote_note":"","_exactmetrics_sitenote_category":0,"_monsterinsights_skip_tracking":false,"_monsterinsights_sitenote_active":false,"_monsterinsights_sitenote_note":"","_monsterinsights_sitenote_category":0,"footnotes":""},"class_list":["post-5064","page","type-page","status-publish","hentry"],"yoast_head":"<!-- This site is optimized with the Yoast SEO Premium plugin v16.3 (Yoast SEO v27.3) - https:\/\/yoast.com\/product\/yoast-seo-premium-wordpress\/ -->\n<title>Hvad er fuldkorn? \u26b6 Find svarene hos Fuldkornspartnerskabet<\/title>\n<meta name=\"description\" content=\"Find den nyeste viden om fuldkorn hos Fuldkornspartnerskabet \u2502 Du kan bestille inspirerende materiale om fordelene ved fuldkorn \u2502 Klik her \u27a4\" \/>\n<meta name=\"robots\" content=\"index, follow, max-snippet:-1, max-image-preview:large, max-video-preview:-1\" \/>\n<link rel=\"canonical\" href=\"https:\/\/niipit.dk\/fuldkornspartnerskabet\/\" \/>\n<meta property=\"og:locale\" content=\"da_DK\" \/>\n<meta property=\"og:type\" content=\"article\" \/>\n<meta property=\"og:title\" content=\"Hvad er fuldkorn? \u26b6 Find svarene hos Fuldkornspartnerskabet\" \/>\n<meta property=\"og:description\" content=\"Find den nyeste viden om fuldkorn hos Fuldkornspartnerskabet \u2502 Du kan bestille inspirerende materiale om fordelene ved fuldkorn \u2502 Klik her \u27a4\" \/>\n<meta property=\"og:url\" content=\"https:\/\/niipit.dk\/fuldkornspartnerskabet\/\" \/>\n<meta property=\"og:site_name\" content=\"Fuldkornspartnerskabet\" \/>\n<meta property=\"article:modified_time\" content=\"2020-11-22T13:58:25+00:00\" \/>\n<meta name=\"twitter:card\" content=\"summary_large_image\" \/>\n<script type=\"application\/ld+json\" class=\"yoast-schema-graph\">{\"@context\":\"https:\\\/\\\/schema.org\",\"@graph\":[{\"@type\":\"WebPage\",\"@id\":\"https:\\\/\\\/niipit.dk\\\/fuldkornspartnerskabet\\\/\",\"url\":\"https:\\\/\\\/niipit.dk\\\/fuldkornspartnerskabet\\\/\",\"name\":\"Hvad er fuldkorn? \u26b6 Find svarene hos Fuldkornspartnerskabet\",\"isPartOf\":{\"@id\":\"https:\\\/\\\/niipit.dk\\\/fuldkornspartnerskabet\\\/#website\"},\"datePublished\":\"2020-04-10T20:29:34+00:00\",\"dateModified\":\"2020-11-22T13:58:25+00:00\",\"description\":\"Find den nyeste viden om fuldkorn hos Fuldkornspartnerskabet \u2502 Du kan bestille inspirerende materiale om fordelene ved fuldkorn \u2502 Klik her \u27a4\",\"breadcrumb\":{\"@id\":\"https:\\\/\\\/niipit.dk\\\/fuldkornspartnerskabet\\\/#breadcrumb\"},\"inLanguage\":\"da-DK\",\"potentialAction\":[{\"@type\":\"ReadAction\",\"target\":[\"https:\\\/\\\/niipit.dk\\\/fuldkornspartnerskabet\\\/\"]}]},{\"@type\":\"BreadcrumbList\",\"@id\":\"https:\\\/\\\/niipit.dk\\\/fuldkornspartnerskabet\\\/#breadcrumb\",\"itemListElement\":[{\"@type\":\"ListItem\",\"position\":1,\"name\":\"Hjem\",\"item\":\"https:\\\/\\\/niipit.dk\\\/fuldkornspartnerskabet\\\/\"},{\"@type\":\"ListItem\",\"position\":2,\"name\":\"Forside\"}]},{\"@type\":\"WebSite\",\"@id\":\"https:\\\/\\\/niipit.dk\\\/fuldkornspartnerskabet\\\/#website\",\"url\":\"https:\\\/\\\/niipit.dk\\\/fuldkornspartnerskabet\\\/\",\"name\":\"Fuldkornspartnerskabet\",\"description\":\"Hvad er fuldkorn? \",\"potentialAction\":[{\"@type\":\"SearchAction\",\"target\":{\"@type\":\"EntryPoint\",\"urlTemplate\":\"https:\\\/\\\/niipit.dk\\\/fuldkornspartnerskabet\\\/?s={search_term_string}\"},\"query-input\":{\"@type\":\"PropertyValueSpecification\",\"valueRequired\":true,\"valueName\":\"search_term_string\"}}],\"inLanguage\":\"da-DK\"}]}<\/script>\n<!-- \/ Yoast SEO Premium plugin. -->","yoast_head_json":{"title":"Hvad er fuldkorn? \u26b6 Find svarene hos Fuldkornspartnerskabet","description":"Find den nyeste viden om fuldkorn hos Fuldkornspartnerskabet \u2502 Du kan bestille inspirerende materiale om fordelene ved fuldkorn \u2502 Klik her \u27a4","robots":{"index":"index","follow":"follow","max-snippet":"max-snippet:-1","max-image-preview":"max-image-preview:large","max-video-preview":"max-video-preview:-1"},"canonical":"https:\/\/niipit.dk\/fuldkornspartnerskabet\/","og_locale":"da_DK","og_type":"article","og_title":"Hvad er fuldkorn? \u26b6 Find svarene hos Fuldkornspartnerskabet","og_description":"Find den nyeste viden om fuldkorn hos Fuldkornspartnerskabet \u2502 Du kan bestille inspirerende materiale om fordelene ved fuldkorn \u2502 Klik her \u27a4","og_url":"https:\/\/niipit.dk\/fuldkornspartnerskabet\/","og_site_name":"Fuldkornspartnerskabet","article_modified_time":"2020-11-22T13:58:25+00:00","twitter_card":"summary_large_image","schema":{"@context":"https:\/\/schema.org","@graph":[{"@type":"WebPage","@id":"https:\/\/niipit.dk\/fuldkornspartnerskabet\/","url":"https:\/\/niipit.dk\/fuldkornspartnerskabet\/","name":"Hvad er fuldkorn? \u26b6 Find svarene hos Fuldkornspartnerskabet","isPartOf":{"@id":"https:\/\/niipit.dk\/fuldkornspartnerskabet\/#website"},"datePublished":"2020-04-10T20:29:34+00:00","dateModified":"2020-11-22T13:58:25+00:00","description":"Find den nyeste viden om fuldkorn hos Fuldkornspartnerskabet \u2502 Du kan bestille inspirerende materiale om fordelene ved fuldkorn \u2502 Klik her \u27a4","breadcrumb":{"@id":"https:\/\/niipit.dk\/fuldkornspartnerskabet\/#breadcrumb"},"inLanguage":"da-DK","potentialAction":[{"@type":"ReadAction","target":["https:\/\/niipit.dk\/fuldkornspartnerskabet\/"]}]},{"@type":"BreadcrumbList","@id":"https:\/\/niipit.dk\/fuldkornspartnerskabet\/#breadcrumb","itemListElement":[{"@type":"ListItem","position":1,"name":"Hjem","item":"https:\/\/niipit.dk\/fuldkornspartnerskabet\/"},{"@type":"ListItem","position":2,"name":"Forside"}]},{"@type":"WebSite","@id":"https:\/\/niipit.dk\/fuldkornspartnerskabet\/#website","url":"https:\/\/niipit.dk\/fuldkornspartnerskabet\/","name":"Fuldkornspartnerskabet","description":"Hvad er fuldkorn? ","potentialAction":[{"@type":"SearchAction","target":{"@type":"EntryPoint","urlTemplate":"https:\/\/niipit.dk\/fuldkornspartnerskabet\/?s={search_term_string}"},"query-input":{"@type":"PropertyValueSpecification","valueRequired":true,"valueName":"search_term_string"}}],"inLanguage":"da-DK"}]}},"_links":{"self":[{"href":"https:\/\/niipit.dk\/fuldkornspartnerskabet\/wp-json\/wp\/v2\/pages\/5064","targetHints":{"allow":["GET"]}}],"collection":[{"href":"https:\/\/niipit.dk\/fuldkornspartnerskabet\/wp-json\/wp\/v2\/pages"}],"about":[{"href":"https:\/\/niipit.dk\/fuldkornspartnerskabet\/wp-json\/wp\/v2\/types\/page"}],"author":[{"embeddable":true,"href":"https:\/\/niipit.dk\/fuldkornspartnerskabet\/wp-json\/wp\/v2\/users\/1"}],"replies":[{"embeddable":true,"href":"https:\/\/niipit.dk\/fuldkornspartnerskabet\/wp-json\/wp\/v2\/comments?post=5064"}],"version-history":[{"count":0,"href":"https:\/\/niipit.dk\/fuldkornspartnerskabet\/wp-json\/wp\/v2\/pages\/5064\/revisions"}],"wp:attachment":[{"href":"https:\/\/niipit.dk\/fuldkornspartnerskabet\/wp-json\/wp\/v2\/media?parent=5064"}],"curies":[{"name":"wp","href":"https:\/\/api.w.org\/{rel}","templated":true}]}}