{"id":5761,"date":"2019-08-23T10:54:35","date_gmt":"2019-08-23T08:54:35","guid":{"rendered":"https:\/\/niipit.dk\/frejlev-hundeskov-aalborg\/?page_id=5761"},"modified":"2019-08-23T13:44:28","modified_gmt":"2019-08-23T11:44:28","slug":"om-hundeskoven","status":"publish","type":"page","link":"https:\/\/niipit.dk\/frejlev-hundeskov-aalborg\/om-hundeskoven\/","title":{"rendered":"Om hundeskoven"},"content":{"rendered":"\n<p style=\"text-align:center\">Der findes en  Facebook gruppe hvor du kan lave hundelegeaftaler<\/p>\n\n\n\n<p style=\"text-align:center\"><a href=\"https:\/\/www.facebook.com\/groups\/1673303719655612\/\"><\/a><a href=\"https:\/\/www.facebook.com\/groups\/973590569322076\/\">Bes\u00f8g Facebook Gruppen her <\/a><\/p>\n\n\n\n<p>Uden for Aalborg SV i Frejlev ligger denne ca 10 ha store hundeskov hvor alle hunde kan boltre sig. Hundeskoven er en del af Dragstrup skov. <br>Hundeskoven har flere indgange rundt omkring og der er ligeledes gode parkeringsforhold.<br>Skoven er indhegnet og der er siden oktober 2015 ogs\u00e5 installeret vand til hunden og der er borde og b\u00e6nke til hundes tro f\u00f8lgesvend. (Huske at holde omr\u00e5det p\u00e6nt rent)<br><\/p>\n","protected":false},"excerpt":{"rendered":"<p>Der findes en Facebook gruppe hvor du kan lave hundelegeaftaler Bes\u00f8g Facebook Gruppen her Uden for Aalborg SV i Frejlev ligger denne ca 10 ha store hundeskov hvor alle hunde kan boltre sig. Hundeskoven er en del af Dragstrup skov. Hundeskoven har flere indgange rundt omkring og der er ligeledes gode parkeringsforhold.Skoven er indhegnet og <a class=\"moretag btn btn-primary\" href=\"https:\/\/niipit.dk\/frejlev-hundeskov-aalborg\/om-hundeskoven\/\">L\u00e6s mere<\/a><\/p>\n","protected":false},"author":151,"featured_media":0,"parent":0,"menu_order":0,"comment_status":"closed","ping_status":"closed","template":"","meta":{"_exactmetrics_skip_tracking":false,"_exactmetrics_sitenote_active":false,"_exactmetrics_sitenote_note":"","_exactmetrics_sitenote_category":0,"_monsterinsights_skip_tracking":false,"_monsterinsights_sitenote_active":false,"_monsterinsights_sitenote_note":"","_monsterinsights_sitenote_category":0,"footnotes":""},"class_list":["post-5761","page","type-page","status-publish","hentry"],"yoast_head":"<!-- This site is optimized with the Yoast SEO Premium plugin v16.3 (Yoast SEO v27.3) - https:\/\/yoast.com\/product\/yoast-seo-premium-wordpress\/ -->\n<title>Frejlev Hundeskov Aalborg - Niipit Danmarks St\u00f8rse Online Markedsplads<\/title>\n<meta name=\"description\" content=\"Frejlev hundeskov en del af Dragstrup skov ved Aalborg. Se rutevejledning, billeder og faciliteter her p\u00e5 Niipit Vores Dyr. Find mange hundeskove her\" \/>\n<meta name=\"robots\" content=\"index, follow, max-snippet:-1, max-image-preview:large, max-video-preview:-1\" \/>\n<link rel=\"canonical\" href=\"https:\/\/niipit.dk\/frejlev-hundeskov-aalborg\/om-hundeskoven\/\" \/>\n<meta property=\"og:locale\" content=\"da_DK\" \/>\n<meta property=\"og:type\" content=\"article\" \/>\n<meta property=\"og:title\" content=\"Frejlev Hundeskov Aalborg - Niipit Danmarks St\u00f8rse Online Markedsplads\" \/>\n<meta property=\"og:description\" content=\"Frejlev hundeskov en del af Dragstrup skov ved Aalborg. Se rutevejledning, billeder og faciliteter her p\u00e5 Niipit Vores Dyr. Find mange hundeskove her\" \/>\n<meta property=\"og:url\" content=\"https:\/\/niipit.dk\/frejlev-hundeskov-aalborg\/om-hundeskoven\/\" \/>\n<meta property=\"og:site_name\" content=\"Frejlev Hundeskov Aalborg\" \/>\n<meta property=\"article:modified_time\" content=\"2019-08-23T11:44:28+00:00\" \/>\n<meta name=\"twitter:card\" content=\"summary_large_image\" \/>\n<script type=\"application\/ld+json\" class=\"yoast-schema-graph\">{\"@context\":\"https:\\\/\\\/schema.org\",\"@graph\":[{\"@type\":\"WebPage\",\"@id\":\"https:\\\/\\\/niipit.dk\\\/frejlev-hundeskov-aalborg\\\/om-hundeskoven\\\/\",\"url\":\"https:\\\/\\\/niipit.dk\\\/frejlev-hundeskov-aalborg\\\/om-hundeskoven\\\/\",\"name\":\"Frejlev Hundeskov Aalborg - Niipit Danmarks St\u00f8rse Online Markedsplads\",\"isPartOf\":{\"@id\":\"https:\\\/\\\/niipit.dk\\\/frejlev-hundeskov-aalborg\\\/#website\"},\"datePublished\":\"2019-08-23T08:54:35+00:00\",\"dateModified\":\"2019-08-23T11:44:28+00:00\",\"description\":\"Frejlev hundeskov en del af Dragstrup skov ved Aalborg. Se rutevejledning, billeder og faciliteter her p\u00e5 Niipit Vores Dyr. Find mange hundeskove her\",\"breadcrumb\":{\"@id\":\"https:\\\/\\\/niipit.dk\\\/frejlev-hundeskov-aalborg\\\/om-hundeskoven\\\/#breadcrumb\"},\"inLanguage\":\"da-DK\",\"potentialAction\":[{\"@type\":\"ReadAction\",\"target\":[\"https:\\\/\\\/niipit.dk\\\/frejlev-hundeskov-aalborg\\\/om-hundeskoven\\\/\"]}]},{\"@type\":\"BreadcrumbList\",\"@id\":\"https:\\\/\\\/niipit.dk\\\/frejlev-hundeskov-aalborg\\\/om-hundeskoven\\\/#breadcrumb\",\"itemListElement\":[{\"@type\":\"ListItem\",\"position\":1,\"name\":\"Hjem\",\"item\":\"https:\\\/\\\/niipit.dk\\\/frejlev-hundeskov-aalborg\\\/\"},{\"@type\":\"ListItem\",\"position\":2,\"name\":\"Om hundeskoven\"}]},{\"@type\":\"WebSite\",\"@id\":\"https:\\\/\\\/niipit.dk\\\/frejlev-hundeskov-aalborg\\\/#website\",\"url\":\"https:\\\/\\\/niipit.dk\\\/frejlev-hundeskov-aalborg\\\/\",\"name\":\"Frejlev Hundeskov Aalborg\",\"description\":\"F\u00e5 din virksomhed p\u00e5 niipit\",\"potentialAction\":[{\"@type\":\"SearchAction\",\"target\":{\"@type\":\"EntryPoint\",\"urlTemplate\":\"https:\\\/\\\/niipit.dk\\\/frejlev-hundeskov-aalborg\\\/?s={search_term_string}\"},\"query-input\":{\"@type\":\"PropertyValueSpecification\",\"valueRequired\":true,\"valueName\":\"search_term_string\"}}],\"inLanguage\":\"da-DK\"}]}<\/script>\n<!-- \/ Yoast SEO Premium plugin. -->","yoast_head_json":{"title":"Frejlev Hundeskov Aalborg - Niipit Danmarks St\u00f8rse Online Markedsplads","description":"Frejlev hundeskov en del af Dragstrup skov ved Aalborg. Se rutevejledning, billeder og faciliteter her p\u00e5 Niipit Vores Dyr. Find mange hundeskove her","robots":{"index":"index","follow":"follow","max-snippet":"max-snippet:-1","max-image-preview":"max-image-preview:large","max-video-preview":"max-video-preview:-1"},"canonical":"https:\/\/niipit.dk\/frejlev-hundeskov-aalborg\/om-hundeskoven\/","og_locale":"da_DK","og_type":"article","og_title":"Frejlev Hundeskov Aalborg - Niipit Danmarks St\u00f8rse Online Markedsplads","og_description":"Frejlev hundeskov en del af Dragstrup skov ved Aalborg. Se rutevejledning, billeder og faciliteter her p\u00e5 Niipit Vores Dyr. Find mange hundeskove her","og_url":"https:\/\/niipit.dk\/frejlev-hundeskov-aalborg\/om-hundeskoven\/","og_site_name":"Frejlev Hundeskov Aalborg","article_modified_time":"2019-08-23T11:44:28+00:00","twitter_card":"summary_large_image","schema":{"@context":"https:\/\/schema.org","@graph":[{"@type":"WebPage","@id":"https:\/\/niipit.dk\/frejlev-hundeskov-aalborg\/om-hundeskoven\/","url":"https:\/\/niipit.dk\/frejlev-hundeskov-aalborg\/om-hundeskoven\/","name":"Frejlev Hundeskov Aalborg - Niipit Danmarks St\u00f8rse Online Markedsplads","isPartOf":{"@id":"https:\/\/niipit.dk\/frejlev-hundeskov-aalborg\/#website"},"datePublished":"2019-08-23T08:54:35+00:00","dateModified":"2019-08-23T11:44:28+00:00","description":"Frejlev hundeskov en del af Dragstrup skov ved Aalborg. Se rutevejledning, billeder og faciliteter her p\u00e5 Niipit Vores Dyr. Find mange hundeskove her","breadcrumb":{"@id":"https:\/\/niipit.dk\/frejlev-hundeskov-aalborg\/om-hundeskoven\/#breadcrumb"},"inLanguage":"da-DK","potentialAction":[{"@type":"ReadAction","target":["https:\/\/niipit.dk\/frejlev-hundeskov-aalborg\/om-hundeskoven\/"]}]},{"@type":"BreadcrumbList","@id":"https:\/\/niipit.dk\/frejlev-hundeskov-aalborg\/om-hundeskoven\/#breadcrumb","itemListElement":[{"@type":"ListItem","position":1,"name":"Hjem","item":"https:\/\/niipit.dk\/frejlev-hundeskov-aalborg\/"},{"@type":"ListItem","position":2,"name":"Om hundeskoven"}]},{"@type":"WebSite","@id":"https:\/\/niipit.dk\/frejlev-hundeskov-aalborg\/#website","url":"https:\/\/niipit.dk\/frejlev-hundeskov-aalborg\/","name":"Frejlev Hundeskov Aalborg","description":"F\u00e5 din virksomhed p\u00e5 niipit","potentialAction":[{"@type":"SearchAction","target":{"@type":"EntryPoint","urlTemplate":"https:\/\/niipit.dk\/frejlev-hundeskov-aalborg\/?s={search_term_string}"},"query-input":{"@type":"PropertyValueSpecification","valueRequired":true,"valueName":"search_term_string"}}],"inLanguage":"da-DK"}]}},"_links":{"self":[{"href":"https:\/\/niipit.dk\/frejlev-hundeskov-aalborg\/wp-json\/wp\/v2\/pages\/5761","targetHints":{"allow":["GET"]}}],"collection":[{"href":"https:\/\/niipit.dk\/frejlev-hundeskov-aalborg\/wp-json\/wp\/v2\/pages"}],"about":[{"href":"https:\/\/niipit.dk\/frejlev-hundeskov-aalborg\/wp-json\/wp\/v2\/types\/page"}],"author":[{"embeddable":true,"href":"https:\/\/niipit.dk\/frejlev-hundeskov-aalborg\/wp-json\/wp\/v2\/users\/151"}],"replies":[{"embeddable":true,"href":"https:\/\/niipit.dk\/frejlev-hundeskov-aalborg\/wp-json\/wp\/v2\/comments?post=5761"}],"version-history":[{"count":0,"href":"https:\/\/niipit.dk\/frejlev-hundeskov-aalborg\/wp-json\/wp\/v2\/pages\/5761\/revisions"}],"wp:attachment":[{"href":"https:\/\/niipit.dk\/frejlev-hundeskov-aalborg\/wp-json\/wp\/v2\/media?parent=5761"}],"curies":[{"name":"wp","href":"https:\/\/api.w.org\/{rel}","templated":true}]}}