{"id":5064,"date":"2020-04-10T22:29:34","date_gmt":"2020-04-10T20:29:34","guid":{"rendered":"https:\/\/niipit.dk\/fogs-vinduespolering-shop\/?page_id=5064"},"modified":"2021-07-26T06:15:10","modified_gmt":"2021-07-26T04:15:10","slug":"frontpage","status":"publish","type":"page","link":"https:\/\/niipit.dk\/fogs-vinduespolering\/","title":{"rendered":"Forside"},"content":{"rendered":"\n<hr class=\"wp-block-separator\"\/>\n\n\n\n<h1 class=\"wp-block-heading\" id=\"h-milj-venlig-vinduespolering-i-h-j-kvalitet\">Milj\u00f8venlig vinduespolering i h\u00f8j kvalitet<\/h1>\n\n\n\n<h2 class=\"wp-block-heading\" id=\"h-f-rene-og-p-ne-vinduer-med-f-s-vinduespolering\">F\u00e5 rene og p\u00e6ne vinduer med F&amp;S Vinduespolering<\/h2>\n\n\n\n<p>Er der noget bedre end flotte nypudsede vinduer? N\u00e5r solen st\u00e5r lige p\u00e5, ses det meget tydeligt, hvis det er l\u00e6nge siden, at vinduerne er blevet pudset. En professionel vinduespudser har erfaringen og udstyret til at klare jobbet hurtigt og med et flot resultat \u2013 ogs\u00e5 de h\u00f8jtsiddende ovenlysvinduer, som kan v\u00e6re sv\u00e6re at komme til.<\/p>\n\n\n\n<h3 class=\"wp-block-heading\" id=\"h-fast-vinduespudsning-af-professionelle-og-stabile-vinduespudsere\">Fast vinduespudsning af professionelle og stabile vinduespudsere<\/h3>\n\n\n\n<p>Hvis du gerne vil have rene og flotte ruder \u00e5ret rundt, er en fast aftale med en dygtig vinduespudser m\u00e5ske noget for dig. <a href=\"https:\/\/fogs-vinduespolering.dk\/\" target=\"_blank\" rel=\"noreferrer noopener\">F&amp;S Vinduespolering<\/a> k\u00f8rer ud i faste intervaller og pudser dine vinduer, s\u00e5 de altid er p\u00e6ne og rene. Med en fast aftale kan du l\u00e6ne dig tilbage og nyde at kigge ud ad dine rene vinduer hele \u00e5ret \u2013 ogs\u00e5 n\u00e5r den skarpe for\u00e5rssol rammer.<\/p>\n\n\n\n<h3 class=\"wp-block-heading\" id=\"h-to-metoder-til-milj-venlig-vinduespudsning\">To metoder til milj\u00f8venlig vinduespudsning<\/h3>\n\n\n\n<p>N\u00e5r du f\u00e5r pudset dine vinduer af en vinduespudser fra F&amp;S Vinduespolering, f\u00e5r du b\u00e5de en professionel og milj\u00f8venlig reng\u00f8ring af dine vinduer. Virksomhedens vinduespudsere benytter enten et gammeldags b\u00f8rste- og skrabes\u00e6t eller et professionelt rentvandsanl\u00e6g. Rentvandsanl\u00e6gget bruger renset vand og er frit for kalk.<\/p>\n\n\n\n<h3 class=\"wp-block-heading\" id=\"h-f-s-vinduespolering-pudser-vinduer-for-b-de-private-og-virksomheder\">F&amp;S Vinduespolering pudser vinduer for b\u00e5de private og virksomheder<\/h3>\n\n\n\n<p>F&amp;S Vinduespolering tilbyder indvendig og udvendig vinduespudsning af alle typer vinduer. Fra store glasfader til ovenlysvinduer og sm\u00e5sprossede ruder.<\/p>\n\n\n\n<p>Virksomhedens vinduespudsere k\u00f8rer blandt andet ud til private kunder og virksomheder i \u00c5rhus, Skanderborg, Middelfart, Fredericia, Juelsminde, Vejle og Horsens.<\/p>\n\n\n\n<p>Kontakt F&amp;S Vinduespolering, hvis du \u00f8nsker tilbud p\u00e5 vinduespudsning.<\/p>\n","protected":false},"excerpt":{"rendered":"<p>Milj\u00f8venlig vinduespolering i h\u00f8j kvalitet F\u00e5 rene og p\u00e6ne vinduer med F&amp;S Vinduespolering Er der noget bedre end flotte nypudsede vinduer? N\u00e5r solen st\u00e5r lige p\u00e5, ses det meget tydeligt, hvis det er l\u00e6nge siden, at vinduerne er blevet pudset. En professionel vinduespudser har erfaringen og udstyret til at klare jobbet hurtigt og med et <a class=\"moretag btn btn-primary\" href=\"https:\/\/niipit.dk\/fogs-vinduespolering\/\">L\u00e6s mere<\/a><\/p>\n","protected":false},"author":1,"featured_media":0,"parent":0,"menu_order":0,"comment_status":"closed","ping_status":"closed","template":"frontpagePremium.php","meta":{"_exactmetrics_skip_tracking":false,"_exactmetrics_sitenote_active":false,"_exactmetrics_sitenote_note":"","_exactmetrics_sitenote_category":0,"_monsterinsights_skip_tracking":false,"_monsterinsights_sitenote_active":false,"_monsterinsights_sitenote_note":"","_monsterinsights_sitenote_category":0,"footnotes":""},"class_list":["post-5064","page","type-page","status-publish","hentry"],"yoast_head":"<!-- This site is optimized with the Yoast SEO Premium plugin v16.3 (Yoast SEO v27.3) - https:\/\/yoast.com\/product\/yoast-seo-premium-wordpress\/ -->\n<title>Kontakt F&amp;S Vinduespolering i dag for et godt tilbud<\/title>\n<meta name=\"description\" content=\"Professionel og milj\u00f8venlig reng\u00f8ring af dine vinduer hos F&amp;S Vinduespolering - Skal vi sammen g\u00f8re noget godt for milj\u00f8et?\" \/>\n<meta name=\"robots\" content=\"index, follow, max-snippet:-1, max-image-preview:large, max-video-preview:-1\" \/>\n<link rel=\"canonical\" href=\"https:\/\/niipit.dk\/fogs-vinduespolering\/\" \/>\n<meta property=\"og:locale\" content=\"da_DK\" \/>\n<meta property=\"og:type\" content=\"article\" \/>\n<meta property=\"og:title\" content=\"Kontakt F&amp;S Vinduespolering i dag for et godt tilbud\" \/>\n<meta property=\"og:description\" content=\"Professionel og milj\u00f8venlig reng\u00f8ring af dine vinduer hos F&amp;S Vinduespolering - Skal vi sammen g\u00f8re noget godt for milj\u00f8et?\" \/>\n<meta property=\"og:url\" content=\"https:\/\/niipit.dk\/fogs-vinduespolering\/\" \/>\n<meta property=\"og:site_name\" content=\"Fogs Vinduespolering\" \/>\n<meta property=\"article:modified_time\" content=\"2021-07-26T04:15:10+00:00\" \/>\n<meta name=\"twitter:card\" content=\"summary_large_image\" \/>\n<meta name=\"twitter:label1\" content=\"Estimeret l\u00e6setid\" \/>\n\t<meta name=\"twitter:data1\" content=\"2 minutter\" \/>\n<script type=\"application\/ld+json\" class=\"yoast-schema-graph\">{\"@context\":\"https:\\\/\\\/schema.org\",\"@graph\":[{\"@type\":\"WebPage\",\"@id\":\"https:\\\/\\\/niipit.dk\\\/fogs-vinduespolering\\\/\",\"url\":\"https:\\\/\\\/niipit.dk\\\/fogs-vinduespolering\\\/\",\"name\":\"Kontakt F&S Vinduespolering i dag for et godt tilbud\",\"isPartOf\":{\"@id\":\"https:\\\/\\\/niipit.dk\\\/fogs-vinduespolering\\\/#website\"},\"datePublished\":\"2020-04-10T20:29:34+00:00\",\"dateModified\":\"2021-07-26T04:15:10+00:00\",\"description\":\"Professionel og milj\u00f8venlig reng\u00f8ring af dine vinduer hos F&S Vinduespolering - Skal vi sammen g\u00f8re noget godt for milj\u00f8et?\",\"breadcrumb\":{\"@id\":\"https:\\\/\\\/niipit.dk\\\/fogs-vinduespolering\\\/#breadcrumb\"},\"inLanguage\":\"da-DK\",\"potentialAction\":[{\"@type\":\"ReadAction\",\"target\":[\"https:\\\/\\\/niipit.dk\\\/fogs-vinduespolering\\\/\"]}]},{\"@type\":\"BreadcrumbList\",\"@id\":\"https:\\\/\\\/niipit.dk\\\/fogs-vinduespolering\\\/#breadcrumb\",\"itemListElement\":[{\"@type\":\"ListItem\",\"position\":1,\"name\":\"Hjem\",\"item\":\"https:\\\/\\\/niipit.dk\\\/fogs-vinduespolering\\\/\"},{\"@type\":\"ListItem\",\"position\":2,\"name\":\"Forside\"}]},{\"@type\":\"WebSite\",\"@id\":\"https:\\\/\\\/niipit.dk\\\/fogs-vinduespolering\\\/#website\",\"url\":\"https:\\\/\\\/niipit.dk\\\/fogs-vinduespolering\\\/\",\"name\":\"Fogs Vinduespolering\",\"description\":\"Bliv set online med Niipit\",\"potentialAction\":[{\"@type\":\"SearchAction\",\"target\":{\"@type\":\"EntryPoint\",\"urlTemplate\":\"https:\\\/\\\/niipit.dk\\\/fogs-vinduespolering\\\/?s={search_term_string}\"},\"query-input\":{\"@type\":\"PropertyValueSpecification\",\"valueRequired\":true,\"valueName\":\"search_term_string\"}}],\"inLanguage\":\"da-DK\"}]}<\/script>\n<!-- \/ Yoast SEO Premium plugin. -->","yoast_head_json":{"title":"Kontakt F&S Vinduespolering i dag for et godt tilbud","description":"Professionel og milj\u00f8venlig reng\u00f8ring af dine vinduer hos F&S Vinduespolering - Skal vi sammen g\u00f8re noget godt for milj\u00f8et?","robots":{"index":"index","follow":"follow","max-snippet":"max-snippet:-1","max-image-preview":"max-image-preview:large","max-video-preview":"max-video-preview:-1"},"canonical":"https:\/\/niipit.dk\/fogs-vinduespolering\/","og_locale":"da_DK","og_type":"article","og_title":"Kontakt F&S Vinduespolering i dag for et godt tilbud","og_description":"Professionel og milj\u00f8venlig reng\u00f8ring af dine vinduer hos F&S Vinduespolering - Skal vi sammen g\u00f8re noget godt for milj\u00f8et?","og_url":"https:\/\/niipit.dk\/fogs-vinduespolering\/","og_site_name":"Fogs Vinduespolering","article_modified_time":"2021-07-26T04:15:10+00:00","twitter_card":"summary_large_image","twitter_misc":{"Estimeret l\u00e6setid":"2 minutter"},"schema":{"@context":"https:\/\/schema.org","@graph":[{"@type":"WebPage","@id":"https:\/\/niipit.dk\/fogs-vinduespolering\/","url":"https:\/\/niipit.dk\/fogs-vinduespolering\/","name":"Kontakt F&S Vinduespolering i dag for et godt tilbud","isPartOf":{"@id":"https:\/\/niipit.dk\/fogs-vinduespolering\/#website"},"datePublished":"2020-04-10T20:29:34+00:00","dateModified":"2021-07-26T04:15:10+00:00","description":"Professionel og milj\u00f8venlig reng\u00f8ring af dine vinduer hos F&S Vinduespolering - Skal vi sammen g\u00f8re noget godt for milj\u00f8et?","breadcrumb":{"@id":"https:\/\/niipit.dk\/fogs-vinduespolering\/#breadcrumb"},"inLanguage":"da-DK","potentialAction":[{"@type":"ReadAction","target":["https:\/\/niipit.dk\/fogs-vinduespolering\/"]}]},{"@type":"BreadcrumbList","@id":"https:\/\/niipit.dk\/fogs-vinduespolering\/#breadcrumb","itemListElement":[{"@type":"ListItem","position":1,"name":"Hjem","item":"https:\/\/niipit.dk\/fogs-vinduespolering\/"},{"@type":"ListItem","position":2,"name":"Forside"}]},{"@type":"WebSite","@id":"https:\/\/niipit.dk\/fogs-vinduespolering\/#website","url":"https:\/\/niipit.dk\/fogs-vinduespolering\/","name":"Fogs Vinduespolering","description":"Bliv set online med Niipit","potentialAction":[{"@type":"SearchAction","target":{"@type":"EntryPoint","urlTemplate":"https:\/\/niipit.dk\/fogs-vinduespolering\/?s={search_term_string}"},"query-input":{"@type":"PropertyValueSpecification","valueRequired":true,"valueName":"search_term_string"}}],"inLanguage":"da-DK"}]}},"_links":{"self":[{"href":"https:\/\/niipit.dk\/fogs-vinduespolering\/wp-json\/wp\/v2\/pages\/5064","targetHints":{"allow":["GET"]}}],"collection":[{"href":"https:\/\/niipit.dk\/fogs-vinduespolering\/wp-json\/wp\/v2\/pages"}],"about":[{"href":"https:\/\/niipit.dk\/fogs-vinduespolering\/wp-json\/wp\/v2\/types\/page"}],"author":[{"embeddable":true,"href":"https:\/\/niipit.dk\/fogs-vinduespolering\/wp-json\/wp\/v2\/users\/1"}],"replies":[{"embeddable":true,"href":"https:\/\/niipit.dk\/fogs-vinduespolering\/wp-json\/wp\/v2\/comments?post=5064"}],"version-history":[{"count":2,"href":"https:\/\/niipit.dk\/fogs-vinduespolering\/wp-json\/wp\/v2\/pages\/5064\/revisions"}],"predecessor-version":[{"id":5995,"href":"https:\/\/niipit.dk\/fogs-vinduespolering\/wp-json\/wp\/v2\/pages\/5064\/revisions\/5995"}],"wp:attachment":[{"href":"https:\/\/niipit.dk\/fogs-vinduespolering\/wp-json\/wp\/v2\/media?parent=5064"}],"curies":[{"name":"wp","href":"https:\/\/api.w.org\/{rel}","templated":true}]}}