{"id":5881,"date":"2019-12-14T21:45:59","date_gmt":"2019-12-14T20:45:59","guid":{"rendered":"https:\/\/niipit.dk\/film-anmeldelser\/?page_id=5881"},"modified":"2019-12-14T22:33:22","modified_gmt":"2019-12-14T21:33:22","slug":"indsend-anmeldelse","status":"publish","type":"page","link":"https:\/\/niipit.dk\/film-anmeldelser\/indsend-anmeldelse\/","title":{"rendered":"Indsend anmeldelse"},"content":{"rendered":"\n<h2 class=\"wp-block-heading\">Indsend anmeldelse<\/h2>\n\n\n\n<p>Har du en film eller en serie som du gerne vil anmelde s\u00e5 kan du sende den ind her.<br><br>Send os et link til den originale film trailer fra youtube og skriv din anmeldelse.<br><br>Vi optager kun anmeldelser p\u00e5 over 400 ord<br>Du m\u00e5 gerne sende links med til Wikipedia hvis du vil have dem med.<br>Mindst hver uge offentligg\u00f8r vi en anmeldelse af en film eller en serie.<\/p>\n\n\n\n<div class=\"wpcf7 no-js\" id=\"wpcf7-f5888-o1\" lang=\"da-DK\" dir=\"ltr\" data-wpcf7-id=\"5888\">\n<div class=\"screen-reader-response\"><p role=\"status\" aria-live=\"polite\" aria-atomic=\"true\"><\/p> <ul><\/ul><\/div>\n<form action=\"\/film-anmeldelser\/wp-json\/wp\/v2\/pages\/5881#wpcf7-f5888-o1\" method=\"post\" class=\"wpcf7-form init\" aria-label=\"Kontaktformular\" novalidate=\"novalidate\" data-status=\"init\">\n<fieldset class=\"hidden-fields-container\"><input type=\"hidden\" name=\"_wpcf7\" value=\"5888\" \/><input type=\"hidden\" name=\"_wpcf7_version\" value=\"6.1.5\" \/><input type=\"hidden\" name=\"_wpcf7_locale\" value=\"da_DK\" \/><input type=\"hidden\" name=\"_wpcf7_unit_tag\" value=\"wpcf7-f5888-o1\" \/><input type=\"hidden\" name=\"_wpcf7_container_post\" value=\"0\" \/><input type=\"hidden\" name=\"_wpcf7_posted_data_hash\" value=\"\" \/>\n<\/fieldset>\n<p><label> Dit navn (skal udfyldes)<br \/>\n<span class=\"wpcf7-form-control-wrap\" data-name=\"your-name\"><input size=\"40\" maxlength=\"400\" class=\"wpcf7-form-control wpcf7-text wpcf7-validates-as-required\" aria-required=\"true\" aria-invalid=\"false\" value=\"\" type=\"text\" name=\"your-name\" \/><\/span> <\/label>\n<\/p>\n<p><label> Din e-mail (skal udfyldes)<br \/>\n<span class=\"wpcf7-form-control-wrap\" data-name=\"your-email\"><input size=\"40\" maxlength=\"400\" class=\"wpcf7-form-control wpcf7-email wpcf7-validates-as-required wpcf7-text wpcf7-validates-as-email\" aria-required=\"true\" aria-invalid=\"false\" value=\"\" type=\"email\" name=\"your-email\" \/><\/span> <\/label>\n<\/p>\n<p><label> Hvilken film \/ serie vil du anmelde<br \/>\n<span class=\"wpcf7-form-control-wrap\" data-name=\"your-subject\"><input size=\"40\" maxlength=\"400\" class=\"wpcf7-form-control wpcf7-text\" aria-invalid=\"false\" value=\"\" type=\"text\" name=\"your-subject\" \/><\/span> <\/label>\n<\/p>\n<p><label> Hvilken film \/ serie vil du anmelde<br \/>\n<span class=\"wpcf7-form-control-wrap\" data-name=\"checkbox-693\"><span class=\"wpcf7-form-control wpcf7-checkbox wpcf7-validates-as-required\"><span class=\"wpcf7-list-item first\"><input type=\"checkbox\" name=\"checkbox-693[]\" value=\"1 Stjerne \/ d\u00e5rlig\" \/><span class=\"wpcf7-list-item-label\">1 Stjerne \/ d\u00e5rlig<\/span><\/span><span class=\"wpcf7-list-item\"><input type=\"checkbox\" name=\"checkbox-693[]\" value=\"2 Stjerner \/ ikke ret god\" \/><span class=\"wpcf7-list-item-label\">2 Stjerner \/ ikke ret god<\/span><\/span><span class=\"wpcf7-list-item\"><input type=\"checkbox\" name=\"checkbox-693[]\" value=\"3 Stjerner \/ God\" \/><span class=\"wpcf7-list-item-label\">3 Stjerner \/ God<\/span><\/span><span class=\"wpcf7-list-item\"><input type=\"checkbox\" name=\"checkbox-693[]\" value=\"4 Stjerner \/ Ret god\" \/><span class=\"wpcf7-list-item-label\">4 Stjerner \/ Ret god<\/span><\/span><span class=\"wpcf7-list-item last\"><input type=\"checkbox\" name=\"checkbox-693[]\" value=\"5 Stjerner \/ Vildt god\" \/><span class=\"wpcf7-list-item-label\">5 Stjerner \/ Vildt god<\/span><\/span><\/span><\/span> <\/label>\n<\/p>\n<p><label> Link til youtube trailer<br \/>\n<span class=\"wpcf7-form-control-wrap\" data-name=\"url-476\"><input size=\"40\" maxlength=\"400\" class=\"wpcf7-form-control wpcf7-url wpcf7-validates-as-required wpcf7-text wpcf7-validates-as-url\" aria-required=\"true\" aria-invalid=\"false\" value=\"\" type=\"url\" name=\"url-476\" \/><\/span> <\/label>\n<\/p>\n<p><label> Din anmeldelse<br \/>\n<span class=\"wpcf7-form-control-wrap\" data-name=\"your-message\"><textarea cols=\"40\" rows=\"10\" maxlength=\"2000\" class=\"wpcf7-form-control wpcf7-textarea\" aria-invalid=\"false\" name=\"your-message\"><\/textarea><\/span> <\/label>\n<\/p>\n<p><input class=\"wpcf7-form-control wpcf7-submit has-spinner\" type=\"submit\" value=\"Indsend\" \/>\n<\/p><div class=\"wpcf7-response-output\" aria-hidden=\"true\"><\/div>\n<\/form>\n<\/div>\n\n","protected":false},"excerpt":{"rendered":"<p>Indsend anmeldelse Har du en film eller en serie som du gerne vil anmelde s\u00e5 kan du sende den ind her. Send os et link til den originale film trailer fra youtube og skriv din anmeldelse. Vi optager kun anmeldelser p\u00e5 over 400 ordDu m\u00e5 gerne sende links med til Wikipedia hvis du vil have <a class=\"moretag btn btn-primary\" href=\"https:\/\/niipit.dk\/film-anmeldelser\/indsend-anmeldelse\/\">L\u00e6s mere<\/a><\/p>\n","protected":false},"author":1,"featured_media":0,"parent":0,"menu_order":0,"comment_status":"closed","ping_status":"closed","template":"","meta":{"_exactmetrics_skip_tracking":false,"_exactmetrics_sitenote_active":false,"_exactmetrics_sitenote_note":"","_exactmetrics_sitenote_category":0,"_monsterinsights_skip_tracking":false,"_monsterinsights_sitenote_active":false,"_monsterinsights_sitenote_note":"","_monsterinsights_sitenote_category":0,"footnotes":""},"class_list":["post-5881","page","type-page","status-publish","hentry"],"yoast_head":"<!-- This site is optimized with the Yoast SEO Premium plugin v16.3 (Yoast SEO v27.2) - https:\/\/yoast.com\/product\/yoast-seo-premium-wordpress\/ -->\n<title>Indsend anmeldelse - Film anmeldelser - Anmeld selv film eller serie<\/title>\n<meta name=\"description\" content=\"Indsend anmeldelse - Film anmeldelser hvis du gerne vil have din film anmeldelse offentliggjort p\u00e5 Niipit s\u00e5 er du meget velkommen til at indesende den her.\" \/>\n<meta name=\"robots\" content=\"index, follow, max-snippet:-1, max-image-preview:large, max-video-preview:-1\" \/>\n<link rel=\"canonical\" href=\"https:\/\/niipit.dk\/film-anmeldelser\/indsend-anmeldelse\/\" \/>\n<meta property=\"og:locale\" content=\"da_DK\" \/>\n<meta property=\"og:type\" content=\"article\" \/>\n<meta property=\"og:title\" content=\"Indsend anmeldelse - Film anmeldelser - Anmeld selv film eller serie\" \/>\n<meta property=\"og:description\" content=\"Indsend anmeldelse - Film anmeldelser hvis du gerne vil have din film anmeldelse offentliggjort p\u00e5 Niipit s\u00e5 er du meget velkommen til at indesende den her.\" \/>\n<meta property=\"og:url\" content=\"https:\/\/niipit.dk\/film-anmeldelser\/indsend-anmeldelse\/\" \/>\n<meta property=\"og:site_name\" content=\"Film anmeldelser\" \/>\n<meta property=\"article:modified_time\" content=\"2019-12-14T21:33:22+00:00\" \/>\n<meta property=\"og:image\" content=\"https:\/\/niipit.dk\/film-anmeldelser\/wp-content\/uploads\/sites\/369\/2019\/12\/Niipit-5-stjernet-film-anmeldelser.png\" \/>\n\t<meta property=\"og:image:width\" content=\"1246\" \/>\n\t<meta property=\"og:image:height\" content=\"782\" \/>\n\t<meta property=\"og:image:type\" content=\"image\/png\" \/>\n<meta name=\"twitter:card\" content=\"summary_large_image\" \/>\n<script type=\"application\/ld+json\" class=\"yoast-schema-graph\">{\"@context\":\"https:\/\/schema.org\",\"@graph\":[{\"@type\":\"WebPage\",\"@id\":\"https:\/\/niipit.dk\/film-anmeldelser\/indsend-anmeldelse\/\",\"url\":\"https:\/\/niipit.dk\/film-anmeldelser\/indsend-anmeldelse\/\",\"name\":\"Indsend anmeldelse - Film anmeldelser - Anmeld selv film eller serie\",\"isPartOf\":{\"@id\":\"https:\/\/niipit.dk\/film-anmeldelser\/#website\"},\"datePublished\":\"2019-12-14T20:45:59+00:00\",\"dateModified\":\"2019-12-14T21:33:22+00:00\",\"description\":\"Indsend anmeldelse - Film anmeldelser hvis du gerne vil have din film anmeldelse offentliggjort p\u00e5 Niipit s\u00e5 er du meget velkommen til at indesende den her.\",\"breadcrumb\":{\"@id\":\"https:\/\/niipit.dk\/film-anmeldelser\/indsend-anmeldelse\/#breadcrumb\"},\"inLanguage\":\"da-DK\",\"potentialAction\":[{\"@type\":\"ReadAction\",\"target\":[\"https:\/\/niipit.dk\/film-anmeldelser\/indsend-anmeldelse\/\"]}]},{\"@type\":\"BreadcrumbList\",\"@id\":\"https:\/\/niipit.dk\/film-anmeldelser\/indsend-anmeldelse\/#breadcrumb\",\"itemListElement\":[{\"@type\":\"ListItem\",\"position\":1,\"name\":\"Hjem\",\"item\":\"https:\/\/niipit.dk\/film-anmeldelser\/\"},{\"@type\":\"ListItem\",\"position\":2,\"name\":\"Indsend anmeldelse\"}]},{\"@type\":\"WebSite\",\"@id\":\"https:\/\/niipit.dk\/film-anmeldelser\/#website\",\"url\":\"https:\/\/niipit.dk\/film-anmeldelser\/\",\"name\":\"Film anmeldelser\",\"description\":\"F\u00e5 din virksomhed p\u00e5 niipit\",\"potentialAction\":[{\"@type\":\"SearchAction\",\"target\":{\"@type\":\"EntryPoint\",\"urlTemplate\":\"https:\/\/niipit.dk\/film-anmeldelser\/?s={search_term_string}\"},\"query-input\":{\"@type\":\"PropertyValueSpecification\",\"valueRequired\":true,\"valueName\":\"search_term_string\"}}],\"inLanguage\":\"da-DK\"}]}<\/script>\n<!-- \/ Yoast SEO Premium plugin. -->","yoast_head_json":{"title":"Indsend anmeldelse - Film anmeldelser - Anmeld selv film eller serie","description":"Indsend anmeldelse - Film anmeldelser hvis du gerne vil have din film anmeldelse offentliggjort p\u00e5 Niipit s\u00e5 er du meget velkommen til at indesende den her.","robots":{"index":"index","follow":"follow","max-snippet":"max-snippet:-1","max-image-preview":"max-image-preview:large","max-video-preview":"max-video-preview:-1"},"canonical":"https:\/\/niipit.dk\/film-anmeldelser\/indsend-anmeldelse\/","og_locale":"da_DK","og_type":"article","og_title":"Indsend anmeldelse - Film anmeldelser - Anmeld selv film eller serie","og_description":"Indsend anmeldelse - Film anmeldelser hvis du gerne vil have din film anmeldelse offentliggjort p\u00e5 Niipit s\u00e5 er du meget velkommen til at indesende den her.","og_url":"https:\/\/niipit.dk\/film-anmeldelser\/indsend-anmeldelse\/","og_site_name":"Film anmeldelser","article_modified_time":"2019-12-14T21:33:22+00:00","og_image":[{"width":1246,"height":782,"url":"https:\/\/niipit.dk\/film-anmeldelser\/wp-content\/uploads\/sites\/369\/2019\/12\/Niipit-5-stjernet-film-anmeldelser.png","type":"image\/png"}],"twitter_card":"summary_large_image","schema":{"@context":"https:\/\/schema.org","@graph":[{"@type":"WebPage","@id":"https:\/\/niipit.dk\/film-anmeldelser\/indsend-anmeldelse\/","url":"https:\/\/niipit.dk\/film-anmeldelser\/indsend-anmeldelse\/","name":"Indsend anmeldelse - Film anmeldelser - Anmeld selv film eller serie","isPartOf":{"@id":"https:\/\/niipit.dk\/film-anmeldelser\/#website"},"datePublished":"2019-12-14T20:45:59+00:00","dateModified":"2019-12-14T21:33:22+00:00","description":"Indsend anmeldelse - Film anmeldelser hvis du gerne vil have din film anmeldelse offentliggjort p\u00e5 Niipit s\u00e5 er du meget velkommen til at indesende den her.","breadcrumb":{"@id":"https:\/\/niipit.dk\/film-anmeldelser\/indsend-anmeldelse\/#breadcrumb"},"inLanguage":"da-DK","potentialAction":[{"@type":"ReadAction","target":["https:\/\/niipit.dk\/film-anmeldelser\/indsend-anmeldelse\/"]}]},{"@type":"BreadcrumbList","@id":"https:\/\/niipit.dk\/film-anmeldelser\/indsend-anmeldelse\/#breadcrumb","itemListElement":[{"@type":"ListItem","position":1,"name":"Hjem","item":"https:\/\/niipit.dk\/film-anmeldelser\/"},{"@type":"ListItem","position":2,"name":"Indsend anmeldelse"}]},{"@type":"WebSite","@id":"https:\/\/niipit.dk\/film-anmeldelser\/#website","url":"https:\/\/niipit.dk\/film-anmeldelser\/","name":"Film anmeldelser","description":"F\u00e5 din virksomhed p\u00e5 niipit","potentialAction":[{"@type":"SearchAction","target":{"@type":"EntryPoint","urlTemplate":"https:\/\/niipit.dk\/film-anmeldelser\/?s={search_term_string}"},"query-input":{"@type":"PropertyValueSpecification","valueRequired":true,"valueName":"search_term_string"}}],"inLanguage":"da-DK"}]}},"_links":{"self":[{"href":"https:\/\/niipit.dk\/film-anmeldelser\/wp-json\/wp\/v2\/pages\/5881","targetHints":{"allow":["GET"]}}],"collection":[{"href":"https:\/\/niipit.dk\/film-anmeldelser\/wp-json\/wp\/v2\/pages"}],"about":[{"href":"https:\/\/niipit.dk\/film-anmeldelser\/wp-json\/wp\/v2\/types\/page"}],"author":[{"embeddable":true,"href":"https:\/\/niipit.dk\/film-anmeldelser\/wp-json\/wp\/v2\/users\/1"}],"replies":[{"embeddable":true,"href":"https:\/\/niipit.dk\/film-anmeldelser\/wp-json\/wp\/v2\/comments?post=5881"}],"version-history":[{"count":0,"href":"https:\/\/niipit.dk\/film-anmeldelser\/wp-json\/wp\/v2\/pages\/5881\/revisions"}],"wp:attachment":[{"href":"https:\/\/niipit.dk\/film-anmeldelser\/wp-json\/wp\/v2\/media?parent=5881"}],"curies":[{"name":"wp","href":"https:\/\/api.w.org\/{rel}","templated":true}]}}