{"id":5064,"date":"2019-05-10T22:29:34","date_gmt":"2019-05-10T20:29:34","guid":{"rendered":"https:\/\/niipit.dk\/erhvervsnetvaerk-shop\/?page_id=5064"},"modified":"2020-12-23T11:21:34","modified_gmt":"2020-12-23T10:21:34","slug":"erhvervsnetvaerk","status":"publish","type":"page","link":"https:\/\/niipit.dk\/erhvervsnetvaerk\/","title":{"rendered":"Find et st\u00e6rkt erhvervsnetv\u00e6rk i din by"},"content":{"rendered":"\n<h2 class=\"wp-block-heading\" id=\"h-find-netv-rk-indenfor-store-og-sm-brancher\"><em>Find netv\u00e6rk indenfor store og sm\u00e5 brancher<\/em><\/h2>\n\n\n\n<p>Leder du efter et netv\u00e6rk du kan deltage i og \u00f8ge din personlige og forretnings\u00adm\u00e6ssige v\u00e6kst? S\u00e5 se med her, for vi har samlet og by opdelt en r\u00e6kke netv\u00e6rk og her kan du finde nye samarbejdspartnere og udvide dit netv\u00e6rk via relevante profiler, som kan hj\u00e6lpe din forretning og dig selv p\u00e5 vej. <\/p>\n\n\n\n<p>Vi arbejder hele tiden p\u00e5 at udvide sitet med flere netv\u00e6rk og herunder finder du et par eksempler p\u00e5 byer med v\u00e6rdifulde erhvervsnetv\u00e6rk:<br><em>&#8211; <a href=\"https:\/\/erhvervsnetvaerk.dk\/erhvervsnetvaerk-faaborg\/\" target=\"_blank\" rel=\"noreferrer noopener\">Netv\u00e6rk i Faaborg<\/a><br>&#8211; <a href=\"https:\/\/erhvervsnetvaerk.dk\/erhvervsnetvaerk-slagelse\/\">Netv\u00e6rk i Slagelse<\/a><\/em><\/p>\n\n\n\n<h3 class=\"wp-block-heading\" id=\"h-n-dvendig-ressource-inden-for-enhver-erhverv\">N\u00f8dvendig ressource inden for enhver erhverv<\/h3>\n\n\n\n<p>Et erhvervsnetv\u00e6rk er en yderst v\u00e6rdifuld og n\u00f8dvendig ressource, men s\u00e6rligt n\u00e5r man har en forretning eller en stilling inden for salg eller ledelse. Ved at skabe relationer er du med til at sprede din viden og inspiration til alles fordel. Det g\u00e6lder i alle brancher.<\/p>\n\n\n\n<p>Kender du et netv\u00e6rk der ikker er med p\u00e5 sitet, s\u00e5 beskriv det i kort tr\u00e6k og send os et link <strong><a href=\"https:\/\/erhvervsnetvaerk.dk\/kontakt-til-redaktionen\/\">her<\/a><\/strong>. Det koster intet.<\/p>\n\n\n\n<div class=\"wp-block-image\"><figure class=\"aligncenter size-large\"><img loading=\"lazy\" decoding=\"async\" width=\"1024\" height=\"427\" src=\"https:\/\/niipit.dk\/erhvervsnetvaerk\/wp-content\/uploads\/sites\/679\/2020\/12\/ERHVERVSnetvaerk-front-1024x427.jpg\" alt=\"erhvervsnetv\u00e6rk netn\u00e6rksgrupper m\u00f8de\" class=\"wp-image-7492\" srcset=\"https:\/\/niipit.dk\/erhvervsnetvaerk\/wp-content\/uploads\/sites\/679\/2020\/12\/ERHVERVSnetvaerk-front-1024x427.jpg 1024w, https:\/\/niipit.dk\/erhvervsnetvaerk\/wp-content\/uploads\/sites\/679\/2020\/12\/ERHVERVSnetvaerk-front-300x125.jpg 300w, https:\/\/niipit.dk\/erhvervsnetvaerk\/wp-content\/uploads\/sites\/679\/2020\/12\/ERHVERVSnetvaerk-front-768x320.jpg 768w, https:\/\/niipit.dk\/erhvervsnetvaerk\/wp-content\/uploads\/sites\/679\/2020\/12\/ERHVERVSnetvaerk-front-600x250.jpg 600w, https:\/\/niipit.dk\/erhvervsnetvaerk\/wp-content\/uploads\/sites\/679\/2020\/12\/ERHVERVSnetvaerk-front.jpg 1200w\" sizes=\"auto, (max-width: 1024px) 100vw, 1024px\" \/><\/figure><\/div>\n","protected":false},"excerpt":{"rendered":"<p>Find netv\u00e6rk indenfor store og sm\u00e5 brancher Leder du efter et netv\u00e6rk du kan deltage i og \u00f8ge din personlige og forretnings\u00adm\u00e6ssige v\u00e6kst? S\u00e5 se med her, for vi har samlet og by opdelt en r\u00e6kke netv\u00e6rk og her kan du finde nye samarbejdspartnere og udvide dit netv\u00e6rk via relevante profiler, som kan hj\u00e6lpe din <a class=\"moretag btn btn-primary\" href=\"https:\/\/niipit.dk\/erhvervsnetvaerk\/\">L\u00e6s mere<\/a><\/p>\n","protected":false},"author":973,"featured_media":7492,"parent":0,"menu_order":0,"comment_status":"closed","ping_status":"closed","template":"frontpagePremium.php","meta":{"_exactmetrics_skip_tracking":false,"_exactmetrics_sitenote_active":false,"_exactmetrics_sitenote_note":"","_exactmetrics_sitenote_category":0,"_monsterinsights_skip_tracking":false,"_monsterinsights_sitenote_active":false,"_monsterinsights_sitenote_note":"","_monsterinsights_sitenote_category":0,"footnotes":""},"class_list":["post-5064","page","type-page","status-publish","has-post-thumbnail","hentry"],"yoast_head":"<!-- This site is optimized with the Yoast SEO Premium plugin v16.3 (Yoast SEO v27.3) - https:\/\/yoast.com\/product\/yoast-seo-premium-wordpress\/ -->\n<title>S\u00f8g inspirerende netv\u00e6rk i din by p\u00e5 Erhvervsnetv\u00e6rk.dk<\/title>\n<meta name=\"description\" content=\"Dit erhverv kan blomstrer med et st\u00e6rkt lokalt netv\u00e6rk. Find by opdelte netv\u00e6rk til inspiration, sparring og nye relationer. Se mere p\u00e5 her.\" \/>\n<meta name=\"robots\" content=\"index, follow, max-snippet:-1, max-image-preview:large, max-video-preview:-1\" \/>\n<link rel=\"canonical\" href=\"http:\/\/niipit.dk\/erhvervsnetvaerk\/\" \/>\n<meta property=\"og:locale\" content=\"da_DK\" \/>\n<meta property=\"og:type\" content=\"article\" \/>\n<meta property=\"og:title\" content=\"S\u00f8g inspirerende netv\u00e6rk i din by p\u00e5 Erhvervsnetv\u00e6rk.dk\" \/>\n<meta property=\"og:description\" content=\"Dit erhverv kan blomstrer med et st\u00e6rkt lokalt netv\u00e6rk. Find by opdelte netv\u00e6rk til inspiration, sparring og nye relationer. Se mere p\u00e5 her.\" \/>\n<meta property=\"og:url\" content=\"http:\/\/niipit.dk\/erhvervsnetvaerk\/\" \/>\n<meta property=\"og:site_name\" content=\"Erhvervsnetv\u00e6rk\" \/>\n<meta property=\"article:modified_time\" content=\"2020-12-23T10:21:34+00:00\" \/>\n<meta property=\"og:image\" content=\"http:\/\/niipit.dk\/erhvervsnetvaerk\/wp-content\/uploads\/sites\/679\/2020\/12\/erhvervsnetvaerk-logo.png\" \/>\n\t<meta property=\"og:image:width\" content=\"1\" \/>\n\t<meta property=\"og:image:height\" content=\"1\" \/>\n\t<meta property=\"og:image:type\" content=\"image\/png\" \/>\n<meta name=\"twitter:card\" content=\"summary_large_image\" \/>\n<meta name=\"twitter:label1\" content=\"Estimeret l\u00e6setid\" \/>\n\t<meta name=\"twitter:data1\" content=\"1 minut\" \/>\n<script type=\"application\/ld+json\" class=\"yoast-schema-graph\">{\"@context\":\"https:\\\/\\\/schema.org\",\"@graph\":[{\"@type\":\"WebPage\",\"@id\":\"http:\\\/\\\/niipit.dk\\\/erhvervsnetvaerk\\\/\",\"url\":\"http:\\\/\\\/niipit.dk\\\/erhvervsnetvaerk\\\/\",\"name\":\"S\u00f8g inspirerende netv\u00e6rk i din by p\u00e5 Erhvervsnetv\u00e6rk.dk\",\"isPartOf\":{\"@id\":\"http:\\\/\\\/niipit.dk\\\/erhvervsnetvaerk\\\/#website\"},\"primaryImageOfPage\":{\"@id\":\"http:\\\/\\\/niipit.dk\\\/erhvervsnetvaerk\\\/#primaryimage\"},\"image\":{\"@id\":\"http:\\\/\\\/niipit.dk\\\/erhvervsnetvaerk\\\/#primaryimage\"},\"thumbnailUrl\":\"https:\\\/\\\/niipit.dk\\\/erhvervsnetvaerk\\\/wp-content\\\/uploads\\\/sites\\\/679\\\/2020\\\/12\\\/ERHVERVSnetvaerk-front.jpg\",\"datePublished\":\"2019-05-10T20:29:34+00:00\",\"dateModified\":\"2020-12-23T10:21:34+00:00\",\"description\":\"Dit erhverv kan blomstrer med et st\u00e6rkt lokalt netv\u00e6rk. Find by opdelte netv\u00e6rk til inspiration, sparring og nye relationer. Se mere p\u00e5 her.\",\"breadcrumb\":{\"@id\":\"http:\\\/\\\/niipit.dk\\\/erhvervsnetvaerk\\\/#breadcrumb\"},\"inLanguage\":\"da-DK\",\"potentialAction\":[{\"@type\":\"ReadAction\",\"target\":[\"http:\\\/\\\/niipit.dk\\\/erhvervsnetvaerk\\\/\"]}]},{\"@type\":\"ImageObject\",\"inLanguage\":\"da-DK\",\"@id\":\"http:\\\/\\\/niipit.dk\\\/erhvervsnetvaerk\\\/#primaryimage\",\"url\":\"https:\\\/\\\/niipit.dk\\\/erhvervsnetvaerk\\\/wp-content\\\/uploads\\\/sites\\\/679\\\/2020\\\/12\\\/ERHVERVSnetvaerk-front.jpg\",\"contentUrl\":\"https:\\\/\\\/niipit.dk\\\/erhvervsnetvaerk\\\/wp-content\\\/uploads\\\/sites\\\/679\\\/2020\\\/12\\\/ERHVERVSnetvaerk-front.jpg\",\"width\":1200,\"height\":500,\"caption\":\"erhvervsnetv\u00e6rk\"},{\"@type\":\"BreadcrumbList\",\"@id\":\"http:\\\/\\\/niipit.dk\\\/erhvervsnetvaerk\\\/#breadcrumb\",\"itemListElement\":[{\"@type\":\"ListItem\",\"position\":1,\"name\":\"Hjem\",\"item\":\"http:\\\/\\\/niipit.dk\\\/erhvervsnetvaerk\\\/\"},{\"@type\":\"ListItem\",\"position\":2,\"name\":\"Find et st\u00e6rkt erhvervsnetv\u00e6rk i din by\"}]},{\"@type\":\"WebSite\",\"@id\":\"http:\\\/\\\/niipit.dk\\\/erhvervsnetvaerk\\\/#website\",\"url\":\"http:\\\/\\\/niipit.dk\\\/erhvervsnetvaerk\\\/\",\"name\":\"Erhvervsnetv\u00e6rk\",\"description\":\"ET ST\u00c6RKT NETV\u00c6RK \",\"potentialAction\":[{\"@type\":\"SearchAction\",\"target\":{\"@type\":\"EntryPoint\",\"urlTemplate\":\"http:\\\/\\\/niipit.dk\\\/erhvervsnetvaerk\\\/?s={search_term_string}\"},\"query-input\":{\"@type\":\"PropertyValueSpecification\",\"valueRequired\":true,\"valueName\":\"search_term_string\"}}],\"inLanguage\":\"da-DK\"}]}<\/script>\n<!-- \/ Yoast SEO Premium plugin. -->","yoast_head_json":{"title":"S\u00f8g inspirerende netv\u00e6rk i din by p\u00e5 Erhvervsnetv\u00e6rk.dk","description":"Dit erhverv kan blomstrer med et st\u00e6rkt lokalt netv\u00e6rk. Find by opdelte netv\u00e6rk til inspiration, sparring og nye relationer. Se mere p\u00e5 her.","robots":{"index":"index","follow":"follow","max-snippet":"max-snippet:-1","max-image-preview":"max-image-preview:large","max-video-preview":"max-video-preview:-1"},"canonical":"http:\/\/niipit.dk\/erhvervsnetvaerk\/","og_locale":"da_DK","og_type":"article","og_title":"S\u00f8g inspirerende netv\u00e6rk i din by p\u00e5 Erhvervsnetv\u00e6rk.dk","og_description":"Dit erhverv kan blomstrer med et st\u00e6rkt lokalt netv\u00e6rk. Find by opdelte netv\u00e6rk til inspiration, sparring og nye relationer. Se mere p\u00e5 her.","og_url":"http:\/\/niipit.dk\/erhvervsnetvaerk\/","og_site_name":"Erhvervsnetv\u00e6rk","article_modified_time":"2020-12-23T10:21:34+00:00","og_image":[{"url":"http:\/\/niipit.dk\/erhvervsnetvaerk\/wp-content\/uploads\/sites\/679\/2020\/12\/erhvervsnetvaerk-logo.png","width":1,"height":1,"type":"image\/png"}],"twitter_card":"summary_large_image","twitter_misc":{"Estimeret l\u00e6setid":"1 minut"},"schema":{"@context":"https:\/\/schema.org","@graph":[{"@type":"WebPage","@id":"http:\/\/niipit.dk\/erhvervsnetvaerk\/","url":"http:\/\/niipit.dk\/erhvervsnetvaerk\/","name":"S\u00f8g inspirerende netv\u00e6rk i din by p\u00e5 Erhvervsnetv\u00e6rk.dk","isPartOf":{"@id":"http:\/\/niipit.dk\/erhvervsnetvaerk\/#website"},"primaryImageOfPage":{"@id":"http:\/\/niipit.dk\/erhvervsnetvaerk\/#primaryimage"},"image":{"@id":"http:\/\/niipit.dk\/erhvervsnetvaerk\/#primaryimage"},"thumbnailUrl":"https:\/\/niipit.dk\/erhvervsnetvaerk\/wp-content\/uploads\/sites\/679\/2020\/12\/ERHVERVSnetvaerk-front.jpg","datePublished":"2019-05-10T20:29:34+00:00","dateModified":"2020-12-23T10:21:34+00:00","description":"Dit erhverv kan blomstrer med et st\u00e6rkt lokalt netv\u00e6rk. Find by opdelte netv\u00e6rk til inspiration, sparring og nye relationer. Se mere p\u00e5 her.","breadcrumb":{"@id":"http:\/\/niipit.dk\/erhvervsnetvaerk\/#breadcrumb"},"inLanguage":"da-DK","potentialAction":[{"@type":"ReadAction","target":["http:\/\/niipit.dk\/erhvervsnetvaerk\/"]}]},{"@type":"ImageObject","inLanguage":"da-DK","@id":"http:\/\/niipit.dk\/erhvervsnetvaerk\/#primaryimage","url":"https:\/\/niipit.dk\/erhvervsnetvaerk\/wp-content\/uploads\/sites\/679\/2020\/12\/ERHVERVSnetvaerk-front.jpg","contentUrl":"https:\/\/niipit.dk\/erhvervsnetvaerk\/wp-content\/uploads\/sites\/679\/2020\/12\/ERHVERVSnetvaerk-front.jpg","width":1200,"height":500,"caption":"erhvervsnetv\u00e6rk"},{"@type":"BreadcrumbList","@id":"http:\/\/niipit.dk\/erhvervsnetvaerk\/#breadcrumb","itemListElement":[{"@type":"ListItem","position":1,"name":"Hjem","item":"http:\/\/niipit.dk\/erhvervsnetvaerk\/"},{"@type":"ListItem","position":2,"name":"Find et st\u00e6rkt erhvervsnetv\u00e6rk i din by"}]},{"@type":"WebSite","@id":"http:\/\/niipit.dk\/erhvervsnetvaerk\/#website","url":"http:\/\/niipit.dk\/erhvervsnetvaerk\/","name":"Erhvervsnetv\u00e6rk","description":"ET ST\u00c6RKT NETV\u00c6RK ","potentialAction":[{"@type":"SearchAction","target":{"@type":"EntryPoint","urlTemplate":"http:\/\/niipit.dk\/erhvervsnetvaerk\/?s={search_term_string}"},"query-input":{"@type":"PropertyValueSpecification","valueRequired":true,"valueName":"search_term_string"}}],"inLanguage":"da-DK"}]}},"_links":{"self":[{"href":"https:\/\/niipit.dk\/erhvervsnetvaerk\/wp-json\/wp\/v2\/pages\/5064","targetHints":{"allow":["GET"]}}],"collection":[{"href":"https:\/\/niipit.dk\/erhvervsnetvaerk\/wp-json\/wp\/v2\/pages"}],"about":[{"href":"https:\/\/niipit.dk\/erhvervsnetvaerk\/wp-json\/wp\/v2\/types\/page"}],"author":[{"embeddable":true,"href":"https:\/\/niipit.dk\/erhvervsnetvaerk\/wp-json\/wp\/v2\/users\/973"}],"replies":[{"embeddable":true,"href":"https:\/\/niipit.dk\/erhvervsnetvaerk\/wp-json\/wp\/v2\/comments?post=5064"}],"version-history":[{"count":16,"href":"https:\/\/niipit.dk\/erhvervsnetvaerk\/wp-json\/wp\/v2\/pages\/5064\/revisions"}],"predecessor-version":[{"id":7520,"href":"https:\/\/niipit.dk\/erhvervsnetvaerk\/wp-json\/wp\/v2\/pages\/5064\/revisions\/7520"}],"wp:featuredmedia":[{"embeddable":true,"href":"https:\/\/niipit.dk\/erhvervsnetvaerk\/wp-json\/wp\/v2\/media\/7492"}],"wp:attachment":[{"href":"https:\/\/niipit.dk\/erhvervsnetvaerk\/wp-json\/wp\/v2\/media?parent=5064"}],"curies":[{"name":"wp","href":"https:\/\/api.w.org\/{rel}","templated":true}]}}