{"id":5064,"date":"2020-03-25T23:20:34","date_gmt":"2020-03-25T22:20:34","guid":{"rendered":"https:\/\/niipit.dk\/englegarn-shop\/?page_id=5064"},"modified":"2020-03-26T08:58:41","modified_gmt":"2020-03-26T07:58:41","slug":"frontpage","status":"publish","type":"page","link":"https:\/\/niipit.dk\/englegarn\/","title":{"rendered":"Forside"},"content":{"rendered":"\n<hr class=\"wp-block-separator\"\/>\n\n\n\n<h2 class=\"wp-block-heading\">Strikkekits, strikkeopskrifter og garn af designer Pernille Cordes <\/h2>\n\n\n\n<p>Jeg er strikke- og h\u00e6kledesigner, forfatter, underviser og indehaver af Englegarn, og jeg br\u00e6nder for mit fag. Jeg br\u00e6nder for den kreative proces, hvor jeg med frie h\u00e6nder og flyvende tanker skaber nye former, \u00e6ndrer p\u00e5 klassiske m\u00f8nstre og tilf\u00f8rer min egen stil. Alt det afspejles i mine designs, hvor s\u00e6rlig min inspiration fra tunesisk h\u00e6kling og moderne skandinavisk stil g\u00e5r igen.<\/p>\n\n\n\n<p>Jeg grundlagde e-handelsbutikken Englegarn tilbage i 2009, og i dag er den vokset til ogs\u00e5 have <a href=\"https:\/\/englegarn.dk\/produkter\/5-garn\/\">eget garnm\u00e6rke<\/a>, ligesom jeg udgiver b\u00f8ger, holder workshops, kurser og vejleder om alt indenfor strik og h\u00e6kling.<\/p>\n","protected":false},"excerpt":{"rendered":"<p>Strikkekits, strikkeopskrifter og garn af designer Pernille Cordes Jeg er strikke- og h\u00e6kledesigner, forfatter, underviser og indehaver af Englegarn, og jeg br\u00e6nder for mit fag. Jeg br\u00e6nder for den kreative proces, hvor jeg med frie h\u00e6nder og flyvende tanker skaber nye former, \u00e6ndrer p\u00e5 klassiske m\u00f8nstre og tilf\u00f8rer min egen stil. Alt det afspejles i <a class=\"moretag btn btn-primary\" href=\"https:\/\/niipit.dk\/englegarn\/\">L\u00e6s mere<\/a><\/p>\n","protected":false},"author":1,"featured_media":0,"parent":0,"menu_order":0,"comment_status":"closed","ping_status":"closed","template":"frontpagePremium.php","meta":{"_exactmetrics_skip_tracking":false,"_exactmetrics_sitenote_active":false,"_exactmetrics_sitenote_note":"","_exactmetrics_sitenote_category":0,"_monsterinsights_skip_tracking":false,"_monsterinsights_sitenote_active":false,"_monsterinsights_sitenote_note":"","_monsterinsights_sitenote_category":0,"footnotes":""},"class_list":["post-5064","page","type-page","status-publish","hentry"],"yoast_head":"<!-- This site is optimized with the Yoast SEO Premium plugin v16.3 (Yoast SEO v27.4) - https:\/\/yoast.com\/product\/yoast-seo-premium-wordpress\/ -->\n<title>Englegarn forhandler b\u00e5de garn, strikkeopskrifter og tilbeh\u00f8r<\/title>\n<meta name=\"description\" content=\"Bedste udvalg inden for garn og strikkeopskrifter \u2502 Englegarn har alt til strik og tunesisk h\u00e6kling \u2502K\u00f8b garn, strikkepinde, h\u00e6klen\u00e5le og tilbeh\u00f8r her \u2794\" \/>\n<meta name=\"robots\" content=\"index, follow, max-snippet:-1, max-image-preview:large, max-video-preview:-1\" \/>\n<link rel=\"canonical\" href=\"https:\/\/niipit.dk\/englegarn\/\" \/>\n<meta property=\"og:locale\" content=\"da_DK\" \/>\n<meta property=\"og:type\" content=\"article\" \/>\n<meta property=\"og:title\" content=\"Englegarn forhandler b\u00e5de garn, strikkeopskrifter og tilbeh\u00f8r\" \/>\n<meta property=\"og:description\" content=\"Bedste udvalg inden for garn og strikkeopskrifter \u2502 Englegarn har alt til strik og tunesisk h\u00e6kling \u2502K\u00f8b garn, strikkepinde, h\u00e6klen\u00e5le og tilbeh\u00f8r her \u2794\" \/>\n<meta property=\"og:url\" content=\"https:\/\/niipit.dk\/englegarn\/\" \/>\n<meta property=\"og:site_name\" content=\"Englegarn\" \/>\n<meta property=\"article:modified_time\" content=\"2020-03-26T07:58:41+00:00\" \/>\n<meta name=\"twitter:card\" content=\"summary_large_image\" \/>\n<meta name=\"twitter:label1\" content=\"Estimeret l\u00e6setid\" \/>\n\t<meta name=\"twitter:data1\" content=\"1 minut\" \/>\n<script type=\"application\/ld+json\" class=\"yoast-schema-graph\">{\"@context\":\"https:\\\/\\\/schema.org\",\"@graph\":[{\"@type\":\"WebPage\",\"@id\":\"https:\\\/\\\/niipit.dk\\\/englegarn\\\/\",\"url\":\"https:\\\/\\\/niipit.dk\\\/englegarn\\\/\",\"name\":\"Englegarn forhandler b\u00e5de garn, strikkeopskrifter og tilbeh\u00f8r\",\"isPartOf\":{\"@id\":\"https:\\\/\\\/niipit.dk\\\/englegarn\\\/#website\"},\"datePublished\":\"2020-03-25T22:20:34+00:00\",\"dateModified\":\"2020-03-26T07:58:41+00:00\",\"description\":\"Bedste udvalg inden for garn og strikkeopskrifter \u2502 Englegarn har alt til strik og tunesisk h\u00e6kling \u2502K\u00f8b garn, strikkepinde, h\u00e6klen\u00e5le og tilbeh\u00f8r her \u2794\",\"breadcrumb\":{\"@id\":\"https:\\\/\\\/niipit.dk\\\/englegarn\\\/#breadcrumb\"},\"inLanguage\":\"da-DK\",\"potentialAction\":[{\"@type\":\"ReadAction\",\"target\":[\"https:\\\/\\\/niipit.dk\\\/englegarn\\\/\"]}]},{\"@type\":\"BreadcrumbList\",\"@id\":\"https:\\\/\\\/niipit.dk\\\/englegarn\\\/#breadcrumb\",\"itemListElement\":[{\"@type\":\"ListItem\",\"position\":1,\"name\":\"Hjem\",\"item\":\"https:\\\/\\\/niipit.dk\\\/englegarn\\\/\"},{\"@type\":\"ListItem\",\"position\":2,\"name\":\"Forside\"}]},{\"@type\":\"WebSite\",\"@id\":\"https:\\\/\\\/niipit.dk\\\/englegarn\\\/#website\",\"url\":\"https:\\\/\\\/niipit.dk\\\/englegarn\\\/\",\"name\":\"Englegarn\",\"description\":\"F\u00e5 din virksomhed p\u00e5 niipit\",\"potentialAction\":[{\"@type\":\"SearchAction\",\"target\":{\"@type\":\"EntryPoint\",\"urlTemplate\":\"https:\\\/\\\/niipit.dk\\\/englegarn\\\/?s={search_term_string}\"},\"query-input\":{\"@type\":\"PropertyValueSpecification\",\"valueRequired\":true,\"valueName\":\"search_term_string\"}}],\"inLanguage\":\"da-DK\"}]}<\/script>\n<!-- \/ Yoast SEO Premium plugin. -->","yoast_head_json":{"title":"Englegarn forhandler b\u00e5de garn, strikkeopskrifter og tilbeh\u00f8r","description":"Bedste udvalg inden for garn og strikkeopskrifter \u2502 Englegarn har alt til strik og tunesisk h\u00e6kling \u2502K\u00f8b garn, strikkepinde, h\u00e6klen\u00e5le og tilbeh\u00f8r her \u2794","robots":{"index":"index","follow":"follow","max-snippet":"max-snippet:-1","max-image-preview":"max-image-preview:large","max-video-preview":"max-video-preview:-1"},"canonical":"https:\/\/niipit.dk\/englegarn\/","og_locale":"da_DK","og_type":"article","og_title":"Englegarn forhandler b\u00e5de garn, strikkeopskrifter og tilbeh\u00f8r","og_description":"Bedste udvalg inden for garn og strikkeopskrifter \u2502 Englegarn har alt til strik og tunesisk h\u00e6kling \u2502K\u00f8b garn, strikkepinde, h\u00e6klen\u00e5le og tilbeh\u00f8r her \u2794","og_url":"https:\/\/niipit.dk\/englegarn\/","og_site_name":"Englegarn","article_modified_time":"2020-03-26T07:58:41+00:00","twitter_card":"summary_large_image","twitter_misc":{"Estimeret l\u00e6setid":"1 minut"},"schema":{"@context":"https:\/\/schema.org","@graph":[{"@type":"WebPage","@id":"https:\/\/niipit.dk\/englegarn\/","url":"https:\/\/niipit.dk\/englegarn\/","name":"Englegarn forhandler b\u00e5de garn, strikkeopskrifter og tilbeh\u00f8r","isPartOf":{"@id":"https:\/\/niipit.dk\/englegarn\/#website"},"datePublished":"2020-03-25T22:20:34+00:00","dateModified":"2020-03-26T07:58:41+00:00","description":"Bedste udvalg inden for garn og strikkeopskrifter \u2502 Englegarn har alt til strik og tunesisk h\u00e6kling \u2502K\u00f8b garn, strikkepinde, h\u00e6klen\u00e5le og tilbeh\u00f8r her \u2794","breadcrumb":{"@id":"https:\/\/niipit.dk\/englegarn\/#breadcrumb"},"inLanguage":"da-DK","potentialAction":[{"@type":"ReadAction","target":["https:\/\/niipit.dk\/englegarn\/"]}]},{"@type":"BreadcrumbList","@id":"https:\/\/niipit.dk\/englegarn\/#breadcrumb","itemListElement":[{"@type":"ListItem","position":1,"name":"Hjem","item":"https:\/\/niipit.dk\/englegarn\/"},{"@type":"ListItem","position":2,"name":"Forside"}]},{"@type":"WebSite","@id":"https:\/\/niipit.dk\/englegarn\/#website","url":"https:\/\/niipit.dk\/englegarn\/","name":"Englegarn","description":"F\u00e5 din virksomhed p\u00e5 niipit","potentialAction":[{"@type":"SearchAction","target":{"@type":"EntryPoint","urlTemplate":"https:\/\/niipit.dk\/englegarn\/?s={search_term_string}"},"query-input":{"@type":"PropertyValueSpecification","valueRequired":true,"valueName":"search_term_string"}}],"inLanguage":"da-DK"}]}},"_links":{"self":[{"href":"https:\/\/niipit.dk\/englegarn\/wp-json\/wp\/v2\/pages\/5064","targetHints":{"allow":["GET"]}}],"collection":[{"href":"https:\/\/niipit.dk\/englegarn\/wp-json\/wp\/v2\/pages"}],"about":[{"href":"https:\/\/niipit.dk\/englegarn\/wp-json\/wp\/v2\/types\/page"}],"author":[{"embeddable":true,"href":"https:\/\/niipit.dk\/englegarn\/wp-json\/wp\/v2\/users\/1"}],"replies":[{"embeddable":true,"href":"https:\/\/niipit.dk\/englegarn\/wp-json\/wp\/v2\/comments?post=5064"}],"version-history":[{"count":0,"href":"https:\/\/niipit.dk\/englegarn\/wp-json\/wp\/v2\/pages\/5064\/revisions"}],"wp:attachment":[{"href":"https:\/\/niipit.dk\/englegarn\/wp-json\/wp\/v2\/media?parent=5064"}],"curies":[{"name":"wp","href":"https:\/\/api.w.org\/{rel}","templated":true}]}}