{"id":5064,"date":"2020-04-10T22:29:34","date_gmt":"2020-04-10T20:29:34","guid":{"rendered":"https:\/\/niipit.dk\/drachmann-arkitekter-shop\/?page_id=5064"},"modified":"2021-04-25T09:11:24","modified_gmt":"2021-04-25T07:11:24","slug":"frontpage","status":"publish","type":"page","link":"https:\/\/niipit.dk\/drachmann-arkitekter\/","title":{"rendered":"Forside"},"content":{"rendered":"\n<hr class=\"wp-block-separator\"\/>\n\n\n\n<h1 class=\"wp-block-heading\" id=\"h-specialister-i-arkitektonisk-betydningsfulde-og-bevaringsv-rdige-bygninger\">Specialister i arkitektonisk betydningsfulde og bevaringsv\u00e6rdige bygninger<\/h1>\n\n\n\n<p>Kirker, arkitekttegnede villaer, specialfremstillede d\u00f8re og vinduer, rigt udsmykkede facader og andre arkitektonisk betydningsfulde og bevaringsv\u00e6rdige bygninger og artefakter kr\u00e6ver s\u00e6rlig opm\u00e6rksomhed, n\u00e5r de skal restaureres, renoveres eller ombygges. Hvis man ikke er forsigtig og n\u00e6nsom under renoveringen, kan det g\u00e5 ud over bygningens v\u00e6rdi og detaljer.<\/p>\n\n\n\n<p>Historiske og fredede bygninger udg\u00f8r en stor v\u00e6rdi i samfundet, da de fort\u00e6ller historie om den tid, de er bygget i. Disse v\u00e6rnes bedst om gennem et stort kendskab til, hvordan man h\u00e5ndterer restaurering af bevaringsv\u00e6rdige bygninger. <a href=\"https:\/\/drachmann-arkitekter.dk\/\" target=\"_blank\" rel=\"noreferrer noopener\">Drachmann Arkitekter<\/a> har gennem tidligere restaureringsprojekter opbygget en stor viden og h\u00e5ndv\u00e6rksm\u00e6ssig erfaring med at bevare og udvikle historiske bygninger. Arkitektfirmaet har eksempelvis v\u00e6ret ansvarlig for rensningen af Marmorkirkens facade og fungeret som husarkitekt for Universitetshuset Lunds vedligeholdelsesarbejde og ombygninger.<\/p>\n\n\n\n<h2 class=\"wp-block-heading\" id=\"h-lad-drachmann-arkitekter-st-for-restaureringen-altid-med-fokus-p-h-ndv-rk-og-detaljering\">Lad Drachmann Arkitekter st\u00e5 for restaureringen \u2013 altid med fokus p\u00e5 h\u00e5ndv\u00e6rk og detaljering<\/h2>\n\n\n\n<p>B\u00e5de private, virksomheder og offentlige organisationer kan have brug for hj\u00e6lp til en restaurering. Som privat kan det v\u00e6re, at man har k\u00f8bt et hus med mange bevaringsv\u00e6rdige detaljer i form af speciald\u00f8re og \u2013vinduer, unikt tilpassede gel\u00e6ndere eller udsmykninger p\u00e5 v\u00e6gge og lofter. S\u00e5danne detaljer kr\u00e6ver ofte mere end h\u00e5ndv\u00e6rksm\u00e6ssig snilde at bevare under en renovering, hvilket Drachmann Arkitekter har ekspertisen til at h\u00e5ndtere.<\/p>\n\n\n\n<p>Som virksomhed eller offentlig organisation kan Drachmann Arkitekter fungere som en professionel, faglig r\u00e5dgiver i forbindelse med en restaurering eller ombygning, men arkitektfirmaet kan ogs\u00e5 varetage alle aspekter af restaureringen fra analysearbejde til udf\u00f8ring. Dette afh\u00e6nger af opgaven.<\/p>\n\n\n\n<p>Med speciale inden for restaurering, konservering og transformation af historiske og bevaringsv\u00e6rdige bygninger tilbyder Drachmann Arkitekter stor forst\u00e5else for det strategiske og h\u00e5ndv\u00e6rksm\u00e6ssige arbejde med den nordiske kulturarv samt en omhyggelig og detaljeret tilgang til opgaven.<\/p>\n","protected":false},"excerpt":{"rendered":"<p>Specialister i arkitektonisk betydningsfulde og bevaringsv\u00e6rdige bygninger Kirker, arkitekttegnede villaer, specialfremstillede d\u00f8re og vinduer, rigt udsmykkede facader og andre arkitektonisk betydningsfulde og bevaringsv\u00e6rdige bygninger og artefakter kr\u00e6ver s\u00e6rlig opm\u00e6rksomhed, n\u00e5r de skal restaureres, renoveres eller ombygges. Hvis man ikke er forsigtig og n\u00e6nsom under renoveringen, kan det g\u00e5 ud over bygningens v\u00e6rdi og detaljer. Historiske <a class=\"moretag btn btn-primary\" href=\"https:\/\/niipit.dk\/drachmann-arkitekter\/\">L\u00e6s mere<\/a><\/p>\n","protected":false},"author":1,"featured_media":0,"parent":0,"menu_order":0,"comment_status":"closed","ping_status":"closed","template":"frontpagePremium.php","meta":{"_exactmetrics_skip_tracking":false,"_exactmetrics_sitenote_active":false,"_exactmetrics_sitenote_note":"","_exactmetrics_sitenote_category":0,"_monsterinsights_skip_tracking":false,"_monsterinsights_sitenote_active":false,"_monsterinsights_sitenote_note":"","_monsterinsights_sitenote_category":0,"footnotes":""},"class_list":["post-5064","page","type-page","status-publish","hentry"],"yoast_head":"<!-- This site is optimized with the Yoast SEO Premium plugin v16.3 (Yoast SEO v27.3) - https:\/\/yoast.com\/product\/yoast-seo-premium-wordpress\/ -->\n<title>L\u00e6s om Drachmann Arkitekter og hvad de kan tilbyde<\/title>\n<meta name=\"description\" content=\"Drachmann Arkitekter blev stiftet i september 2013 af arkitekt MAA Ole Drachmann | L\u00e6s mere om os her p\u00e5 siden\" \/>\n<meta name=\"robots\" content=\"index, follow, max-snippet:-1, max-image-preview:large, max-video-preview:-1\" \/>\n<link rel=\"canonical\" href=\"https:\/\/niipit.dk\/drachmann-arkitekter\/\" \/>\n<meta property=\"og:locale\" content=\"da_DK\" \/>\n<meta property=\"og:type\" content=\"article\" \/>\n<meta property=\"og:title\" content=\"L\u00e6s om Drachmann Arkitekter og hvad de kan tilbyde\" \/>\n<meta property=\"og:description\" content=\"Drachmann Arkitekter blev stiftet i september 2013 af arkitekt MAA Ole Drachmann | L\u00e6s mere om os her p\u00e5 siden\" \/>\n<meta property=\"og:url\" content=\"https:\/\/niipit.dk\/drachmann-arkitekter\/\" \/>\n<meta property=\"og:site_name\" content=\"Drachmann Arkitekter\" \/>\n<meta property=\"article:modified_time\" content=\"2021-04-25T07:11:24+00:00\" \/>\n<meta name=\"twitter:card\" content=\"summary_large_image\" \/>\n<meta name=\"twitter:label1\" content=\"Estimeret l\u00e6setid\" \/>\n\t<meta name=\"twitter:data1\" content=\"2 minutter\" \/>\n<script type=\"application\/ld+json\" class=\"yoast-schema-graph\">{\"@context\":\"https:\\\/\\\/schema.org\",\"@graph\":[{\"@type\":\"WebPage\",\"@id\":\"https:\\\/\\\/niipit.dk\\\/drachmann-arkitekter\\\/\",\"url\":\"https:\\\/\\\/niipit.dk\\\/drachmann-arkitekter\\\/\",\"name\":\"L\u00e6s om Drachmann Arkitekter og hvad de kan tilbyde\",\"isPartOf\":{\"@id\":\"https:\\\/\\\/niipit.dk\\\/drachmann-arkitekter\\\/#website\"},\"datePublished\":\"2020-04-10T20:29:34+00:00\",\"dateModified\":\"2021-04-25T07:11:24+00:00\",\"description\":\"Drachmann Arkitekter blev stiftet i september 2013 af arkitekt MAA Ole Drachmann | L\u00e6s mere om os her p\u00e5 siden\",\"breadcrumb\":{\"@id\":\"https:\\\/\\\/niipit.dk\\\/drachmann-arkitekter\\\/#breadcrumb\"},\"inLanguage\":\"da-DK\",\"potentialAction\":[{\"@type\":\"ReadAction\",\"target\":[\"https:\\\/\\\/niipit.dk\\\/drachmann-arkitekter\\\/\"]}]},{\"@type\":\"BreadcrumbList\",\"@id\":\"https:\\\/\\\/niipit.dk\\\/drachmann-arkitekter\\\/#breadcrumb\",\"itemListElement\":[{\"@type\":\"ListItem\",\"position\":1,\"name\":\"Hjem\",\"item\":\"https:\\\/\\\/niipit.dk\\\/drachmann-arkitekter\\\/\"},{\"@type\":\"ListItem\",\"position\":2,\"name\":\"Forside\"}]},{\"@type\":\"WebSite\",\"@id\":\"https:\\\/\\\/niipit.dk\\\/drachmann-arkitekter\\\/#website\",\"url\":\"https:\\\/\\\/niipit.dk\\\/drachmann-arkitekter\\\/\",\"name\":\"Drachmann Arkitekter\",\"description\":\"Over 40 \u00e5r arbejdet i branchen \",\"potentialAction\":[{\"@type\":\"SearchAction\",\"target\":{\"@type\":\"EntryPoint\",\"urlTemplate\":\"https:\\\/\\\/niipit.dk\\\/drachmann-arkitekter\\\/?s={search_term_string}\"},\"query-input\":{\"@type\":\"PropertyValueSpecification\",\"valueRequired\":true,\"valueName\":\"search_term_string\"}}],\"inLanguage\":\"da-DK\"}]}<\/script>\n<!-- \/ Yoast SEO Premium plugin. -->","yoast_head_json":{"title":"L\u00e6s om Drachmann Arkitekter og hvad de kan tilbyde","description":"Drachmann Arkitekter blev stiftet i september 2013 af arkitekt MAA Ole Drachmann | L\u00e6s mere om os her p\u00e5 siden","robots":{"index":"index","follow":"follow","max-snippet":"max-snippet:-1","max-image-preview":"max-image-preview:large","max-video-preview":"max-video-preview:-1"},"canonical":"https:\/\/niipit.dk\/drachmann-arkitekter\/","og_locale":"da_DK","og_type":"article","og_title":"L\u00e6s om Drachmann Arkitekter og hvad de kan tilbyde","og_description":"Drachmann Arkitekter blev stiftet i september 2013 af arkitekt MAA Ole Drachmann | L\u00e6s mere om os her p\u00e5 siden","og_url":"https:\/\/niipit.dk\/drachmann-arkitekter\/","og_site_name":"Drachmann Arkitekter","article_modified_time":"2021-04-25T07:11:24+00:00","twitter_card":"summary_large_image","twitter_misc":{"Estimeret l\u00e6setid":"2 minutter"},"schema":{"@context":"https:\/\/schema.org","@graph":[{"@type":"WebPage","@id":"https:\/\/niipit.dk\/drachmann-arkitekter\/","url":"https:\/\/niipit.dk\/drachmann-arkitekter\/","name":"L\u00e6s om Drachmann Arkitekter og hvad de kan tilbyde","isPartOf":{"@id":"https:\/\/niipit.dk\/drachmann-arkitekter\/#website"},"datePublished":"2020-04-10T20:29:34+00:00","dateModified":"2021-04-25T07:11:24+00:00","description":"Drachmann Arkitekter blev stiftet i september 2013 af arkitekt MAA Ole Drachmann | L\u00e6s mere om os her p\u00e5 siden","breadcrumb":{"@id":"https:\/\/niipit.dk\/drachmann-arkitekter\/#breadcrumb"},"inLanguage":"da-DK","potentialAction":[{"@type":"ReadAction","target":["https:\/\/niipit.dk\/drachmann-arkitekter\/"]}]},{"@type":"BreadcrumbList","@id":"https:\/\/niipit.dk\/drachmann-arkitekter\/#breadcrumb","itemListElement":[{"@type":"ListItem","position":1,"name":"Hjem","item":"https:\/\/niipit.dk\/drachmann-arkitekter\/"},{"@type":"ListItem","position":2,"name":"Forside"}]},{"@type":"WebSite","@id":"https:\/\/niipit.dk\/drachmann-arkitekter\/#website","url":"https:\/\/niipit.dk\/drachmann-arkitekter\/","name":"Drachmann Arkitekter","description":"Over 40 \u00e5r arbejdet i branchen ","potentialAction":[{"@type":"SearchAction","target":{"@type":"EntryPoint","urlTemplate":"https:\/\/niipit.dk\/drachmann-arkitekter\/?s={search_term_string}"},"query-input":{"@type":"PropertyValueSpecification","valueRequired":true,"valueName":"search_term_string"}}],"inLanguage":"da-DK"}]}},"_links":{"self":[{"href":"https:\/\/niipit.dk\/drachmann-arkitekter\/wp-json\/wp\/v2\/pages\/5064","targetHints":{"allow":["GET"]}}],"collection":[{"href":"https:\/\/niipit.dk\/drachmann-arkitekter\/wp-json\/wp\/v2\/pages"}],"about":[{"href":"https:\/\/niipit.dk\/drachmann-arkitekter\/wp-json\/wp\/v2\/types\/page"}],"author":[{"embeddable":true,"href":"https:\/\/niipit.dk\/drachmann-arkitekter\/wp-json\/wp\/v2\/users\/1"}],"replies":[{"embeddable":true,"href":"https:\/\/niipit.dk\/drachmann-arkitekter\/wp-json\/wp\/v2\/comments?post=5064"}],"version-history":[{"count":1,"href":"https:\/\/niipit.dk\/drachmann-arkitekter\/wp-json\/wp\/v2\/pages\/5064\/revisions"}],"predecessor-version":[{"id":5985,"href":"https:\/\/niipit.dk\/drachmann-arkitekter\/wp-json\/wp\/v2\/pages\/5064\/revisions\/5985"}],"wp:attachment":[{"href":"https:\/\/niipit.dk\/drachmann-arkitekter\/wp-json\/wp\/v2\/media?parent=5064"}],"curies":[{"name":"wp","href":"https:\/\/api.w.org\/{rel}","templated":true}]}}