{"id":5064,"date":"2018-08-10T22:29:34","date_gmt":"2018-08-10T20:29:34","guid":{"rendered":"https:\/\/niipit.dk\/doggies-shop\/?page_id=5064"},"modified":"2019-10-20T01:42:27","modified_gmt":"2019-10-19T23:42:27","slug":"frontpage","status":"publish","type":"page","link":"https:\/\/niipit.dk\/doggies\/","title":{"rendered":"Forside"},"content":{"rendered":"\n<h3 class=\"wp-block-heading\">Doggies<\/h3>\n\n\n\n<h2 class=\"wp-block-heading\">Doggies Kvalitet til din bedste ven<\/h2>\n\n\n\n<p>Hos Doggies kan du k\u00f8be hundefoder fra ESSENTIAL FOOD som er et enest\u00e5ende kornfrit m\u00e5ltid, til voksne hunde af alle racer.&nbsp;<br>M\u00e5ltidet er tilpasset til et normalt aktivitetsniveau samt det f\u00f8lger BOF princippet. Du kan l\u00e6se mere om det p\u00e5 vores <a href=\"https:\/\/www.doggies.dk\/bof\">her<\/a>.<br>Kvaliteten af ingredienserne er, som du kan &amp; skal forvente af ESSTENTIALS, t\u00e5rnh\u00f8j.<br><br>Vores godbidder er ligeledes ogs\u00e5 fra ESSENTIAL FOOD som tilbyder den bedste kvalitet af friske godbidder. Du kan se vores store udvalg <a href=\"https:\/\/www.doggies.dk\/godbidder\">her<\/a>.<br><br>Vi tilbyder et stort udvalg af tilbeh\u00f8r til din hund i den h\u00f8jeste kvalitet fra m\u00e6rker som Labbvenn og Bowl &amp; Bone. <\/p>\n","protected":false},"excerpt":{"rendered":"<p>Doggies Doggies Kvalitet til din bedste ven Hos Doggies kan du k\u00f8be hundefoder fra ESSENTIAL FOOD som er et enest\u00e5ende kornfrit m\u00e5ltid, til voksne hunde af alle racer.&nbsp;M\u00e5ltidet er tilpasset til et normalt aktivitetsniveau samt det f\u00f8lger BOF princippet. Du kan l\u00e6se mere om det p\u00e5 vores her.Kvaliteten af ingredienserne er, som du kan &amp; <a class=\"moretag btn btn-primary\" href=\"https:\/\/niipit.dk\/doggies\/\">L\u00e6s mere<\/a><\/p>\n","protected":false},"author":1031,"featured_media":0,"parent":0,"menu_order":0,"comment_status":"closed","ping_status":"closed","template":"frontpagePremium.php","meta":{"_exactmetrics_skip_tracking":false,"_exactmetrics_sitenote_active":false,"_exactmetrics_sitenote_note":"","_exactmetrics_sitenote_category":0,"_monsterinsights_skip_tracking":false,"_monsterinsights_sitenote_active":false,"_monsterinsights_sitenote_note":"","_monsterinsights_sitenote_category":0,"footnotes":""},"class_list":["post-5064","page","type-page","status-publish","hentry"],"yoast_head":"<!-- This site is optimized with the Yoast SEO Premium plugin v16.3 (Yoast SEO v27.3) - https:\/\/yoast.com\/product\/yoast-seo-premium-wordpress\/ -->\n<title>Doggies Kvalitet til din bedste ven - Niipit find udstyr til din hund<\/title>\n<meta name=\"description\" content=\"Doggies - Bedste sted p\u00e5 nettet n\u00e5r du g\u00e5r efter kvalitet til din hund. Foder og udstyr til din hund, i den bedste kvalitet og design helt i top.\" \/>\n<meta name=\"robots\" content=\"index, follow, max-snippet:-1, max-image-preview:large, max-video-preview:-1\" \/>\n<link rel=\"canonical\" href=\"https:\/\/niipit.dk\/doggies\/\" \/>\n<meta property=\"og:locale\" content=\"da_DK\" \/>\n<meta property=\"og:type\" content=\"article\" \/>\n<meta property=\"og:title\" content=\"Doggies Kvalitet til din bedste ven - Niipit find udstyr til din hund\" \/>\n<meta property=\"og:description\" content=\"Doggies - Bedste sted p\u00e5 nettet n\u00e5r du g\u00e5r efter kvalitet til din hund. Foder og udstyr til din hund, i den bedste kvalitet og design helt i top.\" \/>\n<meta property=\"og:url\" content=\"https:\/\/niipit.dk\/doggies\/\" \/>\n<meta property=\"og:site_name\" content=\"Doggies\" \/>\n<meta property=\"article:modified_time\" content=\"2019-10-19T23:42:27+00:00\" \/>\n<meta name=\"twitter:card\" content=\"summary_large_image\" \/>\n<meta name=\"twitter:label1\" content=\"Estimeret l\u00e6setid\" \/>\n\t<meta name=\"twitter:data1\" content=\"1 minut\" \/>\n<script type=\"application\/ld+json\" class=\"yoast-schema-graph\">{\"@context\":\"https:\\\/\\\/schema.org\",\"@graph\":[{\"@type\":\"WebPage\",\"@id\":\"https:\\\/\\\/niipit.dk\\\/doggies\\\/\",\"url\":\"https:\\\/\\\/niipit.dk\\\/doggies\\\/\",\"name\":\"Doggies Kvalitet til din bedste ven - Niipit find udstyr til din hund\",\"isPartOf\":{\"@id\":\"https:\\\/\\\/niipit.dk\\\/doggies\\\/#website\"},\"datePublished\":\"2018-08-10T20:29:34+00:00\",\"dateModified\":\"2019-10-19T23:42:27+00:00\",\"description\":\"Doggies - Bedste sted p\u00e5 nettet n\u00e5r du g\u00e5r efter kvalitet til din hund. Foder og udstyr til din hund, i den bedste kvalitet og design helt i top.\",\"breadcrumb\":{\"@id\":\"https:\\\/\\\/niipit.dk\\\/doggies\\\/#breadcrumb\"},\"inLanguage\":\"da-DK\",\"potentialAction\":[{\"@type\":\"ReadAction\",\"target\":[\"https:\\\/\\\/niipit.dk\\\/doggies\\\/\"]}]},{\"@type\":\"BreadcrumbList\",\"@id\":\"https:\\\/\\\/niipit.dk\\\/doggies\\\/#breadcrumb\",\"itemListElement\":[{\"@type\":\"ListItem\",\"position\":1,\"name\":\"Hjem\",\"item\":\"https:\\\/\\\/niipit.dk\\\/doggies\\\/\"},{\"@type\":\"ListItem\",\"position\":2,\"name\":\"Forside\"}]},{\"@type\":\"WebSite\",\"@id\":\"https:\\\/\\\/niipit.dk\\\/doggies\\\/#website\",\"url\":\"https:\\\/\\\/niipit.dk\\\/doggies\\\/\",\"name\":\"Doggies\",\"description\":\"KVALITET TIL DIN BEDSTE VEN\",\"potentialAction\":[{\"@type\":\"SearchAction\",\"target\":{\"@type\":\"EntryPoint\",\"urlTemplate\":\"https:\\\/\\\/niipit.dk\\\/doggies\\\/?s={search_term_string}\"},\"query-input\":{\"@type\":\"PropertyValueSpecification\",\"valueRequired\":true,\"valueName\":\"search_term_string\"}}],\"inLanguage\":\"da-DK\"}]}<\/script>\n<!-- \/ Yoast SEO Premium plugin. -->","yoast_head_json":{"title":"Doggies Kvalitet til din bedste ven - Niipit find udstyr til din hund","description":"Doggies - Bedste sted p\u00e5 nettet n\u00e5r du g\u00e5r efter kvalitet til din hund. Foder og udstyr til din hund, i den bedste kvalitet og design helt i top.","robots":{"index":"index","follow":"follow","max-snippet":"max-snippet:-1","max-image-preview":"max-image-preview:large","max-video-preview":"max-video-preview:-1"},"canonical":"https:\/\/niipit.dk\/doggies\/","og_locale":"da_DK","og_type":"article","og_title":"Doggies Kvalitet til din bedste ven - Niipit find udstyr til din hund","og_description":"Doggies - Bedste sted p\u00e5 nettet n\u00e5r du g\u00e5r efter kvalitet til din hund. Foder og udstyr til din hund, i den bedste kvalitet og design helt i top.","og_url":"https:\/\/niipit.dk\/doggies\/","og_site_name":"Doggies","article_modified_time":"2019-10-19T23:42:27+00:00","twitter_card":"summary_large_image","twitter_misc":{"Estimeret l\u00e6setid":"1 minut"},"schema":{"@context":"https:\/\/schema.org","@graph":[{"@type":"WebPage","@id":"https:\/\/niipit.dk\/doggies\/","url":"https:\/\/niipit.dk\/doggies\/","name":"Doggies Kvalitet til din bedste ven - Niipit find udstyr til din hund","isPartOf":{"@id":"https:\/\/niipit.dk\/doggies\/#website"},"datePublished":"2018-08-10T20:29:34+00:00","dateModified":"2019-10-19T23:42:27+00:00","description":"Doggies - Bedste sted p\u00e5 nettet n\u00e5r du g\u00e5r efter kvalitet til din hund. Foder og udstyr til din hund, i den bedste kvalitet og design helt i top.","breadcrumb":{"@id":"https:\/\/niipit.dk\/doggies\/#breadcrumb"},"inLanguage":"da-DK","potentialAction":[{"@type":"ReadAction","target":["https:\/\/niipit.dk\/doggies\/"]}]},{"@type":"BreadcrumbList","@id":"https:\/\/niipit.dk\/doggies\/#breadcrumb","itemListElement":[{"@type":"ListItem","position":1,"name":"Hjem","item":"https:\/\/niipit.dk\/doggies\/"},{"@type":"ListItem","position":2,"name":"Forside"}]},{"@type":"WebSite","@id":"https:\/\/niipit.dk\/doggies\/#website","url":"https:\/\/niipit.dk\/doggies\/","name":"Doggies","description":"KVALITET TIL DIN BEDSTE VEN","potentialAction":[{"@type":"SearchAction","target":{"@type":"EntryPoint","urlTemplate":"https:\/\/niipit.dk\/doggies\/?s={search_term_string}"},"query-input":{"@type":"PropertyValueSpecification","valueRequired":true,"valueName":"search_term_string"}}],"inLanguage":"da-DK"}]}},"_links":{"self":[{"href":"https:\/\/niipit.dk\/doggies\/wp-json\/wp\/v2\/pages\/5064","targetHints":{"allow":["GET"]}}],"collection":[{"href":"https:\/\/niipit.dk\/doggies\/wp-json\/wp\/v2\/pages"}],"about":[{"href":"https:\/\/niipit.dk\/doggies\/wp-json\/wp\/v2\/types\/page"}],"author":[{"embeddable":true,"href":"https:\/\/niipit.dk\/doggies\/wp-json\/wp\/v2\/users\/1031"}],"replies":[{"embeddable":true,"href":"https:\/\/niipit.dk\/doggies\/wp-json\/wp\/v2\/comments?post=5064"}],"version-history":[{"count":0,"href":"https:\/\/niipit.dk\/doggies\/wp-json\/wp\/v2\/pages\/5064\/revisions"}],"wp:attachment":[{"href":"https:\/\/niipit.dk\/doggies\/wp-json\/wp\/v2\/media?parent=5064"}],"curies":[{"name":"wp","href":"https:\/\/api.w.org\/{rel}","templated":true}]}}