{"id":5064,"date":"2020-04-10T22:29:34","date_gmt":"2020-04-10T20:29:34","guid":{"rendered":"https:\/\/niipit.dk\/dinboli-shop\/?page_id=5064"},"modified":"2020-12-22T16:27:20","modified_gmt":"2020-12-22T15:27:20","slug":"frontpage","status":"publish","type":"page","link":"https:\/\/niipit.dk\/dinboli\/","title":{"rendered":"Forside"},"content":{"rendered":"\n<hr class=\"wp-block-separator\"\/>\n\n\n\n<h1 class=\"wp-block-heading\" id=\"h-dinboli-bygger-dr-mmehuse-med-ordentlighed-f-llesskab-og-benhed\">DinBOLI bygger dr\u00f8mmehuse med ordentlighed, f\u00e6llesskab og \u00e5benhed<\/h1>\n\n\n\n<h2 class=\"wp-block-heading\" id=\"h-v-lg-dinboli-som-byggefirma-og-f-et-byggehold-i-topklasse\">V\u00e6lg DinBOLI som byggefirma, og f\u00e5 et byggehold i topklasse<\/h2>\n\n\n\n<p>Hvis du \u00f8nsker at samarbejde med et erfarent byggefirma, hvor v\u00e6rdierne er i orden, b\u00f8r du v\u00e6lge <a href=\"https:\/\/www.dinboli.dk\/\" target=\"_blank\" rel=\"noreferrer noopener\">DinBOLI<\/a>. Deres hoves\u00e6de ligger i Galten \u2013 midt mellem Skanderborg og Silkeborg \u2013 og de er eksperter i udstykning af grunde, projektbyggeri og nybyggeri i omr\u00e5det omkring s\u00f8h\u00f8jlandet.<\/p>\n\n\n\n<p>Hos DinBOLI er du sikker p\u00e5 at m\u00f8de et hold best\u00e5ende af mange fagspecialiteter, der alle v\u00e6gter ordentlighed, \u00e5benhed og f\u00e6llesskab. Det er din garanti for et team, hvor samarbejdsevnerne er i top, og kundedialogen bliver prioriteret h\u00f8jt.<\/p>\n\n\n\n<h3 class=\"wp-block-heading\" id=\"h-nybyggeri-alt-fra-sm-r-kkehuse-til-store-villaer\">Nybyggeri \u2013 alt fra sm\u00e5 r\u00e6kkehuse til store villaer<\/h3>\n\n\n\n<p>Hos DinBOLI har de mange \u00e5rs erfaring i at tilpasse typehuse, s\u00e5 de passer til lige netop dine boligdr\u00f8mme. De har en lang r\u00e6kke typehus plantegninger, der b\u00e5de kommer omkring l\u00e6ngehuse, forskudte l\u00e6ngehuse, vinkelhuse, toplanshuse og funkishuse. Disse plantegninger kan du lade dig inspirere af, inden du m\u00f8des med DinBOLIs team, hvorefter tegningerne til dit dr\u00f8mmehus bliver skitseret.<\/p>\n\n\n\n<h3 class=\"wp-block-heading\" id=\"h-projektbyggerier-omkring-s-h-jlandet\">Projektbyggerier omkring s\u00f8h\u00f8jlandet<\/h3>\n\n\n\n<p>S\u00f8h\u00f8jlandet er bestemt en af Jyllands perler. Landskabet bugter sig i bakker, s\u00f8er og skove, og allerh\u00f8jest kan du spotte Danmarks k\u00e6mpe, Himmelbjerget, hvorfra du kan opleve en formidabel udsigt. I og omkring s\u00f8h\u00f8jlandet er der rigeligt med aktiviteter for dig, der elsker udend\u00f8rslivet. Samtidigt er det t\u00e6t p\u00e5 nogle af Jyllands mest charmerende byer, herunder Silkeborg, Skanderborg og Aarhus. Hos DinBOLI er de eksperter i netop s\u00f8h\u00f8jlandet og har en lang r\u00e6kke projektbyggerier i \u00d8stjylland. S\u00e5 hvis du overvejer at sl\u00e5 r\u00f8dder der, er dette byggefirmaet for dig.<\/p>\n","protected":false},"excerpt":{"rendered":"<p>DinBOLI bygger dr\u00f8mmehuse med ordentlighed, f\u00e6llesskab og \u00e5benhed V\u00e6lg DinBOLI som byggefirma, og f\u00e5 et byggehold i topklasse Hvis du \u00f8nsker at samarbejde med et erfarent byggefirma, hvor v\u00e6rdierne er i orden, b\u00f8r du v\u00e6lge DinBOLI. Deres hoves\u00e6de ligger i Galten \u2013 midt mellem Skanderborg og Silkeborg \u2013 og de er eksperter i udstykning af <a class=\"moretag btn btn-primary\" href=\"https:\/\/niipit.dk\/dinboli\/\">L\u00e6s mere<\/a><\/p>\n","protected":false},"author":1,"featured_media":0,"parent":0,"menu_order":0,"comment_status":"closed","ping_status":"closed","template":"frontpagePremium.php","meta":{"_exactmetrics_skip_tracking":false,"_exactmetrics_sitenote_active":false,"_exactmetrics_sitenote_note":"","_exactmetrics_sitenote_category":0,"_monsterinsights_skip_tracking":false,"_monsterinsights_sitenote_active":false,"_monsterinsights_sitenote_note":"","_monsterinsights_sitenote_category":0,"footnotes":""},"class_list":["post-5064","page","type-page","status-publish","hentry"],"yoast_head":"<!-- This site is optimized with the Yoast SEO Premium plugin v16.3 (Yoast SEO v27.3) - https:\/\/yoast.com\/product\/yoast-seo-premium-wordpress\/ -->\n<title>dinBoli | Byggefirma i midtjylland - N\u00e5r du g\u00e5r efter kvalitet<\/title>\n<meta name=\"description\" content=\"Hos dinBoli laver vi plantegninger, 2 plan huse og forskudt l\u00e6nge, r\u00e6kkehuse og m.m. Bes\u00f8g os lige her hvis du g\u00e5r i byggetanker\" \/>\n<meta name=\"robots\" content=\"index, follow, max-snippet:-1, max-image-preview:large, max-video-preview:-1\" \/>\n<link rel=\"canonical\" href=\"https:\/\/niipit.dk\/dinboli\/\" \/>\n<meta property=\"og:locale\" content=\"da_DK\" \/>\n<meta property=\"og:type\" content=\"article\" \/>\n<meta property=\"og:title\" content=\"dinBoli | Byggefirma i midtjylland - N\u00e5r du g\u00e5r efter kvalitet\" \/>\n<meta property=\"og:description\" content=\"Hos dinBoli laver vi plantegninger, 2 plan huse og forskudt l\u00e6nge, r\u00e6kkehuse og m.m. Bes\u00f8g os lige her hvis du g\u00e5r i byggetanker\" \/>\n<meta property=\"og:url\" content=\"https:\/\/niipit.dk\/dinboli\/\" \/>\n<meta property=\"og:site_name\" content=\"dinboli\" \/>\n<meta property=\"article:modified_time\" content=\"2020-12-22T15:27:20+00:00\" \/>\n<meta name=\"twitter:card\" content=\"summary_large_image\" \/>\n<meta name=\"twitter:label1\" content=\"Estimeret l\u00e6setid\" \/>\n\t<meta name=\"twitter:data1\" content=\"1 minut\" \/>\n<script type=\"application\/ld+json\" class=\"yoast-schema-graph\">{\"@context\":\"https:\\\/\\\/schema.org\",\"@graph\":[{\"@type\":\"WebPage\",\"@id\":\"https:\\\/\\\/niipit.dk\\\/dinboli\\\/\",\"url\":\"https:\\\/\\\/niipit.dk\\\/dinboli\\\/\",\"name\":\"dinBoli | Byggefirma i midtjylland - N\u00e5r du g\u00e5r efter kvalitet\",\"isPartOf\":{\"@id\":\"https:\\\/\\\/niipit.dk\\\/dinboli\\\/#website\"},\"datePublished\":\"2020-04-10T20:29:34+00:00\",\"dateModified\":\"2020-12-22T15:27:20+00:00\",\"description\":\"Hos dinBoli laver vi plantegninger, 2 plan huse og forskudt l\u00e6nge, r\u00e6kkehuse og m.m. Bes\u00f8g os lige her hvis du g\u00e5r i byggetanker\",\"breadcrumb\":{\"@id\":\"https:\\\/\\\/niipit.dk\\\/dinboli\\\/#breadcrumb\"},\"inLanguage\":\"da-DK\",\"potentialAction\":[{\"@type\":\"ReadAction\",\"target\":[\"https:\\\/\\\/niipit.dk\\\/dinboli\\\/\"]}]},{\"@type\":\"BreadcrumbList\",\"@id\":\"https:\\\/\\\/niipit.dk\\\/dinboli\\\/#breadcrumb\",\"itemListElement\":[{\"@type\":\"ListItem\",\"position\":1,\"name\":\"Hjem\",\"item\":\"https:\\\/\\\/niipit.dk\\\/dinboli\\\/\"},{\"@type\":\"ListItem\",\"position\":2,\"name\":\"Forside\"}]},{\"@type\":\"WebSite\",\"@id\":\"https:\\\/\\\/niipit.dk\\\/dinboli\\\/#website\",\"url\":\"https:\\\/\\\/niipit.dk\\\/dinboli\\\/\",\"name\":\"dinboli\",\"description\":\"Din boligdr\u00f8m\",\"potentialAction\":[{\"@type\":\"SearchAction\",\"target\":{\"@type\":\"EntryPoint\",\"urlTemplate\":\"https:\\\/\\\/niipit.dk\\\/dinboli\\\/?s={search_term_string}\"},\"query-input\":{\"@type\":\"PropertyValueSpecification\",\"valueRequired\":true,\"valueName\":\"search_term_string\"}}],\"inLanguage\":\"da-DK\"}]}<\/script>\n<!-- \/ Yoast SEO Premium plugin. -->","yoast_head_json":{"title":"dinBoli | Byggefirma i midtjylland - N\u00e5r du g\u00e5r efter kvalitet","description":"Hos dinBoli laver vi plantegninger, 2 plan huse og forskudt l\u00e6nge, r\u00e6kkehuse og m.m. Bes\u00f8g os lige her hvis du g\u00e5r i byggetanker","robots":{"index":"index","follow":"follow","max-snippet":"max-snippet:-1","max-image-preview":"max-image-preview:large","max-video-preview":"max-video-preview:-1"},"canonical":"https:\/\/niipit.dk\/dinboli\/","og_locale":"da_DK","og_type":"article","og_title":"dinBoli | Byggefirma i midtjylland - N\u00e5r du g\u00e5r efter kvalitet","og_description":"Hos dinBoli laver vi plantegninger, 2 plan huse og forskudt l\u00e6nge, r\u00e6kkehuse og m.m. Bes\u00f8g os lige her hvis du g\u00e5r i byggetanker","og_url":"https:\/\/niipit.dk\/dinboli\/","og_site_name":"dinboli","article_modified_time":"2020-12-22T15:27:20+00:00","twitter_card":"summary_large_image","twitter_misc":{"Estimeret l\u00e6setid":"1 minut"},"schema":{"@context":"https:\/\/schema.org","@graph":[{"@type":"WebPage","@id":"https:\/\/niipit.dk\/dinboli\/","url":"https:\/\/niipit.dk\/dinboli\/","name":"dinBoli | Byggefirma i midtjylland - N\u00e5r du g\u00e5r efter kvalitet","isPartOf":{"@id":"https:\/\/niipit.dk\/dinboli\/#website"},"datePublished":"2020-04-10T20:29:34+00:00","dateModified":"2020-12-22T15:27:20+00:00","description":"Hos dinBoli laver vi plantegninger, 2 plan huse og forskudt l\u00e6nge, r\u00e6kkehuse og m.m. Bes\u00f8g os lige her hvis du g\u00e5r i byggetanker","breadcrumb":{"@id":"https:\/\/niipit.dk\/dinboli\/#breadcrumb"},"inLanguage":"da-DK","potentialAction":[{"@type":"ReadAction","target":["https:\/\/niipit.dk\/dinboli\/"]}]},{"@type":"BreadcrumbList","@id":"https:\/\/niipit.dk\/dinboli\/#breadcrumb","itemListElement":[{"@type":"ListItem","position":1,"name":"Hjem","item":"https:\/\/niipit.dk\/dinboli\/"},{"@type":"ListItem","position":2,"name":"Forside"}]},{"@type":"WebSite","@id":"https:\/\/niipit.dk\/dinboli\/#website","url":"https:\/\/niipit.dk\/dinboli\/","name":"dinboli","description":"Din boligdr\u00f8m","potentialAction":[{"@type":"SearchAction","target":{"@type":"EntryPoint","urlTemplate":"https:\/\/niipit.dk\/dinboli\/?s={search_term_string}"},"query-input":{"@type":"PropertyValueSpecification","valueRequired":true,"valueName":"search_term_string"}}],"inLanguage":"da-DK"}]}},"_links":{"self":[{"href":"https:\/\/niipit.dk\/dinboli\/wp-json\/wp\/v2\/pages\/5064","targetHints":{"allow":["GET"]}}],"collection":[{"href":"https:\/\/niipit.dk\/dinboli\/wp-json\/wp\/v2\/pages"}],"about":[{"href":"https:\/\/niipit.dk\/dinboli\/wp-json\/wp\/v2\/types\/page"}],"author":[{"embeddable":true,"href":"https:\/\/niipit.dk\/dinboli\/wp-json\/wp\/v2\/users\/1"}],"replies":[{"embeddable":true,"href":"https:\/\/niipit.dk\/dinboli\/wp-json\/wp\/v2\/comments?post=5064"}],"version-history":[{"count":2,"href":"https:\/\/niipit.dk\/dinboli\/wp-json\/wp\/v2\/pages\/5064\/revisions"}],"predecessor-version":[{"id":5985,"href":"https:\/\/niipit.dk\/dinboli\/wp-json\/wp\/v2\/pages\/5064\/revisions\/5985"}],"wp:attachment":[{"href":"https:\/\/niipit.dk\/dinboli\/wp-json\/wp\/v2\/media?parent=5064"}],"curies":[{"name":"wp","href":"https:\/\/api.w.org\/{rel}","templated":true}]}}