{"id":5708,"date":"2019-05-13T18:07:51","date_gmt":"2019-05-13T16:07:51","guid":{"rendered":"https:\/\/niipit.dk\/digura-\/?page_id=5708"},"modified":"2020-01-19T10:52:38","modified_gmt":"2020-01-19T09:52:38","slug":"video","status":"publish","type":"page","link":"https:\/\/niipit.dk\/diguradk\/video\/","title":{"rendered":"Video"},"content":{"rendered":"\n<figure class=\"wp-block-embed-youtube wp-block-embed is-type-video is-provider-youtube wp-embed-aspect-16-9 wp-has-aspect-ratio\"><div class=\"wp-block-embed__wrapper\">\n<iframe loading=\"lazy\" title=\"DIGURA - Har du problemer med din udlejer?\" width=\"1170\" height=\"658\" src=\"https:\/\/www.youtube.com\/embed\/rqCUV1S5m7c?feature=oembed\" frameborder=\"0\" allow=\"accelerometer; autoplay; clipboard-write; encrypted-media; gyroscope; picture-in-picture\" allowfullscreen><\/iframe>\n<\/div><figcaption>Har du problemer med din udlejer?<\/figcaption><\/figure>\n\n\n\n<figure class=\"wp-block-embed-youtube wp-block-embed is-type-video is-provider-youtube wp-embed-aspect-16-9 wp-has-aspect-ratio\"><div class=\"wp-block-embed__wrapper\">\n<iframe loading=\"lazy\" title=\"DIGURA - Hvad kan vi hj\u00e6lpe dig med?\" width=\"1170\" height=\"658\" src=\"https:\/\/www.youtube.com\/embed\/eCG4U7D3AHg?feature=oembed\" frameborder=\"0\" allow=\"accelerometer; autoplay; clipboard-write; encrypted-media; gyroscope; picture-in-picture\" allowfullscreen><\/iframe>\n<\/div><figcaption>Hvad kan Digura hj\u00e6lpe dig med?<\/figcaption><\/figure>\n\n\n\n<figure class=\"wp-block-embed-youtube wp-block-embed is-type-video is-provider-youtube wp-embed-aspect-16-9 wp-has-aspect-ratio\"><div class=\"wp-block-embed__wrapper\">\n<iframe loading=\"lazy\" title=\"DIGURA - Har du f\u00e5et en efterregning p\u00e5 forbrug?\" width=\"1170\" height=\"658\" src=\"https:\/\/www.youtube.com\/embed\/nG_XiXvS6dg?feature=oembed\" frameborder=\"0\" allow=\"accelerometer; autoplay; clipboard-write; encrypted-media; gyroscope; picture-in-picture\" allowfullscreen><\/iframe>\n<\/div><figcaption>Har du f\u00e5et en efterregning p\u00e5 for meget forbrug?<\/figcaption><\/figure>\n\n\n\n<figure class=\"wp-block-embed-youtube wp-block-embed is-type-video is-provider-youtube wp-embed-aspect-16-9 wp-has-aspect-ratio\"><div class=\"wp-block-embed__wrapper\">\n<iframe loading=\"lazy\" title=\"DIGURA - Alt du b\u00f8r vide om et forbrugsregnskab\" width=\"1170\" height=\"658\" src=\"https:\/\/www.youtube.com\/embed\/K8xGRiiMmSw?feature=oembed\" frameborder=\"0\" allow=\"accelerometer; autoplay; clipboard-write; encrypted-media; gyroscope; picture-in-picture\" allowfullscreen><\/iframe>\n<\/div><figcaption>Alt du b\u00f8r vide om et forbrugsregnskab.<\/figcaption><\/figure>\n\n\n\n<figure class=\"wp-block-embed-youtube wp-block-embed is-type-video is-provider-youtube wp-embed-aspect-16-9 wp-has-aspect-ratio\"><div class=\"wp-block-embed__wrapper\">\n<iframe loading=\"lazy\" title=\"DIGURA - Skal du fraflytte dit lejem\u00e5l?\" width=\"1170\" height=\"658\" src=\"https:\/\/www.youtube.com\/embed\/4M7hyPwiGpA?feature=oembed\" frameborder=\"0\" allow=\"accelerometer; autoplay; clipboard-write; encrypted-media; gyroscope; picture-in-picture\" allowfullscreen><\/iframe>\n<\/div><figcaption>Skal du fraflytte dit lejem\u00e5l?<\/figcaption><\/figure>\n\n\n\n<figure class=\"wp-block-embed-youtube wp-block-embed is-type-video is-provider-youtube wp-embed-aspect-16-9 wp-has-aspect-ratio\"><div class=\"wp-block-embed__wrapper\">\n<iframe loading=\"lazy\" title=\"DIGURA - Hvad skal du v\u00e6re opm\u00e6rksom ved til fraflytningssynet?\" width=\"1170\" height=\"658\" src=\"https:\/\/www.youtube.com\/embed\/MIo1SSMTHts?feature=oembed\" frameborder=\"0\" allow=\"accelerometer; autoplay; clipboard-write; encrypted-media; gyroscope; picture-in-picture\" allowfullscreen><\/iframe>\n<\/div><figcaption>Hvad du skal v\u00e6re opm\u00e6rksom p\u00e5 ved fraflytning?<\/figcaption><\/figure>\n\n\n\n<figure class=\"wp-block-embed-youtube wp-block-embed is-type-video is-provider-youtube wp-embed-aspect-16-9 wp-has-aspect-ratio\"><div class=\"wp-block-embed__wrapper\">\n<iframe loading=\"lazy\" title=\"DIGURA - Undg\u00e5 at blive snydt i fraflytningsopg\u00f8relsen!\" width=\"1170\" height=\"658\" src=\"https:\/\/www.youtube.com\/embed\/hw108OoOCPs?feature=oembed\" frameborder=\"0\" allow=\"accelerometer; autoplay; clipboard-write; encrypted-media; gyroscope; picture-in-picture\" allowfullscreen><\/iframe>\n<\/div><figcaption>Undg\u00e5 at blive snydt n\u00e5r du fraflytter<\/figcaption><\/figure>\n\n\n\n<figure class=\"wp-block-embed-youtube wp-block-embed is-type-video is-provider-youtube wp-embed-aspect-16-9 wp-has-aspect-ratio\"><div class=\"wp-block-embed__wrapper\">\n<iframe loading=\"lazy\" title=\"DIGURA - Bliver du snydt i din fraflytningsrapport?\" width=\"1170\" height=\"658\" src=\"https:\/\/www.youtube.com\/embed\/kzSvDANzcMk?feature=oembed\" frameborder=\"0\" allow=\"accelerometer; autoplay; clipboard-write; encrypted-media; gyroscope; picture-in-picture\" allowfullscreen><\/iframe>\n<\/div><figcaption>Bliver du snydt i din fraflytninsrapport?<\/figcaption><\/figure>\n\n\n\n<figure class=\"wp-block-embed-youtube wp-block-embed is-type-video is-provider-youtube wp-embed-aspect-16-9 wp-has-aspect-ratio\"><div class=\"wp-block-embed__wrapper\">\n<iframe loading=\"lazy\" title=\"DIGURA - Betaler du for meget i husleje?\" width=\"1170\" height=\"658\" src=\"https:\/\/www.youtube.com\/embed\/94N5ljjeVeA?feature=oembed\" frameborder=\"0\" allow=\"accelerometer; autoplay; clipboard-write; encrypted-media; gyroscope; picture-in-picture\" allowfullscreen><\/iframe>\n<\/div><figcaption>Betaler du formeget i husleje?<\/figcaption><\/figure>\n\n\n\n<figure class=\"wp-block-embed-youtube wp-block-embed is-type-video is-provider-youtube wp-embed-aspect-16-9 wp-has-aspect-ratio\"><div class=\"wp-block-embed__wrapper\">\n<iframe loading=\"lazy\" title=\"DIGURA - Er du blevet opsagt af din udlejer?\" width=\"1170\" height=\"658\" src=\"https:\/\/www.youtube.com\/embed\/ugvZQGbpBU8?feature=oembed\" frameborder=\"0\" allow=\"accelerometer; autoplay; clipboard-write; encrypted-media; gyroscope; picture-in-picture\" allowfullscreen><\/iframe>\n<\/div><figcaption>Er du blevet opsagt af din udlejer?<\/figcaption><\/figure>\n\n\n\n<figure class=\"wp-block-embed-youtube wp-block-embed is-type-video is-provider-youtube wp-embed-aspect-16-9 wp-has-aspect-ratio\"><div class=\"wp-block-embed__wrapper\">\n<iframe loading=\"lazy\" title=\"DIGURA - Betaler du a conto?\" width=\"1170\" height=\"658\" src=\"https:\/\/www.youtube.com\/embed\/EW5CaCY-bK0?feature=oembed\" frameborder=\"0\" allow=\"accelerometer; autoplay; clipboard-write; encrypted-media; gyroscope; picture-in-picture\" allowfullscreen><\/iframe>\n<\/div><figcaption>Betaler du a conto?<\/figcaption><\/figure>\n\n\n\n<figure class=\"wp-block-embed-youtube wp-block-embed is-type-video is-provider-youtube wp-embed-aspect-16-9 wp-has-aspect-ratio\"><div class=\"wp-block-embed__wrapper\">\n<iframe loading=\"lazy\" title=\"DIGURA - Alt du skal vide om skimmelsvamp!\" width=\"1170\" height=\"658\" src=\"https:\/\/www.youtube.com\/embed\/J-F3jCpTOCA?feature=oembed\" frameborder=\"0\" allow=\"accelerometer; autoplay; clipboard-write; encrypted-media; gyroscope; picture-in-picture\" allowfullscreen><\/iframe>\n<\/div><figcaption>Alt hvad du skal vide om skimmelsvamp<\/figcaption><\/figure>\n\n\n\n<figure class=\"wp-block-embed-youtube wp-block-embed is-type-video is-provider-youtube wp-embed-aspect-16-9 wp-has-aspect-ratio\"><div class=\"wp-block-embed__wrapper\">\n<iframe loading=\"lazy\" title=\"DIGURA - Did you just move out of your rental?\" width=\"1170\" height=\"658\" src=\"https:\/\/www.youtube.com\/embed\/YboODQM9WXg?feature=oembed\" frameborder=\"0\" allow=\"accelerometer; autoplay; clipboard-write; encrypted-media; gyroscope; picture-in-picture\" allowfullscreen><\/iframe>\n<\/div><figcaption>Did you just move out of you rental?<\/figcaption><\/figure>\n\n\n\n<figure class=\"wp-block-embed-youtube wp-block-embed is-type-video is-provider-youtube wp-embed-aspect-16-9 wp-has-aspect-ratio\"><div class=\"wp-block-embed__wrapper\">\n<iframe loading=\"lazy\" title=\"DIGURA - Are you being scammed by your landlord?\" width=\"1170\" height=\"658\" src=\"https:\/\/www.youtube.com\/embed\/lhQ2u5yE5oI?feature=oembed\" frameborder=\"0\" allow=\"accelerometer; autoplay; clipboard-write; encrypted-media; gyroscope; picture-in-picture\" allowfullscreen><\/iframe>\n<\/div><figcaption>Are you being scammed by your landlord?<\/figcaption><\/figure>\n\n\n\n<figure class=\"wp-block-embed-youtube wp-block-embed is-type-video is-provider-youtube wp-embed-aspect-16-9 wp-has-aspect-ratio\"><div class=\"wp-block-embed__wrapper\">\n<iframe loading=\"lazy\" title=\"DIGURA - Are you paying too much in rent?\" width=\"1170\" height=\"658\" src=\"https:\/\/www.youtube.com\/embed\/yaJNs5XJKCQ?feature=oembed\" frameborder=\"0\" allow=\"accelerometer; autoplay; clipboard-write; encrypted-media; gyroscope; picture-in-picture\" allowfullscreen><\/iframe>\n<\/div><figcaption>Are you paying to much in rent?<\/figcaption><\/figure>\n\n\n\n<figure class=\"wp-block-embed-youtube wp-block-embed is-type-video is-provider-youtube wp-embed-aspect-16-9 wp-has-aspect-ratio\"><div class=\"wp-block-embed__wrapper\">\n<iframe loading=\"lazy\" title=\"DIGURA - Problems of international tenants\" width=\"1170\" height=\"658\" src=\"https:\/\/www.youtube.com\/embed\/M2T1s9bEWAM?feature=oembed\" frameborder=\"0\" allow=\"accelerometer; autoplay; clipboard-write; encrypted-media; gyroscope; picture-in-picture\" allowfullscreen><\/iframe>\n<\/div><figcaption>Problems of international tenants<\/figcaption><\/figure>\n","protected":false},"excerpt":{"rendered":"","protected":false},"author":1,"featured_media":0,"parent":0,"menu_order":0,"comment_status":"closed","ping_status":"closed","template":"","meta":{"_exactmetrics_skip_tracking":false,"_exactmetrics_sitenote_active":false,"_exactmetrics_sitenote_note":"","_exactmetrics_sitenote_category":0,"_monsterinsights_skip_tracking":false,"_monsterinsights_sitenote_active":false,"_monsterinsights_sitenote_note":"","_monsterinsights_sitenote_category":0,"footnotes":""},"class_list":["post-5708","page","type-page","status-publish","hentry"],"yoast_head":"<!-- This site is optimized with the Yoast SEO Premium plugin v16.3 (Yoast SEO v27.3) - https:\/\/yoast.com\/product\/yoast-seo-premium-wordpress\/ -->\n<title>Video - Se film fra Digura p\u00e5 vores Niipit Virksomhedsprofil<\/title>\n<meta name=\"description\" content=\"Video omr\u00e5det fra Digura viser dig nogle af vores bedste varer - se med her og blive klogere p\u00e5 hvem Digura er og hvordan vi kan hj\u00e6lpe dig\" \/>\n<meta name=\"robots\" content=\"index, follow, max-snippet:-1, max-image-preview:large, max-video-preview:-1\" \/>\n<link rel=\"canonical\" href=\"https:\/\/niipit.dk\/diguradk\/video\/\" \/>\n<meta property=\"og:locale\" content=\"da_DK\" \/>\n<meta property=\"og:type\" content=\"article\" \/>\n<meta property=\"og:title\" content=\"Video - Se film fra Digura p\u00e5 vores Niipit Virksomhedsprofil\" \/>\n<meta property=\"og:description\" content=\"Video omr\u00e5det fra Digura viser dig nogle af vores bedste varer - se med her og blive klogere p\u00e5 hvem Digura er og hvordan vi kan hj\u00e6lpe dig\" \/>\n<meta property=\"og:url\" content=\"https:\/\/niipit.dk\/diguradk\/video\/\" \/>\n<meta property=\"og:site_name\" content=\"Digura\" \/>\n<meta property=\"article:modified_time\" content=\"2020-01-19T09:52:38+00:00\" \/>\n<meta name=\"twitter:card\" content=\"summary_large_image\" \/>\n<meta name=\"twitter:label1\" content=\"Estimeret l\u00e6setid\" \/>\n\t<meta name=\"twitter:data1\" content=\"1 minut\" \/>\n<script type=\"application\/ld+json\" class=\"yoast-schema-graph\">{\"@context\":\"https:\\\/\\\/schema.org\",\"@graph\":[{\"@type\":\"WebPage\",\"@id\":\"https:\\\/\\\/niipit.dk\\\/diguradk\\\/video\\\/\",\"url\":\"https:\\\/\\\/niipit.dk\\\/diguradk\\\/video\\\/\",\"name\":\"Video - Se film fra Digura p\u00e5 vores Niipit Virksomhedsprofil\",\"isPartOf\":{\"@id\":\"https:\\\/\\\/niipit.dk\\\/diguradk\\\/#website\"},\"datePublished\":\"2019-05-13T16:07:51+00:00\",\"dateModified\":\"2020-01-19T09:52:38+00:00\",\"description\":\"Video omr\u00e5det fra Digura viser dig nogle af vores bedste varer - se med her og blive klogere p\u00e5 hvem Digura er og hvordan vi kan hj\u00e6lpe dig\",\"breadcrumb\":{\"@id\":\"https:\\\/\\\/niipit.dk\\\/diguradk\\\/video\\\/#breadcrumb\"},\"inLanguage\":\"da-DK\",\"potentialAction\":[{\"@type\":\"ReadAction\",\"target\":[\"https:\\\/\\\/niipit.dk\\\/diguradk\\\/video\\\/\"]}]},{\"@type\":\"BreadcrumbList\",\"@id\":\"https:\\\/\\\/niipit.dk\\\/diguradk\\\/video\\\/#breadcrumb\",\"itemListElement\":[{\"@type\":\"ListItem\",\"position\":1,\"name\":\"Hjem\",\"item\":\"https:\\\/\\\/niipit.dk\\\/diguradk\\\/\"},{\"@type\":\"ListItem\",\"position\":2,\"name\":\"Video\"}]},{\"@type\":\"WebSite\",\"@id\":\"https:\\\/\\\/niipit.dk\\\/diguradk\\\/#website\",\"url\":\"https:\\\/\\\/niipit.dk\\\/diguradk\\\/\",\"name\":\"Digura\",\"description\":\"Din digitale lejeretsekspert\",\"potentialAction\":[{\"@type\":\"SearchAction\",\"target\":{\"@type\":\"EntryPoint\",\"urlTemplate\":\"https:\\\/\\\/niipit.dk\\\/diguradk\\\/?s={search_term_string}\"},\"query-input\":{\"@type\":\"PropertyValueSpecification\",\"valueRequired\":true,\"valueName\":\"search_term_string\"}}],\"inLanguage\":\"da-DK\"}]}<\/script>\n<!-- \/ Yoast SEO Premium plugin. -->","yoast_head_json":{"title":"Video - Se film fra Digura p\u00e5 vores Niipit Virksomhedsprofil","description":"Video omr\u00e5det fra Digura viser dig nogle af vores bedste varer - se med her og blive klogere p\u00e5 hvem Digura er og hvordan vi kan hj\u00e6lpe dig","robots":{"index":"index","follow":"follow","max-snippet":"max-snippet:-1","max-image-preview":"max-image-preview:large","max-video-preview":"max-video-preview:-1"},"canonical":"https:\/\/niipit.dk\/diguradk\/video\/","og_locale":"da_DK","og_type":"article","og_title":"Video - Se film fra Digura p\u00e5 vores Niipit Virksomhedsprofil","og_description":"Video omr\u00e5det fra Digura viser dig nogle af vores bedste varer - se med her og blive klogere p\u00e5 hvem Digura er og hvordan vi kan hj\u00e6lpe dig","og_url":"https:\/\/niipit.dk\/diguradk\/video\/","og_site_name":"Digura","article_modified_time":"2020-01-19T09:52:38+00:00","twitter_card":"summary_large_image","twitter_misc":{"Estimeret l\u00e6setid":"1 minut"},"schema":{"@context":"https:\/\/schema.org","@graph":[{"@type":"WebPage","@id":"https:\/\/niipit.dk\/diguradk\/video\/","url":"https:\/\/niipit.dk\/diguradk\/video\/","name":"Video - Se film fra Digura p\u00e5 vores Niipit Virksomhedsprofil","isPartOf":{"@id":"https:\/\/niipit.dk\/diguradk\/#website"},"datePublished":"2019-05-13T16:07:51+00:00","dateModified":"2020-01-19T09:52:38+00:00","description":"Video omr\u00e5det fra Digura viser dig nogle af vores bedste varer - se med her og blive klogere p\u00e5 hvem Digura er og hvordan vi kan hj\u00e6lpe dig","breadcrumb":{"@id":"https:\/\/niipit.dk\/diguradk\/video\/#breadcrumb"},"inLanguage":"da-DK","potentialAction":[{"@type":"ReadAction","target":["https:\/\/niipit.dk\/diguradk\/video\/"]}]},{"@type":"BreadcrumbList","@id":"https:\/\/niipit.dk\/diguradk\/video\/#breadcrumb","itemListElement":[{"@type":"ListItem","position":1,"name":"Hjem","item":"https:\/\/niipit.dk\/diguradk\/"},{"@type":"ListItem","position":2,"name":"Video"}]},{"@type":"WebSite","@id":"https:\/\/niipit.dk\/diguradk\/#website","url":"https:\/\/niipit.dk\/diguradk\/","name":"Digura","description":"Din digitale lejeretsekspert","potentialAction":[{"@type":"SearchAction","target":{"@type":"EntryPoint","urlTemplate":"https:\/\/niipit.dk\/diguradk\/?s={search_term_string}"},"query-input":{"@type":"PropertyValueSpecification","valueRequired":true,"valueName":"search_term_string"}}],"inLanguage":"da-DK"}]}},"_links":{"self":[{"href":"https:\/\/niipit.dk\/diguradk\/wp-json\/wp\/v2\/pages\/5708","targetHints":{"allow":["GET"]}}],"collection":[{"href":"https:\/\/niipit.dk\/diguradk\/wp-json\/wp\/v2\/pages"}],"about":[{"href":"https:\/\/niipit.dk\/diguradk\/wp-json\/wp\/v2\/types\/page"}],"author":[{"embeddable":true,"href":"https:\/\/niipit.dk\/diguradk\/wp-json\/wp\/v2\/users\/1"}],"replies":[{"embeddable":true,"href":"https:\/\/niipit.dk\/diguradk\/wp-json\/wp\/v2\/comments?post=5708"}],"version-history":[{"count":0,"href":"https:\/\/niipit.dk\/diguradk\/wp-json\/wp\/v2\/pages\/5708\/revisions"}],"wp:attachment":[{"href":"https:\/\/niipit.dk\/diguradk\/wp-json\/wp\/v2\/media?parent=5708"}],"curies":[{"name":"wp","href":"https:\/\/api.w.org\/{rel}","templated":true}]}}