{"id":5064,"date":"2020-03-27T22:29:34","date_gmt":"2020-03-27T21:29:34","guid":{"rendered":"https:\/\/niipit.dk\/det-gamle-apotek-christiansfeld\/?page_id=5064"},"modified":"2020-04-13T08:56:18","modified_gmt":"2020-04-13T06:56:18","slug":"bestil-her","status":"publish","type":"page","link":"https:\/\/niipit.dk\/det-gamle-apothek-christiansfeld\/","title":{"rendered":"Forside"},"content":{"rendered":"","protected":false},"excerpt":{"rendered":"","protected":false},"author":905,"featured_media":0,"parent":0,"menu_order":0,"comment_status":"closed","ping_status":"closed","template":"frontpagePremium.php","meta":{"_exactmetrics_skip_tracking":false,"_exactmetrics_sitenote_active":false,"_exactmetrics_sitenote_note":"","_exactmetrics_sitenote_category":0,"_monsterinsights_skip_tracking":false,"_monsterinsights_sitenote_active":false,"_monsterinsights_sitenote_note":"","_monsterinsights_sitenote_category":0,"footnotes":""},"class_list":["post-5064","page","type-page","status-publish","hentry"],"yoast_head":"<!-- This site is optimized with the Yoast SEO Premium plugin v16.3 (Yoast SEO v27.2) - https:\/\/yoast.com\/product\/yoast-seo-premium-wordpress\/ -->\n<title>Det Gamle Apothek Christiansfeld ???? Ring +45 61 28 11 16 ????<\/title>\n<meta name=\"description\" content=\"Det Gamle Apothek Christiansfeld ???? N\u00e5r du vil fork\u00e6le dig selv eller en du holder af ???? Shop lokalt det gavner omr\u00e5det og milj\u00f8et ???? Se mere her \u27a2\u27a2\u27a2\" \/>\n<meta name=\"robots\" content=\"index, follow, max-snippet:-1, max-image-preview:large, max-video-preview:-1\" \/>\n<link rel=\"canonical\" href=\"https:\/\/niipit.dk\/det-gamle-apothek-christiansfeld\/\" \/>\n<meta property=\"og:locale\" content=\"da_DK\" \/>\n<meta property=\"og:type\" content=\"article\" \/>\n<meta property=\"og:title\" content=\"Det Gamle Apothek Christiansfeld ???? Ring +45 61 28 11 16 ????\" \/>\n<meta property=\"og:description\" content=\"Det Gamle Apothek Christiansfeld ???? N\u00e5r du vil fork\u00e6le dig selv eller en du holder af ???? Shop lokalt det gavner omr\u00e5det og milj\u00f8et ???? Se mere her \u27a2\u27a2\u27a2\" \/>\n<meta property=\"og:url\" content=\"https:\/\/niipit.dk\/det-gamle-apothek-christiansfeld\/\" \/>\n<meta property=\"og:site_name\" content=\"Det Gamle Apothek Christiansfeld\" \/>\n<meta property=\"article:modified_time\" content=\"2020-04-13T06:56:18+00:00\" \/>\n<meta name=\"twitter:card\" content=\"summary_large_image\" \/>\n<script type=\"application\/ld+json\" class=\"yoast-schema-graph\">{\"@context\":\"https:\/\/schema.org\",\"@graph\":[{\"@type\":\"WebPage\",\"@id\":\"https:\/\/niipit.dk\/det-gamle-apothek-christiansfeld\/\",\"url\":\"https:\/\/niipit.dk\/det-gamle-apothek-christiansfeld\/\",\"name\":\"Det Gamle Apothek Christiansfeld ???? Ring +45 61 28 11 16 ????\",\"isPartOf\":{\"@id\":\"https:\/\/niipit.dk\/det-gamle-apothek-christiansfeld\/#website\"},\"datePublished\":\"2020-03-27T21:29:34+00:00\",\"dateModified\":\"2020-04-13T06:56:18+00:00\",\"description\":\"Det Gamle Apothek Christiansfeld ???? N\u00e5r du vil fork\u00e6le dig selv eller en du holder af ???? Shop lokalt det gavner omr\u00e5det og milj\u00f8et ???? Se mere her \u27a2\u27a2\u27a2\",\"breadcrumb\":{\"@id\":\"https:\/\/niipit.dk\/det-gamle-apothek-christiansfeld\/#breadcrumb\"},\"inLanguage\":\"da-DK\",\"potentialAction\":[{\"@type\":\"ReadAction\",\"target\":[\"https:\/\/niipit.dk\/det-gamle-apothek-christiansfeld\/\"]}]},{\"@type\":\"BreadcrumbList\",\"@id\":\"https:\/\/niipit.dk\/det-gamle-apothek-christiansfeld\/#breadcrumb\",\"itemListElement\":[{\"@type\":\"ListItem\",\"position\":1,\"name\":\"Hjem\",\"item\":\"https:\/\/niipit.dk\/det-gamle-apothek-christiansfeld\/\"},{\"@type\":\"ListItem\",\"position\":2,\"name\":\"Forside\"}]},{\"@type\":\"WebSite\",\"@id\":\"https:\/\/niipit.dk\/det-gamle-apothek-christiansfeld\/#website\",\"url\":\"https:\/\/niipit.dk\/det-gamle-apothek-christiansfeld\/\",\"name\":\"Det Gamle Apothek Christiansfeld\",\"description\":\"Shop lokalt ???? Shop Dansk\",\"potentialAction\":[{\"@type\":\"SearchAction\",\"target\":{\"@type\":\"EntryPoint\",\"urlTemplate\":\"https:\/\/niipit.dk\/det-gamle-apothek-christiansfeld\/?s={search_term_string}\"},\"query-input\":{\"@type\":\"PropertyValueSpecification\",\"valueRequired\":true,\"valueName\":\"search_term_string\"}}],\"inLanguage\":\"da-DK\"}]}<\/script>\n<!-- \/ Yoast SEO Premium plugin. -->","yoast_head_json":{"title":"Det Gamle Apothek Christiansfeld ???? Ring +45 61 28 11 16 ????","description":"Det Gamle Apothek Christiansfeld ???? N\u00e5r du vil fork\u00e6le dig selv eller en du holder af ???? Shop lokalt det gavner omr\u00e5det og milj\u00f8et ???? Se mere her \u27a2\u27a2\u27a2","robots":{"index":"index","follow":"follow","max-snippet":"max-snippet:-1","max-image-preview":"max-image-preview:large","max-video-preview":"max-video-preview:-1"},"canonical":"https:\/\/niipit.dk\/det-gamle-apothek-christiansfeld\/","og_locale":"da_DK","og_type":"article","og_title":"Det Gamle Apothek Christiansfeld ???? Ring +45 61 28 11 16 ????","og_description":"Det Gamle Apothek Christiansfeld ???? N\u00e5r du vil fork\u00e6le dig selv eller en du holder af ???? Shop lokalt det gavner omr\u00e5det og milj\u00f8et ???? Se mere her \u27a2\u27a2\u27a2","og_url":"https:\/\/niipit.dk\/det-gamle-apothek-christiansfeld\/","og_site_name":"Det Gamle Apothek Christiansfeld","article_modified_time":"2020-04-13T06:56:18+00:00","twitter_card":"summary_large_image","schema":{"@context":"https:\/\/schema.org","@graph":[{"@type":"WebPage","@id":"https:\/\/niipit.dk\/det-gamle-apothek-christiansfeld\/","url":"https:\/\/niipit.dk\/det-gamle-apothek-christiansfeld\/","name":"Det Gamle Apothek Christiansfeld ???? Ring +45 61 28 11 16 ????","isPartOf":{"@id":"https:\/\/niipit.dk\/det-gamle-apothek-christiansfeld\/#website"},"datePublished":"2020-03-27T21:29:34+00:00","dateModified":"2020-04-13T06:56:18+00:00","description":"Det Gamle Apothek Christiansfeld ???? N\u00e5r du vil fork\u00e6le dig selv eller en du holder af ???? Shop lokalt det gavner omr\u00e5det og milj\u00f8et ???? Se mere her \u27a2\u27a2\u27a2","breadcrumb":{"@id":"https:\/\/niipit.dk\/det-gamle-apothek-christiansfeld\/#breadcrumb"},"inLanguage":"da-DK","potentialAction":[{"@type":"ReadAction","target":["https:\/\/niipit.dk\/det-gamle-apothek-christiansfeld\/"]}]},{"@type":"BreadcrumbList","@id":"https:\/\/niipit.dk\/det-gamle-apothek-christiansfeld\/#breadcrumb","itemListElement":[{"@type":"ListItem","position":1,"name":"Hjem","item":"https:\/\/niipit.dk\/det-gamle-apothek-christiansfeld\/"},{"@type":"ListItem","position":2,"name":"Forside"}]},{"@type":"WebSite","@id":"https:\/\/niipit.dk\/det-gamle-apothek-christiansfeld\/#website","url":"https:\/\/niipit.dk\/det-gamle-apothek-christiansfeld\/","name":"Det Gamle Apothek Christiansfeld","description":"Shop lokalt ???? Shop Dansk","potentialAction":[{"@type":"SearchAction","target":{"@type":"EntryPoint","urlTemplate":"https:\/\/niipit.dk\/det-gamle-apothek-christiansfeld\/?s={search_term_string}"},"query-input":{"@type":"PropertyValueSpecification","valueRequired":true,"valueName":"search_term_string"}}],"inLanguage":"da-DK"}]}},"_links":{"self":[{"href":"https:\/\/niipit.dk\/det-gamle-apothek-christiansfeld\/wp-json\/wp\/v2\/pages\/5064","targetHints":{"allow":["GET"]}}],"collection":[{"href":"https:\/\/niipit.dk\/det-gamle-apothek-christiansfeld\/wp-json\/wp\/v2\/pages"}],"about":[{"href":"https:\/\/niipit.dk\/det-gamle-apothek-christiansfeld\/wp-json\/wp\/v2\/types\/page"}],"author":[{"embeddable":true,"href":"https:\/\/niipit.dk\/det-gamle-apothek-christiansfeld\/wp-json\/wp\/v2\/users\/905"}],"replies":[{"embeddable":true,"href":"https:\/\/niipit.dk\/det-gamle-apothek-christiansfeld\/wp-json\/wp\/v2\/comments?post=5064"}],"version-history":[{"count":0,"href":"https:\/\/niipit.dk\/det-gamle-apothek-christiansfeld\/wp-json\/wp\/v2\/pages\/5064\/revisions"}],"wp:attachment":[{"href":"https:\/\/niipit.dk\/det-gamle-apothek-christiansfeld\/wp-json\/wp\/v2\/media?parent=5064"}],"curies":[{"name":"wp","href":"https:\/\/api.w.org\/{rel}","templated":true}]}}