{"id":6007,"date":"2020-04-01T10:54:57","date_gmt":"2020-04-01T08:54:57","guid":{"rendered":"https:\/\/niipit.dk\/den-gyldne-hane\/?post_type=product&#038;p=6007"},"modified":"2021-03-16T15:31:44","modified_gmt":"2021-03-16T14:31:44","slug":"take-away","status":"publish","type":"product","link":"https:\/\/niipit.dk\/den-gyldne-hane\/produkt\/take-away\/","title":{"rendered":"TAKE AWAY"},"content":{"rendered":"<h1>Den Gyldne Hane<\/h1>\n<h3>Take away I kolding s\u00e5 skal du bestille fra Den Gyldne Hane<\/h3>\n<p><a href=\"https:\/\/www.facebook.com\/dghKolding\/\"><img loading=\"lazy\" decoding=\"async\" class=\"aligncenter size-full wp-image-6008\" src=\"https:\/\/niipit.dk\/den-gyldne-hane\/wp-content\/uploads\/sites\/516\/2020\/04\/Den-Gyldne-Hane-Kolding.png\" alt=\"Den Gyldne Hane\" width=\"712\" height=\"475\" srcset=\"https:\/\/niipit.dk\/den-gyldne-hane\/wp-content\/uploads\/sites\/516\/2020\/04\/Den-Gyldne-Hane-Kolding.png 712w, https:\/\/niipit.dk\/den-gyldne-hane\/wp-content\/uploads\/sites\/516\/2020\/04\/Den-Gyldne-Hane-Kolding-300x200.png 300w, https:\/\/niipit.dk\/den-gyldne-hane\/wp-content\/uploads\/sites\/516\/2020\/04\/Den-Gyldne-Hane-Kolding-600x400.png 600w\" sizes=\"auto, (max-width: 712px) 100vw, 712px\" \/><\/a><\/p>\n<p>Hvis du er sm\u00e5 sulten for sjov eller bare vil fork\u00e6les s\u00e5 kan du hente din Take Away p\u00e5 Den Gyldne Hane i Kolding. Fra Torsdag til s\u00f8ndag fork\u00e6ler vi dag med l\u00e6kre Danske retter ud af huset. Maden er tilberedt p\u00e5 god gammeldaws maner. Ikke noget snyd der.<\/p>\n<p>Take away beh\u00f8ver ikke v\u00e6re billig eller kedelig. Hos Den Gyldne Hane s\u00f8rger vi for god kvalitet til en fornuftig pris. Uden du skal g\u00e5 p\u00e5 kompromis, vi laver nemlig mad med friske r\u00e5varer s\u00e5 den gode smag fylder din mad.<\/p>\n<p>Hvad siger du til Stegrfl\u00e6sk med l\u00e6kker smagfuld persillesovs, Wiener schnitzel med bras og en l\u00e6kker &#8220;Dreng&#8221; p\u00e5 toppen eller er du mere til l\u00e6kkert frisk smurt sm\u00f8rrebr\u00f8d?<\/p>\n<p>M\u00e5ske skal du have familien forbi til en hygge aften og bare vil slippe for at st\u00e5 i k\u00f8kkenet. S\u00e5 kan du ogs\u00e5 bestille b\u00e5de 1, 2 eller 3 retter til afhentning i Kolding.<\/p>\n<p>Til h\u00f8jtiderne har vi altid sammensat en l\u00e6kker menu med alt hvad hjertet kan beg\u00e6re. Uanset om det er jul, nyt\u00e5r, pinse eller p\u00e5ske, sommer eller vinter, f\u00f8dselsdag eller konfirmation, s\u00e5 kan Den Gyldne Hane i Kolding st\u00e5 for maden til jer. Minimum bestilling til fester er 10 personer.<\/p>\n<p>&nbsp;<\/p>\n","protected":false},"excerpt":{"rendered":"<p>Den Gyldne Hane Take away I kolding s\u00e5 skal du bestille fra Den Gyldne Hane Hvis du er sm\u00e5 sulten for sjov eller bare vil fork\u00e6les s\u00e5 kan du hente din Take Away p\u00e5 Den Gyldne Hane i Kolding. Fra Torsdag til s\u00f8ndag fork\u00e6ler vi dag med l\u00e6kre Danske retter ud af huset. Maden er <a class=\"moretag btn btn-primary\" href=\"https:\/\/niipit.dk\/den-gyldne-hane\/produkt\/take-away\/\">L\u00e6s mere<\/a><\/p>\n","protected":false},"featured_media":6008,"template":"","meta":{"_exactmetrics_skip_tracking":false,"_exactmetrics_sitenote_active":false,"_exactmetrics_sitenote_note":"","_exactmetrics_sitenote_category":0,"_monsterinsights_skip_tracking":false,"_monsterinsights_sitenote_active":false,"_monsterinsights_sitenote_note":"","_monsterinsights_sitenote_category":0},"product_brand":[],"product_cat":[2093],"product_tag":[],"shoptype":[],"class_list":{"0":"post-6007","1":"product","2":"type-product","3":"status-publish","4":"has-post-thumbnail","6":"product_cat-ukategoriseret","8":"first","9":"instock","10":"shipping-taxable","11":"product-type-external"},"yoast_head":"<!-- This site is optimized with the Yoast SEO Premium plugin v16.3 (Yoast SEO v27.4) - https:\/\/yoast.com\/product\/yoast-seo-premium-wordpress\/ -->\n<title>Den Gyldne Hane TAKE AWAY n\u00e5r du vil have noget god mad<\/title>\n<meta name=\"description\" content=\"Den Gyldne Hane er din mad pusher n\u00e5r vi snakker god l\u00e6kker kvalitets mad. Alt fra en god wienerschnitzel til stegtfl\u00e6sk. Bestil nu \u261e\" \/>\n<meta name=\"robots\" content=\"index, follow, max-snippet:-1, max-image-preview:large, max-video-preview:-1\" \/>\n<link rel=\"canonical\" href=\"https:\/\/niipit.dk\/den-gyldne-hane\/produkt\/take-away\/\" \/>\n<meta property=\"og:locale\" content=\"da_DK\" \/>\n<meta property=\"og:type\" content=\"article\" \/>\n<meta property=\"og:title\" content=\"Den Gyldne Hane TAKE AWAY n\u00e5r du vil have noget god mad\" \/>\n<meta property=\"og:description\" content=\"Den Gyldne Hane er din mad pusher n\u00e5r vi snakker god l\u00e6kker kvalitets mad. Alt fra en god wienerschnitzel til stegtfl\u00e6sk. Bestil nu \u261e\" \/>\n<meta property=\"og:url\" content=\"https:\/\/niipit.dk\/den-gyldne-hane\/produkt\/take-away\/\" \/>\n<meta property=\"og:site_name\" content=\"Den Gyldne Hane\" \/>\n<meta property=\"article:modified_time\" content=\"2021-03-16T14:31:44+00:00\" \/>\n<meta property=\"og:image\" content=\"https:\/\/niipit.dk\/den-gyldne-hane\/wp-content\/uploads\/sites\/516\/2020\/04\/Den-Gyldne-Hane-Kolding.png\" \/>\n\t<meta property=\"og:image:width\" content=\"712\" \/>\n\t<meta property=\"og:image:height\" content=\"475\" \/>\n\t<meta property=\"og:image:type\" content=\"image\/png\" \/>\n<meta name=\"twitter:card\" content=\"summary_large_image\" \/>\n<meta name=\"twitter:label1\" content=\"Estimeret l\u00e6setid\" \/>\n\t<meta name=\"twitter:data1\" content=\"2 minutter\" \/>\n<script type=\"application\/ld+json\" class=\"yoast-schema-graph\">{\"@context\":\"https:\\\/\\\/schema.org\",\"@graph\":[{\"@type\":\"WebPage\",\"@id\":\"https:\\\/\\\/niipit.dk\\\/den-gyldne-hane\\\/produkt\\\/take-away\\\/\",\"url\":\"https:\\\/\\\/niipit.dk\\\/den-gyldne-hane\\\/produkt\\\/take-away\\\/\",\"name\":\"Den Gyldne Hane TAKE AWAY n\u00e5r du vil have noget god mad\",\"isPartOf\":{\"@id\":\"https:\\\/\\\/niipit.dk\\\/den-gyldne-hane\\\/#website\"},\"primaryImageOfPage\":{\"@id\":\"https:\\\/\\\/niipit.dk\\\/den-gyldne-hane\\\/produkt\\\/take-away\\\/#primaryimage\"},\"image\":{\"@id\":\"https:\\\/\\\/niipit.dk\\\/den-gyldne-hane\\\/produkt\\\/take-away\\\/#primaryimage\"},\"thumbnailUrl\":\"https:\\\/\\\/niipit.dk\\\/den-gyldne-hane\\\/wp-content\\\/uploads\\\/sites\\\/516\\\/2020\\\/04\\\/Den-Gyldne-Hane-Kolding.png\",\"datePublished\":\"2020-04-01T08:54:57+00:00\",\"dateModified\":\"2021-03-16T14:31:44+00:00\",\"description\":\"Den Gyldne Hane er din mad pusher n\u00e5r vi snakker god l\u00e6kker kvalitets mad. Alt fra en god wienerschnitzel til stegtfl\u00e6sk. Bestil nu \u261e\",\"breadcrumb\":{\"@id\":\"https:\\\/\\\/niipit.dk\\\/den-gyldne-hane\\\/produkt\\\/take-away\\\/#breadcrumb\"},\"inLanguage\":\"da-DK\",\"potentialAction\":[{\"@type\":\"ReadAction\",\"target\":[\"https:\\\/\\\/niipit.dk\\\/den-gyldne-hane\\\/produkt\\\/take-away\\\/\"]}]},{\"@type\":\"ImageObject\",\"inLanguage\":\"da-DK\",\"@id\":\"https:\\\/\\\/niipit.dk\\\/den-gyldne-hane\\\/produkt\\\/take-away\\\/#primaryimage\",\"url\":\"https:\\\/\\\/niipit.dk\\\/den-gyldne-hane\\\/wp-content\\\/uploads\\\/sites\\\/516\\\/2020\\\/04\\\/Den-Gyldne-Hane-Kolding.png\",\"contentUrl\":\"https:\\\/\\\/niipit.dk\\\/den-gyldne-hane\\\/wp-content\\\/uploads\\\/sites\\\/516\\\/2020\\\/04\\\/Den-Gyldne-Hane-Kolding.png\",\"width\":712,\"height\":475,\"caption\":\"Den Gyldne Hane Kolding\"},{\"@type\":\"BreadcrumbList\",\"@id\":\"https:\\\/\\\/niipit.dk\\\/den-gyldne-hane\\\/produkt\\\/take-away\\\/#breadcrumb\",\"itemListElement\":[{\"@type\":\"ListItem\",\"position\":1,\"name\":\"Hjem\",\"item\":\"https:\\\/\\\/niipit.dk\\\/den-gyldne-hane\\\/\"},{\"@type\":\"ListItem\",\"position\":2,\"name\":\"Shop\",\"item\":\"https:\\\/\\\/niipit.dk\\\/den-gyldne-hane\\\/shop\\\/\"},{\"@type\":\"ListItem\",\"position\":3,\"name\":\"TAKE AWAY\"}]},{\"@type\":\"WebSite\",\"@id\":\"https:\\\/\\\/niipit.dk\\\/den-gyldne-hane\\\/#website\",\"url\":\"https:\\\/\\\/niipit.dk\\\/den-gyldne-hane\\\/\",\"name\":\"Den Gyldne Hane\",\"description\":\"Shop lokalt ???? Shop Dansk\",\"potentialAction\":[{\"@type\":\"SearchAction\",\"target\":{\"@type\":\"EntryPoint\",\"urlTemplate\":\"https:\\\/\\\/niipit.dk\\\/den-gyldne-hane\\\/?s={search_term_string}\"},\"query-input\":{\"@type\":\"PropertyValueSpecification\",\"valueRequired\":true,\"valueName\":\"search_term_string\"}}],\"inLanguage\":\"da-DK\"}]}<\/script>\n<!-- \/ Yoast SEO Premium plugin. -->","yoast_head_json":{"title":"Den Gyldne Hane TAKE AWAY n\u00e5r du vil have noget god mad","description":"Den Gyldne Hane er din mad pusher n\u00e5r vi snakker god l\u00e6kker kvalitets mad. Alt fra en god wienerschnitzel til stegtfl\u00e6sk. Bestil nu \u261e","robots":{"index":"index","follow":"follow","max-snippet":"max-snippet:-1","max-image-preview":"max-image-preview:large","max-video-preview":"max-video-preview:-1"},"canonical":"https:\/\/niipit.dk\/den-gyldne-hane\/produkt\/take-away\/","og_locale":"da_DK","og_type":"article","og_title":"Den Gyldne Hane TAKE AWAY n\u00e5r du vil have noget god mad","og_description":"Den Gyldne Hane er din mad pusher n\u00e5r vi snakker god l\u00e6kker kvalitets mad. Alt fra en god wienerschnitzel til stegtfl\u00e6sk. Bestil nu \u261e","og_url":"https:\/\/niipit.dk\/den-gyldne-hane\/produkt\/take-away\/","og_site_name":"Den Gyldne Hane","article_modified_time":"2021-03-16T14:31:44+00:00","og_image":[{"width":712,"height":475,"url":"https:\/\/niipit.dk\/den-gyldne-hane\/wp-content\/uploads\/sites\/516\/2020\/04\/Den-Gyldne-Hane-Kolding.png","type":"image\/png"}],"twitter_card":"summary_large_image","twitter_misc":{"Estimeret l\u00e6setid":"2 minutter"},"schema":{"@context":"https:\/\/schema.org","@graph":[{"@type":"WebPage","@id":"https:\/\/niipit.dk\/den-gyldne-hane\/produkt\/take-away\/","url":"https:\/\/niipit.dk\/den-gyldne-hane\/produkt\/take-away\/","name":"Den Gyldne Hane TAKE AWAY n\u00e5r du vil have noget god mad","isPartOf":{"@id":"https:\/\/niipit.dk\/den-gyldne-hane\/#website"},"primaryImageOfPage":{"@id":"https:\/\/niipit.dk\/den-gyldne-hane\/produkt\/take-away\/#primaryimage"},"image":{"@id":"https:\/\/niipit.dk\/den-gyldne-hane\/produkt\/take-away\/#primaryimage"},"thumbnailUrl":"https:\/\/niipit.dk\/den-gyldne-hane\/wp-content\/uploads\/sites\/516\/2020\/04\/Den-Gyldne-Hane-Kolding.png","datePublished":"2020-04-01T08:54:57+00:00","dateModified":"2021-03-16T14:31:44+00:00","description":"Den Gyldne Hane er din mad pusher n\u00e5r vi snakker god l\u00e6kker kvalitets mad. Alt fra en god wienerschnitzel til stegtfl\u00e6sk. Bestil nu \u261e","breadcrumb":{"@id":"https:\/\/niipit.dk\/den-gyldne-hane\/produkt\/take-away\/#breadcrumb"},"inLanguage":"da-DK","potentialAction":[{"@type":"ReadAction","target":["https:\/\/niipit.dk\/den-gyldne-hane\/produkt\/take-away\/"]}]},{"@type":"ImageObject","inLanguage":"da-DK","@id":"https:\/\/niipit.dk\/den-gyldne-hane\/produkt\/take-away\/#primaryimage","url":"https:\/\/niipit.dk\/den-gyldne-hane\/wp-content\/uploads\/sites\/516\/2020\/04\/Den-Gyldne-Hane-Kolding.png","contentUrl":"https:\/\/niipit.dk\/den-gyldne-hane\/wp-content\/uploads\/sites\/516\/2020\/04\/Den-Gyldne-Hane-Kolding.png","width":712,"height":475,"caption":"Den Gyldne Hane Kolding"},{"@type":"BreadcrumbList","@id":"https:\/\/niipit.dk\/den-gyldne-hane\/produkt\/take-away\/#breadcrumb","itemListElement":[{"@type":"ListItem","position":1,"name":"Hjem","item":"https:\/\/niipit.dk\/den-gyldne-hane\/"},{"@type":"ListItem","position":2,"name":"Shop","item":"https:\/\/niipit.dk\/den-gyldne-hane\/shop\/"},{"@type":"ListItem","position":3,"name":"TAKE AWAY"}]},{"@type":"WebSite","@id":"https:\/\/niipit.dk\/den-gyldne-hane\/#website","url":"https:\/\/niipit.dk\/den-gyldne-hane\/","name":"Den Gyldne Hane","description":"Shop lokalt ???? Shop Dansk","potentialAction":[{"@type":"SearchAction","target":{"@type":"EntryPoint","urlTemplate":"https:\/\/niipit.dk\/den-gyldne-hane\/?s={search_term_string}"},"query-input":{"@type":"PropertyValueSpecification","valueRequired":true,"valueName":"search_term_string"}}],"inLanguage":"da-DK"}]}},"_links":{"self":[{"href":"https:\/\/niipit.dk\/den-gyldne-hane\/wp-json\/wp\/v2\/product\/6007","targetHints":{"allow":["GET"]}}],"collection":[{"href":"https:\/\/niipit.dk\/den-gyldne-hane\/wp-json\/wp\/v2\/product"}],"about":[{"href":"https:\/\/niipit.dk\/den-gyldne-hane\/wp-json\/wp\/v2\/types\/product"}],"wp:featuredmedia":[{"embeddable":true,"href":"https:\/\/niipit.dk\/den-gyldne-hane\/wp-json\/wp\/v2\/media\/6008"}],"wp:attachment":[{"href":"https:\/\/niipit.dk\/den-gyldne-hane\/wp-json\/wp\/v2\/media?parent=6007"}],"wp:term":[{"taxonomy":"product_brand","embeddable":true,"href":"https:\/\/niipit.dk\/den-gyldne-hane\/wp-json\/wp\/v2\/product_brand?post=6007"},{"taxonomy":"product_cat","embeddable":true,"href":"https:\/\/niipit.dk\/den-gyldne-hane\/wp-json\/wp\/v2\/product_cat?post=6007"},{"taxonomy":"product_tag","embeddable":true,"href":"https:\/\/niipit.dk\/den-gyldne-hane\/wp-json\/wp\/v2\/product_tag?post=6007"},{"taxonomy":"shoptype","embeddable":true,"href":"https:\/\/niipit.dk\/den-gyldne-hane\/wp-json\/wp\/v2\/shoptype?post=6007"}],"curies":[{"name":"wp","href":"https:\/\/api.w.org\/{rel}","templated":true}]}}