{"id":5499,"date":"2019-02-19T13:33:16","date_gmt":"2019-02-19T12:33:16","guid":{"rendered":"https:\/\/niipit.dk\/mastergoldblog\/?page_id=5499"},"modified":"2019-12-23T21:58:38","modified_gmt":"2019-12-23T20:58:38","slug":"video","status":"publish","type":"page","link":"https:\/\/niipit.dk\/dchlangeskov\/video\/","title":{"rendered":"Video"},"content":{"rendered":"","protected":false},"excerpt":{"rendered":"","protected":false},"author":226,"featured_media":0,"parent":0,"menu_order":0,"comment_status":"closed","ping_status":"closed","template":"","meta":{"_exactmetrics_skip_tracking":false,"_exactmetrics_sitenote_active":false,"_exactmetrics_sitenote_note":"","_exactmetrics_sitenote_category":0,"_monsterinsights_skip_tracking":false,"_monsterinsights_sitenote_active":false,"_monsterinsights_sitenote_note":"","_monsterinsights_sitenote_category":0,"footnotes":""},"class_list":["post-5499","page","type-page","status-publish","hentry"],"yoast_head":"<!-- This site is optimized with the Yoast SEO Premium plugin v16.3 (Yoast SEO v27.2) - https:\/\/yoast.com\/product\/yoast-seo-premium-wordpress\/ -->\n<title>Video - Se film fra Dchlangeskov p\u00e5 vores Niipit Virksomhedsprofil<\/title>\n<meta name=\"description\" content=\"Video omr\u00e5det fra Dchlangeskov viser dig nogle af vores bedste varer - se med her og blive klogere p\u00e5 hvem Dchlangeskov er og hvordan vi kan hj\u00e6lpe dig\" \/>\n<meta name=\"robots\" content=\"index, follow, max-snippet:-1, max-image-preview:large, max-video-preview:-1\" \/>\n<link rel=\"canonical\" href=\"https:\/\/niipit.dk\/dchlangeskov\/video\/\" \/>\n<meta property=\"og:locale\" content=\"da_DK\" \/>\n<meta property=\"og:type\" content=\"article\" \/>\n<meta property=\"og:title\" content=\"Video - Se film fra Dchlangeskov p\u00e5 vores Niipit Virksomhedsprofil\" \/>\n<meta property=\"og:description\" content=\"Video omr\u00e5det fra Dchlangeskov viser dig nogle af vores bedste varer - se med her og blive klogere p\u00e5 hvem Dchlangeskov er og hvordan vi kan hj\u00e6lpe dig\" \/>\n<meta property=\"og:url\" content=\"https:\/\/niipit.dk\/dchlangeskov\/video\/\" \/>\n<meta property=\"og:site_name\" content=\"Dchlangeskov\" \/>\n<meta property=\"article:modified_time\" content=\"2019-12-23T20:58:38+00:00\" \/>\n<meta name=\"twitter:card\" content=\"summary_large_image\" \/>\n<script type=\"application\/ld+json\" class=\"yoast-schema-graph\">{\"@context\":\"https:\/\/schema.org\",\"@graph\":[{\"@type\":\"WebPage\",\"@id\":\"https:\/\/niipit.dk\/dchlangeskov\/video\/\",\"url\":\"https:\/\/niipit.dk\/dchlangeskov\/video\/\",\"name\":\"Video - Se film fra Dchlangeskov p\u00e5 vores Niipit Virksomhedsprofil\",\"isPartOf\":{\"@id\":\"https:\/\/niipit.dk\/dchlangeskov\/#website\"},\"datePublished\":\"2019-02-19T12:33:16+00:00\",\"dateModified\":\"2019-12-23T20:58:38+00:00\",\"description\":\"Video omr\u00e5det fra Dchlangeskov viser dig nogle af vores bedste varer - se med her og blive klogere p\u00e5 hvem Dchlangeskov er og hvordan vi kan hj\u00e6lpe dig\",\"breadcrumb\":{\"@id\":\"https:\/\/niipit.dk\/dchlangeskov\/video\/#breadcrumb\"},\"inLanguage\":\"da-DK\",\"potentialAction\":[{\"@type\":\"ReadAction\",\"target\":[\"https:\/\/niipit.dk\/dchlangeskov\/video\/\"]}]},{\"@type\":\"BreadcrumbList\",\"@id\":\"https:\/\/niipit.dk\/dchlangeskov\/video\/#breadcrumb\",\"itemListElement\":[{\"@type\":\"ListItem\",\"position\":1,\"name\":\"Hjem\",\"item\":\"https:\/\/niipit.dk\/dchlangeskov\/\"},{\"@type\":\"ListItem\",\"position\":2,\"name\":\"Video\"}]},{\"@type\":\"WebSite\",\"@id\":\"https:\/\/niipit.dk\/dchlangeskov\/#website\",\"url\":\"https:\/\/niipit.dk\/dchlangeskov\/\",\"name\":\"Dchlangeskov\",\"description\":\"DCH Langeskov T\u00e6t p\u00e5 Odense og det bedste sted at tr\u00e6ne hund.\",\"potentialAction\":[{\"@type\":\"SearchAction\",\"target\":{\"@type\":\"EntryPoint\",\"urlTemplate\":\"https:\/\/niipit.dk\/dchlangeskov\/?s={search_term_string}\"},\"query-input\":{\"@type\":\"PropertyValueSpecification\",\"valueRequired\":true,\"valueName\":\"search_term_string\"}}],\"inLanguage\":\"da-DK\"}]}<\/script>\n<!-- \/ Yoast SEO Premium plugin. -->","yoast_head_json":{"title":"Video - Se film fra Dchlangeskov p\u00e5 vores Niipit Virksomhedsprofil","description":"Video omr\u00e5det fra Dchlangeskov viser dig nogle af vores bedste varer - se med her og blive klogere p\u00e5 hvem Dchlangeskov er og hvordan vi kan hj\u00e6lpe dig","robots":{"index":"index","follow":"follow","max-snippet":"max-snippet:-1","max-image-preview":"max-image-preview:large","max-video-preview":"max-video-preview:-1"},"canonical":"https:\/\/niipit.dk\/dchlangeskov\/video\/","og_locale":"da_DK","og_type":"article","og_title":"Video - Se film fra Dchlangeskov p\u00e5 vores Niipit Virksomhedsprofil","og_description":"Video omr\u00e5det fra Dchlangeskov viser dig nogle af vores bedste varer - se med her og blive klogere p\u00e5 hvem Dchlangeskov er og hvordan vi kan hj\u00e6lpe dig","og_url":"https:\/\/niipit.dk\/dchlangeskov\/video\/","og_site_name":"Dchlangeskov","article_modified_time":"2019-12-23T20:58:38+00:00","twitter_card":"summary_large_image","schema":{"@context":"https:\/\/schema.org","@graph":[{"@type":"WebPage","@id":"https:\/\/niipit.dk\/dchlangeskov\/video\/","url":"https:\/\/niipit.dk\/dchlangeskov\/video\/","name":"Video - Se film fra Dchlangeskov p\u00e5 vores Niipit Virksomhedsprofil","isPartOf":{"@id":"https:\/\/niipit.dk\/dchlangeskov\/#website"},"datePublished":"2019-02-19T12:33:16+00:00","dateModified":"2019-12-23T20:58:38+00:00","description":"Video omr\u00e5det fra Dchlangeskov viser dig nogle af vores bedste varer - se med her og blive klogere p\u00e5 hvem Dchlangeskov er og hvordan vi kan hj\u00e6lpe dig","breadcrumb":{"@id":"https:\/\/niipit.dk\/dchlangeskov\/video\/#breadcrumb"},"inLanguage":"da-DK","potentialAction":[{"@type":"ReadAction","target":["https:\/\/niipit.dk\/dchlangeskov\/video\/"]}]},{"@type":"BreadcrumbList","@id":"https:\/\/niipit.dk\/dchlangeskov\/video\/#breadcrumb","itemListElement":[{"@type":"ListItem","position":1,"name":"Hjem","item":"https:\/\/niipit.dk\/dchlangeskov\/"},{"@type":"ListItem","position":2,"name":"Video"}]},{"@type":"WebSite","@id":"https:\/\/niipit.dk\/dchlangeskov\/#website","url":"https:\/\/niipit.dk\/dchlangeskov\/","name":"Dchlangeskov","description":"DCH Langeskov T\u00e6t p\u00e5 Odense og det bedste sted at tr\u00e6ne hund.","potentialAction":[{"@type":"SearchAction","target":{"@type":"EntryPoint","urlTemplate":"https:\/\/niipit.dk\/dchlangeskov\/?s={search_term_string}"},"query-input":{"@type":"PropertyValueSpecification","valueRequired":true,"valueName":"search_term_string"}}],"inLanguage":"da-DK"}]}},"_links":{"self":[{"href":"https:\/\/niipit.dk\/dchlangeskov\/wp-json\/wp\/v2\/pages\/5499","targetHints":{"allow":["GET"]}}],"collection":[{"href":"https:\/\/niipit.dk\/dchlangeskov\/wp-json\/wp\/v2\/pages"}],"about":[{"href":"https:\/\/niipit.dk\/dchlangeskov\/wp-json\/wp\/v2\/types\/page"}],"author":[{"embeddable":true,"href":"https:\/\/niipit.dk\/dchlangeskov\/wp-json\/wp\/v2\/users\/226"}],"replies":[{"embeddable":true,"href":"https:\/\/niipit.dk\/dchlangeskov\/wp-json\/wp\/v2\/comments?post=5499"}],"version-history":[{"count":0,"href":"https:\/\/niipit.dk\/dchlangeskov\/wp-json\/wp\/v2\/pages\/5499\/revisions"}],"wp:attachment":[{"href":"https:\/\/niipit.dk\/dchlangeskov\/wp-json\/wp\/v2\/media?parent=5499"}],"curies":[{"name":"wp","href":"https:\/\/api.w.org\/{rel}","templated":true}]}}