{"id":5133,"date":"2018-08-15T22:08:09","date_gmt":"2018-08-15T20:08:09","guid":{"rendered":"https:\/\/niipit.dk\/nv2-QogM\/?page_id=5133"},"modified":"2020-02-28T10:37:50","modified_gmt":"2020-02-28T09:37:50","slug":"kontakt","status":"publish","type":"page","link":"https:\/\/niipit.dk\/dchlangeskov\/kontakt\/","title":{"rendered":"Kontakt"},"content":{"rendered":"<div class=\"row justify-content-md-center\">\n<div class=\"col-xs-12 col-sm-12 col-md-6 col-lg-4\">\n<p>DCH Langeskov<br \/>\nGr\u00f8nvangen 20<br \/>\n5550 Langeskov<br \/>\nDanmark<\/p>\n<\/div>\n<\/div>\n","protected":false},"excerpt":{"rendered":"<p>DCH Langeskov Gr\u00f8nvangen 20 5550 Langeskov Danmark<\/p>\n","protected":false},"author":226,"featured_media":0,"parent":0,"menu_order":0,"comment_status":"closed","ping_status":"closed","template":"","meta":{"_exactmetrics_skip_tracking":false,"_exactmetrics_sitenote_active":false,"_exactmetrics_sitenote_note":"","_exactmetrics_sitenote_category":0,"_monsterinsights_skip_tracking":false,"_monsterinsights_sitenote_active":false,"_monsterinsights_sitenote_note":"","_monsterinsights_sitenote_category":0,"footnotes":""},"class_list":["post-5133","page","type-page","status-publish","hentry"],"yoast_head":"<!-- This site is optimized with the Yoast SEO Premium plugin v16.3 (Yoast SEO v27.2) - https:\/\/yoast.com\/product\/yoast-seo-premium-wordpress\/ -->\n<title>Kontakt - Dchlangeskov<\/title>\n<meta name=\"robots\" content=\"index, follow, max-snippet:-1, max-image-preview:large, max-video-preview:-1\" \/>\n<link rel=\"canonical\" href=\"https:\/\/niipit.dk\/dchlangeskov\/kontakt\/\" \/>\n<meta property=\"og:locale\" content=\"da_DK\" \/>\n<meta property=\"og:type\" content=\"article\" \/>\n<meta property=\"og:title\" content=\"Kontakt - Dchlangeskov\" \/>\n<meta property=\"og:description\" content=\"DCH Langeskov Gr\u00f8nvangen 20 5550 Langeskov Danmark\" \/>\n<meta property=\"og:url\" content=\"https:\/\/niipit.dk\/dchlangeskov\/kontakt\/\" \/>\n<meta property=\"og:site_name\" content=\"Dchlangeskov\" \/>\n<meta property=\"article:modified_time\" content=\"2020-02-28T09:37:50+00:00\" \/>\n<meta name=\"twitter:card\" content=\"summary_large_image\" \/>\n<script type=\"application\/ld+json\" class=\"yoast-schema-graph\">{\"@context\":\"https:\/\/schema.org\",\"@graph\":[{\"@type\":\"WebPage\",\"@id\":\"https:\/\/niipit.dk\/dchlangeskov\/kontakt\/\",\"url\":\"https:\/\/niipit.dk\/dchlangeskov\/kontakt\/\",\"name\":\"Kontakt - Dchlangeskov\",\"isPartOf\":{\"@id\":\"https:\/\/niipit.dk\/dchlangeskov\/#website\"},\"datePublished\":\"2018-08-15T20:08:09+00:00\",\"dateModified\":\"2020-02-28T09:37:50+00:00\",\"breadcrumb\":{\"@id\":\"https:\/\/niipit.dk\/dchlangeskov\/kontakt\/#breadcrumb\"},\"inLanguage\":\"da-DK\",\"potentialAction\":[{\"@type\":\"ReadAction\",\"target\":[\"https:\/\/niipit.dk\/dchlangeskov\/kontakt\/\"]}]},{\"@type\":\"BreadcrumbList\",\"@id\":\"https:\/\/niipit.dk\/dchlangeskov\/kontakt\/#breadcrumb\",\"itemListElement\":[{\"@type\":\"ListItem\",\"position\":1,\"name\":\"Hjem\",\"item\":\"https:\/\/niipit.dk\/dchlangeskov\/\"},{\"@type\":\"ListItem\",\"position\":2,\"name\":\"Kontakt\"}]},{\"@type\":\"WebSite\",\"@id\":\"https:\/\/niipit.dk\/dchlangeskov\/#website\",\"url\":\"https:\/\/niipit.dk\/dchlangeskov\/\",\"name\":\"Dchlangeskov\",\"description\":\"DCH Langeskov T\u00e6t p\u00e5 Odense og det bedste sted at tr\u00e6ne hund.\",\"potentialAction\":[{\"@type\":\"SearchAction\",\"target\":{\"@type\":\"EntryPoint\",\"urlTemplate\":\"https:\/\/niipit.dk\/dchlangeskov\/?s={search_term_string}\"},\"query-input\":{\"@type\":\"PropertyValueSpecification\",\"valueRequired\":true,\"valueName\":\"search_term_string\"}}],\"inLanguage\":\"da-DK\"}]}<\/script>\n<!-- \/ Yoast SEO Premium plugin. -->","yoast_head_json":{"title":"Kontakt - Dchlangeskov","robots":{"index":"index","follow":"follow","max-snippet":"max-snippet:-1","max-image-preview":"max-image-preview:large","max-video-preview":"max-video-preview:-1"},"canonical":"https:\/\/niipit.dk\/dchlangeskov\/kontakt\/","og_locale":"da_DK","og_type":"article","og_title":"Kontakt - Dchlangeskov","og_description":"DCH Langeskov Gr\u00f8nvangen 20 5550 Langeskov Danmark","og_url":"https:\/\/niipit.dk\/dchlangeskov\/kontakt\/","og_site_name":"Dchlangeskov","article_modified_time":"2020-02-28T09:37:50+00:00","twitter_card":"summary_large_image","schema":{"@context":"https:\/\/schema.org","@graph":[{"@type":"WebPage","@id":"https:\/\/niipit.dk\/dchlangeskov\/kontakt\/","url":"https:\/\/niipit.dk\/dchlangeskov\/kontakt\/","name":"Kontakt - Dchlangeskov","isPartOf":{"@id":"https:\/\/niipit.dk\/dchlangeskov\/#website"},"datePublished":"2018-08-15T20:08:09+00:00","dateModified":"2020-02-28T09:37:50+00:00","breadcrumb":{"@id":"https:\/\/niipit.dk\/dchlangeskov\/kontakt\/#breadcrumb"},"inLanguage":"da-DK","potentialAction":[{"@type":"ReadAction","target":["https:\/\/niipit.dk\/dchlangeskov\/kontakt\/"]}]},{"@type":"BreadcrumbList","@id":"https:\/\/niipit.dk\/dchlangeskov\/kontakt\/#breadcrumb","itemListElement":[{"@type":"ListItem","position":1,"name":"Hjem","item":"https:\/\/niipit.dk\/dchlangeskov\/"},{"@type":"ListItem","position":2,"name":"Kontakt"}]},{"@type":"WebSite","@id":"https:\/\/niipit.dk\/dchlangeskov\/#website","url":"https:\/\/niipit.dk\/dchlangeskov\/","name":"Dchlangeskov","description":"DCH Langeskov T\u00e6t p\u00e5 Odense og det bedste sted at tr\u00e6ne hund.","potentialAction":[{"@type":"SearchAction","target":{"@type":"EntryPoint","urlTemplate":"https:\/\/niipit.dk\/dchlangeskov\/?s={search_term_string}"},"query-input":{"@type":"PropertyValueSpecification","valueRequired":true,"valueName":"search_term_string"}}],"inLanguage":"da-DK"}]}},"_links":{"self":[{"href":"https:\/\/niipit.dk\/dchlangeskov\/wp-json\/wp\/v2\/pages\/5133","targetHints":{"allow":["GET"]}}],"collection":[{"href":"https:\/\/niipit.dk\/dchlangeskov\/wp-json\/wp\/v2\/pages"}],"about":[{"href":"https:\/\/niipit.dk\/dchlangeskov\/wp-json\/wp\/v2\/types\/page"}],"author":[{"embeddable":true,"href":"https:\/\/niipit.dk\/dchlangeskov\/wp-json\/wp\/v2\/users\/226"}],"replies":[{"embeddable":true,"href":"https:\/\/niipit.dk\/dchlangeskov\/wp-json\/wp\/v2\/comments?post=5133"}],"version-history":[{"count":0,"href":"https:\/\/niipit.dk\/dchlangeskov\/wp-json\/wp\/v2\/pages\/5133\/revisions"}],"wp:attachment":[{"href":"https:\/\/niipit.dk\/dchlangeskov\/wp-json\/wp\/v2\/media?parent=5133"}],"curies":[{"name":"wp","href":"https:\/\/api.w.org\/{rel}","templated":true}]}}