{"id":5126,"date":"2018-08-15T22:06:38","date_gmt":"2018-08-15T20:06:38","guid":{"rendered":"https:\/\/niipit.dk\/nv2-QogM\/?page_id=5126"},"modified":"2020-03-23T20:07:17","modified_gmt":"2020-03-23T19:07:17","slug":"cookie","status":"publish","type":"page","link":"https:\/\/niipit.dk\/dchlangeskov\/cookie\/","title":{"rendered":"Cookie"},"content":{"rendered":"<h2>Cookie-politik<\/h2>\n<p>P\u00e5 denne hjemmeside anvendes cookies, og i det f\u00f8lgende vil vi beskrive, hvilke cookies, der anvendes, til hvilke form\u00e5l, de anvendes, og hvordan du kan undg\u00e5 og slette cookies.<\/p>\n<h2>1. Cookies<\/h2>\n<p>En cookie er en lille tekstfil, der lagres i din browser, for at kunne genkende din computer ved tilbagevendende bes\u00f8g. En cookie kan indeholde tekst, tal eller f.eks. en dato, men der er ingen personlige oplysninger gemt i vores cookies. En cookie er ikke et program, og kan ikke indeholde virus.<\/p>\n<p>N\u00e5r du bes\u00f8ger Niipit\u00b4s hjemmeside, modtager du automatisk en eller flere cookies.<\/p>\n<h2>2. S\u00e5 lang tid opbevares cookies<\/h2>\n<p>Forskellige cookies har forskellig levetid, afh\u00e6ngig af den enkelte cookies funktion. N\u00e5r en cookie n\u00e5r sin fastsatte levetid, sletter den sig selv. Ved hvert nyt bes\u00f8g p\u00e5 hjemmesiden bliver alle cookies fornyet.<\/p>\n<h2>3. S\u00e5dan undg\u00e5r og sletter du cookies<\/h2>\n<p>Hvis du ikke \u00f8nsker at lagre cookies p\u00e5 din computer, kan du v\u00e6lge ikke at modtage cookies og at slette cookies, der ligger p\u00e5 din harddisk.<\/p>\n<p>Som bruger skal du dog v\u00e6re opm\u00e6rksom p\u00e5, at hjemmesiden ikke vil fungere 100 % optimalt, hvis du sletter eller blokerer for cookies.<br \/>\nS\u00e5dan sletter du dine cookies:<\/p>\n<p>Klik her for:\u00a0<a href=\"http:\/\/windows.microsoft.com\/da-dk\/internet-explorer\/delete-manage-cookies\" target=\"_blank\" rel=\"noopener noreferrer\">Vejledning i at slette cookies p\u00e5 Microsoft Internet Explorer<\/a><br \/>\nKlik her for:\u00a0<a href=\"http:\/\/support.mozilla.org\/da\/kb\/Deleting%20cookies\" target=\"_blank\" rel=\"noopener noreferrer\">Vejledning i at slette cookies p\u00e5 Mozilla Firefox browser<\/a><br \/>\nKlik her for:\u00a0<a href=\"http:\/\/support.google.com\/chrome\/bin\/answer.py?hl=da&amp;answer=95647\" target=\"_blank\" rel=\"noopener noreferrer\">Vejledning i at slette cookies p\u00e5 Google Chrome browser<\/a><br \/>\nKlik her for:\u00a0<a href=\"http:\/\/help.opera.com\/Mac\/11.60\/en\/cookies.html\" target=\"_blank\" rel=\"noopener noreferrer\">Vejledning i at slette cookies p\u00e5 Opera browser<\/a><br \/>\nKlik her for:\u00a0<a href=\"http:\/\/docs.info.apple.com\/article.html?path=Safari\/5.0\/da\/11471.html\" target=\"_blank\" rel=\"noopener noreferrer\">Vejledning i at slette cookies p\u00e5 Safari browser<\/a><br \/>\nKlik her for:\u00a0<a href=\"http:\/\/support.apple.com\/kb\/HT1677?viewlocale=da_DK&amp;locale=da_DK\" target=\"_blank\" rel=\"noopener noreferrer\">Vejledning i at slette cookies p\u00e5 iPhone, iPad og andet fra Apple<\/a><br \/>\nKlik her for:\u00a0<a href=\"http:\/\/hubpages.com\/technology\/How-to-delete-internet-cookies-on-your-Droid-or-any-Android-device\" target=\"_blank\" rel=\"noopener noreferrer\">Vejledning i at slette cookies p\u00e5 telefoner med styresystemet Android<\/a><br \/>\nKlik her for:\u00a0<a href=\"http:\/\/windows.microsoft.com\/da-dk\/windows\/previous-support#1TC=windows-7\" target=\"_blank\" rel=\"noopener noreferrer\">Vejledning i at slette cookies p\u00e5\u00a0Windows<\/a><\/p>\n<h2>4. Hvad cookies bruges til p\u00e5 www.niipit.dk<\/h2>\n<p>For at fastl\u00e6gge hvem, der bes\u00f8ger vores hjemmeside, bruger vi cookies til at f\u00f8re demografiske og brugerrelaterede statistikker. P\u00e5 den m\u00e5de f\u00e5r vi mulighed for at tilpasse og oprette indhold og tjenester, s\u00e5 det passer til dine og \u00f8vrige brugeres interesser og \u00f8nsker.<\/p>\n<h3>4.1 Tredjepart-cookies &#8211; Google Analytics<\/h3>\n<p>Brugerrelaterede statistikker indsamles via cookien analytics.js. Ingen personlige data registreres. Cookien opsamler oplysninger om din enheds placering ud fra IP-adressen, hvilke sider du bes\u00f8ger p\u00e5 www.niipit.dk samt hvor lang tid, du er p\u00e5 dem. Denne viden bruger vi til at optimere www.niipit.dk og give dig den bedst mulige oplevelse. Vi bruger systemer fra Google Analytics og Google User Content.<\/p>\n<p>\u00d8nsker du at frav\u00e6lge cookies fra Google Analytics, kan du g\u00f8re det her: http:\/\/tools.google.com\/dlpage\/gaoptout<\/p>\n<h3>4.2 Tredjepart-cookies &#8211; DoubleClick<\/h3>\n<p>Denne cookie lagrer ingen personlige oplysninger. Cookien bruges til at indsamle viden, der segmenterer din adf\u00e6rd ift. din formodede alder, k\u00f8n og interesser. Cookien bruges i Googles annoncenetv\u00e6rk til at m\u00e5lrette annoncering ud fra, hvad der er relevant for dig som bruger.<br \/>\nDu kan administrere de annoncer, der leveres til dig p\u00e5 baggrund af Googles netv\u00e6rk her: https:\/\/www.google.com\/settings\/u\/0\/ads\/authenticated?hl=dk<\/p>\n<p>Det er muligt at dele tilbud fra vores samarbejdspartnere p\u00e5 Facebook. I forbindelse med denne handling s\u00e6ttes en cookie af Facebook. Denne cookie holder styr p\u00e5, hvilke af vores tilbud, der deles p\u00e5 Facebook.<\/p>\n","protected":false},"excerpt":{"rendered":"<p>Cookie-politik P\u00e5 denne hjemmeside anvendes cookies, og i det f\u00f8lgende vil vi beskrive, hvilke cookies, der anvendes, til hvilke form\u00e5l, de anvendes, og hvordan du kan undg\u00e5 og slette cookies. 1. Cookies En cookie er en lille tekstfil, der lagres i din browser, for at kunne genkende din computer ved tilbagevendende bes\u00f8g. En cookie kan <a class=\"moretag btn btn-primary\" href=\"https:\/\/niipit.dk\/dchlangeskov\/cookie\/\">L\u00e6s mere<\/a><\/p>\n","protected":false},"author":1,"featured_media":0,"parent":0,"menu_order":0,"comment_status":"closed","ping_status":"closed","template":"","meta":{"_exactmetrics_skip_tracking":false,"_exactmetrics_sitenote_active":false,"_exactmetrics_sitenote_note":"","_exactmetrics_sitenote_category":0,"_monsterinsights_skip_tracking":false,"_monsterinsights_sitenote_active":false,"_monsterinsights_sitenote_note":"","_monsterinsights_sitenote_category":0,"footnotes":""},"class_list":["post-5126","page","type-page","status-publish","hentry"],"yoast_head":"<!-- This site is optimized with the Yoast SEO Premium plugin v16.3 (Yoast SEO v27.2) - https:\/\/yoast.com\/product\/yoast-seo-premium-wordpress\/ -->\n<title>Cookie - Dchlangeskov<\/title>\n<meta name=\"robots\" content=\"index, follow, max-snippet:-1, max-image-preview:large, max-video-preview:-1\" \/>\n<link rel=\"canonical\" href=\"http:\/\/niipit.dk\/dchlangeskov\/cookie\/\" \/>\n<meta property=\"og:locale\" content=\"da_DK\" \/>\n<meta property=\"og:type\" content=\"article\" \/>\n<meta property=\"og:title\" content=\"Cookie - Dchlangeskov\" \/>\n<meta property=\"og:description\" content=\"Cookie-politik P\u00e5 denne hjemmeside anvendes cookies, og i det f\u00f8lgende vil vi beskrive, hvilke cookies, der anvendes, til hvilke form\u00e5l, de anvendes, og hvordan du kan undg\u00e5 og slette cookies. 1. Cookies En cookie er en lille tekstfil, der lagres i din browser, for at kunne genkende din computer ved tilbagevendende bes\u00f8g. En cookie kan L\u00e6s mere\" \/>\n<meta property=\"og:url\" content=\"http:\/\/niipit.dk\/dchlangeskov\/cookie\/\" \/>\n<meta property=\"og:site_name\" content=\"Dchlangeskov\" \/>\n<meta property=\"article:modified_time\" content=\"2020-03-23T19:07:17+00:00\" \/>\n<meta name=\"twitter:card\" content=\"summary_large_image\" \/>\n<meta name=\"twitter:label1\" content=\"Estimeret l\u00e6setid\" \/>\n\t<meta name=\"twitter:data1\" content=\"3 minutter\" \/>\n<script type=\"application\/ld+json\" class=\"yoast-schema-graph\">{\"@context\":\"https:\/\/schema.org\",\"@graph\":[{\"@type\":\"WebPage\",\"@id\":\"http:\/\/niipit.dk\/dchlangeskov\/cookie\/\",\"url\":\"http:\/\/niipit.dk\/dchlangeskov\/cookie\/\",\"name\":\"Cookie - Dchlangeskov\",\"isPartOf\":{\"@id\":\"https:\/\/niipit.dk\/dchlangeskov\/#website\"},\"datePublished\":\"2018-08-15T20:06:38+00:00\",\"dateModified\":\"2020-03-23T19:07:17+00:00\",\"breadcrumb\":{\"@id\":\"http:\/\/niipit.dk\/dchlangeskov\/cookie\/#breadcrumb\"},\"inLanguage\":\"da-DK\",\"potentialAction\":[{\"@type\":\"ReadAction\",\"target\":[\"http:\/\/niipit.dk\/dchlangeskov\/cookie\/\"]}]},{\"@type\":\"BreadcrumbList\",\"@id\":\"http:\/\/niipit.dk\/dchlangeskov\/cookie\/#breadcrumb\",\"itemListElement\":[{\"@type\":\"ListItem\",\"position\":1,\"name\":\"Hjem\",\"item\":\"https:\/\/niipit.dk\/dchlangeskov\/\"},{\"@type\":\"ListItem\",\"position\":2,\"name\":\"Cookie\"}]},{\"@type\":\"WebSite\",\"@id\":\"https:\/\/niipit.dk\/dchlangeskov\/#website\",\"url\":\"https:\/\/niipit.dk\/dchlangeskov\/\",\"name\":\"Dchlangeskov\",\"description\":\"DCH Langeskov T\u00e6t p\u00e5 Odense og det bedste sted at tr\u00e6ne hund.\",\"potentialAction\":[{\"@type\":\"SearchAction\",\"target\":{\"@type\":\"EntryPoint\",\"urlTemplate\":\"https:\/\/niipit.dk\/dchlangeskov\/?s={search_term_string}\"},\"query-input\":{\"@type\":\"PropertyValueSpecification\",\"valueRequired\":true,\"valueName\":\"search_term_string\"}}],\"inLanguage\":\"da-DK\"}]}<\/script>\n<!-- \/ Yoast SEO Premium plugin. -->","yoast_head_json":{"title":"Cookie - Dchlangeskov","robots":{"index":"index","follow":"follow","max-snippet":"max-snippet:-1","max-image-preview":"max-image-preview:large","max-video-preview":"max-video-preview:-1"},"canonical":"http:\/\/niipit.dk\/dchlangeskov\/cookie\/","og_locale":"da_DK","og_type":"article","og_title":"Cookie - Dchlangeskov","og_description":"Cookie-politik P\u00e5 denne hjemmeside anvendes cookies, og i det f\u00f8lgende vil vi beskrive, hvilke cookies, der anvendes, til hvilke form\u00e5l, de anvendes, og hvordan du kan undg\u00e5 og slette cookies. 1. Cookies En cookie er en lille tekstfil, der lagres i din browser, for at kunne genkende din computer ved tilbagevendende bes\u00f8g. En cookie kan L\u00e6s mere","og_url":"http:\/\/niipit.dk\/dchlangeskov\/cookie\/","og_site_name":"Dchlangeskov","article_modified_time":"2020-03-23T19:07:17+00:00","twitter_card":"summary_large_image","twitter_misc":{"Estimeret l\u00e6setid":"3 minutter"},"schema":{"@context":"https:\/\/schema.org","@graph":[{"@type":"WebPage","@id":"http:\/\/niipit.dk\/dchlangeskov\/cookie\/","url":"http:\/\/niipit.dk\/dchlangeskov\/cookie\/","name":"Cookie - Dchlangeskov","isPartOf":{"@id":"https:\/\/niipit.dk\/dchlangeskov\/#website"},"datePublished":"2018-08-15T20:06:38+00:00","dateModified":"2020-03-23T19:07:17+00:00","breadcrumb":{"@id":"http:\/\/niipit.dk\/dchlangeskov\/cookie\/#breadcrumb"},"inLanguage":"da-DK","potentialAction":[{"@type":"ReadAction","target":["http:\/\/niipit.dk\/dchlangeskov\/cookie\/"]}]},{"@type":"BreadcrumbList","@id":"http:\/\/niipit.dk\/dchlangeskov\/cookie\/#breadcrumb","itemListElement":[{"@type":"ListItem","position":1,"name":"Hjem","item":"https:\/\/niipit.dk\/dchlangeskov\/"},{"@type":"ListItem","position":2,"name":"Cookie"}]},{"@type":"WebSite","@id":"https:\/\/niipit.dk\/dchlangeskov\/#website","url":"https:\/\/niipit.dk\/dchlangeskov\/","name":"Dchlangeskov","description":"DCH Langeskov T\u00e6t p\u00e5 Odense og det bedste sted at tr\u00e6ne hund.","potentialAction":[{"@type":"SearchAction","target":{"@type":"EntryPoint","urlTemplate":"https:\/\/niipit.dk\/dchlangeskov\/?s={search_term_string}"},"query-input":{"@type":"PropertyValueSpecification","valueRequired":true,"valueName":"search_term_string"}}],"inLanguage":"da-DK"}]}},"_links":{"self":[{"href":"https:\/\/niipit.dk\/dchlangeskov\/wp-json\/wp\/v2\/pages\/5126","targetHints":{"allow":["GET"]}}],"collection":[{"href":"https:\/\/niipit.dk\/dchlangeskov\/wp-json\/wp\/v2\/pages"}],"about":[{"href":"https:\/\/niipit.dk\/dchlangeskov\/wp-json\/wp\/v2\/types\/page"}],"author":[{"embeddable":true,"href":"https:\/\/niipit.dk\/dchlangeskov\/wp-json\/wp\/v2\/users\/1"}],"replies":[{"embeddable":true,"href":"https:\/\/niipit.dk\/dchlangeskov\/wp-json\/wp\/v2\/comments?post=5126"}],"version-history":[{"count":0,"href":"https:\/\/niipit.dk\/dchlangeskov\/wp-json\/wp\/v2\/pages\/5126\/revisions"}],"wp:attachment":[{"href":"https:\/\/niipit.dk\/dchlangeskov\/wp-json\/wp\/v2\/media?parent=5126"}],"curies":[{"name":"wp","href":"https:\/\/api.w.org\/{rel}","templated":true}]}}