{"id":5124,"date":"2018-08-15T22:06:28","date_gmt":"2018-08-15T20:06:28","guid":{"rendered":"https:\/\/niipit.dk\/nv2-QogM\/?page_id=5124"},"modified":"2020-04-19T07:21:49","modified_gmt":"2020-04-19T05:21:49","slug":"privatlivs-politik","status":"publish","type":"page","link":"https:\/\/niipit.dk\/dchlangeskov\/privatlivs-politik\/","title":{"rendered":"Privatlivs politik"},"content":{"rendered":"<h2>1. Dataansvarlig<\/h2>\n<p>Den juridiske enhed\u00a0som er ansvarlig for behandlingen af dine personoplysninger er:<\/p>\n<p>Niipit IVS<br \/>\n\u00d8stergade 10<br \/>\n6500 Vojens<\/p>\n<p>CVR-nummer: 36491191<br \/>\nE-mail:\u00a0 <a href=\"mailto:support@niipit.dk\">support@niipit.dk<\/a><br \/>\nTelefon: +45 25216199<\/p>\n<p>Herefter kaldet &#8220;Niipit&#8221;.<\/p>\n<p>2. Beskrivelse af behandlingen<\/p>\n<h3>Form\u00e5l 1<\/h3>\n<h5>Tilmelding og administration af din Niipit privat konto.<\/h5>\n<p>Her oplyser du et selvvalgt brugernav, dit for og efternavn samt din mailadresse og en selvvalgt kode. Disse oplysninger bruges til login.<\/p>\n<h5>Kategorier af personoplysninger<\/h5>\n<p>Vi behandler f\u00f8lgende kategorier af personoplysninger om dig:<\/p>\n<p>a)\u00a0\u00a0 \u00a0Almindelige personoplysninger:<\/p>\n<p>Navn*, adresse*, postnummer*, by*,\u00a0 e-mail*, telefonnummer*.<br \/>\n*= obligatoriske oplysninger, som skal udfyldes af dig ved k\u00f8b via Niipit<\/p>\n<h5>Kilder<\/h5>\n<p>Vi indsamler oplysninger fra f\u00f8lgende kilder:<\/p>\n<ul>\n<li>Direkte fra dig<\/li>\n<\/ul>\n<h5>Behandlingsgrundlag<\/h5>\n<p>Vi behandler dine personoplysninger som beskrevet baseret p\u00e5 f\u00f8lgende behandlingsgrundlag<\/p>\n<ul>\n<li>GDPR artikel 6.1.b<\/li>\n<\/ul>\n<h5>Modtagere<\/h5>\n<p>Vi <b>kan<\/b> dele dine personoplysninger med:<\/p>\n<ul>\n<li>Leverand\u00f8rer og forhandlere, herunder IT-leverand\u00f8rer, support, vareleverand\u00f8rer, som vi samarbejder med for at assistere vores virksomhed.<\/li>\n<\/ul>\n<h5>Opbevaring<\/h5>\n<p>Vi vil opbevare personoplysninger s\u00e5 l\u00e6nge det er n\u00f8dvendigt til de form\u00e5l, der er n\u00e6vnt.<\/p>\n<ul>\n<li>Oplysninger som du har indtastet opbevares lige s\u00e5 l\u00e6nge du har en konto hos Niipit.<\/li>\n<li>N\u00e5r du sletter din konto slettes alle dine indtastede oplysninger ligeledes.<\/li>\n<li>Oplysninger om dine transaktioner opbevares i 5 \u00e5r plus indev\u00e6rende \u00e5r i overensstemmelse med Bogf\u00f8ringslovens krav.<\/li>\n<\/ul>\n<h3>Form\u00e5l 2<\/h3>\n<h5>Tilmelding og administration af din Niipit Erhverv konto.<\/h5>\n<p>Her oplyser du et selvvalgt brugernav, dit for og efternavn samt din mailadresse og en selvvalgt kode. Disse oplysninger bruges til login.<\/p>\n<h5>Kategorier af personoplysninger<\/h5>\n<p>Vi behandler f\u00f8lgende kategorier af personoplysninger om dig:<\/p>\n<p>a)\u00a0\u00a0 \u00a0Almindelige personoplysninger:<\/p>\n<p>Navn*, adresse*, postnummer*, by*,\u00a0 e-mail*, telefonnummer*.<br \/>\n*= obligatoriske oplysninger, som skal udfyldes af dig ved indg\u00e5else af samarbejde med Niipit<\/p>\n<h5>Kilder<\/h5>\n<p>Vi indsamler oplysninger fra f\u00f8lgende kilder:<\/p>\n<ul>\n<li>Direkte fra dig<\/li>\n<\/ul>\n<h5>Behandlingsgrundlag<\/h5>\n<p>Vi behandler dine personoplysninger som beskrevet baseret p\u00e5 f\u00f8lgende behandlingsgrundlag<\/p>\n<ul>\n<li>GDPR artikel 6.1.b<\/li>\n<\/ul>\n<h5>Modtagere<\/h5>\n<p>Vi <b>kan<\/b> dele dine personoplysninger med:<\/p>\n<ul>\n<li>Kunder, leverand\u00f8rer og forhandlere, herunder IT-leverand\u00f8rer, support, vareleverand\u00f8rer, som vi samarbejder med for at assistere vores virksomhed.<\/li>\n<\/ul>\n<h5>Opbevaring<\/h5>\n<p>Vi vil opbevare personoplysninger s\u00e5 l\u00e6nge det er n\u00f8dvendigt til de form\u00e5l, der er n\u00e6vnt.<\/p>\n<ul>\n<li>Oplysninger som du har indtastet opbevares lige s\u00e5 l\u00e6nge du har en konto hos Niipit.<\/li>\n<li>N\u00e5r du sletter din konto slettes alle dine indtastede oplysninger ligeledes.<\/li>\n<li>Oplysninger om dine transaktioner opbevares i 5 \u00e5r plus indev\u00e6rende \u00e5r i overensstemmelse med Bogf\u00f8ringslovens krav.<\/li>\n<\/ul>\n<h3>Form\u00e5l 3<\/h3>\n<h5>Betaling<\/h5>\n<p>Alt betaling foreg\u00e5r via Pensopay \/ Quickpay s\u00e5 vi modtager \/ opbevare INGEN oplysninger i den forbindelse.<\/p>\n<h3>Form\u00e5l #5<\/h3>\n<h5>Tilmelding til nyhedsbrev<\/h5>\n<p>Nyhedsbreve: Administration af nyhedsbreve:<\/p>\n<p>Personoplysninger anvendes til markedsf\u00f8ringsm\u00e6ssige form\u00e5l, herunder at m\u00e5lrette vores kommunikation med dig p\u00e5 baggrund af dine interesse- og fokusomr\u00e5der, herunder ved fremsendelse af nyhedsbreve.<\/p>\n<h5>Kategorier af personoplysninger<\/h5>\n<p>Vi behandler f\u00f8lgende kategorier af personoplysninger om dig:<\/p>\n<p>a)\u00a0\u00a0 \u00a0Almindelige personoplysninger:<\/p>\n<ul>\n<li>Navn*, e-mail*, telefonnummer.<\/li>\n<\/ul>\n<h5>Kilder<\/h5>\n<p>Vi indsamler oplysninger fra f\u00f8lgende kilder:<\/p>\n<ul>\n<li>Direkte fra dig.<\/li>\n<\/ul>\n<h5>Behandlingsgrundlag<\/h5>\n<p>Vi behandler dine personoplysninger som beskrevet baseret p\u00e5 f\u00f8lgende behandlingsgrundlag:<\/p>\n<ul>\n<li>GDPR artikel 6.1.a (Samtykke).<\/li>\n<\/ul>\n<h5>Modtagere<\/h5>\n<p>Vi kan dele dine personoplysninger med:<\/p>\n<p>Oplysninger deles ikke.<\/p>\n<h5>Opbevaring<\/h5>\n<p>Vi vil opbevare personoplysninger s\u00e5 l\u00e6nge det er n\u00f8dvendigt til de form\u00e5l, der er n\u00e6vnt.<\/p>\n<ul>\n<li>Op til 2 \u00e5r efter din tilbagekaldelse af samtykket til Nyhedsbrevet.<\/li>\n<\/ul>\n<h3>Form\u00e5l 6<\/h3>\n<h5>\u00d8vrige henvendelser til Niipit<\/h5>\n<p>a)\u00a0\u00a0 \u00a0Behandling af henvendelser til Niipit\u00b4s support.<\/p>\n<h5>Kategorier af personoplysninger<\/h5>\n<p>Vi behandler f\u00f8lgende kategorier af personoplysninger om dig:<\/p>\n<p>a)\u00a0\u00a0 \u00a0Almindelige personoplysninger:<\/p>\n<p>Navn, e-mail, telefonnummer samt \u00f8vrige oplysninger, som din henvendelse m\u00e5tte vedr\u00f8re.<\/p>\n<h5>Kilder<\/h5>\n<p>Vi indsamler oplysninger fra f\u00f8lgende kilder:<\/p>\n<ul>\n<li>Direkte fra dig.<\/li>\n<\/ul>\n<h5>Opbevaring<\/h5>\n<p>Vi vil opbevare personoplysninger s\u00e5 l\u00e6nge det er n\u00f8dvendigt til de form\u00e5l, der er n\u00e6vnt.<\/p>\n<ul>\n<li>Op til 3 m\u00e5neder fra den endelige besvarelse af henvendelsen.<\/li>\n<li>Henvendelser der vedr\u00f8rer din Niipit konto slettes senest 3 \u00e5r efter afslutningen af kundeforholdet.<\/li>\n<li>Henvendelser vedr\u00f8rende indsigelser mod betalinger opbevares i 5 \u00e5r plus indev\u00e6rende \u00e5r i overensstemmelse med Bogf\u00f8ringslovens krav.<\/li>\n<\/ul>\n<h2>3. Overf\u00f8rsler til lande udenfor EU\/E\u00d8S<\/h2>\n<p>Vi overf\u00f8re ikke nogle oplysninger udenfor EU \/ E\u00d8S.<\/p>\n<h2>4. Pligtm\u00e6ssig information<\/h2>\n<p>Oplysningerne markeret med * er obligatoriske. Hvis du ikke giver disse oplysninger, kan der ikke oprettes en Niipit konto.<\/p>\n<h2>5.\u00a0Dine rettigheder<\/h2>\n<p>Du har f\u00f8lgende rettigheder:<\/p>\n<ul>\n<li>Du har ret til at anmode om indsigt, berigtigelse eller sletning af dine personoplysninger. Hvis du \u00f8nsker at \u00e6ndre i afgivne kortoplysninger, kan dette ske via hjemmeside.<\/li>\n<li>Du har ogs\u00e5 ret til at mods\u00e6tte dig behandlingen af dine personoplysninger og f\u00e5 behandlingen af dine personoplysninger begr\u00e6nset.<\/li>\n<li><strong>S\u00e6rligt har du en ubetinget ret til at mods\u00e6tte dig behandling af dine personoplysninger til brug for direkte markedsf\u00f8ring.<\/strong><\/li>\n<li>Hvis behandlingen af dine personoplysninger er baseret p\u00e5 dit samtykke, har du ret til at tilbagekalde dit samtykke til enhver tid. Din tilbagekaldelse vil ikke have betydning for lovligheden af behandlingen foretaget inden din tilbagekaldelse af dit samtykke.<\/li>\n<li>Du har ret til at modtage de personoplysninger, som du selv har afgivet, i et struktureret, almindeligt anvendt og maskinl\u00e6sbart format (dataportabilitet).<\/li>\n<li>Du kan altid indgive en klage til en databeskyttelsestilsynsmyndighed, f.eks. Datatilsynet.<\/li>\n<\/ul>\n<p>(1)\u00a0\u00a0 \u00a0Du kan g\u00f8re brug af dine rettigheder ved at kontakte <a href=\"mailto:support@niipit.dk\">support@niipit.dk <\/a>eller tlf. +45 25 21 61 99.<\/p>\n<p>Der kan v\u00e6re betingelser eller begr\u00e6nsninger til disse rettigheder. Det er derfor ikke sikkert, at du f.eks. har ret til dataportabilitet i det konkrete tilf\u00e6lde &#8211; dette afh\u00e6nger af de konkrete omst\u00e6ndigheder i forbindelse med behandlingsaktiviteterne.<\/p>\n<p><em>Senest opdateret:\u00a0 24. maj 2018<\/em><\/p>\n","protected":false},"excerpt":{"rendered":"<p>1. Dataansvarlig Den juridiske enhed\u00a0som er ansvarlig for behandlingen af dine personoplysninger er: Niipit IVS \u00d8stergade 10 6500 Vojens CVR-nummer: 36491191 E-mail:\u00a0 support@niipit.dk Telefon: +45 25216199 Herefter kaldet &#8220;Niipit&#8221;. 2. Beskrivelse af behandlingen Form\u00e5l 1 Tilmelding og administration af din Niipit privat konto. Her oplyser du et selvvalgt brugernav, dit for og efternavn samt din <a class=\"moretag btn btn-primary\" href=\"https:\/\/niipit.dk\/dchlangeskov\/privatlivs-politik\/\">L\u00e6s mere<\/a><\/p>\n","protected":false},"author":1,"featured_media":0,"parent":0,"menu_order":0,"comment_status":"closed","ping_status":"closed","template":"","meta":{"_exactmetrics_skip_tracking":false,"_exactmetrics_sitenote_active":false,"_exactmetrics_sitenote_note":"","_exactmetrics_sitenote_category":0,"_monsterinsights_skip_tracking":false,"_monsterinsights_sitenote_active":false,"_monsterinsights_sitenote_note":"","_monsterinsights_sitenote_category":0,"footnotes":""},"class_list":["post-5124","page","type-page","status-publish","hentry"],"yoast_head":"<!-- This site is optimized with the Yoast SEO Premium plugin v16.3 (Yoast SEO v27.2) - https:\/\/yoast.com\/product\/yoast-seo-premium-wordpress\/ -->\n<title>Privatlivs politik - Dchlangeskov<\/title>\n<meta name=\"robots\" content=\"index, follow, max-snippet:-1, max-image-preview:large, max-video-preview:-1\" \/>\n<link rel=\"canonical\" href=\"https:\/\/niipit.dk\/dchlangeskov\/privatlivs-politik\/\" \/>\n<meta property=\"og:locale\" content=\"da_DK\" \/>\n<meta property=\"og:type\" content=\"article\" \/>\n<meta property=\"og:title\" content=\"Privatlivs politik - Dchlangeskov\" \/>\n<meta property=\"og:description\" content=\"1. Dataansvarlig Den juridiske enhed\u00a0som er ansvarlig for behandlingen af dine personoplysninger er: Niipit IVS \u00d8stergade 10 6500 Vojens CVR-nummer: 36491191 E-mail:\u00a0 support@niipit.dk Telefon: +45 25216199 Herefter kaldet &#8220;Niipit&#8221;. 2. Beskrivelse af behandlingen Form\u00e5l 1 Tilmelding og administration af din Niipit privat konto. Her oplyser du et selvvalgt brugernav, dit for og efternavn samt din L\u00e6s mere\" \/>\n<meta property=\"og:url\" content=\"https:\/\/niipit.dk\/dchlangeskov\/privatlivs-politik\/\" \/>\n<meta property=\"og:site_name\" content=\"Dchlangeskov\" \/>\n<meta property=\"article:modified_time\" content=\"2020-04-19T05:21:49+00:00\" \/>\n<meta name=\"twitter:card\" content=\"summary_large_image\" \/>\n<meta name=\"twitter:label1\" content=\"Estimeret l\u00e6setid\" \/>\n\t<meta name=\"twitter:data1\" content=\"5 minutter\" \/>\n<script type=\"application\/ld+json\" class=\"yoast-schema-graph\">{\"@context\":\"https:\/\/schema.org\",\"@graph\":[{\"@type\":\"WebPage\",\"@id\":\"https:\/\/niipit.dk\/dchlangeskov\/privatlivs-politik\/\",\"url\":\"https:\/\/niipit.dk\/dchlangeskov\/privatlivs-politik\/\",\"name\":\"Privatlivs politik - Dchlangeskov\",\"isPartOf\":{\"@id\":\"https:\/\/niipit.dk\/dchlangeskov\/#website\"},\"datePublished\":\"2018-08-15T20:06:28+00:00\",\"dateModified\":\"2020-04-19T05:21:49+00:00\",\"breadcrumb\":{\"@id\":\"https:\/\/niipit.dk\/dchlangeskov\/privatlivs-politik\/#breadcrumb\"},\"inLanguage\":\"da-DK\",\"potentialAction\":[{\"@type\":\"ReadAction\",\"target\":[\"https:\/\/niipit.dk\/dchlangeskov\/privatlivs-politik\/\"]}]},{\"@type\":\"BreadcrumbList\",\"@id\":\"https:\/\/niipit.dk\/dchlangeskov\/privatlivs-politik\/#breadcrumb\",\"itemListElement\":[{\"@type\":\"ListItem\",\"position\":1,\"name\":\"Hjem\",\"item\":\"https:\/\/niipit.dk\/dchlangeskov\/\"},{\"@type\":\"ListItem\",\"position\":2,\"name\":\"Privatlivs politik\"}]},{\"@type\":\"WebSite\",\"@id\":\"https:\/\/niipit.dk\/dchlangeskov\/#website\",\"url\":\"https:\/\/niipit.dk\/dchlangeskov\/\",\"name\":\"Dchlangeskov\",\"description\":\"DCH Langeskov T\u00e6t p\u00e5 Odense og det bedste sted at tr\u00e6ne hund.\",\"potentialAction\":[{\"@type\":\"SearchAction\",\"target\":{\"@type\":\"EntryPoint\",\"urlTemplate\":\"https:\/\/niipit.dk\/dchlangeskov\/?s={search_term_string}\"},\"query-input\":{\"@type\":\"PropertyValueSpecification\",\"valueRequired\":true,\"valueName\":\"search_term_string\"}}],\"inLanguage\":\"da-DK\"}]}<\/script>\n<!-- \/ Yoast SEO Premium plugin. -->","yoast_head_json":{"title":"Privatlivs politik - Dchlangeskov","robots":{"index":"index","follow":"follow","max-snippet":"max-snippet:-1","max-image-preview":"max-image-preview:large","max-video-preview":"max-video-preview:-1"},"canonical":"https:\/\/niipit.dk\/dchlangeskov\/privatlivs-politik\/","og_locale":"da_DK","og_type":"article","og_title":"Privatlivs politik - Dchlangeskov","og_description":"1. Dataansvarlig Den juridiske enhed\u00a0som er ansvarlig for behandlingen af dine personoplysninger er: Niipit IVS \u00d8stergade 10 6500 Vojens CVR-nummer: 36491191 E-mail:\u00a0 support@niipit.dk Telefon: +45 25216199 Herefter kaldet &#8220;Niipit&#8221;. 2. Beskrivelse af behandlingen Form\u00e5l 1 Tilmelding og administration af din Niipit privat konto. Her oplyser du et selvvalgt brugernav, dit for og efternavn samt din L\u00e6s mere","og_url":"https:\/\/niipit.dk\/dchlangeskov\/privatlivs-politik\/","og_site_name":"Dchlangeskov","article_modified_time":"2020-04-19T05:21:49+00:00","twitter_card":"summary_large_image","twitter_misc":{"Estimeret l\u00e6setid":"5 minutter"},"schema":{"@context":"https:\/\/schema.org","@graph":[{"@type":"WebPage","@id":"https:\/\/niipit.dk\/dchlangeskov\/privatlivs-politik\/","url":"https:\/\/niipit.dk\/dchlangeskov\/privatlivs-politik\/","name":"Privatlivs politik - Dchlangeskov","isPartOf":{"@id":"https:\/\/niipit.dk\/dchlangeskov\/#website"},"datePublished":"2018-08-15T20:06:28+00:00","dateModified":"2020-04-19T05:21:49+00:00","breadcrumb":{"@id":"https:\/\/niipit.dk\/dchlangeskov\/privatlivs-politik\/#breadcrumb"},"inLanguage":"da-DK","potentialAction":[{"@type":"ReadAction","target":["https:\/\/niipit.dk\/dchlangeskov\/privatlivs-politik\/"]}]},{"@type":"BreadcrumbList","@id":"https:\/\/niipit.dk\/dchlangeskov\/privatlivs-politik\/#breadcrumb","itemListElement":[{"@type":"ListItem","position":1,"name":"Hjem","item":"https:\/\/niipit.dk\/dchlangeskov\/"},{"@type":"ListItem","position":2,"name":"Privatlivs politik"}]},{"@type":"WebSite","@id":"https:\/\/niipit.dk\/dchlangeskov\/#website","url":"https:\/\/niipit.dk\/dchlangeskov\/","name":"Dchlangeskov","description":"DCH Langeskov T\u00e6t p\u00e5 Odense og det bedste sted at tr\u00e6ne hund.","potentialAction":[{"@type":"SearchAction","target":{"@type":"EntryPoint","urlTemplate":"https:\/\/niipit.dk\/dchlangeskov\/?s={search_term_string}"},"query-input":{"@type":"PropertyValueSpecification","valueRequired":true,"valueName":"search_term_string"}}],"inLanguage":"da-DK"}]}},"_links":{"self":[{"href":"https:\/\/niipit.dk\/dchlangeskov\/wp-json\/wp\/v2\/pages\/5124","targetHints":{"allow":["GET"]}}],"collection":[{"href":"https:\/\/niipit.dk\/dchlangeskov\/wp-json\/wp\/v2\/pages"}],"about":[{"href":"https:\/\/niipit.dk\/dchlangeskov\/wp-json\/wp\/v2\/types\/page"}],"author":[{"embeddable":true,"href":"https:\/\/niipit.dk\/dchlangeskov\/wp-json\/wp\/v2\/users\/1"}],"replies":[{"embeddable":true,"href":"https:\/\/niipit.dk\/dchlangeskov\/wp-json\/wp\/v2\/comments?post=5124"}],"version-history":[{"count":0,"href":"https:\/\/niipit.dk\/dchlangeskov\/wp-json\/wp\/v2\/pages\/5124\/revisions"}],"wp:attachment":[{"href":"https:\/\/niipit.dk\/dchlangeskov\/wp-json\/wp\/v2\/media?parent=5124"}],"curies":[{"name":"wp","href":"https:\/\/api.w.org\/{rel}","templated":true}]}}