{"id":5105,"date":"2018-08-15T22:02:47","date_gmt":"2018-08-15T20:02:47","guid":{"rendered":"https:\/\/niipit.dk\/nv2-QogM\/?page_id=5105"},"modified":"2020-03-23T20:06:47","modified_gmt":"2020-03-23T19:06:47","slug":"om","status":"publish","type":"page","link":"https:\/\/niipit.dk\/dchlangeskov\/om\/","title":{"rendered":"Om DCH Langeskov"},"content":{"rendered":"<div class=\"thrv_wrapper thrv_heading\" data-tag=\"h1\" data-css=\"tve-u-163a601a1f4\">\n<h2 data-css=\"tve-u-163a60192ea\">Beskriv DCH Langeskov her<\/h2>\n<\/div>\n<div class=\"thrv_wrapper thrv_text_element tve_empty_dropzone\" data-css=\"tve-u-163a60acbcb\">\n<div class=\"thrv_wrapper thrv_text_element tve_empty_dropzone\" data-css=\"tve-u-163a3bcdd15\">\n<p data-css=\"tve-u-163a3bcdd13\">\n<\/div>\n<\/div>\n","protected":false},"excerpt":{"rendered":"<p>Beskriv DCH Langeskov her<\/p>\n","protected":false},"author":1,"featured_media":0,"parent":0,"menu_order":0,"comment_status":"closed","ping_status":"closed","template":"","meta":{"_exactmetrics_skip_tracking":false,"_exactmetrics_sitenote_active":false,"_exactmetrics_sitenote_note":"","_exactmetrics_sitenote_category":0,"_monsterinsights_skip_tracking":false,"_monsterinsights_sitenote_active":false,"_monsterinsights_sitenote_note":"","_monsterinsights_sitenote_category":0,"footnotes":""},"class_list":["post-5105","page","type-page","status-publish","hentry"],"yoast_head":"<!-- This site is optimized with the Yoast SEO Premium plugin v16.3 (Yoast SEO v27.2) - https:\/\/yoast.com\/product\/yoast-seo-premium-wordpress\/ -->\n<title>Om DCH Langeskov - Dchlangeskov<\/title>\n<meta name=\"robots\" content=\"index, follow, max-snippet:-1, max-image-preview:large, max-video-preview:-1\" \/>\n<link rel=\"canonical\" href=\"https:\/\/niipit.dk\/dchlangeskov\/om\/\" \/>\n<meta property=\"og:locale\" content=\"da_DK\" \/>\n<meta property=\"og:type\" content=\"article\" \/>\n<meta property=\"og:title\" content=\"Om DCH Langeskov - Dchlangeskov\" \/>\n<meta property=\"og:description\" content=\"Beskriv DCH Langeskov her\" \/>\n<meta property=\"og:url\" content=\"https:\/\/niipit.dk\/dchlangeskov\/om\/\" \/>\n<meta property=\"og:site_name\" content=\"Dchlangeskov\" \/>\n<meta property=\"article:modified_time\" content=\"2020-03-23T19:06:47+00:00\" \/>\n<meta name=\"twitter:card\" content=\"summary_large_image\" \/>\n<script type=\"application\/ld+json\" class=\"yoast-schema-graph\">{\"@context\":\"https:\/\/schema.org\",\"@graph\":[{\"@type\":\"WebPage\",\"@id\":\"https:\/\/niipit.dk\/dchlangeskov\/om\/\",\"url\":\"https:\/\/niipit.dk\/dchlangeskov\/om\/\",\"name\":\"Om DCH Langeskov - Dchlangeskov\",\"isPartOf\":{\"@id\":\"https:\/\/niipit.dk\/dchlangeskov\/#website\"},\"datePublished\":\"2018-08-15T20:02:47+00:00\",\"dateModified\":\"2020-03-23T19:06:47+00:00\",\"breadcrumb\":{\"@id\":\"https:\/\/niipit.dk\/dchlangeskov\/om\/#breadcrumb\"},\"inLanguage\":\"da-DK\",\"potentialAction\":[{\"@type\":\"ReadAction\",\"target\":[\"https:\/\/niipit.dk\/dchlangeskov\/om\/\"]}]},{\"@type\":\"BreadcrumbList\",\"@id\":\"https:\/\/niipit.dk\/dchlangeskov\/om\/#breadcrumb\",\"itemListElement\":[{\"@type\":\"ListItem\",\"position\":1,\"name\":\"Hjem\",\"item\":\"https:\/\/niipit.dk\/dchlangeskov\/\"},{\"@type\":\"ListItem\",\"position\":2,\"name\":\"Om DCH Langeskov\"}]},{\"@type\":\"WebSite\",\"@id\":\"https:\/\/niipit.dk\/dchlangeskov\/#website\",\"url\":\"https:\/\/niipit.dk\/dchlangeskov\/\",\"name\":\"Dchlangeskov\",\"description\":\"DCH Langeskov T\u00e6t p\u00e5 Odense og det bedste sted at tr\u00e6ne hund.\",\"potentialAction\":[{\"@type\":\"SearchAction\",\"target\":{\"@type\":\"EntryPoint\",\"urlTemplate\":\"https:\/\/niipit.dk\/dchlangeskov\/?s={search_term_string}\"},\"query-input\":{\"@type\":\"PropertyValueSpecification\",\"valueRequired\":true,\"valueName\":\"search_term_string\"}}],\"inLanguage\":\"da-DK\"}]}<\/script>\n<!-- \/ Yoast SEO Premium plugin. -->","yoast_head_json":{"title":"Om DCH Langeskov - Dchlangeskov","robots":{"index":"index","follow":"follow","max-snippet":"max-snippet:-1","max-image-preview":"max-image-preview:large","max-video-preview":"max-video-preview:-1"},"canonical":"https:\/\/niipit.dk\/dchlangeskov\/om\/","og_locale":"da_DK","og_type":"article","og_title":"Om DCH Langeskov - Dchlangeskov","og_description":"Beskriv DCH Langeskov her","og_url":"https:\/\/niipit.dk\/dchlangeskov\/om\/","og_site_name":"Dchlangeskov","article_modified_time":"2020-03-23T19:06:47+00:00","twitter_card":"summary_large_image","schema":{"@context":"https:\/\/schema.org","@graph":[{"@type":"WebPage","@id":"https:\/\/niipit.dk\/dchlangeskov\/om\/","url":"https:\/\/niipit.dk\/dchlangeskov\/om\/","name":"Om DCH Langeskov - Dchlangeskov","isPartOf":{"@id":"https:\/\/niipit.dk\/dchlangeskov\/#website"},"datePublished":"2018-08-15T20:02:47+00:00","dateModified":"2020-03-23T19:06:47+00:00","breadcrumb":{"@id":"https:\/\/niipit.dk\/dchlangeskov\/om\/#breadcrumb"},"inLanguage":"da-DK","potentialAction":[{"@type":"ReadAction","target":["https:\/\/niipit.dk\/dchlangeskov\/om\/"]}]},{"@type":"BreadcrumbList","@id":"https:\/\/niipit.dk\/dchlangeskov\/om\/#breadcrumb","itemListElement":[{"@type":"ListItem","position":1,"name":"Hjem","item":"https:\/\/niipit.dk\/dchlangeskov\/"},{"@type":"ListItem","position":2,"name":"Om DCH Langeskov"}]},{"@type":"WebSite","@id":"https:\/\/niipit.dk\/dchlangeskov\/#website","url":"https:\/\/niipit.dk\/dchlangeskov\/","name":"Dchlangeskov","description":"DCH Langeskov T\u00e6t p\u00e5 Odense og det bedste sted at tr\u00e6ne hund.","potentialAction":[{"@type":"SearchAction","target":{"@type":"EntryPoint","urlTemplate":"https:\/\/niipit.dk\/dchlangeskov\/?s={search_term_string}"},"query-input":{"@type":"PropertyValueSpecification","valueRequired":true,"valueName":"search_term_string"}}],"inLanguage":"da-DK"}]}},"_links":{"self":[{"href":"https:\/\/niipit.dk\/dchlangeskov\/wp-json\/wp\/v2\/pages\/5105","targetHints":{"allow":["GET"]}}],"collection":[{"href":"https:\/\/niipit.dk\/dchlangeskov\/wp-json\/wp\/v2\/pages"}],"about":[{"href":"https:\/\/niipit.dk\/dchlangeskov\/wp-json\/wp\/v2\/types\/page"}],"author":[{"embeddable":true,"href":"https:\/\/niipit.dk\/dchlangeskov\/wp-json\/wp\/v2\/users\/1"}],"replies":[{"embeddable":true,"href":"https:\/\/niipit.dk\/dchlangeskov\/wp-json\/wp\/v2\/comments?post=5105"}],"version-history":[{"count":0,"href":"https:\/\/niipit.dk\/dchlangeskov\/wp-json\/wp\/v2\/pages\/5105\/revisions"}],"wp:attachment":[{"href":"https:\/\/niipit.dk\/dchlangeskov\/wp-json\/wp\/v2\/media?parent=5105"}],"curies":[{"name":"wp","href":"https:\/\/api.w.org\/{rel}","templated":true}]}}