{"id":5105,"date":"2018-08-15T22:02:47","date_gmt":"2018-08-15T20:02:47","guid":{"rendered":"https:\/\/niipit.dk\/nv2-QogM\/?page_id=5105"},"modified":"2020-07-04T23:44:34","modified_gmt":"2020-07-04T21:44:34","slug":"om-dch-sydthy","status":"publish","type":"page","link":"https:\/\/niipit.dk\/dch-sydthy\/om-dch-sydthy\/","title":{"rendered":"Om DcH Sydthy"},"content":{"rendered":"<h1 data-css=\"tve-u-163a60192ea\">Her kan du l\u00e6se om DcH Sydthy<\/h1>\n<div class=\"template\" data-mobile-view=\"true\">\n<div class=\"Preview_row__3Fkye row\">\n<div class=\"Preview_column__1KeVx col\">\n<div class=\"Preview_componentWrapper__2i4QI\" data-id=\"C7CEA104-5C80-485D-8340-C077B7B2D0BE\" data-kind=\"TEXT\">\n<div class=\"Preview_component__SbiKo text-align-undefined\" data-id=\"C7CEA104-5C80-485D-8340-C077B7B2D0BE\" data-kind=\"Component\" data-specific-kind=\"TEXT\" data-in-template=\"false\">\n<div class=\"styles_contentContainer__lrPIa textnormal styles_text__3jGMu\" data-mve-font-change=\"0\">\n<p class=\"mobile-undersized-lower\"><span class=\"mobile-undersized-upper\">Om DcH Sydthy &#8211; DcH Sydthy har eksisteret siden <\/span><\/p>\n<p class=\"mobile-undersized-lower\"><span class=\"mobile-undersized-upper\">Vi er en forening hvor alle hunde er velkommen, store som sm\u00e5, uanset om det er blandingshunde eller en stambogsf\u00f8rt racehund.<\/span><\/p>\n<p class=\"mobile-undersized-lower\"><span class=\"mobile-undersized-upper\">Der er plads til dem som gerne vil tr\u00e6ne med deres hund, og dem som m\u00e5ske bare skal l\u00e6re almindelig lydighed. Dem der m\u00e5ske godt kunne t\u00e6nke sig og stille op til konkurrencer, og dem som m\u00e5ske kunne t\u00e6nke sig at g\u00e5 til agility.<\/span><\/p>\n<p class=\"mobile-undersized-lower\"><span class=\"mobile-undersized-upper\">Der er ogs\u00e5 plads til dem som bare gerne vil lave noget sammen med deres hund og hygge sig med andre hundeelskere. <\/span><\/p>\n<h2 class=\"mobile-undersized-lower\"><span class=\"mobile-undersized-upper\">Klubhuset: <\/span><\/h2>\n<p class=\"mobile-undersized-lower\"><span class=\"mobile-undersized-upper\">Vores klubhus giver hjerte rum, her kan vi tilbyde kaffe, te, sodavand, kage, slik osv. S\u00e5 hvis man tr\u00e6nger til en lille opkviker i pausen eller n\u00e5r tr\u00e6ningen er slut, er det her hundef\u00f8rerne m\u00f8des. <\/span><\/p>\n<p class=\"mobile-undersized-lower\"><span class=\"mobile-undersized-upper\">Eller m\u00e5ske tr\u00e6nger man bare til, at f\u00e5 lidt varme i kroppen p\u00e5 en k\u00f8lig tr\u00e6ningsdag. Husk vi har altid gratis kaffe, the og kakao i klubhuset.<\/span><\/p>\n<p class=\"mobile-undersized-lower\"><span class=\"mobile-undersized-upper\">Vi har en masse socialt samv\u00e6r i klubhuset hvilket betyder rigtig meget. <\/span><\/p>\n<p class=\"mobile-undersized-lower\"><span class=\"mobile-undersized-upper\">Hver mandag kan der k\u00f8bes aftensmad i k\u00f8kkent, man skal blot bestille det p\u00e5 vores facebook side.<\/span><\/p>\n<p class=\"mobile-undersized-lower\"><span class=\"mobile-undersized-upper\">Der findes ogs\u00e5 et toilet ved klubhuset.<\/span><\/p>\n<p>\u00a0<\/p>\n<\/div>\n<\/div>\n<\/div>\n<\/div>\n<\/div>\n<\/div>\n<div class=\"thrv_wrapper thrv_text_element tve_empty_dropzone\" data-css=\"tve-u-163a60acbcb\">\n<div class=\"thrv_wrapper thrv_text_element tve_empty_dropzone\" data-css=\"tve-u-163a3bcdd15\">\n<p data-css=\"tve-u-163a3bcdd13\">\u00a0<\/p>\n<\/div>\n<\/div>\n\n\n<figure class=\"wp-block-image size-large is-resized\"><img loading=\"lazy\" decoding=\"async\" src=\"https:\/\/niipit.dk\/dch-sydthy\/wp-content\/uploads\/sites\/405\/2020\/02\/DCH-syd-thy-logo.jpg\" alt=\"DCH-syd-thy-logo Om DcH\" class=\"wp-image-5979\" width=\"192\" height=\"192\" srcset=\"https:\/\/niipit.dk\/dch-sydthy\/wp-content\/uploads\/sites\/405\/2020\/02\/DCH-syd-thy-logo.jpg 177w, https:\/\/niipit.dk\/dch-sydthy\/wp-content\/uploads\/sites\/405\/2020\/02\/DCH-syd-thy-logo-150x150.jpg 150w, https:\/\/niipit.dk\/dch-sydthy\/wp-content\/uploads\/sites\/405\/2020\/02\/DCH-syd-thy-logo-100x100.jpg 100w\" sizes=\"auto, (max-width: 192px) 100vw, 192px\" \/><\/figure>\n","protected":false},"excerpt":{"rendered":"<p>Her kan du l\u00e6se om DcH Sydthy Om DcH Sydthy &#8211; DcH Sydthy har eksisteret siden Vi er en forening hvor alle hunde er velkommen, store som sm\u00e5, uanset om det er blandingshunde eller en stambogsf\u00f8rt racehund. Der er plads til dem som gerne vil tr\u00e6ne med deres hund, og dem som m\u00e5ske bare skal <a class=\"moretag btn btn-primary\" href=\"https:\/\/niipit.dk\/dch-sydthy\/om-dch-sydthy\/\">L\u00e6s mere<\/a><\/p>\n","protected":false},"author":1064,"featured_media":0,"parent":0,"menu_order":0,"comment_status":"closed","ping_status":"closed","template":"","meta":{"_exactmetrics_skip_tracking":false,"_exactmetrics_sitenote_active":false,"_exactmetrics_sitenote_note":"","_exactmetrics_sitenote_category":0,"_monsterinsights_skip_tracking":false,"_monsterinsights_sitenote_active":false,"_monsterinsights_sitenote_note":"","_monsterinsights_sitenote_category":0,"footnotes":""},"class_list":["post-5105","page","type-page","status-publish","hentry"],"yoast_head":"<!-- This site is optimized with the Yoast SEO Premium plugin v16.3 (Yoast SEO v27.4) - https:\/\/yoast.com\/product\/yoast-seo-premium-wordpress\/ -->\n<title>Om DcH Sydthy - DCH SYDTHY<\/title>\n<meta name=\"description\" content=\"Om DcH Sydthy Vi er en forening hvor alle hunde er velkommen, store som sm\u00e5, uanset om det er blandingshunde eller en stambogsf\u00f8rt racehund.\" \/>\n<meta name=\"robots\" content=\"index, follow, max-snippet:-1, max-image-preview:large, max-video-preview:-1\" \/>\n<link rel=\"canonical\" href=\"https:\/\/niipit.dk\/dch-sydthy\/om-dch-sydthy\/\" \/>\n<meta property=\"og:locale\" content=\"da_DK\" \/>\n<meta property=\"og:type\" content=\"article\" \/>\n<meta property=\"og:title\" content=\"Om DcH Sydthy - DCH SYDTHY\" \/>\n<meta property=\"og:description\" content=\"Om DcH Sydthy Vi er en forening hvor alle hunde er velkommen, store som sm\u00e5, uanset om det er blandingshunde eller en stambogsf\u00f8rt racehund.\" \/>\n<meta property=\"og:url\" content=\"https:\/\/niipit.dk\/dch-sydthy\/om-dch-sydthy\/\" \/>\n<meta property=\"og:site_name\" content=\"DCH SYDTHY\" \/>\n<meta property=\"article:modified_time\" content=\"2020-07-04T21:44:34+00:00\" \/>\n<meta property=\"og:image\" content=\"https:\/\/niipit.dk\/dch-sydthy\/wp-content\/uploads\/sites\/405\/2020\/02\/DCH-syd-thy-logo.jpg\" \/>\n<meta name=\"twitter:card\" content=\"summary_large_image\" \/>\n<meta name=\"twitter:label1\" content=\"Estimeret l\u00e6setid\" \/>\n\t<meta name=\"twitter:data1\" content=\"1 minut\" \/>\n<script type=\"application\/ld+json\" class=\"yoast-schema-graph\">{\"@context\":\"https:\\\/\\\/schema.org\",\"@graph\":[{\"@type\":\"WebPage\",\"@id\":\"https:\\\/\\\/niipit.dk\\\/dch-sydthy\\\/om-dch-sydthy\\\/\",\"url\":\"https:\\\/\\\/niipit.dk\\\/dch-sydthy\\\/om-dch-sydthy\\\/\",\"name\":\"Om DcH Sydthy - DCH SYDTHY\",\"isPartOf\":{\"@id\":\"https:\\\/\\\/niipit.dk\\\/dch-sydthy\\\/#website\"},\"primaryImageOfPage\":{\"@id\":\"https:\\\/\\\/niipit.dk\\\/dch-sydthy\\\/om-dch-sydthy\\\/#primaryimage\"},\"image\":{\"@id\":\"https:\\\/\\\/niipit.dk\\\/dch-sydthy\\\/om-dch-sydthy\\\/#primaryimage\"},\"thumbnailUrl\":\"https:\\\/\\\/niipit.dk\\\/dch-sydthy\\\/wp-content\\\/uploads\\\/sites\\\/405\\\/2020\\\/02\\\/DCH-syd-thy-logo.jpg\",\"datePublished\":\"2018-08-15T20:02:47+00:00\",\"dateModified\":\"2020-07-04T21:44:34+00:00\",\"description\":\"Om DcH Sydthy Vi er en forening hvor alle hunde er velkommen, store som sm\u00e5, uanset om det er blandingshunde eller en stambogsf\u00f8rt racehund.\",\"breadcrumb\":{\"@id\":\"https:\\\/\\\/niipit.dk\\\/dch-sydthy\\\/om-dch-sydthy\\\/#breadcrumb\"},\"inLanguage\":\"da-DK\",\"potentialAction\":[{\"@type\":\"ReadAction\",\"target\":[\"https:\\\/\\\/niipit.dk\\\/dch-sydthy\\\/om-dch-sydthy\\\/\"]}]},{\"@type\":\"ImageObject\",\"inLanguage\":\"da-DK\",\"@id\":\"https:\\\/\\\/niipit.dk\\\/dch-sydthy\\\/om-dch-sydthy\\\/#primaryimage\",\"url\":\"https:\\\/\\\/niipit.dk\\\/dch-sydthy\\\/wp-content\\\/uploads\\\/sites\\\/405\\\/2020\\\/02\\\/DCH-syd-thy-logo.jpg\",\"contentUrl\":\"https:\\\/\\\/niipit.dk\\\/dch-sydthy\\\/wp-content\\\/uploads\\\/sites\\\/405\\\/2020\\\/02\\\/DCH-syd-thy-logo.jpg\"},{\"@type\":\"BreadcrumbList\",\"@id\":\"https:\\\/\\\/niipit.dk\\\/dch-sydthy\\\/om-dch-sydthy\\\/#breadcrumb\",\"itemListElement\":[{\"@type\":\"ListItem\",\"position\":1,\"name\":\"Hjem\",\"item\":\"https:\\\/\\\/niipit.dk\\\/dch-sydthy\\\/\"},{\"@type\":\"ListItem\",\"position\":2,\"name\":\"Om DcH Sydthy\"}]},{\"@type\":\"WebSite\",\"@id\":\"https:\\\/\\\/niipit.dk\\\/dch-sydthy\\\/#website\",\"url\":\"https:\\\/\\\/niipit.dk\\\/dch-sydthy\\\/\",\"name\":\"DCH SYDTHY\",\"description\":\"F\u00e5 din virksomhed p\u00e5 niipit\",\"potentialAction\":[{\"@type\":\"SearchAction\",\"target\":{\"@type\":\"EntryPoint\",\"urlTemplate\":\"https:\\\/\\\/niipit.dk\\\/dch-sydthy\\\/?s={search_term_string}\"},\"query-input\":{\"@type\":\"PropertyValueSpecification\",\"valueRequired\":true,\"valueName\":\"search_term_string\"}}],\"inLanguage\":\"da-DK\"}]}<\/script>\n<!-- \/ Yoast SEO Premium plugin. -->","yoast_head_json":{"title":"Om DcH Sydthy - DCH SYDTHY","description":"Om DcH Sydthy Vi er en forening hvor alle hunde er velkommen, store som sm\u00e5, uanset om det er blandingshunde eller en stambogsf\u00f8rt racehund.","robots":{"index":"index","follow":"follow","max-snippet":"max-snippet:-1","max-image-preview":"max-image-preview:large","max-video-preview":"max-video-preview:-1"},"canonical":"https:\/\/niipit.dk\/dch-sydthy\/om-dch-sydthy\/","og_locale":"da_DK","og_type":"article","og_title":"Om DcH Sydthy - DCH SYDTHY","og_description":"Om DcH Sydthy Vi er en forening hvor alle hunde er velkommen, store som sm\u00e5, uanset om det er blandingshunde eller en stambogsf\u00f8rt racehund.","og_url":"https:\/\/niipit.dk\/dch-sydthy\/om-dch-sydthy\/","og_site_name":"DCH SYDTHY","article_modified_time":"2020-07-04T21:44:34+00:00","og_image":[{"url":"https:\/\/niipit.dk\/dch-sydthy\/wp-content\/uploads\/sites\/405\/2020\/02\/DCH-syd-thy-logo.jpg","type":"","width":"","height":""}],"twitter_card":"summary_large_image","twitter_misc":{"Estimeret l\u00e6setid":"1 minut"},"schema":{"@context":"https:\/\/schema.org","@graph":[{"@type":"WebPage","@id":"https:\/\/niipit.dk\/dch-sydthy\/om-dch-sydthy\/","url":"https:\/\/niipit.dk\/dch-sydthy\/om-dch-sydthy\/","name":"Om DcH Sydthy - DCH SYDTHY","isPartOf":{"@id":"https:\/\/niipit.dk\/dch-sydthy\/#website"},"primaryImageOfPage":{"@id":"https:\/\/niipit.dk\/dch-sydthy\/om-dch-sydthy\/#primaryimage"},"image":{"@id":"https:\/\/niipit.dk\/dch-sydthy\/om-dch-sydthy\/#primaryimage"},"thumbnailUrl":"https:\/\/niipit.dk\/dch-sydthy\/wp-content\/uploads\/sites\/405\/2020\/02\/DCH-syd-thy-logo.jpg","datePublished":"2018-08-15T20:02:47+00:00","dateModified":"2020-07-04T21:44:34+00:00","description":"Om DcH Sydthy Vi er en forening hvor alle hunde er velkommen, store som sm\u00e5, uanset om det er blandingshunde eller en stambogsf\u00f8rt racehund.","breadcrumb":{"@id":"https:\/\/niipit.dk\/dch-sydthy\/om-dch-sydthy\/#breadcrumb"},"inLanguage":"da-DK","potentialAction":[{"@type":"ReadAction","target":["https:\/\/niipit.dk\/dch-sydthy\/om-dch-sydthy\/"]}]},{"@type":"ImageObject","inLanguage":"da-DK","@id":"https:\/\/niipit.dk\/dch-sydthy\/om-dch-sydthy\/#primaryimage","url":"https:\/\/niipit.dk\/dch-sydthy\/wp-content\/uploads\/sites\/405\/2020\/02\/DCH-syd-thy-logo.jpg","contentUrl":"https:\/\/niipit.dk\/dch-sydthy\/wp-content\/uploads\/sites\/405\/2020\/02\/DCH-syd-thy-logo.jpg"},{"@type":"BreadcrumbList","@id":"https:\/\/niipit.dk\/dch-sydthy\/om-dch-sydthy\/#breadcrumb","itemListElement":[{"@type":"ListItem","position":1,"name":"Hjem","item":"https:\/\/niipit.dk\/dch-sydthy\/"},{"@type":"ListItem","position":2,"name":"Om DcH Sydthy"}]},{"@type":"WebSite","@id":"https:\/\/niipit.dk\/dch-sydthy\/#website","url":"https:\/\/niipit.dk\/dch-sydthy\/","name":"DCH SYDTHY","description":"F\u00e5 din virksomhed p\u00e5 niipit","potentialAction":[{"@type":"SearchAction","target":{"@type":"EntryPoint","urlTemplate":"https:\/\/niipit.dk\/dch-sydthy\/?s={search_term_string}"},"query-input":{"@type":"PropertyValueSpecification","valueRequired":true,"valueName":"search_term_string"}}],"inLanguage":"da-DK"}]}},"_links":{"self":[{"href":"https:\/\/niipit.dk\/dch-sydthy\/wp-json\/wp\/v2\/pages\/5105","targetHints":{"allow":["GET"]}}],"collection":[{"href":"https:\/\/niipit.dk\/dch-sydthy\/wp-json\/wp\/v2\/pages"}],"about":[{"href":"https:\/\/niipit.dk\/dch-sydthy\/wp-json\/wp\/v2\/types\/page"}],"author":[{"embeddable":true,"href":"https:\/\/niipit.dk\/dch-sydthy\/wp-json\/wp\/v2\/users\/1064"}],"replies":[{"embeddable":true,"href":"https:\/\/niipit.dk\/dch-sydthy\/wp-json\/wp\/v2\/comments?post=5105"}],"version-history":[{"count":0,"href":"https:\/\/niipit.dk\/dch-sydthy\/wp-json\/wp\/v2\/pages\/5105\/revisions"}],"wp:attachment":[{"href":"https:\/\/niipit.dk\/dch-sydthy\/wp-json\/wp\/v2\/media?parent=5105"}],"curies":[{"name":"wp","href":"https:\/\/api.w.org\/{rel}","templated":true}]}}