{"id":8187,"date":"2020-05-04T15:31:30","date_gmt":"2020-05-04T13:31:30","guid":{"rendered":"https:\/\/niipit.dk\/db-maler-service\/?post_type=product&#038;p=8187"},"modified":"2020-05-04T15:32:24","modified_gmt":"2020-05-04T13:32:24","slug":"faa-en-maler-pris","status":"publish","type":"product","link":"https:\/\/niipit.dk\/db-maler-service\/produkt\/faa-en-maler-pris\/","title":{"rendered":"F\u00e5 en maler pris"},"content":{"rendered":"<h1>F\u00e5 en maler pris her<\/h1>\n<p>Skal du have malet inde eller ude og er du i tvivl om hvad det koster og om du kan f\u00e5 gl\u00e6de af h\u00e5ndv\u00e6rker fradraget s\u00e5 fat knoglen og giv et kald eller send os en mail.<\/p>\n<p>Hvis du bor i eller max 20 min fra N\u00e6stveds bygr\u00e6nse s\u00e5 giver jeg med gl\u00e6de et tilbud p\u00e5 din maler opgave.<\/p>\n<p><a href=\"tel:004540146177\">Ring<\/a> eller skriv en <a href=\"mailto:info@dbmalerservice.dk\">mail<\/a> til mig<\/p>\n","protected":false},"excerpt":{"rendered":"<p>F\u00e5 en maler pris her Skal du have malet inde eller ude og er du i tvivl om hvad det koster og om du kan f\u00e5 gl\u00e6de af h\u00e5ndv\u00e6rker fradraget s\u00e5 fat knoglen og giv et kald eller send os en mail. Hvis du bor i eller max 20 min fra N\u00e6stveds bygr\u00e6nse s\u00e5 giver <a class=\"moretag btn btn-primary\" href=\"https:\/\/niipit.dk\/db-maler-service\/produkt\/faa-en-maler-pris\/\">L\u00e6s mere<\/a><\/p>\n","protected":false},"featured_media":8170,"template":"","meta":{"_exactmetrics_skip_tracking":false,"_exactmetrics_sitenote_active":false,"_exactmetrics_sitenote_note":"","_exactmetrics_sitenote_category":0,"_monsterinsights_skip_tracking":false,"_monsterinsights_sitenote_active":false,"_monsterinsights_sitenote_note":"","_monsterinsights_sitenote_category":0},"product_brand":[],"product_cat":[2093],"product_tag":[],"shoptype":[],"class_list":{"0":"post-8187","1":"product","2":"type-product","3":"status-publish","4":"has-post-thumbnail","6":"product_cat-ukategoriseret","8":"first","9":"instock","10":"shipping-taxable","11":"product-type-external"},"yoast_head":"<!-- This site is optimized with the Yoast SEO Premium plugin v16.3 (Yoast SEO v27.4) - https:\/\/yoast.com\/product\/yoast-seo-premium-wordpress\/ -->\n<title>F\u00e5 en maler pris - DB Maler Service<\/title>\n<meta name=\"robots\" content=\"index, follow, max-snippet:-1, max-image-preview:large, max-video-preview:-1\" \/>\n<link rel=\"canonical\" href=\"https:\/\/niipit.dk\/db-maler-service\/produkt\/faa-en-maler-pris\/\" \/>\n<meta property=\"og:locale\" content=\"da_DK\" \/>\n<meta property=\"og:type\" content=\"article\" \/>\n<meta property=\"og:title\" content=\"F\u00e5 en maler pris - DB Maler Service\" \/>\n<meta property=\"og:description\" content=\"F\u00e5 en maler pris her Skal du have malet inde eller ude og er du i tvivl om hvad det koster og om du kan f\u00e5 gl\u00e6de af h\u00e5ndv\u00e6rker fradraget s\u00e5 fat knoglen og giv et kald eller send os en mail. Hvis du bor i eller max 20 min fra N\u00e6stveds bygr\u00e6nse s\u00e5 giver L\u00e6s mere\" \/>\n<meta property=\"og:url\" content=\"https:\/\/niipit.dk\/db-maler-service\/produkt\/faa-en-maler-pris\/\" \/>\n<meta property=\"og:site_name\" content=\"DB Maler Service\" \/>\n<meta property=\"article:modified_time\" content=\"2020-05-04T13:32:24+00:00\" \/>\n<meta property=\"og:image\" content=\"https:\/\/niipit.dk\/db-maler-service\/wp-content\/uploads\/sites\/629\/2020\/05\/DB-Maler-Service-logo.jpg\" \/>\n\t<meta property=\"og:image:width\" content=\"2048\" \/>\n\t<meta property=\"og:image:height\" content=\"1522\" \/>\n\t<meta property=\"og:image:type\" content=\"image\/jpeg\" \/>\n<meta name=\"twitter:card\" content=\"summary_large_image\" \/>\n<script type=\"application\/ld+json\" class=\"yoast-schema-graph\">{\"@context\":\"https:\\\/\\\/schema.org\",\"@graph\":[{\"@type\":\"WebPage\",\"@id\":\"https:\\\/\\\/niipit.dk\\\/db-maler-service\\\/produkt\\\/faa-en-maler-pris\\\/\",\"url\":\"https:\\\/\\\/niipit.dk\\\/db-maler-service\\\/produkt\\\/faa-en-maler-pris\\\/\",\"name\":\"F\u00e5 en maler pris - DB Maler Service\",\"isPartOf\":{\"@id\":\"https:\\\/\\\/niipit.dk\\\/db-maler-service\\\/#website\"},\"primaryImageOfPage\":{\"@id\":\"https:\\\/\\\/niipit.dk\\\/db-maler-service\\\/produkt\\\/faa-en-maler-pris\\\/#primaryimage\"},\"image\":{\"@id\":\"https:\\\/\\\/niipit.dk\\\/db-maler-service\\\/produkt\\\/faa-en-maler-pris\\\/#primaryimage\"},\"thumbnailUrl\":\"https:\\\/\\\/niipit.dk\\\/db-maler-service\\\/wp-content\\\/uploads\\\/sites\\\/629\\\/2020\\\/05\\\/DB-Maler-Service-logo.jpg\",\"datePublished\":\"2020-05-04T13:31:30+00:00\",\"dateModified\":\"2020-05-04T13:32:24+00:00\",\"breadcrumb\":{\"@id\":\"https:\\\/\\\/niipit.dk\\\/db-maler-service\\\/produkt\\\/faa-en-maler-pris\\\/#breadcrumb\"},\"inLanguage\":\"da-DK\",\"potentialAction\":[{\"@type\":\"ReadAction\",\"target\":[\"https:\\\/\\\/niipit.dk\\\/db-maler-service\\\/produkt\\\/faa-en-maler-pris\\\/\"]}]},{\"@type\":\"ImageObject\",\"inLanguage\":\"da-DK\",\"@id\":\"https:\\\/\\\/niipit.dk\\\/db-maler-service\\\/produkt\\\/faa-en-maler-pris\\\/#primaryimage\",\"url\":\"https:\\\/\\\/niipit.dk\\\/db-maler-service\\\/wp-content\\\/uploads\\\/sites\\\/629\\\/2020\\\/05\\\/DB-Maler-Service-logo.jpg\",\"contentUrl\":\"https:\\\/\\\/niipit.dk\\\/db-maler-service\\\/wp-content\\\/uploads\\\/sites\\\/629\\\/2020\\\/05\\\/DB-Maler-Service-logo.jpg\",\"width\":2048,\"height\":1522,\"caption\":\"DB Maler Service logo\"},{\"@type\":\"BreadcrumbList\",\"@id\":\"https:\\\/\\\/niipit.dk\\\/db-maler-service\\\/produkt\\\/faa-en-maler-pris\\\/#breadcrumb\",\"itemListElement\":[{\"@type\":\"ListItem\",\"position\":1,\"name\":\"Hjem\",\"item\":\"https:\\\/\\\/niipit.dk\\\/db-maler-service\\\/\"},{\"@type\":\"ListItem\",\"position\":2,\"name\":\"Shop\",\"item\":\"https:\\\/\\\/niipit.dk\\\/db-maler-service\\\/shop\\\/\"},{\"@type\":\"ListItem\",\"position\":3,\"name\":\"F\u00e5 en maler pris\"}]},{\"@type\":\"WebSite\",\"@id\":\"https:\\\/\\\/niipit.dk\\\/db-maler-service\\\/#website\",\"url\":\"https:\\\/\\\/niipit.dk\\\/db-maler-service\\\/\",\"name\":\"DB Maler Service\",\"description\":\"\u27a2 Din lokale malermester i N\u00e6stved og omegn\",\"potentialAction\":[{\"@type\":\"SearchAction\",\"target\":{\"@type\":\"EntryPoint\",\"urlTemplate\":\"https:\\\/\\\/niipit.dk\\\/db-maler-service\\\/?s={search_term_string}\"},\"query-input\":{\"@type\":\"PropertyValueSpecification\",\"valueRequired\":true,\"valueName\":\"search_term_string\"}}],\"inLanguage\":\"da-DK\"}]}<\/script>\n<!-- \/ Yoast SEO Premium plugin. -->","yoast_head_json":{"title":"F\u00e5 en maler pris - DB Maler Service","robots":{"index":"index","follow":"follow","max-snippet":"max-snippet:-1","max-image-preview":"max-image-preview:large","max-video-preview":"max-video-preview:-1"},"canonical":"https:\/\/niipit.dk\/db-maler-service\/produkt\/faa-en-maler-pris\/","og_locale":"da_DK","og_type":"article","og_title":"F\u00e5 en maler pris - DB Maler Service","og_description":"F\u00e5 en maler pris her Skal du have malet inde eller ude og er du i tvivl om hvad det koster og om du kan f\u00e5 gl\u00e6de af h\u00e5ndv\u00e6rker fradraget s\u00e5 fat knoglen og giv et kald eller send os en mail. Hvis du bor i eller max 20 min fra N\u00e6stveds bygr\u00e6nse s\u00e5 giver L\u00e6s mere","og_url":"https:\/\/niipit.dk\/db-maler-service\/produkt\/faa-en-maler-pris\/","og_site_name":"DB Maler Service","article_modified_time":"2020-05-04T13:32:24+00:00","og_image":[{"width":2048,"height":1522,"url":"https:\/\/niipit.dk\/db-maler-service\/wp-content\/uploads\/sites\/629\/2020\/05\/DB-Maler-Service-logo.jpg","type":"image\/jpeg"}],"twitter_card":"summary_large_image","schema":{"@context":"https:\/\/schema.org","@graph":[{"@type":"WebPage","@id":"https:\/\/niipit.dk\/db-maler-service\/produkt\/faa-en-maler-pris\/","url":"https:\/\/niipit.dk\/db-maler-service\/produkt\/faa-en-maler-pris\/","name":"F\u00e5 en maler pris - DB Maler Service","isPartOf":{"@id":"https:\/\/niipit.dk\/db-maler-service\/#website"},"primaryImageOfPage":{"@id":"https:\/\/niipit.dk\/db-maler-service\/produkt\/faa-en-maler-pris\/#primaryimage"},"image":{"@id":"https:\/\/niipit.dk\/db-maler-service\/produkt\/faa-en-maler-pris\/#primaryimage"},"thumbnailUrl":"https:\/\/niipit.dk\/db-maler-service\/wp-content\/uploads\/sites\/629\/2020\/05\/DB-Maler-Service-logo.jpg","datePublished":"2020-05-04T13:31:30+00:00","dateModified":"2020-05-04T13:32:24+00:00","breadcrumb":{"@id":"https:\/\/niipit.dk\/db-maler-service\/produkt\/faa-en-maler-pris\/#breadcrumb"},"inLanguage":"da-DK","potentialAction":[{"@type":"ReadAction","target":["https:\/\/niipit.dk\/db-maler-service\/produkt\/faa-en-maler-pris\/"]}]},{"@type":"ImageObject","inLanguage":"da-DK","@id":"https:\/\/niipit.dk\/db-maler-service\/produkt\/faa-en-maler-pris\/#primaryimage","url":"https:\/\/niipit.dk\/db-maler-service\/wp-content\/uploads\/sites\/629\/2020\/05\/DB-Maler-Service-logo.jpg","contentUrl":"https:\/\/niipit.dk\/db-maler-service\/wp-content\/uploads\/sites\/629\/2020\/05\/DB-Maler-Service-logo.jpg","width":2048,"height":1522,"caption":"DB Maler Service logo"},{"@type":"BreadcrumbList","@id":"https:\/\/niipit.dk\/db-maler-service\/produkt\/faa-en-maler-pris\/#breadcrumb","itemListElement":[{"@type":"ListItem","position":1,"name":"Hjem","item":"https:\/\/niipit.dk\/db-maler-service\/"},{"@type":"ListItem","position":2,"name":"Shop","item":"https:\/\/niipit.dk\/db-maler-service\/shop\/"},{"@type":"ListItem","position":3,"name":"F\u00e5 en maler pris"}]},{"@type":"WebSite","@id":"https:\/\/niipit.dk\/db-maler-service\/#website","url":"https:\/\/niipit.dk\/db-maler-service\/","name":"DB Maler Service","description":"\u27a2 Din lokale malermester i N\u00e6stved og omegn","potentialAction":[{"@type":"SearchAction","target":{"@type":"EntryPoint","urlTemplate":"https:\/\/niipit.dk\/db-maler-service\/?s={search_term_string}"},"query-input":{"@type":"PropertyValueSpecification","valueRequired":true,"valueName":"search_term_string"}}],"inLanguage":"da-DK"}]}},"_links":{"self":[{"href":"https:\/\/niipit.dk\/db-maler-service\/wp-json\/wp\/v2\/product\/8187","targetHints":{"allow":["GET"]}}],"collection":[{"href":"https:\/\/niipit.dk\/db-maler-service\/wp-json\/wp\/v2\/product"}],"about":[{"href":"https:\/\/niipit.dk\/db-maler-service\/wp-json\/wp\/v2\/types\/product"}],"wp:featuredmedia":[{"embeddable":true,"href":"https:\/\/niipit.dk\/db-maler-service\/wp-json\/wp\/v2\/media\/8170"}],"wp:attachment":[{"href":"https:\/\/niipit.dk\/db-maler-service\/wp-json\/wp\/v2\/media?parent=8187"}],"wp:term":[{"taxonomy":"product_brand","embeddable":true,"href":"https:\/\/niipit.dk\/db-maler-service\/wp-json\/wp\/v2\/product_brand?post=8187"},{"taxonomy":"product_cat","embeddable":true,"href":"https:\/\/niipit.dk\/db-maler-service\/wp-json\/wp\/v2\/product_cat?post=8187"},{"taxonomy":"product_tag","embeddable":true,"href":"https:\/\/niipit.dk\/db-maler-service\/wp-json\/wp\/v2\/product_tag?post=8187"},{"taxonomy":"shoptype","embeddable":true,"href":"https:\/\/niipit.dk\/db-maler-service\/wp-json\/wp\/v2\/shoptype?post=8187"}],"curies":[{"name":"wp","href":"https:\/\/api.w.org\/{rel}","templated":true}]}}