{"id":5064,"date":"2020-05-03T22:29:34","date_gmt":"2020-05-03T20:29:34","guid":{"rendered":"https:\/\/niipit.dk\/wooow-marketing\/?page_id=5064"},"modified":"2020-05-04T18:34:58","modified_gmt":"2020-05-04T16:34:58","slug":"maler-i-naestved","status":"publish","type":"page","link":"https:\/\/niipit.dk\/db-maler-service\/","title":{"rendered":"DB Maler Service &#8211; Din lokale malermester i N\u00e6stved."},"content":{"rendered":"\n<hr class=\"wp-block-separator\"\/>\n\n\n\n<h2 class=\"wp-block-heading\">DB Maler Service &#8211; N\u00e5r kvaliteten skal n\u00e5 ud i alle hj\u00f8rner.<\/h2>\n\n\n\n<h3 class=\"wp-block-heading\">Indvendig malerarbejde<\/h3>\n\n\n\n<p>Har du brug for at f\u00e5 spartlet, malet eller f\u00e5 sat filt p\u00e5 dine v\u00e6gge eller lofter s\u00e5 er det vigtigt at du finder en lokal malermester der har styr p\u00e5 sit arbejde. N\u00e5r du skal have ordnet huset eller lejligheden inden for s\u00e5 er det ofte noget du forventer der skal holde i mange \u00e5r. Det er vigtigt at dit tapet, v\u00e6v eller filt sidder fast og ikke slipper igen efter 3 m\u00e5neder. Ligeledes skal malingen v\u00e6re af en god kvalitet der d\u00e6kker ordentligt og som ikke bare bliver slidt af igen eller tager imod alt skidt og snavs.<\/p>\n\n\n\n<h3 class=\"wp-block-heading\">Udvendigt malerarbejde<\/h3>\n\n\n\n<p>N\u00e5r du skal have malet murv\u00e6rk eller tr\u00e6v\u00e6rk udvendigt s\u00e5 er det ogs\u00e5 vigtigt at du f\u00e5r fat i en maler der har styr p\u00e5 hvilke maling der passer til det der skal males p\u00e5. Det er vigtigt at du f\u00e5r renset i bund s\u00e5 det nye grunder og maling kan h\u00e6nge fast og ikke slipper igen efter kort tid. At f\u00e5 malet et helt hus udvendigt er ofte en bekostelig udgift og derfor forventer du sikkert ogs\u00e5 at det kan holde s\u00e5 lang tid som muligt.<br>Stil krav til det malerfirma som f\u00e5r opgaven. Sp\u00f8rg rundt og h\u00f8r om andre har brugt firmaet og brug en Lokal maler fra N\u00e6stved s\u00e5 kan du nemt f\u00e5 kontakt med os igen.<\/p>\n\n\n\n<h3 class=\"wp-block-heading\">Renovering af hus.<\/h3>\n\n\n\n<p>Det er ofte en k\u00e6mpe opgave at f\u00e5 renoveret huset og mange sl\u00e5r for stort br\u00f8d op fra begyndelsen og n\u00e5r desv\u00e6rre aldrig i m\u00e5l. S\u00e5dan noget som spr\u00f8jtespartling og spr\u00f8jtemaling er ofte ikke noget folk selv g\u00e5r i gang med. Her kunne det give god mening og v\u00e6rdi for huset n\u00e5r du valgte en professionelmaler fra lokalomr\u00e5det til opgaven.<br>Modernisering af hus eller nybyg er meget af det som Dorte laver. Det at g\u00e5 i gang med et rum fra bunden og f\u00e5 skabt et helt nyt udseende, lys eller stemning det er det hele v\u00e6rd. At g\u00e5 fra en r\u00e5 murstensv\u00e6g til et f\u00e6rdigt kunstv\u00e6rk er en forn\u00f8jelse. At kunne skabe stemning med overflader og farver er toppen af bolig indretning.<\/p>\n\n\n\n<h3 class=\"wp-block-heading\">Designerv\u00e6gge<\/h3>\n\n\n\n<p>Det er designerv\u00e6gge der er totalt oppe tiden og in i 2020. Her f\u00e5r folk mulighed for at skabe deres helt eget look som passer b\u00e5de til beboerens \u00f8vrige stil og det kan ende som et helt kunstv\u00e6rk skabt med indfarvet spartel, kalkmaling eller m\u00f8nstrettapet. Ogs\u00e5 her er det vigtigt at du v\u00e6lger en maler der ved hvad de laver. Du skal jo ikke l\u00e6gge v\u00e6gge til deres elev projekter. Sp\u00f8rg gerne efter maler priser hvis du overvejer at f\u00e5 designer v\u00e6gge hjemme hos dig.<\/p>\n\n\n\n<h2 class=\"wp-block-heading\">Dorte Bjergsted DB Maler Service din lokale maler N\u00e6stved.<\/h2>\n\n\n\n<p>Dorte har arbejdet som professionelmaler i 12 \u00e5r, indend\u00f8rs og udend\u00f8rs. Hun har sat kilometer vis af filt, v\u00e6v, designertapet og almindeligt tapet op. B\u00e5de til kip og til almindelig loft.<\/p>\n\n\n\n<p>Dorte har malet huse fra k\u00e6lder til kvist ude som inde p\u00e5 kryds og p\u00e5 tv\u00e6rs, med oliemaling og med plastikmaling og et utal af forskellig maling, derfor er du i sikre h\u00e6nder n\u00e5r du v\u00e6lger en professionelmaler som Dorte.<\/p>\n\n\n\n<p>Bes\u00f8g gerne <a href=\"https:\/\/niipit.dk\/db-maler-service\/galleri\/\">galleriet<\/a> og f\u00e5 et indtryk af kvaliteten<\/p>\n\n\n\n<p>Hvis du vil v\u00e6re sikker p\u00e5 at f\u00e5 den bedste maler til din opgave, hvis du vil have kvalitet istedet for billigste pris s\u00e5 spring over til telefonen og giv Dorte et kald <a href=\"tel:004540146177\">+45 40 14 61 77<\/a> s\u00e5 er du garanteret kvalitet og en lokal malermester fra N\u00e6stved.<\/p>\n\n\n\n<div class=\"wp-block-image\"><figure class=\"aligncenter size-large\"><a href=\"http:\/\/www.dbmalerservice.dk\"><img loading=\"lazy\" decoding=\"async\" width=\"1024\" height=\"591\" src=\"https:\/\/niipit.dk\/db-maler-service\/wp-content\/uploads\/sites\/629\/2020\/05\/DB-Maler-Service-Banner-1-1024x591.png\" alt=\"DB Maler Service\" class=\"wp-image-8184\" srcset=\"https:\/\/niipit.dk\/db-maler-service\/wp-content\/uploads\/sites\/629\/2020\/05\/DB-Maler-Service-Banner-1-1024x591.png 1024w, https:\/\/niipit.dk\/db-maler-service\/wp-content\/uploads\/sites\/629\/2020\/05\/DB-Maler-Service-Banner-1-300x173.png 300w, https:\/\/niipit.dk\/db-maler-service\/wp-content\/uploads\/sites\/629\/2020\/05\/DB-Maler-Service-Banner-1-768x443.png 768w, https:\/\/niipit.dk\/db-maler-service\/wp-content\/uploads\/sites\/629\/2020\/05\/DB-Maler-Service-Banner-1-1536x886.png 1536w, https:\/\/niipit.dk\/db-maler-service\/wp-content\/uploads\/sites\/629\/2020\/05\/DB-Maler-Service-Banner-1-600x346.png 600w, https:\/\/niipit.dk\/db-maler-service\/wp-content\/uploads\/sites\/629\/2020\/05\/DB-Maler-Service-Banner-1.png 1678w\" sizes=\"auto, (max-width: 1024px) 100vw, 1024px\" \/><\/a><\/figure><\/div>\n","protected":false},"excerpt":{"rendered":"<p>DB Maler Service &#8211; N\u00e5r kvaliteten skal n\u00e5 ud i alle hj\u00f8rner. Indvendig malerarbejde Har du brug for at f\u00e5 spartlet, malet eller f\u00e5 sat filt p\u00e5 dine v\u00e6gge eller lofter s\u00e5 er det vigtigt at du finder en lokal malermester der har styr p\u00e5 sit arbejde. N\u00e5r du skal have ordnet huset eller lejligheden <a class=\"moretag btn btn-primary\" href=\"https:\/\/niipit.dk\/db-maler-service\/\">L\u00e6s mere<\/a><\/p>\n","protected":false},"author":928,"featured_media":0,"parent":0,"menu_order":0,"comment_status":"closed","ping_status":"closed","template":"frontpagePremium.php","meta":{"_exactmetrics_skip_tracking":false,"_exactmetrics_sitenote_active":false,"_exactmetrics_sitenote_note":"","_exactmetrics_sitenote_category":0,"_monsterinsights_skip_tracking":false,"_monsterinsights_sitenote_active":false,"_monsterinsights_sitenote_note":"","_monsterinsights_sitenote_category":0,"footnotes":""},"class_list":["post-5064","page","type-page","status-publish","hentry"],"yoast_head":"<!-- This site is optimized with the Yoast SEO Premium plugin v16.3 (Yoast SEO v27.4) - https:\/\/yoast.com\/product\/yoast-seo-premium-wordpress\/ -->\n<title>Dit lokale maler firma i N\u00e6stved - DB Maler Service<\/title>\n<meta name=\"description\" content=\"S\u00f8ger du kvalitet, fornuftige priser, god dialog, en maler der kan sit kram. S\u00e5 ring til Dorte - hun er aldrig langt borte \u260f 40 14 61 77\" \/>\n<meta name=\"robots\" content=\"index, follow, max-snippet:-1, max-image-preview:large, max-video-preview:-1\" \/>\n<link rel=\"canonical\" href=\"https:\/\/niipit.dk\/db-maler-service\/\" \/>\n<meta property=\"og:locale\" content=\"da_DK\" \/>\n<meta property=\"og:type\" content=\"article\" \/>\n<meta property=\"og:title\" content=\"Dit lokale maler firma i N\u00e6stved - DB Maler Service\" \/>\n<meta property=\"og:description\" content=\"S\u00f8ger du kvalitet, fornuftige priser, god dialog, en maler der kan sit kram. S\u00e5 ring til Dorte - hun er aldrig langt borte \u260f 40 14 61 77\" \/>\n<meta property=\"og:url\" content=\"https:\/\/niipit.dk\/db-maler-service\/\" \/>\n<meta property=\"og:site_name\" content=\"DB Maler Service\" \/>\n<meta property=\"article:modified_time\" content=\"2020-05-04T16:34:58+00:00\" \/>\n<meta property=\"og:image\" content=\"https:\/\/niipit.dk\/db-maler-service\/wp-content\/uploads\/sites\/629\/2020\/05\/DB-Maler-Service-Banner.png\" \/>\n\t<meta property=\"og:image:width\" content=\"1678\" \/>\n\t<meta property=\"og:image:height\" content=\"968\" \/>\n\t<meta property=\"og:image:type\" content=\"image\/png\" \/>\n<meta name=\"twitter:card\" content=\"summary_large_image\" \/>\n<meta name=\"twitter:label1\" content=\"Estimeret l\u00e6setid\" \/>\n\t<meta name=\"twitter:data1\" content=\"3 minutter\" \/>\n<script type=\"application\/ld+json\" class=\"yoast-schema-graph\">{\"@context\":\"https:\\\/\\\/schema.org\",\"@graph\":[{\"@type\":\"WebPage\",\"@id\":\"https:\\\/\\\/niipit.dk\\\/db-maler-service\\\/\",\"url\":\"https:\\\/\\\/niipit.dk\\\/db-maler-service\\\/\",\"name\":\"Dit lokale maler firma i N\u00e6stved - DB Maler Service\",\"isPartOf\":{\"@id\":\"https:\\\/\\\/niipit.dk\\\/db-maler-service\\\/#website\"},\"primaryImageOfPage\":{\"@id\":\"https:\\\/\\\/niipit.dk\\\/db-maler-service\\\/#primaryimage\"},\"image\":{\"@id\":\"https:\\\/\\\/niipit.dk\\\/db-maler-service\\\/#primaryimage\"},\"thumbnailUrl\":\"https:\\\/\\\/niipit.dk\\\/db-maler-service\\\/wp-content\\\/uploads\\\/sites\\\/629\\\/2020\\\/05\\\/DB-Maler-Service-Banner-1-1024x591.png\",\"datePublished\":\"2020-05-03T20:29:34+00:00\",\"dateModified\":\"2020-05-04T16:34:58+00:00\",\"description\":\"S\u00f8ger du kvalitet, fornuftige priser, god dialog, en maler der kan sit kram. S\u00e5 ring til Dorte - hun er aldrig langt borte \u260f 40 14 61 77\",\"breadcrumb\":{\"@id\":\"https:\\\/\\\/niipit.dk\\\/db-maler-service\\\/#breadcrumb\"},\"inLanguage\":\"da-DK\",\"potentialAction\":[{\"@type\":\"ReadAction\",\"target\":[\"https:\\\/\\\/niipit.dk\\\/db-maler-service\\\/\"]}]},{\"@type\":\"ImageObject\",\"inLanguage\":\"da-DK\",\"@id\":\"https:\\\/\\\/niipit.dk\\\/db-maler-service\\\/#primaryimage\",\"url\":\"https:\\\/\\\/niipit.dk\\\/db-maler-service\\\/wp-content\\\/uploads\\\/sites\\\/629\\\/2020\\\/05\\\/DB-Maler-Service-Banner-1-1024x591.png\",\"contentUrl\":\"https:\\\/\\\/niipit.dk\\\/db-maler-service\\\/wp-content\\\/uploads\\\/sites\\\/629\\\/2020\\\/05\\\/DB-Maler-Service-Banner-1-1024x591.png\"},{\"@type\":\"BreadcrumbList\",\"@id\":\"https:\\\/\\\/niipit.dk\\\/db-maler-service\\\/#breadcrumb\",\"itemListElement\":[{\"@type\":\"ListItem\",\"position\":1,\"name\":\"Hjem\",\"item\":\"https:\\\/\\\/niipit.dk\\\/db-maler-service\\\/\"},{\"@type\":\"ListItem\",\"position\":2,\"name\":\"DB Maler Service &#8211; Din lokale malermester i N\u00e6stved.\"}]},{\"@type\":\"WebSite\",\"@id\":\"https:\\\/\\\/niipit.dk\\\/db-maler-service\\\/#website\",\"url\":\"https:\\\/\\\/niipit.dk\\\/db-maler-service\\\/\",\"name\":\"DB Maler Service\",\"description\":\"\u27a2 Din lokale malermester i N\u00e6stved og omegn\",\"potentialAction\":[{\"@type\":\"SearchAction\",\"target\":{\"@type\":\"EntryPoint\",\"urlTemplate\":\"https:\\\/\\\/niipit.dk\\\/db-maler-service\\\/?s={search_term_string}\"},\"query-input\":{\"@type\":\"PropertyValueSpecification\",\"valueRequired\":true,\"valueName\":\"search_term_string\"}}],\"inLanguage\":\"da-DK\"}]}<\/script>\n<!-- \/ Yoast SEO Premium plugin. -->","yoast_head_json":{"title":"Dit lokale maler firma i N\u00e6stved - DB Maler Service","description":"S\u00f8ger du kvalitet, fornuftige priser, god dialog, en maler der kan sit kram. S\u00e5 ring til Dorte - hun er aldrig langt borte \u260f 40 14 61 77","robots":{"index":"index","follow":"follow","max-snippet":"max-snippet:-1","max-image-preview":"max-image-preview:large","max-video-preview":"max-video-preview:-1"},"canonical":"https:\/\/niipit.dk\/db-maler-service\/","og_locale":"da_DK","og_type":"article","og_title":"Dit lokale maler firma i N\u00e6stved - DB Maler Service","og_description":"S\u00f8ger du kvalitet, fornuftige priser, god dialog, en maler der kan sit kram. S\u00e5 ring til Dorte - hun er aldrig langt borte \u260f 40 14 61 77","og_url":"https:\/\/niipit.dk\/db-maler-service\/","og_site_name":"DB Maler Service","article_modified_time":"2020-05-04T16:34:58+00:00","og_image":[{"width":1678,"height":968,"url":"https:\/\/niipit.dk\/db-maler-service\/wp-content\/uploads\/sites\/629\/2020\/05\/DB-Maler-Service-Banner.png","type":"image\/png"}],"twitter_card":"summary_large_image","twitter_misc":{"Estimeret l\u00e6setid":"3 minutter"},"schema":{"@context":"https:\/\/schema.org","@graph":[{"@type":"WebPage","@id":"https:\/\/niipit.dk\/db-maler-service\/","url":"https:\/\/niipit.dk\/db-maler-service\/","name":"Dit lokale maler firma i N\u00e6stved - DB Maler Service","isPartOf":{"@id":"https:\/\/niipit.dk\/db-maler-service\/#website"},"primaryImageOfPage":{"@id":"https:\/\/niipit.dk\/db-maler-service\/#primaryimage"},"image":{"@id":"https:\/\/niipit.dk\/db-maler-service\/#primaryimage"},"thumbnailUrl":"https:\/\/niipit.dk\/db-maler-service\/wp-content\/uploads\/sites\/629\/2020\/05\/DB-Maler-Service-Banner-1-1024x591.png","datePublished":"2020-05-03T20:29:34+00:00","dateModified":"2020-05-04T16:34:58+00:00","description":"S\u00f8ger du kvalitet, fornuftige priser, god dialog, en maler der kan sit kram. S\u00e5 ring til Dorte - hun er aldrig langt borte \u260f 40 14 61 77","breadcrumb":{"@id":"https:\/\/niipit.dk\/db-maler-service\/#breadcrumb"},"inLanguage":"da-DK","potentialAction":[{"@type":"ReadAction","target":["https:\/\/niipit.dk\/db-maler-service\/"]}]},{"@type":"ImageObject","inLanguage":"da-DK","@id":"https:\/\/niipit.dk\/db-maler-service\/#primaryimage","url":"https:\/\/niipit.dk\/db-maler-service\/wp-content\/uploads\/sites\/629\/2020\/05\/DB-Maler-Service-Banner-1-1024x591.png","contentUrl":"https:\/\/niipit.dk\/db-maler-service\/wp-content\/uploads\/sites\/629\/2020\/05\/DB-Maler-Service-Banner-1-1024x591.png"},{"@type":"BreadcrumbList","@id":"https:\/\/niipit.dk\/db-maler-service\/#breadcrumb","itemListElement":[{"@type":"ListItem","position":1,"name":"Hjem","item":"https:\/\/niipit.dk\/db-maler-service\/"},{"@type":"ListItem","position":2,"name":"DB Maler Service &#8211; Din lokale malermester i N\u00e6stved."}]},{"@type":"WebSite","@id":"https:\/\/niipit.dk\/db-maler-service\/#website","url":"https:\/\/niipit.dk\/db-maler-service\/","name":"DB Maler Service","description":"\u27a2 Din lokale malermester i N\u00e6stved og omegn","potentialAction":[{"@type":"SearchAction","target":{"@type":"EntryPoint","urlTemplate":"https:\/\/niipit.dk\/db-maler-service\/?s={search_term_string}"},"query-input":{"@type":"PropertyValueSpecification","valueRequired":true,"valueName":"search_term_string"}}],"inLanguage":"da-DK"}]}},"_links":{"self":[{"href":"https:\/\/niipit.dk\/db-maler-service\/wp-json\/wp\/v2\/pages\/5064","targetHints":{"allow":["GET"]}}],"collection":[{"href":"https:\/\/niipit.dk\/db-maler-service\/wp-json\/wp\/v2\/pages"}],"about":[{"href":"https:\/\/niipit.dk\/db-maler-service\/wp-json\/wp\/v2\/types\/page"}],"author":[{"embeddable":true,"href":"https:\/\/niipit.dk\/db-maler-service\/wp-json\/wp\/v2\/users\/928"}],"replies":[{"embeddable":true,"href":"https:\/\/niipit.dk\/db-maler-service\/wp-json\/wp\/v2\/comments?post=5064"}],"version-history":[{"count":0,"href":"https:\/\/niipit.dk\/db-maler-service\/wp-json\/wp\/v2\/pages\/5064\/revisions"}],"wp:attachment":[{"href":"https:\/\/niipit.dk\/db-maler-service\/wp-json\/wp\/v2\/media?parent=5064"}],"curies":[{"name":"wp","href":"https:\/\/api.w.org\/{rel}","templated":true}]}}