{"id":5064,"date":"2018-08-10T22:29:34","date_gmt":"2018-08-10T20:29:34","guid":{"rendered":"https:\/\/niipit.dk\/davidsenshop\/?page_id=5064"},"modified":"2021-03-16T12:26:26","modified_gmt":"2021-03-16T11:26:26","slug":"frontpage","status":"publish","type":"page","link":"https:\/\/niipit.dk\/davidsenshop\/","title":{"rendered":"Forside"},"content":{"rendered":"\n<hr class=\"wp-block-separator\"\/>\n\n\n\n<h2 class=\"wp-block-heading\" id=\"h-davidsen-netshop-shop-lokalt-online\">Davidsen Netshop &#8211; Shop lokalt online<\/h2>\n\n\n\n<p><a href=\"https:\/\/www.partner-ads.com\/dk\/klikbanner.php?partnerid=22746&amp;bannerid=69987\" target=\"_blank\" rel=\"noreferrer noopener\">Davidsen netshop<\/a> er din online shop n\u00e5r du vil handle byggematerialer i dit lokal omr\u00e5de. Shop dansk og shop lokalt det styrker dit lokal omr\u00e5de. Selv om du handler i shoppen s\u00e5 st\u00e5r en af vores 1000 ansatte klar til at betjene dig. Uanset om du vil have dine varer leveret p\u00e5 din adresse eller om du vil komme forbi og hente dine varer i dit lokale byggemarked.<\/p>\n\n\n\n<h3 class=\"wp-block-heading\" id=\"h-davidsen-online-shop\">Davidsen online shop<\/h3>\n\n\n\n<p>Davidsen online shop d\u00e6kker ikke mindre end 23 byer fordelt i Jylland, fyn og p\u00e5 sj\u00e6lland. N\u00e5r du handler hos Davidsen netshop s\u00e5 kan du bestille dine varer til afhentning i dit lokale byggemarked eller du kan f\u00e5 leveret til din adresse i hele Danmark.<\/p>\n\n\n\n<h2 class=\"wp-block-heading\" id=\"h-davidsen-nethsop-har-det-meste\">Davidsen Nethsop har det meste<\/h2>\n\n\n\n<p>Du kan ikke finde alt hos Davidsen netshop men vi har det meste. Faktisk bygger vores online shop p\u00e5 de erfaringer vi har gjort os siden 1944 hvor Davidsen \u00e5bnede sin f\u00f8rste butik i S\u00f8nderjylland. Her i 2021 har vi samlet erfaringer gennem de sidste 72 \u00e5r. Vi ved godt at du er kvalitets bevist og du i den grad ved hvad du vil have. Derfor finder du det bedste af det bedste hos Davidsen Netshop.<\/p>\n\n\n\n<h3 class=\"wp-block-heading\" id=\"h-davidsenshop-dk-hele-ret-rundt\">Davidsenshop.dk &#8211; hele \u00e5ret rundt<\/h3>\n\n\n\n<p>Uanset hvad tid p\u00e5 \u00e5ret du har brug for dit lokale byggemarked s\u00e5 har Davidsenshop.dk \u00e5bent for dig. Udvalget best\u00e5r i alt fra snekaster om vinteren til haveplanter i for\u00e5ret til haveslanger om sommeren og l\u00f8v rive om efter\u00e5ret. Vi s\u00f8rger for at du kan finde lige det du skal bruge. <\/p>\n\n\n\n<p>Netshoppen bliver hele tiden opdateret med de bedste og nyeste varer som du har brug for. Det g\u00e6lder uanset om du er privat kunde eller erhvervskunde. Har du brug for r\u00e5dgivning s\u00e5 er vi ogs\u00e5 klar med en r\u00e5dgiver til dig uden det koster ekstra det er blot en af vores mange service tilbud til dig.<\/p>\n","protected":false},"excerpt":{"rendered":"<p>Davidsen Netshop &#8211; Shop lokalt online Davidsen netshop er din online shop n\u00e5r du vil handle byggematerialer i dit lokal omr\u00e5de. Shop dansk og shop lokalt det styrker dit lokal omr\u00e5de. Selv om du handler i shoppen s\u00e5 st\u00e5r en af vores 1000 ansatte klar til at betjene dig. Uanset om du vil have dine <a class=\"moretag btn btn-primary\" href=\"https:\/\/niipit.dk\/davidsenshop\/\">L\u00e6s mere<\/a><\/p>\n","protected":false},"author":151,"featured_media":0,"parent":0,"menu_order":0,"comment_status":"closed","ping_status":"closed","template":"frontpagePremium.php","meta":{"_exactmetrics_skip_tracking":false,"_exactmetrics_sitenote_active":false,"_exactmetrics_sitenote_note":"","_exactmetrics_sitenote_category":0,"_monsterinsights_skip_tracking":false,"_monsterinsights_sitenote_active":false,"_monsterinsights_sitenote_note":"","_monsterinsights_sitenote_category":0,"footnotes":""},"class_list":["post-5064","page","type-page","status-publish","hentry"],"yoast_head":"<!-- This site is optimized with the Yoast SEO Premium plugin v16.3 (Yoast SEO v27.4) - https:\/\/yoast.com\/product\/yoast-seo-premium-wordpress\/ -->\n<title>Davidsen Netshop n\u00e5r du vil handle Dansk og lokalt online<\/title>\n<meta name=\"description\" content=\"Davidsen Netshop er din Danske lokale online shop til byggemarkeder i dit n\u00e6r omr\u00e5de. Bestil og afhent i dit lokale byggemarked\" \/>\n<meta name=\"robots\" content=\"index, follow, max-snippet:-1, max-image-preview:large, max-video-preview:-1\" \/>\n<link rel=\"canonical\" href=\"https:\/\/niipit.dk\/davidsenshop\/\" \/>\n<meta property=\"og:locale\" content=\"da_DK\" \/>\n<meta property=\"og:type\" content=\"article\" \/>\n<meta property=\"og:title\" content=\"Davidsen Netshop n\u00e5r du vil handle Dansk og lokalt online\" \/>\n<meta property=\"og:description\" content=\"Davidsen Netshop er din Danske lokale online shop til byggemarkeder i dit n\u00e6r omr\u00e5de. Bestil og afhent i dit lokale byggemarked\" \/>\n<meta property=\"og:url\" content=\"https:\/\/niipit.dk\/davidsenshop\/\" \/>\n<meta property=\"og:site_name\" content=\"Davidsenshop\" \/>\n<meta property=\"article:modified_time\" content=\"2021-03-16T11:26:26+00:00\" \/>\n<meta name=\"twitter:card\" content=\"summary_large_image\" \/>\n<meta name=\"twitter:label1\" content=\"Estimeret l\u00e6setid\" \/>\n\t<meta name=\"twitter:data1\" content=\"2 minutter\" \/>\n<script type=\"application\/ld+json\" class=\"yoast-schema-graph\">{\"@context\":\"https:\\\/\\\/schema.org\",\"@graph\":[{\"@type\":\"WebPage\",\"@id\":\"https:\\\/\\\/niipit.dk\\\/davidsenshop\\\/\",\"url\":\"https:\\\/\\\/niipit.dk\\\/davidsenshop\\\/\",\"name\":\"Davidsen Netshop n\u00e5r du vil handle Dansk og lokalt online\",\"isPartOf\":{\"@id\":\"https:\\\/\\\/niipit.dk\\\/davidsenshop\\\/#website\"},\"datePublished\":\"2018-08-10T20:29:34+00:00\",\"dateModified\":\"2021-03-16T11:26:26+00:00\",\"description\":\"Davidsen Netshop er din Danske lokale online shop til byggemarkeder i dit n\u00e6r omr\u00e5de. Bestil og afhent i dit lokale byggemarked\",\"breadcrumb\":{\"@id\":\"https:\\\/\\\/niipit.dk\\\/davidsenshop\\\/#breadcrumb\"},\"inLanguage\":\"da-DK\",\"potentialAction\":[{\"@type\":\"ReadAction\",\"target\":[\"https:\\\/\\\/niipit.dk\\\/davidsenshop\\\/\"]}]},{\"@type\":\"BreadcrumbList\",\"@id\":\"https:\\\/\\\/niipit.dk\\\/davidsenshop\\\/#breadcrumb\",\"itemListElement\":[{\"@type\":\"ListItem\",\"position\":1,\"name\":\"Hjem\",\"item\":\"https:\\\/\\\/niipit.dk\\\/davidsenshop\\\/\"},{\"@type\":\"ListItem\",\"position\":2,\"name\":\"Forside\"}]},{\"@type\":\"WebSite\",\"@id\":\"https:\\\/\\\/niipit.dk\\\/davidsenshop\\\/#website\",\"url\":\"https:\\\/\\\/niipit.dk\\\/davidsenshop\\\/\",\"name\":\"Davidsenshop\",\"description\":\"F\u00e5 din virksomhed p\u00e5 niipit\",\"potentialAction\":[{\"@type\":\"SearchAction\",\"target\":{\"@type\":\"EntryPoint\",\"urlTemplate\":\"https:\\\/\\\/niipit.dk\\\/davidsenshop\\\/?s={search_term_string}\"},\"query-input\":{\"@type\":\"PropertyValueSpecification\",\"valueRequired\":true,\"valueName\":\"search_term_string\"}}],\"inLanguage\":\"da-DK\"}]}<\/script>\n<!-- \/ Yoast SEO Premium plugin. -->","yoast_head_json":{"title":"Davidsen Netshop n\u00e5r du vil handle Dansk og lokalt online","description":"Davidsen Netshop er din Danske lokale online shop til byggemarkeder i dit n\u00e6r omr\u00e5de. Bestil og afhent i dit lokale byggemarked","robots":{"index":"index","follow":"follow","max-snippet":"max-snippet:-1","max-image-preview":"max-image-preview:large","max-video-preview":"max-video-preview:-1"},"canonical":"https:\/\/niipit.dk\/davidsenshop\/","og_locale":"da_DK","og_type":"article","og_title":"Davidsen Netshop n\u00e5r du vil handle Dansk og lokalt online","og_description":"Davidsen Netshop er din Danske lokale online shop til byggemarkeder i dit n\u00e6r omr\u00e5de. Bestil og afhent i dit lokale byggemarked","og_url":"https:\/\/niipit.dk\/davidsenshop\/","og_site_name":"Davidsenshop","article_modified_time":"2021-03-16T11:26:26+00:00","twitter_card":"summary_large_image","twitter_misc":{"Estimeret l\u00e6setid":"2 minutter"},"schema":{"@context":"https:\/\/schema.org","@graph":[{"@type":"WebPage","@id":"https:\/\/niipit.dk\/davidsenshop\/","url":"https:\/\/niipit.dk\/davidsenshop\/","name":"Davidsen Netshop n\u00e5r du vil handle Dansk og lokalt online","isPartOf":{"@id":"https:\/\/niipit.dk\/davidsenshop\/#website"},"datePublished":"2018-08-10T20:29:34+00:00","dateModified":"2021-03-16T11:26:26+00:00","description":"Davidsen Netshop er din Danske lokale online shop til byggemarkeder i dit n\u00e6r omr\u00e5de. Bestil og afhent i dit lokale byggemarked","breadcrumb":{"@id":"https:\/\/niipit.dk\/davidsenshop\/#breadcrumb"},"inLanguage":"da-DK","potentialAction":[{"@type":"ReadAction","target":["https:\/\/niipit.dk\/davidsenshop\/"]}]},{"@type":"BreadcrumbList","@id":"https:\/\/niipit.dk\/davidsenshop\/#breadcrumb","itemListElement":[{"@type":"ListItem","position":1,"name":"Hjem","item":"https:\/\/niipit.dk\/davidsenshop\/"},{"@type":"ListItem","position":2,"name":"Forside"}]},{"@type":"WebSite","@id":"https:\/\/niipit.dk\/davidsenshop\/#website","url":"https:\/\/niipit.dk\/davidsenshop\/","name":"Davidsenshop","description":"F\u00e5 din virksomhed p\u00e5 niipit","potentialAction":[{"@type":"SearchAction","target":{"@type":"EntryPoint","urlTemplate":"https:\/\/niipit.dk\/davidsenshop\/?s={search_term_string}"},"query-input":{"@type":"PropertyValueSpecification","valueRequired":true,"valueName":"search_term_string"}}],"inLanguage":"da-DK"}]}},"_links":{"self":[{"href":"https:\/\/niipit.dk\/davidsenshop\/wp-json\/wp\/v2\/pages\/5064","targetHints":{"allow":["GET"]}}],"collection":[{"href":"https:\/\/niipit.dk\/davidsenshop\/wp-json\/wp\/v2\/pages"}],"about":[{"href":"https:\/\/niipit.dk\/davidsenshop\/wp-json\/wp\/v2\/types\/page"}],"author":[{"embeddable":true,"href":"https:\/\/niipit.dk\/davidsenshop\/wp-json\/wp\/v2\/users\/151"}],"replies":[{"embeddable":true,"href":"https:\/\/niipit.dk\/davidsenshop\/wp-json\/wp\/v2\/comments?post=5064"}],"version-history":[{"count":4,"href":"https:\/\/niipit.dk\/davidsenshop\/wp-json\/wp\/v2\/pages\/5064\/revisions"}],"predecessor-version":[{"id":6528,"href":"https:\/\/niipit.dk\/davidsenshop\/wp-json\/wp\/v2\/pages\/5064\/revisions\/6528"}],"wp:attachment":[{"href":"https:\/\/niipit.dk\/davidsenshop\/wp-json\/wp\/v2\/media?parent=5064"}],"curies":[{"name":"wp","href":"https:\/\/api.w.org\/{rel}","templated":true}]}}