{"id":5064,"date":"2020-04-10T22:29:34","date_gmt":"2020-04-10T20:29:34","guid":{"rendered":"https:\/\/niipit.dk\/danske-aviser-shop\/?page_id=5064"},"modified":"2021-05-23T10:56:08","modified_gmt":"2021-05-23T08:56:08","slug":"frontpage","status":"publish","type":"page","link":"https:\/\/niipit.dk\/danske-aviser\/","title":{"rendered":"Forside"},"content":{"rendered":"\n<hr class=\"wp-block-separator\"\/>\n\n\n\n<h2 class=\"wp-block-heading\" id=\"h-l-ser-du-danske-aviser\">L\u00e6ser du Danske Aviser ?<\/h2>\n\n\n\n<h3 class=\"wp-block-heading\" id=\"h-f-overblikket-nemt-og-hurtigt-lige-her\">F\u00e5 overblikket nemt og hurtigt lige her<\/h3>\n\n\n\n<p>Syntes du ogs\u00e5 det er en jungle at finde rundt i de <a href=\"https:\/\/danskeaviser.dk\" target=\"_blank\" rel=\"noreferrer noopener\">danske aviser<\/a>? Vi har s\u00f8rget for at skabe et overblik til dig s\u00e5 du ikke roder rundt og m\u00e5ske misser nyheder far et omr\u00e5de du gerne ville holdes opdateret om.<\/p>\n\n\n\n<p>Danske Papir aviser er p\u00e5 vej ud til fordel for de online medier. Hvor vi i gamle dage gik til den lokale k\u00f8bmand og hende vores lokale avis eller en af de 4 store aviser s\u00e5 klikker vi ind p\u00e5 nettet og ser nogle ganske f\u00e5 nyheder fra de store kanaler.<\/p>\n\n\n\n<h3 class=\"wp-block-heading\" id=\"h-vi-skal-huske-lokal-stoffet\">Vi skal huske lokal stoffet.<\/h3>\n\n\n\n<p>Lokal omr\u00e5derne rundt omkring i Danmark sulter selv om lokal omr\u00e5det ofte er fyldt med gode nyheder s\u00e5 bliver de overset netop fordi vi luller os i s\u00f8vn i de st\u00f8rste spillere p\u00e5 marked. Hos Danske Aviser samler vi Danmark. Husker du at l\u00e6se din lokal avis? Faktisk s\u00e5 er du med til at st\u00f8tte dit lokal omr\u00e5de n\u00e5r du l\u00e6ser nyheder fra din lokale avis.<\/p>\n\n\n\n<figure class=\"wp-block-image size-large\"><a href=\"https:\/\/danskeaviser.dk\" target=\"_blank\" rel=\"noopener\"><img loading=\"lazy\" decoding=\"async\" width=\"1024\" height=\"96\" src=\"https:\/\/niipit.dk\/danske-aviser\/wp-content\/uploads\/sites\/634\/2020\/05\/l\u00e6s-danske-aviser-1024x96.jpg\" alt=\"l\u00e6s danske aviser\" class=\"wp-image-5988\" srcset=\"https:\/\/niipit.dk\/danske-aviser\/wp-content\/uploads\/sites\/634\/2020\/05\/l\u00e6s-danske-aviser-1024x96.jpg 1024w, https:\/\/niipit.dk\/danske-aviser\/wp-content\/uploads\/sites\/634\/2020\/05\/l\u00e6s-danske-aviser-300x28.jpg 300w, https:\/\/niipit.dk\/danske-aviser\/wp-content\/uploads\/sites\/634\/2020\/05\/l\u00e6s-danske-aviser-768x72.jpg 768w, https:\/\/niipit.dk\/danske-aviser\/wp-content\/uploads\/sites\/634\/2020\/05\/l\u00e6s-danske-aviser-1536x143.jpg 1536w, https:\/\/niipit.dk\/danske-aviser\/wp-content\/uploads\/sites\/634\/2020\/05\/l\u00e6s-danske-aviser-600x56.jpg 600w, https:\/\/niipit.dk\/danske-aviser\/wp-content\/uploads\/sites\/634\/2020\/05\/l\u00e6s-danske-aviser.jpg 1930w\" sizes=\"auto, (max-width: 1024px) 100vw, 1024px\" \/><\/a><\/figure>\n\n\n\n<h2 class=\"wp-block-heading\" id=\"h-danske-aviser-der-findes-online\">Danske aviser der findes online.<\/h2>\n\n\n\n<p>I dag kan du finde alle danske aviser online. Udfordringen er at finde dem alle samme, eller finde et overblik, hvor du kan se aviserne for et lokal omr\u00e5de. Det er ofte s\u00e5dan at en avis der ikke hedder det samme som byen kan v\u00e6re sv\u00e6r at finde. Lad os tage en by som Horsens, det er jo en ret stor provins by, der er fyldt med masser af lokal stof. Og selvf\u00f8lgelig har Horsens en lokal avis. Men det er ikke sikkert at alle ved at den hedder HSFO men hos DanskeAviser.dk kan du nemt finde link til lokale nyheder uanset hvad avisen hedder.<\/p>\n\n\n\n<p>L\u00e6s mere om <a href=\"https:\/\/da.wikipedia.org\/wiki\/Aviser_i_Danmark\" target=\"_blank\" rel=\"noreferrer noopener\">aviser i Danmark<\/a> eller bes\u00f8g omr\u00e5det med lokale <a href=\"https:\/\/niipit.dk\/markedsplads\/butikker-forside\/\">butikker<\/a> eller spisesteder p\u00e5 Niipit<\/p>\n","protected":false},"excerpt":{"rendered":"<p>L\u00e6ser du Danske Aviser ? F\u00e5 overblikket nemt og hurtigt lige her Syntes du ogs\u00e5 det er en jungle at finde rundt i de danske aviser? Vi har s\u00f8rget for at skabe et overblik til dig s\u00e5 du ikke roder rundt og m\u00e5ske misser nyheder far et omr\u00e5de du gerne ville holdes opdateret om. Danske <a class=\"moretag btn btn-primary\" href=\"https:\/\/niipit.dk\/danske-aviser\/\">L\u00e6s mere<\/a><\/p>\n","protected":false},"author":1,"featured_media":0,"parent":0,"menu_order":0,"comment_status":"closed","ping_status":"closed","template":"frontpagePremium.php","meta":{"_exactmetrics_skip_tracking":false,"_exactmetrics_sitenote_active":false,"_exactmetrics_sitenote_note":"","_exactmetrics_sitenote_category":0,"_monsterinsights_skip_tracking":false,"_monsterinsights_sitenote_active":false,"_monsterinsights_sitenote_note":"","_monsterinsights_sitenote_category":0,"footnotes":""},"class_list":["post-5064","page","type-page","status-publish","hentry"],"yoast_head":"<!-- This site is optimized with the Yoast SEO Premium plugin v16.3 (Yoast SEO v27.4) - https:\/\/yoast.com\/product\/yoast-seo-premium-wordpress\/ -->\n<title>Danske Aviser - n\u00e5r du vil holdes opdateret om lokalt stof<\/title>\n<meta name=\"description\" content=\"Danske Aviser - er dit overblik over nyheder fra hele Danmark. Her finder du nemt nyheder og artikler fra dit lokalomr\u00e5de | L\u00e6s nyheder \u276f\u276f\u276f\" \/>\n<meta name=\"robots\" content=\"index, follow, max-snippet:-1, max-image-preview:large, max-video-preview:-1\" \/>\n<link rel=\"canonical\" href=\"https:\/\/niipit.dk\/danske-aviser\/\" \/>\n<meta property=\"og:locale\" content=\"da_DK\" \/>\n<meta property=\"og:type\" content=\"article\" \/>\n<meta property=\"og:title\" content=\"Danske Aviser - n\u00e5r du vil holdes opdateret om lokalt stof\" \/>\n<meta property=\"og:description\" content=\"Danske Aviser - er dit overblik over nyheder fra hele Danmark. Her finder du nemt nyheder og artikler fra dit lokalomr\u00e5de | L\u00e6s nyheder \u276f\u276f\u276f\" \/>\n<meta property=\"og:url\" content=\"https:\/\/niipit.dk\/danske-aviser\/\" \/>\n<meta property=\"og:site_name\" content=\"Danske Aviser\" \/>\n<meta property=\"article:modified_time\" content=\"2021-05-23T08:56:08+00:00\" \/>\n<meta name=\"twitter:card\" content=\"summary_large_image\" \/>\n<meta name=\"twitter:label1\" content=\"Estimeret l\u00e6setid\" \/>\n\t<meta name=\"twitter:data1\" content=\"2 minutter\" \/>\n<script type=\"application\/ld+json\" class=\"yoast-schema-graph\">{\"@context\":\"https:\\\/\\\/schema.org\",\"@graph\":[{\"@type\":\"WebPage\",\"@id\":\"https:\\\/\\\/niipit.dk\\\/danske-aviser\\\/\",\"url\":\"https:\\\/\\\/niipit.dk\\\/danske-aviser\\\/\",\"name\":\"Danske Aviser - n\u00e5r du vil holdes opdateret om lokalt stof\",\"isPartOf\":{\"@id\":\"https:\\\/\\\/niipit.dk\\\/danske-aviser\\\/#website\"},\"datePublished\":\"2020-04-10T20:29:34+00:00\",\"dateModified\":\"2021-05-23T08:56:08+00:00\",\"description\":\"Danske Aviser - er dit overblik over nyheder fra hele Danmark. Her finder du nemt nyheder og artikler fra dit lokalomr\u00e5de | L\u00e6s nyheder \u276f\u276f\u276f\",\"breadcrumb\":{\"@id\":\"https:\\\/\\\/niipit.dk\\\/danske-aviser\\\/#breadcrumb\"},\"inLanguage\":\"da-DK\",\"potentialAction\":[{\"@type\":\"ReadAction\",\"target\":[\"https:\\\/\\\/niipit.dk\\\/danske-aviser\\\/\"]}]},{\"@type\":\"BreadcrumbList\",\"@id\":\"https:\\\/\\\/niipit.dk\\\/danske-aviser\\\/#breadcrumb\",\"itemListElement\":[{\"@type\":\"ListItem\",\"position\":1,\"name\":\"Hjem\",\"item\":\"https:\\\/\\\/niipit.dk\\\/danske-aviser\\\/\"},{\"@type\":\"ListItem\",\"position\":2,\"name\":\"Forside\"}]},{\"@type\":\"WebSite\",\"@id\":\"https:\\\/\\\/niipit.dk\\\/danske-aviser\\\/#website\",\"url\":\"https:\\\/\\\/niipit.dk\\\/danske-aviser\\\/\",\"name\":\"Danske Aviser\",\"description\":\"Samlet overblik over aviser i Danmark\",\"potentialAction\":[{\"@type\":\"SearchAction\",\"target\":{\"@type\":\"EntryPoint\",\"urlTemplate\":\"https:\\\/\\\/niipit.dk\\\/danske-aviser\\\/?s={search_term_string}\"},\"query-input\":{\"@type\":\"PropertyValueSpecification\",\"valueRequired\":true,\"valueName\":\"search_term_string\"}}],\"inLanguage\":\"da-DK\"}]}<\/script>\n<!-- \/ Yoast SEO Premium plugin. -->","yoast_head_json":{"title":"Danske Aviser - n\u00e5r du vil holdes opdateret om lokalt stof","description":"Danske Aviser - er dit overblik over nyheder fra hele Danmark. Her finder du nemt nyheder og artikler fra dit lokalomr\u00e5de | L\u00e6s nyheder \u276f\u276f\u276f","robots":{"index":"index","follow":"follow","max-snippet":"max-snippet:-1","max-image-preview":"max-image-preview:large","max-video-preview":"max-video-preview:-1"},"canonical":"https:\/\/niipit.dk\/danske-aviser\/","og_locale":"da_DK","og_type":"article","og_title":"Danske Aviser - n\u00e5r du vil holdes opdateret om lokalt stof","og_description":"Danske Aviser - er dit overblik over nyheder fra hele Danmark. Her finder du nemt nyheder og artikler fra dit lokalomr\u00e5de | L\u00e6s nyheder \u276f\u276f\u276f","og_url":"https:\/\/niipit.dk\/danske-aviser\/","og_site_name":"Danske Aviser","article_modified_time":"2021-05-23T08:56:08+00:00","twitter_card":"summary_large_image","twitter_misc":{"Estimeret l\u00e6setid":"2 minutter"},"schema":{"@context":"https:\/\/schema.org","@graph":[{"@type":"WebPage","@id":"https:\/\/niipit.dk\/danske-aviser\/","url":"https:\/\/niipit.dk\/danske-aviser\/","name":"Danske Aviser - n\u00e5r du vil holdes opdateret om lokalt stof","isPartOf":{"@id":"https:\/\/niipit.dk\/danske-aviser\/#website"},"datePublished":"2020-04-10T20:29:34+00:00","dateModified":"2021-05-23T08:56:08+00:00","description":"Danske Aviser - er dit overblik over nyheder fra hele Danmark. Her finder du nemt nyheder og artikler fra dit lokalomr\u00e5de | L\u00e6s nyheder \u276f\u276f\u276f","breadcrumb":{"@id":"https:\/\/niipit.dk\/danske-aviser\/#breadcrumb"},"inLanguage":"da-DK","potentialAction":[{"@type":"ReadAction","target":["https:\/\/niipit.dk\/danske-aviser\/"]}]},{"@type":"BreadcrumbList","@id":"https:\/\/niipit.dk\/danske-aviser\/#breadcrumb","itemListElement":[{"@type":"ListItem","position":1,"name":"Hjem","item":"https:\/\/niipit.dk\/danske-aviser\/"},{"@type":"ListItem","position":2,"name":"Forside"}]},{"@type":"WebSite","@id":"https:\/\/niipit.dk\/danske-aviser\/#website","url":"https:\/\/niipit.dk\/danske-aviser\/","name":"Danske Aviser","description":"Samlet overblik over aviser i Danmark","potentialAction":[{"@type":"SearchAction","target":{"@type":"EntryPoint","urlTemplate":"https:\/\/niipit.dk\/danske-aviser\/?s={search_term_string}"},"query-input":{"@type":"PropertyValueSpecification","valueRequired":true,"valueName":"search_term_string"}}],"inLanguage":"da-DK"}]}},"_links":{"self":[{"href":"https:\/\/niipit.dk\/danske-aviser\/wp-json\/wp\/v2\/pages\/5064","targetHints":{"allow":["GET"]}}],"collection":[{"href":"https:\/\/niipit.dk\/danske-aviser\/wp-json\/wp\/v2\/pages"}],"about":[{"href":"https:\/\/niipit.dk\/danske-aviser\/wp-json\/wp\/v2\/types\/page"}],"author":[{"embeddable":true,"href":"https:\/\/niipit.dk\/danske-aviser\/wp-json\/wp\/v2\/users\/1"}],"replies":[{"embeddable":true,"href":"https:\/\/niipit.dk\/danske-aviser\/wp-json\/wp\/v2\/comments?post=5064"}],"version-history":[{"count":3,"href":"https:\/\/niipit.dk\/danske-aviser\/wp-json\/wp\/v2\/pages\/5064\/revisions"}],"predecessor-version":[{"id":5998,"href":"https:\/\/niipit.dk\/danske-aviser\/wp-json\/wp\/v2\/pages\/5064\/revisions\/5998"}],"wp:attachment":[{"href":"https:\/\/niipit.dk\/danske-aviser\/wp-json\/wp\/v2\/media?parent=5064"}],"curies":[{"name":"wp","href":"https:\/\/api.w.org\/{rel}","templated":true}]}}