{"id":5800,"date":"2019-08-12T08:40:15","date_gmt":"2019-08-12T06:40:15","guid":{"rendered":"https:\/\/niipit.dk\/dansk-outlet-vojens\/?page_id=5800"},"modified":"2019-08-12T08:43:08","modified_gmt":"2019-08-12T06:43:08","slug":"job","status":"publish","type":"page","link":"https:\/\/niipit.dk\/dansk-outlet-vojens\/job\/","title":{"rendered":"Job"},"content":{"rendered":"\n<h2 class=\"wp-block-heading\" style=\"text-align:center\">S\u00f8g job I Dansk Outlet Vojens<\/h2>\n\n\n\n<p><em>5 August 2019<\/em><\/p>\n\n\n\n<h4 class=\"wp-block-heading\" style=\"text-align:center\">SKAL DU V\u00c6RE BUTIKSELEV I VORES HELT NYE BUTIK &#8211; eller kender du vedkommende?&nbsp;<\/h4>\n\n\n\n<p style=\"text-align:center\">Vi s\u00f8ger en butikselev til vores pige\/dameafdeling i vores HELT nye butik i Vojens fra d. 1\/10&nbsp;<\/p>\n\n\n\n<p style=\"text-align:center\">Vi er en stor NY t\u00f8jbutik p\u00e5 1600 m2. med et stort udvalg af modet\u00f8j til de RIGTIGE priser. Vi har t\u00f8j til m\u00e6nd, kvinder &amp; b\u00f8rn i alle aldre.<\/p>\n\n\n\n<p style=\"text-align:center\">Kan du sige ja til f\u00f8lgende punkter? S\u00e5 h\u00f8rer vi gerne fra DIG<\/p>\n\n\n\n<p style=\"text-align:center\">Du:<br>\u2022 Kan lide nye udfordringer<br>\u2022 Interesse for pige- og damet\u00f8j<br>\u2022 Er et ordensmenneske.<br>\u2022 Er ambiti\u00f8s &amp; engageret.<br>\u2022 Kan lide at m\u00f8de nye mennesker.<br>\u2022 Vil have en hverdag hvor ikke 2 dage er ens.<br>\u2022 Best\u00e5r din HG2 eksamen eller lignende til sommer (eller er best\u00e5et).<\/p>\n\n\n\n<p style=\"text-align:center\">Vi tilbyder:<br>\u2022 Gode kolleger.<br>\u2022 En sjov arbejdsplads.<br>\u2022 Eget ansvarsomr\u00e5de.<br>\u2022 En solid uddannelse.<br>\u2022 Mulighed for samarbejde p\u00e5 k\u00e6deplan.<br>\u2022 Indflydelse p\u00e5 sortimentet i butikken.<\/p>\n\n\n\n<p style=\"text-align:center\">Skulle du have sp\u00f8rgsm\u00e5l til stillingen, er du velkommen til at skrive til os p\u00e5 vojens@danskoutlet.dk. Der kommer rigtig mange ans\u00f8gninger, s\u00e5 der kan forekomme ventetid p\u00e5 svar.<br>Ans\u00f8gninger og sp\u00f8rgsm\u00e5l modtages kun p\u00e5 mail.<\/p>\n\n\n\n<p style=\"text-align:center\">\u25b8 <strong>Ans\u00f8gningsfrist: 26. august.<\/strong><br>\u25b8 Arbejdstid: 37 timer.<br>\u25b8 Ans\u00f8gning: Sendes til vojens@danskoutlet.dk att: Luindo B. Stopani<\/p>\n\n\n\n<hr class=\"wp-block-separator\"\/>\n\n\n\n<p style=\"text-align:center\" class=\"has-background has-luminous-vivid-amber-background-color\"><strong>Stillingen er besat<\/strong><\/p>\n\n\n\n<p><em><strong>4 Juli 2019<\/strong><\/em><\/p>\n\n\n\n<h4 class=\"wp-block-heading\" style=\"text-align:center\">SALGSASSISTENTER S\u00d8GES TIL VORES HELT NYE BUTIK I VOJENS.<\/h4>\n\n\n\n<p style=\"text-align:center\">Vores passion er: DEN GODE KUNDEOPLEVELSE, er det ogs\u00e5 din passion? Kan du give branchens bedste service?&nbsp;<\/p>\n\n\n\n<p style=\"text-align:center\">S\u00e5 er denne stilling din mulighed&nbsp;\u2714&nbsp;Vi s\u00f8ger en fuldtids salgsassistent samt en fuldtids salgsassistent med begr\u00e6nset ans\u00e6ttelse i perioden fra d. 1\/10 t.o.m d. 31\/12, dog med mulighed for fastans\u00e6ttelse til vores HELT nye butik i Vojens&nbsp;????<\/p>\n\n\n\n<p style=\"text-align:center\">Dansk Outlet er ikke en typisk dansk t\u00f8jk\u00e6de, og det er vi stolte af. Vi t\u00e6nker altid: \u201dHvad er bedst for kunden?\u201d, og ikke hvad der bedst passer ind i regler, systemer og koncepter. Vores vigtigste arbejdsopgave er derfor, servicering af vores kunder.<\/p>\n\n\n\n<p style=\"text-align:center\">Tidligere jobtitler har ikke stor betydning for os, men det er selvf\u00f8lgelig en fordel at du har erfaring med salg \u2013 det vigtigste er dog dit positive engagement.<\/p>\n\n\n\n<p style=\"text-align:center\">S\u00e5dan f\u00e5r du succes i stillingen:<br>\u2605 Alle kunder f\u00e5r den samme fantastiske service og hj\u00e6lp &#8211; ogs\u00e5 l\u00f8rdag og s\u00f8ndag<br>\u2605 Inspirerende merchandising og butiksindretning<br>\u2605 Initiativer omkring salgsfremmende tiltag og lokale kampagner<br>\u2605 Arbejdsom og tager ansvar for egne opgaver<\/p>\n\n\n\n<p style=\"text-align:center\">Dette kan du bidrage med til teamet, og den positive stemning i butikken:<br>\u2605 Positiv tilgang til udfordringerne i hverdagen<br>\u2605 Arbejdsgl\u00e6de, vilje og inspirerende ideer<br>\u2605 H\u00f8jt energiniveau, resultater og talforst\u00e5else<br>\u2605 Villig til at yde det ekstra, som giver b\u00e5de glade kunder og kollegaer<\/p>\n\n\n\n<p style=\"text-align:center\">Det er vigtigt for os, at vores medarbejdere er motiveret og passioneret for deres arbejde. Vi er derfor meget lydh\u00f8r over for nye ideer og initiativer, og der er ikke langt til handling. Vi giver vores medarbejdere ekstra ansvar og ansvarsomr\u00e5der, s\u00e5ledes vi i f\u00e6llesskab kan skabe resultater og v\u00e6kste.<\/p>\n\n\n\n<p style=\"text-align:center\">Vi er sp\u00e6ndte p\u00e5, om du er klar til nye udfordringer? \u2013 Vi er i hvert fald klar til at byde dig velkommen som kollega&nbsp;<\/p>\n\n\n\n<p style=\"text-align:center\">Skulle du have sp\u00f8rgsm\u00e5l til stillingen, er du velkommen til at skrive til os p\u00e5 vojens@danskoutlet.dk. Der kommer rigtig mange ans\u00f8gninger, s\u00e5 der kan forekomme ventetid p\u00e5 svar.<br>Ans\u00f8gninger og sp\u00f8rgsm\u00e5l modtages kun p\u00e5 mail.<\/p>\n\n\n\n<p style=\"text-align:center\">\u25b8 <strong>Ans\u00f8gningsfrist: 26. juli 2019<\/strong><br>\u25b8 Ans\u00e6ttelse: 1 fuldtid og 1 fuldtid m. tidsbegr\u00e6nset ans\u00e6ttelse fra d. 1\/10 t.o.m 31\/12 (med mulighed for fastans\u00e6ttelse)<br>\u25b8 Ans\u00f8gning: Sendes til vojens@danskoutlet.dk att: Luindo B. Stopani<\/p>\n","protected":false},"excerpt":{"rendered":"<p>S\u00f8g job I Dansk Outlet Vojens 5 August 2019 SKAL DU V\u00c6RE BUTIKSELEV I VORES HELT NYE BUTIK &#8211; eller kender du vedkommende?&nbsp; Vi s\u00f8ger en butikselev til vores pige\/dameafdeling i vores HELT nye butik i Vojens fra d. 1\/10&nbsp; Vi er en stor NY t\u00f8jbutik p\u00e5 1600 m2. med et stort udvalg af modet\u00f8j <a class=\"moretag btn btn-primary\" href=\"https:\/\/niipit.dk\/dansk-outlet-vojens\/job\/\">L\u00e6s mere<\/a><\/p>\n","protected":false},"author":905,"featured_media":0,"parent":0,"menu_order":0,"comment_status":"closed","ping_status":"closed","template":"","meta":{"_exactmetrics_skip_tracking":false,"_exactmetrics_sitenote_active":false,"_exactmetrics_sitenote_note":"","_exactmetrics_sitenote_category":0,"_monsterinsights_skip_tracking":false,"_monsterinsights_sitenote_active":false,"_monsterinsights_sitenote_note":"","_monsterinsights_sitenote_category":0,"footnotes":""},"class_list":["post-5800","page","type-page","status-publish","hentry"],"yoast_head":"<!-- This site is optimized with the Yoast SEO Premium plugin v16.3 (Yoast SEO v27.4) - https:\/\/yoast.com\/product\/yoast-seo-premium-wordpress\/ -->\n<title>Job - Dansk Outlet Vojens<\/title>\n<meta name=\"robots\" content=\"index, follow, max-snippet:-1, max-image-preview:large, max-video-preview:-1\" \/>\n<link rel=\"canonical\" href=\"https:\/\/niipit.dk\/dansk-outlet-vojens\/job\/\" \/>\n<meta property=\"og:locale\" content=\"da_DK\" \/>\n<meta property=\"og:type\" content=\"article\" \/>\n<meta property=\"og:title\" content=\"Job - Dansk Outlet Vojens\" \/>\n<meta property=\"og:description\" content=\"S\u00f8g job I Dansk Outlet Vojens 5 August 2019 SKAL DU V\u00c6RE BUTIKSELEV I VORES HELT NYE BUTIK &#8211; eller kender du vedkommende?&nbsp; Vi s\u00f8ger en butikselev til vores pige\/dameafdeling i vores HELT nye butik i Vojens fra d. 1\/10&nbsp; Vi er en stor NY t\u00f8jbutik p\u00e5 1600 m2. med et stort udvalg af modet\u00f8j L\u00e6s mere\" \/>\n<meta property=\"og:url\" content=\"https:\/\/niipit.dk\/dansk-outlet-vojens\/job\/\" \/>\n<meta property=\"og:site_name\" content=\"Dansk Outlet Vojens\" \/>\n<meta property=\"article:modified_time\" content=\"2019-08-12T06:43:08+00:00\" \/>\n<meta name=\"twitter:card\" content=\"summary_large_image\" \/>\n<meta name=\"twitter:label1\" content=\"Estimeret l\u00e6setid\" \/>\n\t<meta name=\"twitter:data1\" content=\"3 minutter\" \/>\n<script type=\"application\/ld+json\" class=\"yoast-schema-graph\">{\"@context\":\"https:\\\/\\\/schema.org\",\"@graph\":[{\"@type\":\"WebPage\",\"@id\":\"https:\\\/\\\/niipit.dk\\\/dansk-outlet-vojens\\\/job\\\/\",\"url\":\"https:\\\/\\\/niipit.dk\\\/dansk-outlet-vojens\\\/job\\\/\",\"name\":\"Job - Dansk Outlet Vojens\",\"isPartOf\":{\"@id\":\"https:\\\/\\\/niipit.dk\\\/dansk-outlet-vojens\\\/#website\"},\"datePublished\":\"2019-08-12T06:40:15+00:00\",\"dateModified\":\"2019-08-12T06:43:08+00:00\",\"breadcrumb\":{\"@id\":\"https:\\\/\\\/niipit.dk\\\/dansk-outlet-vojens\\\/job\\\/#breadcrumb\"},\"inLanguage\":\"da-DK\",\"potentialAction\":[{\"@type\":\"ReadAction\",\"target\":[\"https:\\\/\\\/niipit.dk\\\/dansk-outlet-vojens\\\/job\\\/\"]}]},{\"@type\":\"BreadcrumbList\",\"@id\":\"https:\\\/\\\/niipit.dk\\\/dansk-outlet-vojens\\\/job\\\/#breadcrumb\",\"itemListElement\":[{\"@type\":\"ListItem\",\"position\":1,\"name\":\"Hjem\",\"item\":\"https:\\\/\\\/niipit.dk\\\/dansk-outlet-vojens\\\/\"},{\"@type\":\"ListItem\",\"position\":2,\"name\":\"Job\"}]},{\"@type\":\"WebSite\",\"@id\":\"https:\\\/\\\/niipit.dk\\\/dansk-outlet-vojens\\\/#website\",\"url\":\"https:\\\/\\\/niipit.dk\\\/dansk-outlet-vojens\\\/\",\"name\":\"Dansk Outlet Vojens\",\"description\":\"Find lokale butikker med Niipit.dk\",\"potentialAction\":[{\"@type\":\"SearchAction\",\"target\":{\"@type\":\"EntryPoint\",\"urlTemplate\":\"https:\\\/\\\/niipit.dk\\\/dansk-outlet-vojens\\\/?s={search_term_string}\"},\"query-input\":{\"@type\":\"PropertyValueSpecification\",\"valueRequired\":true,\"valueName\":\"search_term_string\"}}],\"inLanguage\":\"da-DK\"}]}<\/script>\n<!-- \/ Yoast SEO Premium plugin. -->","yoast_head_json":{"title":"Job - Dansk Outlet Vojens","robots":{"index":"index","follow":"follow","max-snippet":"max-snippet:-1","max-image-preview":"max-image-preview:large","max-video-preview":"max-video-preview:-1"},"canonical":"https:\/\/niipit.dk\/dansk-outlet-vojens\/job\/","og_locale":"da_DK","og_type":"article","og_title":"Job - Dansk Outlet Vojens","og_description":"S\u00f8g job I Dansk Outlet Vojens 5 August 2019 SKAL DU V\u00c6RE BUTIKSELEV I VORES HELT NYE BUTIK &#8211; eller kender du vedkommende?&nbsp; Vi s\u00f8ger en butikselev til vores pige\/dameafdeling i vores HELT nye butik i Vojens fra d. 1\/10&nbsp; Vi er en stor NY t\u00f8jbutik p\u00e5 1600 m2. med et stort udvalg af modet\u00f8j L\u00e6s mere","og_url":"https:\/\/niipit.dk\/dansk-outlet-vojens\/job\/","og_site_name":"Dansk Outlet Vojens","article_modified_time":"2019-08-12T06:43:08+00:00","twitter_card":"summary_large_image","twitter_misc":{"Estimeret l\u00e6setid":"3 minutter"},"schema":{"@context":"https:\/\/schema.org","@graph":[{"@type":"WebPage","@id":"https:\/\/niipit.dk\/dansk-outlet-vojens\/job\/","url":"https:\/\/niipit.dk\/dansk-outlet-vojens\/job\/","name":"Job - Dansk Outlet Vojens","isPartOf":{"@id":"https:\/\/niipit.dk\/dansk-outlet-vojens\/#website"},"datePublished":"2019-08-12T06:40:15+00:00","dateModified":"2019-08-12T06:43:08+00:00","breadcrumb":{"@id":"https:\/\/niipit.dk\/dansk-outlet-vojens\/job\/#breadcrumb"},"inLanguage":"da-DK","potentialAction":[{"@type":"ReadAction","target":["https:\/\/niipit.dk\/dansk-outlet-vojens\/job\/"]}]},{"@type":"BreadcrumbList","@id":"https:\/\/niipit.dk\/dansk-outlet-vojens\/job\/#breadcrumb","itemListElement":[{"@type":"ListItem","position":1,"name":"Hjem","item":"https:\/\/niipit.dk\/dansk-outlet-vojens\/"},{"@type":"ListItem","position":2,"name":"Job"}]},{"@type":"WebSite","@id":"https:\/\/niipit.dk\/dansk-outlet-vojens\/#website","url":"https:\/\/niipit.dk\/dansk-outlet-vojens\/","name":"Dansk Outlet Vojens","description":"Find lokale butikker med Niipit.dk","potentialAction":[{"@type":"SearchAction","target":{"@type":"EntryPoint","urlTemplate":"https:\/\/niipit.dk\/dansk-outlet-vojens\/?s={search_term_string}"},"query-input":{"@type":"PropertyValueSpecification","valueRequired":true,"valueName":"search_term_string"}}],"inLanguage":"da-DK"}]}},"_links":{"self":[{"href":"https:\/\/niipit.dk\/dansk-outlet-vojens\/wp-json\/wp\/v2\/pages\/5800","targetHints":{"allow":["GET"]}}],"collection":[{"href":"https:\/\/niipit.dk\/dansk-outlet-vojens\/wp-json\/wp\/v2\/pages"}],"about":[{"href":"https:\/\/niipit.dk\/dansk-outlet-vojens\/wp-json\/wp\/v2\/types\/page"}],"author":[{"embeddable":true,"href":"https:\/\/niipit.dk\/dansk-outlet-vojens\/wp-json\/wp\/v2\/users\/905"}],"replies":[{"embeddable":true,"href":"https:\/\/niipit.dk\/dansk-outlet-vojens\/wp-json\/wp\/v2\/comments?post=5800"}],"version-history":[{"count":0,"href":"https:\/\/niipit.dk\/dansk-outlet-vojens\/wp-json\/wp\/v2\/pages\/5800\/revisions"}],"wp:attachment":[{"href":"https:\/\/niipit.dk\/dansk-outlet-vojens\/wp-json\/wp\/v2\/media?parent=5800"}],"curies":[{"name":"wp","href":"https:\/\/api.w.org\/{rel}","templated":true}]}}