{"id":5064,"date":"2018-08-10T22:29:34","date_gmt":"2018-08-10T20:29:34","guid":{"rendered":"https:\/\/niipit.dk\/dansk-outlet-vojens-shop\/?page_id=5064"},"modified":"2020-01-03T13:43:14","modified_gmt":"2020-01-03T12:43:14","slug":"frontpage","status":"publish","type":"page","link":"https:\/\/niipit.dk\/dansk-outlet-vojens\/","title":{"rendered":"Forside"},"content":{"rendered":"\n<h3 class=\"wp-block-heading\">Dansk Outlet i vojens<\/h3>\n\n\n\n<p>&#8230;Og vi garanterer Danmarks bedste priser p\u00e5 t\u00f8j i alle kategorier&nbsp;<\/p>\n\n\n\n<p>Trekanten1, 6500 Vojens<br>T: +45 <br>E: vojens@danskoutlet.dk<\/p>\n\n\n\n<p><\/p>\n","protected":false},"excerpt":{"rendered":"<p>Dansk Outlet i vojens &#8230;Og vi garanterer Danmarks bedste priser p\u00e5 t\u00f8j i alle kategorier&nbsp; Trekanten1, 6500 VojensT: +45 E: vojens@danskoutlet.dk<\/p>\n","protected":false},"author":1,"featured_media":0,"parent":0,"menu_order":0,"comment_status":"closed","ping_status":"closed","template":"frontpagePremium.php","meta":{"_exactmetrics_skip_tracking":false,"_exactmetrics_sitenote_active":false,"_exactmetrics_sitenote_note":"","_exactmetrics_sitenote_category":0,"_monsterinsights_skip_tracking":false,"_monsterinsights_sitenote_active":false,"_monsterinsights_sitenote_note":"","_monsterinsights_sitenote_category":0,"footnotes":""},"class_list":["post-5064","page","type-page","status-publish","hentry"],"yoast_head":"<!-- This site is optimized with the Yoast SEO Premium plugin v16.3 (Yoast SEO v27.4) - https:\/\/yoast.com\/product\/yoast-seo-premium-wordpress\/ -->\n<title>Dansk Outlet \u00c5bner I Vojens - Niipit find lokale butikker<\/title>\n<meta name=\"description\" content=\"1600m2 butik bliver fyldt med l\u00e6kkert Outlet t\u00f8j til hele familien. Hold \u00f8je med hvorn\u00e5r vi \u00e5bner i Vojens. Der bliver masser af tilbud at k\u00f8re efter.\" \/>\n<meta name=\"robots\" content=\"index, follow, max-snippet:-1, max-image-preview:large, max-video-preview:-1\" \/>\n<link rel=\"canonical\" href=\"https:\/\/niipit.dk\/dansk-outlet-vojens\/\" \/>\n<meta property=\"og:locale\" content=\"da_DK\" \/>\n<meta property=\"og:type\" content=\"article\" \/>\n<meta property=\"og:title\" content=\"Dansk Outlet \u00c5bner I Vojens - Niipit find lokale butikker\" \/>\n<meta property=\"og:description\" content=\"1600m2 butik bliver fyldt med l\u00e6kkert Outlet t\u00f8j til hele familien. Hold \u00f8je med hvorn\u00e5r vi \u00e5bner i Vojens. Der bliver masser af tilbud at k\u00f8re efter.\" \/>\n<meta property=\"og:url\" content=\"https:\/\/niipit.dk\/dansk-outlet-vojens\/\" \/>\n<meta property=\"og:site_name\" content=\"Dansk Outlet Vojens\" \/>\n<meta property=\"article:modified_time\" content=\"2020-01-03T12:43:14+00:00\" \/>\n<meta name=\"twitter:card\" content=\"summary_large_image\" \/>\n<script type=\"application\/ld+json\" class=\"yoast-schema-graph\">{\"@context\":\"https:\\\/\\\/schema.org\",\"@graph\":[{\"@type\":\"WebPage\",\"@id\":\"https:\\\/\\\/niipit.dk\\\/dansk-outlet-vojens\\\/\",\"url\":\"https:\\\/\\\/niipit.dk\\\/dansk-outlet-vojens\\\/\",\"name\":\"Dansk Outlet \u00c5bner I Vojens - Niipit find lokale butikker\",\"isPartOf\":{\"@id\":\"https:\\\/\\\/niipit.dk\\\/dansk-outlet-vojens\\\/#website\"},\"datePublished\":\"2018-08-10T20:29:34+00:00\",\"dateModified\":\"2020-01-03T12:43:14+00:00\",\"description\":\"1600m2 butik bliver fyldt med l\u00e6kkert Outlet t\u00f8j til hele familien. Hold \u00f8je med hvorn\u00e5r vi \u00e5bner i Vojens. Der bliver masser af tilbud at k\u00f8re efter.\",\"breadcrumb\":{\"@id\":\"https:\\\/\\\/niipit.dk\\\/dansk-outlet-vojens\\\/#breadcrumb\"},\"inLanguage\":\"da-DK\",\"potentialAction\":[{\"@type\":\"ReadAction\",\"target\":[\"https:\\\/\\\/niipit.dk\\\/dansk-outlet-vojens\\\/\"]}]},{\"@type\":\"BreadcrumbList\",\"@id\":\"https:\\\/\\\/niipit.dk\\\/dansk-outlet-vojens\\\/#breadcrumb\",\"itemListElement\":[{\"@type\":\"ListItem\",\"position\":1,\"name\":\"Hjem\",\"item\":\"https:\\\/\\\/niipit.dk\\\/dansk-outlet-vojens\\\/\"},{\"@type\":\"ListItem\",\"position\":2,\"name\":\"Forside\"}]},{\"@type\":\"WebSite\",\"@id\":\"https:\\\/\\\/niipit.dk\\\/dansk-outlet-vojens\\\/#website\",\"url\":\"https:\\\/\\\/niipit.dk\\\/dansk-outlet-vojens\\\/\",\"name\":\"Dansk Outlet Vojens\",\"description\":\"Find lokale butikker med Niipit.dk\",\"potentialAction\":[{\"@type\":\"SearchAction\",\"target\":{\"@type\":\"EntryPoint\",\"urlTemplate\":\"https:\\\/\\\/niipit.dk\\\/dansk-outlet-vojens\\\/?s={search_term_string}\"},\"query-input\":{\"@type\":\"PropertyValueSpecification\",\"valueRequired\":true,\"valueName\":\"search_term_string\"}}],\"inLanguage\":\"da-DK\"}]}<\/script>\n<!-- \/ Yoast SEO Premium plugin. -->","yoast_head_json":{"title":"Dansk Outlet \u00c5bner I Vojens - Niipit find lokale butikker","description":"1600m2 butik bliver fyldt med l\u00e6kkert Outlet t\u00f8j til hele familien. Hold \u00f8je med hvorn\u00e5r vi \u00e5bner i Vojens. Der bliver masser af tilbud at k\u00f8re efter.","robots":{"index":"index","follow":"follow","max-snippet":"max-snippet:-1","max-image-preview":"max-image-preview:large","max-video-preview":"max-video-preview:-1"},"canonical":"https:\/\/niipit.dk\/dansk-outlet-vojens\/","og_locale":"da_DK","og_type":"article","og_title":"Dansk Outlet \u00c5bner I Vojens - Niipit find lokale butikker","og_description":"1600m2 butik bliver fyldt med l\u00e6kkert Outlet t\u00f8j til hele familien. Hold \u00f8je med hvorn\u00e5r vi \u00e5bner i Vojens. Der bliver masser af tilbud at k\u00f8re efter.","og_url":"https:\/\/niipit.dk\/dansk-outlet-vojens\/","og_site_name":"Dansk Outlet Vojens","article_modified_time":"2020-01-03T12:43:14+00:00","twitter_card":"summary_large_image","schema":{"@context":"https:\/\/schema.org","@graph":[{"@type":"WebPage","@id":"https:\/\/niipit.dk\/dansk-outlet-vojens\/","url":"https:\/\/niipit.dk\/dansk-outlet-vojens\/","name":"Dansk Outlet \u00c5bner I Vojens - Niipit find lokale butikker","isPartOf":{"@id":"https:\/\/niipit.dk\/dansk-outlet-vojens\/#website"},"datePublished":"2018-08-10T20:29:34+00:00","dateModified":"2020-01-03T12:43:14+00:00","description":"1600m2 butik bliver fyldt med l\u00e6kkert Outlet t\u00f8j til hele familien. Hold \u00f8je med hvorn\u00e5r vi \u00e5bner i Vojens. Der bliver masser af tilbud at k\u00f8re efter.","breadcrumb":{"@id":"https:\/\/niipit.dk\/dansk-outlet-vojens\/#breadcrumb"},"inLanguage":"da-DK","potentialAction":[{"@type":"ReadAction","target":["https:\/\/niipit.dk\/dansk-outlet-vojens\/"]}]},{"@type":"BreadcrumbList","@id":"https:\/\/niipit.dk\/dansk-outlet-vojens\/#breadcrumb","itemListElement":[{"@type":"ListItem","position":1,"name":"Hjem","item":"https:\/\/niipit.dk\/dansk-outlet-vojens\/"},{"@type":"ListItem","position":2,"name":"Forside"}]},{"@type":"WebSite","@id":"https:\/\/niipit.dk\/dansk-outlet-vojens\/#website","url":"https:\/\/niipit.dk\/dansk-outlet-vojens\/","name":"Dansk Outlet Vojens","description":"Find lokale butikker med Niipit.dk","potentialAction":[{"@type":"SearchAction","target":{"@type":"EntryPoint","urlTemplate":"https:\/\/niipit.dk\/dansk-outlet-vojens\/?s={search_term_string}"},"query-input":{"@type":"PropertyValueSpecification","valueRequired":true,"valueName":"search_term_string"}}],"inLanguage":"da-DK"}]}},"_links":{"self":[{"href":"https:\/\/niipit.dk\/dansk-outlet-vojens\/wp-json\/wp\/v2\/pages\/5064","targetHints":{"allow":["GET"]}}],"collection":[{"href":"https:\/\/niipit.dk\/dansk-outlet-vojens\/wp-json\/wp\/v2\/pages"}],"about":[{"href":"https:\/\/niipit.dk\/dansk-outlet-vojens\/wp-json\/wp\/v2\/types\/page"}],"author":[{"embeddable":true,"href":"https:\/\/niipit.dk\/dansk-outlet-vojens\/wp-json\/wp\/v2\/users\/1"}],"replies":[{"embeddable":true,"href":"https:\/\/niipit.dk\/dansk-outlet-vojens\/wp-json\/wp\/v2\/comments?post=5064"}],"version-history":[{"count":0,"href":"https:\/\/niipit.dk\/dansk-outlet-vojens\/wp-json\/wp\/v2\/pages\/5064\/revisions"}],"wp:attachment":[{"href":"https:\/\/niipit.dk\/dansk-outlet-vojens\/wp-json\/wp\/v2\/media?parent=5064"}],"curies":[{"name":"wp","href":"https:\/\/api.w.org\/{rel}","templated":true}]}}