{"id":5133,"date":"2018-08-15T22:08:09","date_gmt":"2018-08-15T20:08:09","guid":{"rendered":"https:\/\/niipit.dk\/nv2-QogM\/?page_id=5133"},"modified":"2020-03-23T19:43:53","modified_gmt":"2020-03-23T18:43:53","slug":"kontakt","status":"publish","type":"page","link":"https:\/\/niipit.dk\/corner-skjern\/kontakt\/","title":{"rendered":"Kontakt"},"content":{"rendered":"<div class=\"row justify-content-md-center\">\n<h2 style=\"text-align: center;\"><strong>Corner Skjern<\/strong><\/h2>\n<h3 class=\"col-xs-12 col-sm-12 col-md-6 col-lg-4\" style=\"text-align: center;\">Bredgade 88<br \/>\n6900 Skjern<br \/>\n+45 96 81 41 87<br \/>\n+45 96 81 41 88<\/h3>\n<h3 class=\"col-xs-12 col-sm-12 col-md-6 col-lg-4\" style=\"text-align: center;\">\u00c5bningstider:<br \/>\nMandag til fredag 11.00 til 21.00<br \/>\nL\u00f8rdag og s\u00f8ndag : 12.00 til 21.00<br \/>\nHelligdage 12.00 til 21.00<\/h3>\n<h3 style=\"text-align: center;\">Vi bringer gerne din pizza ud inden for bygr\u00e6nsen i Skjern mellem kl 13.00 og 21.00<br \/>\nVed bestilling over 100 kr s\u00e5 bringer vi ud GRATIS<\/h3>\n<\/div>\n","protected":false},"excerpt":{"rendered":"<p>Corner Skjern Bredgade 88 6900 Skjern +45 96 81 41 87 +45 96 81 41 88 \u00c5bningstider: Mandag til fredag 11.00 til 21.00 L\u00f8rdag og s\u00f8ndag : 12.00 til 21.00 Helligdage 12.00 til 21.00 Vi bringer gerne din pizza ud inden for bygr\u00e6nsen i Skjern mellem kl 13.00 og 21.00 Ved bestilling over 100 kr <a class=\"moretag btn btn-primary\" href=\"https:\/\/niipit.dk\/corner-skjern\/kontakt\/\">L\u00e6s mere<\/a><\/p>\n","protected":false},"author":151,"featured_media":0,"parent":0,"menu_order":0,"comment_status":"closed","ping_status":"closed","template":"","meta":{"_exactmetrics_skip_tracking":false,"_exactmetrics_sitenote_active":false,"_exactmetrics_sitenote_note":"","_exactmetrics_sitenote_category":0,"_monsterinsights_skip_tracking":false,"_monsterinsights_sitenote_active":false,"_monsterinsights_sitenote_note":"","_monsterinsights_sitenote_category":0,"footnotes":""},"class_list":["post-5133","page","type-page","status-publish","hentry"],"yoast_head":"<!-- This site is optimized with the Yoast SEO Premium plugin v16.3 (Yoast SEO v27.3) - https:\/\/yoast.com\/product\/yoast-seo-premium-wordpress\/ -->\n<title>Kontakt - Corner Skjern<\/title>\n<meta name=\"robots\" content=\"index, follow, max-snippet:-1, max-image-preview:large, max-video-preview:-1\" \/>\n<link rel=\"canonical\" href=\"https:\/\/niipit.dk\/corner-skjern\/kontakt\/\" \/>\n<meta property=\"og:locale\" content=\"da_DK\" \/>\n<meta property=\"og:type\" content=\"article\" \/>\n<meta property=\"og:title\" content=\"Kontakt - Corner Skjern\" \/>\n<meta property=\"og:description\" content=\"Corner Skjern Bredgade 88 6900 Skjern +45 96 81 41 87 +45 96 81 41 88 \u00c5bningstider: Mandag til fredag 11.00 til 21.00 L\u00f8rdag og s\u00f8ndag : 12.00 til 21.00 Helligdage 12.00 til 21.00 Vi bringer gerne din pizza ud inden for bygr\u00e6nsen i Skjern mellem kl 13.00 og 21.00 Ved bestilling over 100 kr L\u00e6s mere\" \/>\n<meta property=\"og:url\" content=\"https:\/\/niipit.dk\/corner-skjern\/kontakt\/\" \/>\n<meta property=\"og:site_name\" content=\"Corner Skjern\" \/>\n<meta property=\"article:modified_time\" content=\"2020-03-23T18:43:53+00:00\" \/>\n<meta name=\"twitter:card\" content=\"summary_large_image\" \/>\n<script type=\"application\/ld+json\" class=\"yoast-schema-graph\">{\"@context\":\"https:\\\/\\\/schema.org\",\"@graph\":[{\"@type\":\"WebPage\",\"@id\":\"https:\\\/\\\/niipit.dk\\\/corner-skjern\\\/kontakt\\\/\",\"url\":\"https:\\\/\\\/niipit.dk\\\/corner-skjern\\\/kontakt\\\/\",\"name\":\"Kontakt - Corner Skjern\",\"isPartOf\":{\"@id\":\"https:\\\/\\\/niipit.dk\\\/corner-skjern\\\/#website\"},\"datePublished\":\"2018-08-15T20:08:09+00:00\",\"dateModified\":\"2020-03-23T18:43:53+00:00\",\"breadcrumb\":{\"@id\":\"https:\\\/\\\/niipit.dk\\\/corner-skjern\\\/kontakt\\\/#breadcrumb\"},\"inLanguage\":\"da-DK\",\"potentialAction\":[{\"@type\":\"ReadAction\",\"target\":[\"https:\\\/\\\/niipit.dk\\\/corner-skjern\\\/kontakt\\\/\"]}]},{\"@type\":\"BreadcrumbList\",\"@id\":\"https:\\\/\\\/niipit.dk\\\/corner-skjern\\\/kontakt\\\/#breadcrumb\",\"itemListElement\":[{\"@type\":\"ListItem\",\"position\":1,\"name\":\"Hjem\",\"item\":\"https:\\\/\\\/niipit.dk\\\/corner-skjern\\\/\"},{\"@type\":\"ListItem\",\"position\":2,\"name\":\"Kontakt\"}]},{\"@type\":\"WebSite\",\"@id\":\"https:\\\/\\\/niipit.dk\\\/corner-skjern\\\/#website\",\"url\":\"https:\\\/\\\/niipit.dk\\\/corner-skjern\\\/\",\"name\":\"Corner Skjern\",\"description\":\"F\u00e5 din virksomhed p\u00e5 niipit\",\"potentialAction\":[{\"@type\":\"SearchAction\",\"target\":{\"@type\":\"EntryPoint\",\"urlTemplate\":\"https:\\\/\\\/niipit.dk\\\/corner-skjern\\\/?s={search_term_string}\"},\"query-input\":{\"@type\":\"PropertyValueSpecification\",\"valueRequired\":true,\"valueName\":\"search_term_string\"}}],\"inLanguage\":\"da-DK\"}]}<\/script>\n<!-- \/ Yoast SEO Premium plugin. -->","yoast_head_json":{"title":"Kontakt - Corner Skjern","robots":{"index":"index","follow":"follow","max-snippet":"max-snippet:-1","max-image-preview":"max-image-preview:large","max-video-preview":"max-video-preview:-1"},"canonical":"https:\/\/niipit.dk\/corner-skjern\/kontakt\/","og_locale":"da_DK","og_type":"article","og_title":"Kontakt - Corner Skjern","og_description":"Corner Skjern Bredgade 88 6900 Skjern +45 96 81 41 87 +45 96 81 41 88 \u00c5bningstider: Mandag til fredag 11.00 til 21.00 L\u00f8rdag og s\u00f8ndag : 12.00 til 21.00 Helligdage 12.00 til 21.00 Vi bringer gerne din pizza ud inden for bygr\u00e6nsen i Skjern mellem kl 13.00 og 21.00 Ved bestilling over 100 kr L\u00e6s mere","og_url":"https:\/\/niipit.dk\/corner-skjern\/kontakt\/","og_site_name":"Corner Skjern","article_modified_time":"2020-03-23T18:43:53+00:00","twitter_card":"summary_large_image","schema":{"@context":"https:\/\/schema.org","@graph":[{"@type":"WebPage","@id":"https:\/\/niipit.dk\/corner-skjern\/kontakt\/","url":"https:\/\/niipit.dk\/corner-skjern\/kontakt\/","name":"Kontakt - Corner Skjern","isPartOf":{"@id":"https:\/\/niipit.dk\/corner-skjern\/#website"},"datePublished":"2018-08-15T20:08:09+00:00","dateModified":"2020-03-23T18:43:53+00:00","breadcrumb":{"@id":"https:\/\/niipit.dk\/corner-skjern\/kontakt\/#breadcrumb"},"inLanguage":"da-DK","potentialAction":[{"@type":"ReadAction","target":["https:\/\/niipit.dk\/corner-skjern\/kontakt\/"]}]},{"@type":"BreadcrumbList","@id":"https:\/\/niipit.dk\/corner-skjern\/kontakt\/#breadcrumb","itemListElement":[{"@type":"ListItem","position":1,"name":"Hjem","item":"https:\/\/niipit.dk\/corner-skjern\/"},{"@type":"ListItem","position":2,"name":"Kontakt"}]},{"@type":"WebSite","@id":"https:\/\/niipit.dk\/corner-skjern\/#website","url":"https:\/\/niipit.dk\/corner-skjern\/","name":"Corner Skjern","description":"F\u00e5 din virksomhed p\u00e5 niipit","potentialAction":[{"@type":"SearchAction","target":{"@type":"EntryPoint","urlTemplate":"https:\/\/niipit.dk\/corner-skjern\/?s={search_term_string}"},"query-input":{"@type":"PropertyValueSpecification","valueRequired":true,"valueName":"search_term_string"}}],"inLanguage":"da-DK"}]}},"_links":{"self":[{"href":"https:\/\/niipit.dk\/corner-skjern\/wp-json\/wp\/v2\/pages\/5133","targetHints":{"allow":["GET"]}}],"collection":[{"href":"https:\/\/niipit.dk\/corner-skjern\/wp-json\/wp\/v2\/pages"}],"about":[{"href":"https:\/\/niipit.dk\/corner-skjern\/wp-json\/wp\/v2\/types\/page"}],"author":[{"embeddable":true,"href":"https:\/\/niipit.dk\/corner-skjern\/wp-json\/wp\/v2\/users\/151"}],"replies":[{"embeddable":true,"href":"https:\/\/niipit.dk\/corner-skjern\/wp-json\/wp\/v2\/comments?post=5133"}],"version-history":[{"count":0,"href":"https:\/\/niipit.dk\/corner-skjern\/wp-json\/wp\/v2\/pages\/5133\/revisions"}],"wp:attachment":[{"href":"https:\/\/niipit.dk\/corner-skjern\/wp-json\/wp\/v2\/media?parent=5133"}],"curies":[{"name":"wp","href":"https:\/\/api.w.org\/{rel}","templated":true}]}}