{"id":5064,"date":"2018-08-10T22:29:34","date_gmt":"2018-08-10T20:29:34","guid":{"rendered":"https:\/\/niipit.dk\/corner-skjern-shop\/?page_id=5064"},"modified":"2021-04-25T10:19:50","modified_gmt":"2021-04-25T08:19:50","slug":"frontpage","status":"publish","type":"page","link":"https:\/\/niipit.dk\/corner-skjern\/","title":{"rendered":"Forside"},"content":{"rendered":"\n<h2 class=\"wp-block-heading\" id=\"h-mad-er-en-oplevelse-og-det-vil-vi-gerne-dele-med-dig-n-r-du-skal-have-frokost-eller-aftensmad\">Mad er en oplevelse og det vil vi gerne dele med dig n\u00e5r du skal have frokost eller aftensmad<\/h2>\n\n\n\n<p>Corner Restaurant &amp; Pizzaria i Skjern s\u00e6tter kvalitet og omtanke f\u00f8r alt andet det er omdrejningspunkter i madlavningen og du kan tydeligt smage det i vores mange retter fra menukortet<br><br> Alt fra r\u00e5varer, omgivelser, stemning tilberedelse samt servering er en del af oplevelsen og hos Corner \u00f8nsker vi at du f\u00e5r den bedste oplevelse hele vejen igennem<br><br> <br><br> Maden laves med inspiration hentet i hele verden. Du vil derfor opleve varierende og sp\u00e6ndende retter sammensat af vores kokke<br><br> Vores r\u00e5varer udv\u00e6lger vi med omhug og vi s\u00e6tter kvalitet og friskhed over pris, p\u00e5 den m\u00e5de vil du altid opleve friske toppings p\u00e5 vores pizza og til vores retter<br><br> <br><br> Pizza fra Corner Skjern er en specialitet og findes i i et utal af varianter.<br><br> B\u00f8rn er hjertelig velkommen og vi har et bredt udvalg af b\u00f8rneretter\/b\u00f8rnemenuer.<br><br> <br><br> Du kan spise b\u00e5de hos os b\u00e5de til frokost eller til aften, til hverdag eller til fest. Netop fest kan du afholde i restauranten p\u00e5 1 sal, hvor der er plads til 40 personer.<br><br> <br><br> Uanset om du vil spise til frokost, aften eller holde fest s\u00e5 finder du et bredt udvalg inden for pizza, b\u00e5de \u00e5bne pizzaer, hel og halv indbagte pizzaer, salatpizza, mexikanskepizzaer,  deep pan pizzaer, hjemmelavede burgere, pasta, hakkeb\u00f8f, schnitzler, oksefilet, kyllingfilet, kebab, pomfritter, salater, kylling, fiskefilet, og nachos.<br><br> <br><br> Vi bringer gerne din pizza ud inden for bygr\u00e6nsen i Skjern mellem kl 13.00 og 21.00 <br> <br> Ved bestilling over 100 kr s\u00e5 bringer vi ud GRATIS<br><br> <br><br> Corner Skjern<br><br> Bredgade 88<br><br> 6900 Skjern <br><br> +45 96 81 41 87<br><br> +45 96 81 41 88<br><br> <br><br> \u00c5bningstider:<br><br> Mandag til fredag 11.00 til 21.00<br><br> L\u00f8rdag og s\u00f8ndag : 12.00 til 21.00<br><br> Helligdage 12.00 til 21.00<br><\/p>\n\n\n\n<hr class=\"wp-block-separator\"\/>\n","protected":false},"excerpt":{"rendered":"<p>Mad er en oplevelse og det vil vi gerne dele med dig n\u00e5r du skal have frokost eller aftensmad Corner Restaurant &amp; Pizzaria i Skjern s\u00e6tter kvalitet og omtanke f\u00f8r alt andet det er omdrejningspunkter i madlavningen og du kan tydeligt smage det i vores mange retter fra menukortet Alt fra r\u00e5varer, omgivelser, stemning tilberedelse <a class=\"moretag btn btn-primary\" href=\"https:\/\/niipit.dk\/corner-skjern\/\">L\u00e6s mere<\/a><\/p>\n","protected":false},"author":1,"featured_media":0,"parent":0,"menu_order":0,"comment_status":"closed","ping_status":"closed","template":"frontpagePremium.php","meta":{"_exactmetrics_skip_tracking":false,"_exactmetrics_sitenote_active":false,"_exactmetrics_sitenote_note":"","_exactmetrics_sitenote_category":0,"_monsterinsights_skip_tracking":false,"_monsterinsights_sitenote_active":false,"_monsterinsights_sitenote_note":"","_monsterinsights_sitenote_category":0,"footnotes":""},"class_list":["post-5064","page","type-page","status-publish","hentry"],"yoast_head":"<!-- This site is optimized with the Yoast SEO Premium plugin v16.3 (Yoast SEO v27.2) - https:\/\/yoast.com\/product\/yoast-seo-premium-wordpress\/ -->\n<title>Corner Skjern - Pizza - Niipit Find lokale spisesteder<\/title>\n<meta name=\"description\" content=\"Corner Skjern Dit favorit spisested n\u00e5r du vil have kvalitets pizza - Niipit find gode lokale spisesteder, se anmeldelser og finde kontakt info Bes\u00f8g os her\" \/>\n<meta name=\"robots\" content=\"index, follow, max-snippet:-1, max-image-preview:large, max-video-preview:-1\" \/>\n<link rel=\"canonical\" href=\"https:\/\/niipit.dk\/corner-skjern\/\" \/>\n<meta property=\"og:locale\" content=\"da_DK\" \/>\n<meta property=\"og:type\" content=\"article\" \/>\n<meta property=\"og:title\" content=\"Corner Skjern - Pizza - Niipit Find lokale spisesteder\" \/>\n<meta property=\"og:description\" content=\"Corner Skjern Dit favorit spisested n\u00e5r du vil have kvalitets pizza - Niipit find gode lokale spisesteder, se anmeldelser og finde kontakt info Bes\u00f8g os her\" \/>\n<meta property=\"og:url\" content=\"https:\/\/niipit.dk\/corner-skjern\/\" \/>\n<meta property=\"og:site_name\" content=\"Corner Skjern\" \/>\n<meta property=\"article:modified_time\" content=\"2021-04-25T08:19:50+00:00\" \/>\n<meta name=\"twitter:card\" content=\"summary_large_image\" \/>\n<meta name=\"twitter:label1\" content=\"Estimeret l\u00e6setid\" \/>\n\t<meta name=\"twitter:data1\" content=\"2 minutter\" \/>\n<script type=\"application\/ld+json\" class=\"yoast-schema-graph\">{\"@context\":\"https:\/\/schema.org\",\"@graph\":[{\"@type\":\"WebPage\",\"@id\":\"https:\/\/niipit.dk\/corner-skjern\/\",\"url\":\"https:\/\/niipit.dk\/corner-skjern\/\",\"name\":\"Corner Skjern - Pizza - Niipit Find lokale spisesteder\",\"isPartOf\":{\"@id\":\"https:\/\/niipit.dk\/corner-skjern\/#website\"},\"datePublished\":\"2018-08-10T20:29:34+00:00\",\"dateModified\":\"2021-04-25T08:19:50+00:00\",\"description\":\"Corner Skjern Dit favorit spisested n\u00e5r du vil have kvalitets pizza - Niipit find gode lokale spisesteder, se anmeldelser og finde kontakt info Bes\u00f8g os her\",\"breadcrumb\":{\"@id\":\"https:\/\/niipit.dk\/corner-skjern\/#breadcrumb\"},\"inLanguage\":\"da-DK\",\"potentialAction\":[{\"@type\":\"ReadAction\",\"target\":[\"https:\/\/niipit.dk\/corner-skjern\/\"]}]},{\"@type\":\"BreadcrumbList\",\"@id\":\"https:\/\/niipit.dk\/corner-skjern\/#breadcrumb\",\"itemListElement\":[{\"@type\":\"ListItem\",\"position\":1,\"name\":\"Hjem\",\"item\":\"https:\/\/niipit.dk\/corner-skjern\/\"},{\"@type\":\"ListItem\",\"position\":2,\"name\":\"Forside\"}]},{\"@type\":\"WebSite\",\"@id\":\"https:\/\/niipit.dk\/corner-skjern\/#website\",\"url\":\"https:\/\/niipit.dk\/corner-skjern\/\",\"name\":\"Corner Skjern\",\"description\":\"F\u00e5 din virksomhed p\u00e5 niipit\",\"potentialAction\":[{\"@type\":\"SearchAction\",\"target\":{\"@type\":\"EntryPoint\",\"urlTemplate\":\"https:\/\/niipit.dk\/corner-skjern\/?s={search_term_string}\"},\"query-input\":{\"@type\":\"PropertyValueSpecification\",\"valueRequired\":true,\"valueName\":\"search_term_string\"}}],\"inLanguage\":\"da-DK\"}]}<\/script>\n<!-- \/ Yoast SEO Premium plugin. -->","yoast_head_json":{"title":"Corner Skjern - Pizza - Niipit Find lokale spisesteder","description":"Corner Skjern Dit favorit spisested n\u00e5r du vil have kvalitets pizza - Niipit find gode lokale spisesteder, se anmeldelser og finde kontakt info Bes\u00f8g os her","robots":{"index":"index","follow":"follow","max-snippet":"max-snippet:-1","max-image-preview":"max-image-preview:large","max-video-preview":"max-video-preview:-1"},"canonical":"https:\/\/niipit.dk\/corner-skjern\/","og_locale":"da_DK","og_type":"article","og_title":"Corner Skjern - Pizza - Niipit Find lokale spisesteder","og_description":"Corner Skjern Dit favorit spisested n\u00e5r du vil have kvalitets pizza - Niipit find gode lokale spisesteder, se anmeldelser og finde kontakt info Bes\u00f8g os her","og_url":"https:\/\/niipit.dk\/corner-skjern\/","og_site_name":"Corner Skjern","article_modified_time":"2021-04-25T08:19:50+00:00","twitter_card":"summary_large_image","twitter_misc":{"Estimeret l\u00e6setid":"2 minutter"},"schema":{"@context":"https:\/\/schema.org","@graph":[{"@type":"WebPage","@id":"https:\/\/niipit.dk\/corner-skjern\/","url":"https:\/\/niipit.dk\/corner-skjern\/","name":"Corner Skjern - Pizza - Niipit Find lokale spisesteder","isPartOf":{"@id":"https:\/\/niipit.dk\/corner-skjern\/#website"},"datePublished":"2018-08-10T20:29:34+00:00","dateModified":"2021-04-25T08:19:50+00:00","description":"Corner Skjern Dit favorit spisested n\u00e5r du vil have kvalitets pizza - Niipit find gode lokale spisesteder, se anmeldelser og finde kontakt info Bes\u00f8g os her","breadcrumb":{"@id":"https:\/\/niipit.dk\/corner-skjern\/#breadcrumb"},"inLanguage":"da-DK","potentialAction":[{"@type":"ReadAction","target":["https:\/\/niipit.dk\/corner-skjern\/"]}]},{"@type":"BreadcrumbList","@id":"https:\/\/niipit.dk\/corner-skjern\/#breadcrumb","itemListElement":[{"@type":"ListItem","position":1,"name":"Hjem","item":"https:\/\/niipit.dk\/corner-skjern\/"},{"@type":"ListItem","position":2,"name":"Forside"}]},{"@type":"WebSite","@id":"https:\/\/niipit.dk\/corner-skjern\/#website","url":"https:\/\/niipit.dk\/corner-skjern\/","name":"Corner Skjern","description":"F\u00e5 din virksomhed p\u00e5 niipit","potentialAction":[{"@type":"SearchAction","target":{"@type":"EntryPoint","urlTemplate":"https:\/\/niipit.dk\/corner-skjern\/?s={search_term_string}"},"query-input":{"@type":"PropertyValueSpecification","valueRequired":true,"valueName":"search_term_string"}}],"inLanguage":"da-DK"}]}},"_links":{"self":[{"href":"https:\/\/niipit.dk\/corner-skjern\/wp-json\/wp\/v2\/pages\/5064","targetHints":{"allow":["GET"]}}],"collection":[{"href":"https:\/\/niipit.dk\/corner-skjern\/wp-json\/wp\/v2\/pages"}],"about":[{"href":"https:\/\/niipit.dk\/corner-skjern\/wp-json\/wp\/v2\/types\/page"}],"author":[{"embeddable":true,"href":"https:\/\/niipit.dk\/corner-skjern\/wp-json\/wp\/v2\/users\/1"}],"replies":[{"embeddable":true,"href":"https:\/\/niipit.dk\/corner-skjern\/wp-json\/wp\/v2\/comments?post=5064"}],"version-history":[{"count":3,"href":"https:\/\/niipit.dk\/corner-skjern\/wp-json\/wp\/v2\/pages\/5064\/revisions"}],"predecessor-version":[{"id":6628,"href":"https:\/\/niipit.dk\/corner-skjern\/wp-json\/wp\/v2\/pages\/5064\/revisions\/6628"}],"wp:attachment":[{"href":"https:\/\/niipit.dk\/corner-skjern\/wp-json\/wp\/v2\/media?parent=5064"}],"curies":[{"name":"wp","href":"https:\/\/api.w.org\/{rel}","templated":true}]}}