{"id":6015,"date":"2020-05-10T17:21:11","date_gmt":"2020-05-10T15:21:11","guid":{"rendered":"https:\/\/niipit.dk\/christine-lego-boye\/?post_type=product&#038;p=6015"},"modified":"2020-05-10T17:21:11","modified_gmt":"2020-05-10T15:21:11","slug":"powerzonen","status":"publish","type":"product","link":"https:\/\/niipit.dk\/christine-lego-boye\/produkt\/powerzonen\/","title":{"rendered":"POWERZONEN"},"content":{"rendered":"<h2>ONLINE KURSUS &#8220;POWERZONEN&#8221;<\/h2>\n<h3>Vil du have v\u00e6rdifuldt indhold der tiltr\u00e6kke k\u00f8best\u00e6rke kunder?<\/h3>\n<p>&nbsp;<\/p>\n","protected":false},"excerpt":{"rendered":"<p>ONLINE KURSUS &#8220;POWERZONEN&#8221; Vil du have v\u00e6rdifuldt indhold der tiltr\u00e6kke k\u00f8best\u00e6rke kunder? &nbsp;<\/p>\n","protected":false},"featured_media":6016,"template":"","meta":{"_exactmetrics_skip_tracking":false,"_exactmetrics_sitenote_active":false,"_exactmetrics_sitenote_note":"","_exactmetrics_sitenote_category":0,"_monsterinsights_skip_tracking":false,"_monsterinsights_sitenote_active":false,"_monsterinsights_sitenote_note":"","_monsterinsights_sitenote_category":0},"product_brand":[],"product_cat":[2093],"product_tag":[],"shoptype":[],"class_list":{"0":"post-6015","1":"product","2":"type-product","3":"status-publish","4":"has-post-thumbnail","6":"product_cat-ukategoriseret","8":"first","9":"instock","10":"shipping-taxable","11":"product-type-external"},"yoast_head":"<!-- This site is optimized with the Yoast SEO Premium plugin v16.3 (Yoast SEO v27.2) - https:\/\/yoast.com\/product\/yoast-seo-premium-wordpress\/ -->\n<title>POWERZONEN - Christine Lego Boye<\/title>\n<meta name=\"robots\" content=\"index, follow, max-snippet:-1, max-image-preview:large, max-video-preview:-1\" \/>\n<link rel=\"canonical\" href=\"http:\/\/niipit.dk\/christine-lego-boye\/produkt\/powerzonen\/\" \/>\n<meta property=\"og:locale\" content=\"da_DK\" \/>\n<meta property=\"og:type\" content=\"article\" \/>\n<meta property=\"og:title\" content=\"POWERZONEN - Christine Lego Boye\" \/>\n<meta property=\"og:description\" content=\"ONLINE KURSUS &#8220;POWERZONEN&#8221; Vil du have v\u00e6rdifuldt indhold der tiltr\u00e6kke k\u00f8best\u00e6rke kunder? &nbsp;\" \/>\n<meta property=\"og:url\" content=\"http:\/\/niipit.dk\/christine-lego-boye\/produkt\/powerzonen\/\" \/>\n<meta property=\"og:site_name\" content=\"Christine Lego Boye\" \/>\n<meta property=\"og:image\" content=\"http:\/\/niipit.dk\/christine-lego-boye\/wp-content\/uploads\/sites\/632\/2020\/05\/Powerzonen-Online-kursus-Christine-Lego-Boye.png\" \/>\n\t<meta property=\"og:image:width\" content=\"940\" \/>\n\t<meta property=\"og:image:height\" content=\"788\" \/>\n\t<meta property=\"og:image:type\" content=\"image\/png\" \/>\n<meta name=\"twitter:card\" content=\"summary_large_image\" \/>\n<script type=\"application\/ld+json\" class=\"yoast-schema-graph\">{\"@context\":\"https:\/\/schema.org\",\"@graph\":[{\"@type\":\"WebPage\",\"@id\":\"http:\/\/niipit.dk\/christine-lego-boye\/produkt\/powerzonen\/\",\"url\":\"http:\/\/niipit.dk\/christine-lego-boye\/produkt\/powerzonen\/\",\"name\":\"POWERZONEN - Christine Lego Boye\",\"isPartOf\":{\"@id\":\"http:\/\/niipit.dk\/christine-lego-boye\/#website\"},\"primaryImageOfPage\":{\"@id\":\"http:\/\/niipit.dk\/christine-lego-boye\/produkt\/powerzonen\/#primaryimage\"},\"image\":{\"@id\":\"http:\/\/niipit.dk\/christine-lego-boye\/produkt\/powerzonen\/#primaryimage\"},\"thumbnailUrl\":\"https:\/\/niipit.dk\/christine-lego-boye\/wp-content\/uploads\/sites\/632\/2020\/05\/Powerzonen-Online-kursus-Christine-Lego-Boye.png\",\"datePublished\":\"2020-05-10T15:21:11+00:00\",\"breadcrumb\":{\"@id\":\"http:\/\/niipit.dk\/christine-lego-boye\/produkt\/powerzonen\/#breadcrumb\"},\"inLanguage\":\"da-DK\",\"potentialAction\":[{\"@type\":\"ReadAction\",\"target\":[\"http:\/\/niipit.dk\/christine-lego-boye\/produkt\/powerzonen\/\"]}]},{\"@type\":\"ImageObject\",\"inLanguage\":\"da-DK\",\"@id\":\"http:\/\/niipit.dk\/christine-lego-boye\/produkt\/powerzonen\/#primaryimage\",\"url\":\"https:\/\/niipit.dk\/christine-lego-boye\/wp-content\/uploads\/sites\/632\/2020\/05\/Powerzonen-Online-kursus-Christine-Lego-Boye.png\",\"contentUrl\":\"https:\/\/niipit.dk\/christine-lego-boye\/wp-content\/uploads\/sites\/632\/2020\/05\/Powerzonen-Online-kursus-Christine-Lego-Boye.png\",\"width\":940,\"height\":788,\"caption\":\"Powerzonen Online kursus Christine Lego Boye\"},{\"@type\":\"BreadcrumbList\",\"@id\":\"http:\/\/niipit.dk\/christine-lego-boye\/produkt\/powerzonen\/#breadcrumb\",\"itemListElement\":[{\"@type\":\"ListItem\",\"position\":1,\"name\":\"Hjem\",\"item\":\"http:\/\/niipit.dk\/christine-lego-boye\/\"},{\"@type\":\"ListItem\",\"position\":2,\"name\":\"Shop\",\"item\":\"http:\/\/niipit.dk\/christine-lego-boye\/shop\/\"},{\"@type\":\"ListItem\",\"position\":3,\"name\":\"POWERZONEN\"}]},{\"@type\":\"WebSite\",\"@id\":\"http:\/\/niipit.dk\/christine-lego-boye\/#website\",\"url\":\"http:\/\/niipit.dk\/christine-lego-boye\/\",\"name\":\"Christine Lego Boye\",\"description\":\"Din online marketingekspert og personline coach\",\"potentialAction\":[{\"@type\":\"SearchAction\",\"target\":{\"@type\":\"EntryPoint\",\"urlTemplate\":\"http:\/\/niipit.dk\/christine-lego-boye\/?s={search_term_string}\"},\"query-input\":{\"@type\":\"PropertyValueSpecification\",\"valueRequired\":true,\"valueName\":\"search_term_string\"}}],\"inLanguage\":\"da-DK\"}]}<\/script>\n<!-- \/ Yoast SEO Premium plugin. -->","yoast_head_json":{"title":"POWERZONEN - Christine Lego Boye","robots":{"index":"index","follow":"follow","max-snippet":"max-snippet:-1","max-image-preview":"max-image-preview:large","max-video-preview":"max-video-preview:-1"},"canonical":"http:\/\/niipit.dk\/christine-lego-boye\/produkt\/powerzonen\/","og_locale":"da_DK","og_type":"article","og_title":"POWERZONEN - Christine Lego Boye","og_description":"ONLINE KURSUS &#8220;POWERZONEN&#8221; Vil du have v\u00e6rdifuldt indhold der tiltr\u00e6kke k\u00f8best\u00e6rke kunder? &nbsp;","og_url":"http:\/\/niipit.dk\/christine-lego-boye\/produkt\/powerzonen\/","og_site_name":"Christine Lego Boye","og_image":[{"width":940,"height":788,"url":"http:\/\/niipit.dk\/christine-lego-boye\/wp-content\/uploads\/sites\/632\/2020\/05\/Powerzonen-Online-kursus-Christine-Lego-Boye.png","type":"image\/png"}],"twitter_card":"summary_large_image","schema":{"@context":"https:\/\/schema.org","@graph":[{"@type":"WebPage","@id":"http:\/\/niipit.dk\/christine-lego-boye\/produkt\/powerzonen\/","url":"http:\/\/niipit.dk\/christine-lego-boye\/produkt\/powerzonen\/","name":"POWERZONEN - Christine Lego Boye","isPartOf":{"@id":"http:\/\/niipit.dk\/christine-lego-boye\/#website"},"primaryImageOfPage":{"@id":"http:\/\/niipit.dk\/christine-lego-boye\/produkt\/powerzonen\/#primaryimage"},"image":{"@id":"http:\/\/niipit.dk\/christine-lego-boye\/produkt\/powerzonen\/#primaryimage"},"thumbnailUrl":"https:\/\/niipit.dk\/christine-lego-boye\/wp-content\/uploads\/sites\/632\/2020\/05\/Powerzonen-Online-kursus-Christine-Lego-Boye.png","datePublished":"2020-05-10T15:21:11+00:00","breadcrumb":{"@id":"http:\/\/niipit.dk\/christine-lego-boye\/produkt\/powerzonen\/#breadcrumb"},"inLanguage":"da-DK","potentialAction":[{"@type":"ReadAction","target":["http:\/\/niipit.dk\/christine-lego-boye\/produkt\/powerzonen\/"]}]},{"@type":"ImageObject","inLanguage":"da-DK","@id":"http:\/\/niipit.dk\/christine-lego-boye\/produkt\/powerzonen\/#primaryimage","url":"https:\/\/niipit.dk\/christine-lego-boye\/wp-content\/uploads\/sites\/632\/2020\/05\/Powerzonen-Online-kursus-Christine-Lego-Boye.png","contentUrl":"https:\/\/niipit.dk\/christine-lego-boye\/wp-content\/uploads\/sites\/632\/2020\/05\/Powerzonen-Online-kursus-Christine-Lego-Boye.png","width":940,"height":788,"caption":"Powerzonen Online kursus Christine Lego Boye"},{"@type":"BreadcrumbList","@id":"http:\/\/niipit.dk\/christine-lego-boye\/produkt\/powerzonen\/#breadcrumb","itemListElement":[{"@type":"ListItem","position":1,"name":"Hjem","item":"http:\/\/niipit.dk\/christine-lego-boye\/"},{"@type":"ListItem","position":2,"name":"Shop","item":"http:\/\/niipit.dk\/christine-lego-boye\/shop\/"},{"@type":"ListItem","position":3,"name":"POWERZONEN"}]},{"@type":"WebSite","@id":"http:\/\/niipit.dk\/christine-lego-boye\/#website","url":"http:\/\/niipit.dk\/christine-lego-boye\/","name":"Christine Lego Boye","description":"Din online marketingekspert og personline coach","potentialAction":[{"@type":"SearchAction","target":{"@type":"EntryPoint","urlTemplate":"http:\/\/niipit.dk\/christine-lego-boye\/?s={search_term_string}"},"query-input":{"@type":"PropertyValueSpecification","valueRequired":true,"valueName":"search_term_string"}}],"inLanguage":"da-DK"}]}},"_links":{"self":[{"href":"https:\/\/niipit.dk\/christine-lego-boye\/wp-json\/wp\/v2\/product\/6015","targetHints":{"allow":["GET"]}}],"collection":[{"href":"https:\/\/niipit.dk\/christine-lego-boye\/wp-json\/wp\/v2\/product"}],"about":[{"href":"https:\/\/niipit.dk\/christine-lego-boye\/wp-json\/wp\/v2\/types\/product"}],"wp:featuredmedia":[{"embeddable":true,"href":"https:\/\/niipit.dk\/christine-lego-boye\/wp-json\/wp\/v2\/media\/6016"}],"wp:attachment":[{"href":"https:\/\/niipit.dk\/christine-lego-boye\/wp-json\/wp\/v2\/media?parent=6015"}],"wp:term":[{"taxonomy":"product_brand","embeddable":true,"href":"https:\/\/niipit.dk\/christine-lego-boye\/wp-json\/wp\/v2\/product_brand?post=6015"},{"taxonomy":"product_cat","embeddable":true,"href":"https:\/\/niipit.dk\/christine-lego-boye\/wp-json\/wp\/v2\/product_cat?post=6015"},{"taxonomy":"product_tag","embeddable":true,"href":"https:\/\/niipit.dk\/christine-lego-boye\/wp-json\/wp\/v2\/product_tag?post=6015"},{"taxonomy":"shoptype","embeddable":true,"href":"https:\/\/niipit.dk\/christine-lego-boye\/wp-json\/wp\/v2\/shoptype?post=6015"}],"curies":[{"name":"wp","href":"https:\/\/api.w.org\/{rel}","templated":true}]}}