{"id":6013,"date":"2020-05-10T17:12:57","date_gmt":"2020-05-10T15:12:57","guid":{"rendered":"https:\/\/niipit.dk\/christine-lego-boye\/?post_type=product&#038;p=6013"},"modified":"2020-05-10T17:12:57","modified_gmt":"2020-05-10T15:12:57","slug":"7-genveje-til-vaerdifuld-indhold","status":"publish","type":"product","link":"https:\/\/niipit.dk\/christine-lego-boye\/produkt\/7-genveje-til-vaerdifuld-indhold\/","title":{"rendered":"7 genveje til v\u00e6rdifuld indhold"},"content":{"rendered":"<h1>Her f\u00e5r du 7 genveje til v\u00e6rdifuldt indhold\u00a0p\u00e5 din Facebook-side og i dit nyhedsbrev!<\/h1>\n<h3><strong>Samtidig fort\u00e6ller jeg dig, hvordan du skaber en position som ekspert.<\/strong><\/h3>\n","protected":false},"excerpt":{"rendered":"<p>Her f\u00e5r du 7 genveje til v\u00e6rdifuldt indhold\u00a0p\u00e5 din Facebook-side og i dit nyhedsbrev! Samtidig fort\u00e6ller jeg dig, hvordan du skaber en position som ekspert.<\/p>\n","protected":false},"featured_media":6014,"template":"","meta":{"_exactmetrics_skip_tracking":false,"_exactmetrics_sitenote_active":false,"_exactmetrics_sitenote_note":"","_exactmetrics_sitenote_category":0,"_monsterinsights_skip_tracking":false,"_monsterinsights_sitenote_active":false,"_monsterinsights_sitenote_note":"","_monsterinsights_sitenote_category":0},"product_brand":[],"product_cat":[2172],"product_tag":[],"shoptype":[],"class_list":{"0":"post-6013","1":"product","2":"type-product","3":"status-publish","4":"has-post-thumbnail","6":"product_cat-b4b-freebee","8":"first","9":"instock","10":"shipping-taxable","11":"product-type-external"},"yoast_head":"<!-- This site is optimized with the Yoast SEO Premium plugin v16.3 (Yoast SEO v27.2) - https:\/\/yoast.com\/product\/yoast-seo-premium-wordpress\/ -->\n<title>7 genveje til v\u00e6rdifuld indhold - Christine Lego Boye<\/title>\n<meta name=\"robots\" content=\"index, follow, max-snippet:-1, max-image-preview:large, max-video-preview:-1\" \/>\n<link rel=\"canonical\" href=\"https:\/\/niipit.dk\/christine-lego-boye\/produkt\/7-genveje-til-vaerdifuld-indhold\/\" \/>\n<meta property=\"og:locale\" content=\"da_DK\" \/>\n<meta property=\"og:type\" content=\"article\" \/>\n<meta property=\"og:title\" content=\"7 genveje til v\u00e6rdifuld indhold - Christine Lego Boye\" \/>\n<meta property=\"og:description\" content=\"Her f\u00e5r du 7 genveje til v\u00e6rdifuldt indhold\u00a0p\u00e5 din Facebook-side og i dit nyhedsbrev! Samtidig fort\u00e6ller jeg dig, hvordan du skaber en position som ekspert.\" \/>\n<meta property=\"og:url\" content=\"https:\/\/niipit.dk\/christine-lego-boye\/produkt\/7-genveje-til-vaerdifuld-indhold\/\" \/>\n<meta property=\"og:site_name\" content=\"Christine Lego Boye\" \/>\n<meta property=\"og:image\" content=\"https:\/\/niipit.dk\/christine-lego-boye\/wp-content\/uploads\/sites\/632\/2020\/05\/7-genveje-til-v\u00e6rdifuldt-indhold-p\u00e5-sociale-medier-og-nyhedsbreve.png\" \/>\n\t<meta property=\"og:image:width\" content=\"1066\" \/>\n\t<meta property=\"og:image:height\" content=\"971\" \/>\n\t<meta property=\"og:image:type\" content=\"image\/png\" \/>\n<meta name=\"twitter:card\" content=\"summary_large_image\" \/>\n<script type=\"application\/ld+json\" class=\"yoast-schema-graph\">{\"@context\":\"https:\/\/schema.org\",\"@graph\":[{\"@type\":\"WebPage\",\"@id\":\"https:\/\/niipit.dk\/christine-lego-boye\/produkt\/7-genveje-til-vaerdifuld-indhold\/\",\"url\":\"https:\/\/niipit.dk\/christine-lego-boye\/produkt\/7-genveje-til-vaerdifuld-indhold\/\",\"name\":\"7 genveje til v\u00e6rdifuld indhold - Christine Lego Boye\",\"isPartOf\":{\"@id\":\"http:\/\/niipit.dk\/christine-lego-boye\/#website\"},\"primaryImageOfPage\":{\"@id\":\"https:\/\/niipit.dk\/christine-lego-boye\/produkt\/7-genveje-til-vaerdifuld-indhold\/#primaryimage\"},\"image\":{\"@id\":\"https:\/\/niipit.dk\/christine-lego-boye\/produkt\/7-genveje-til-vaerdifuld-indhold\/#primaryimage\"},\"thumbnailUrl\":\"https:\/\/niipit.dk\/christine-lego-boye\/wp-content\/uploads\/sites\/632\/2020\/05\/7-genveje-til-v\u00e6rdifuldt-indhold-p\u00e5-sociale-medier-og-nyhedsbreve.png\",\"datePublished\":\"2020-05-10T15:12:57+00:00\",\"breadcrumb\":{\"@id\":\"https:\/\/niipit.dk\/christine-lego-boye\/produkt\/7-genveje-til-vaerdifuld-indhold\/#breadcrumb\"},\"inLanguage\":\"da-DK\",\"potentialAction\":[{\"@type\":\"ReadAction\",\"target\":[\"https:\/\/niipit.dk\/christine-lego-boye\/produkt\/7-genveje-til-vaerdifuld-indhold\/\"]}]},{\"@type\":\"ImageObject\",\"inLanguage\":\"da-DK\",\"@id\":\"https:\/\/niipit.dk\/christine-lego-boye\/produkt\/7-genveje-til-vaerdifuld-indhold\/#primaryimage\",\"url\":\"https:\/\/niipit.dk\/christine-lego-boye\/wp-content\/uploads\/sites\/632\/2020\/05\/7-genveje-til-v\u00e6rdifuldt-indhold-p\u00e5-sociale-medier-og-nyhedsbreve.png\",\"contentUrl\":\"https:\/\/niipit.dk\/christine-lego-boye\/wp-content\/uploads\/sites\/632\/2020\/05\/7-genveje-til-v\u00e6rdifuldt-indhold-p\u00e5-sociale-medier-og-nyhedsbreve.png\",\"width\":1066,\"height\":971,\"caption\":\"7 genveje til v\u00e6rdifuldt indhold p\u00e5 sociale medier og nyhedsbreve\"},{\"@type\":\"BreadcrumbList\",\"@id\":\"https:\/\/niipit.dk\/christine-lego-boye\/produkt\/7-genveje-til-vaerdifuld-indhold\/#breadcrumb\",\"itemListElement\":[{\"@type\":\"ListItem\",\"position\":1,\"name\":\"Hjem\",\"item\":\"http:\/\/niipit.dk\/christine-lego-boye\/\"},{\"@type\":\"ListItem\",\"position\":2,\"name\":\"Shop\",\"item\":\"http:\/\/niipit.dk\/christine-lego-boye\/shop\/\"},{\"@type\":\"ListItem\",\"position\":3,\"name\":\"7 genveje til v\u00e6rdifuld indhold\"}]},{\"@type\":\"WebSite\",\"@id\":\"http:\/\/niipit.dk\/christine-lego-boye\/#website\",\"url\":\"http:\/\/niipit.dk\/christine-lego-boye\/\",\"name\":\"Christine Lego Boye\",\"description\":\"Din online marketingekspert og personline coach\",\"potentialAction\":[{\"@type\":\"SearchAction\",\"target\":{\"@type\":\"EntryPoint\",\"urlTemplate\":\"http:\/\/niipit.dk\/christine-lego-boye\/?s={search_term_string}\"},\"query-input\":{\"@type\":\"PropertyValueSpecification\",\"valueRequired\":true,\"valueName\":\"search_term_string\"}}],\"inLanguage\":\"da-DK\"}]}<\/script>\n<!-- \/ Yoast SEO Premium plugin. -->","yoast_head_json":{"title":"7 genveje til v\u00e6rdifuld indhold - Christine Lego Boye","robots":{"index":"index","follow":"follow","max-snippet":"max-snippet:-1","max-image-preview":"max-image-preview:large","max-video-preview":"max-video-preview:-1"},"canonical":"https:\/\/niipit.dk\/christine-lego-boye\/produkt\/7-genveje-til-vaerdifuld-indhold\/","og_locale":"da_DK","og_type":"article","og_title":"7 genveje til v\u00e6rdifuld indhold - Christine Lego Boye","og_description":"Her f\u00e5r du 7 genveje til v\u00e6rdifuldt indhold\u00a0p\u00e5 din Facebook-side og i dit nyhedsbrev! Samtidig fort\u00e6ller jeg dig, hvordan du skaber en position som ekspert.","og_url":"https:\/\/niipit.dk\/christine-lego-boye\/produkt\/7-genveje-til-vaerdifuld-indhold\/","og_site_name":"Christine Lego Boye","og_image":[{"width":1066,"height":971,"url":"https:\/\/niipit.dk\/christine-lego-boye\/wp-content\/uploads\/sites\/632\/2020\/05\/7-genveje-til-v\u00e6rdifuldt-indhold-p\u00e5-sociale-medier-og-nyhedsbreve.png","type":"image\/png"}],"twitter_card":"summary_large_image","schema":{"@context":"https:\/\/schema.org","@graph":[{"@type":"WebPage","@id":"https:\/\/niipit.dk\/christine-lego-boye\/produkt\/7-genveje-til-vaerdifuld-indhold\/","url":"https:\/\/niipit.dk\/christine-lego-boye\/produkt\/7-genveje-til-vaerdifuld-indhold\/","name":"7 genveje til v\u00e6rdifuld indhold - Christine Lego Boye","isPartOf":{"@id":"http:\/\/niipit.dk\/christine-lego-boye\/#website"},"primaryImageOfPage":{"@id":"https:\/\/niipit.dk\/christine-lego-boye\/produkt\/7-genveje-til-vaerdifuld-indhold\/#primaryimage"},"image":{"@id":"https:\/\/niipit.dk\/christine-lego-boye\/produkt\/7-genveje-til-vaerdifuld-indhold\/#primaryimage"},"thumbnailUrl":"https:\/\/niipit.dk\/christine-lego-boye\/wp-content\/uploads\/sites\/632\/2020\/05\/7-genveje-til-v\u00e6rdifuldt-indhold-p\u00e5-sociale-medier-og-nyhedsbreve.png","datePublished":"2020-05-10T15:12:57+00:00","breadcrumb":{"@id":"https:\/\/niipit.dk\/christine-lego-boye\/produkt\/7-genveje-til-vaerdifuld-indhold\/#breadcrumb"},"inLanguage":"da-DK","potentialAction":[{"@type":"ReadAction","target":["https:\/\/niipit.dk\/christine-lego-boye\/produkt\/7-genveje-til-vaerdifuld-indhold\/"]}]},{"@type":"ImageObject","inLanguage":"da-DK","@id":"https:\/\/niipit.dk\/christine-lego-boye\/produkt\/7-genveje-til-vaerdifuld-indhold\/#primaryimage","url":"https:\/\/niipit.dk\/christine-lego-boye\/wp-content\/uploads\/sites\/632\/2020\/05\/7-genveje-til-v\u00e6rdifuldt-indhold-p\u00e5-sociale-medier-og-nyhedsbreve.png","contentUrl":"https:\/\/niipit.dk\/christine-lego-boye\/wp-content\/uploads\/sites\/632\/2020\/05\/7-genveje-til-v\u00e6rdifuldt-indhold-p\u00e5-sociale-medier-og-nyhedsbreve.png","width":1066,"height":971,"caption":"7 genveje til v\u00e6rdifuldt indhold p\u00e5 sociale medier og nyhedsbreve"},{"@type":"BreadcrumbList","@id":"https:\/\/niipit.dk\/christine-lego-boye\/produkt\/7-genveje-til-vaerdifuld-indhold\/#breadcrumb","itemListElement":[{"@type":"ListItem","position":1,"name":"Hjem","item":"http:\/\/niipit.dk\/christine-lego-boye\/"},{"@type":"ListItem","position":2,"name":"Shop","item":"http:\/\/niipit.dk\/christine-lego-boye\/shop\/"},{"@type":"ListItem","position":3,"name":"7 genveje til v\u00e6rdifuld indhold"}]},{"@type":"WebSite","@id":"http:\/\/niipit.dk\/christine-lego-boye\/#website","url":"http:\/\/niipit.dk\/christine-lego-boye\/","name":"Christine Lego Boye","description":"Din online marketingekspert og personline coach","potentialAction":[{"@type":"SearchAction","target":{"@type":"EntryPoint","urlTemplate":"http:\/\/niipit.dk\/christine-lego-boye\/?s={search_term_string}"},"query-input":{"@type":"PropertyValueSpecification","valueRequired":true,"valueName":"search_term_string"}}],"inLanguage":"da-DK"}]}},"_links":{"self":[{"href":"https:\/\/niipit.dk\/christine-lego-boye\/wp-json\/wp\/v2\/product\/6013","targetHints":{"allow":["GET"]}}],"collection":[{"href":"https:\/\/niipit.dk\/christine-lego-boye\/wp-json\/wp\/v2\/product"}],"about":[{"href":"https:\/\/niipit.dk\/christine-lego-boye\/wp-json\/wp\/v2\/types\/product"}],"wp:featuredmedia":[{"embeddable":true,"href":"https:\/\/niipit.dk\/christine-lego-boye\/wp-json\/wp\/v2\/media\/6014"}],"wp:attachment":[{"href":"https:\/\/niipit.dk\/christine-lego-boye\/wp-json\/wp\/v2\/media?parent=6013"}],"wp:term":[{"taxonomy":"product_brand","embeddable":true,"href":"https:\/\/niipit.dk\/christine-lego-boye\/wp-json\/wp\/v2\/product_brand?post=6013"},{"taxonomy":"product_cat","embeddable":true,"href":"https:\/\/niipit.dk\/christine-lego-boye\/wp-json\/wp\/v2\/product_cat?post=6013"},{"taxonomy":"product_tag","embeddable":true,"href":"https:\/\/niipit.dk\/christine-lego-boye\/wp-json\/wp\/v2\/product_tag?post=6013"},{"taxonomy":"shoptype","embeddable":true,"href":"https:\/\/niipit.dk\/christine-lego-boye\/wp-json\/wp\/v2\/shoptype?post=6013"}],"curies":[{"name":"wp","href":"https:\/\/api.w.org\/{rel}","templated":true}]}}