{"id":6012,"date":"2020-05-10T17:00:50","date_gmt":"2020-05-10T15:00:50","guid":{"rendered":"https:\/\/niipit.dk\/christine-lego-boye\/?post_type=product&#038;p=6012"},"modified":"2020-05-10T17:08:00","modified_gmt":"2020-05-10T15:08:00","slug":"optimer-din-forretning","status":"publish","type":"product","link":"https:\/\/niipit.dk\/christine-lego-boye\/produkt\/optimer-din-forretning\/","title":{"rendered":"Optimer din forretning"},"content":{"rendered":"<h1><strong>GRATIS AFKLARENDE SAMTALE<\/strong><\/h1>\n<h2>Vil du optimerer din forretning?<\/h2>\n<h2>Vil du I gang med effektiv markedsf\u00f8ring?<\/h2>\n<p>Book en snak omkring dine muligheder og lad os se om jeg kan hj\u00e6lpe dig p\u00e5 vej.<\/p>\n<p>&nbsp;<\/p>\n","protected":false},"excerpt":{"rendered":"<p>GRATIS AFKLARENDE SAMTALE Vil du optimerer din forretning? Vil du I gang med effektiv markedsf\u00f8ring? Book en snak omkring dine muligheder og lad os se om jeg kan hj\u00e6lpe dig p\u00e5 vej. &nbsp;<\/p>\n","protected":false},"featured_media":6010,"template":"","meta":{"_exactmetrics_skip_tracking":false,"_exactmetrics_sitenote_active":false,"_exactmetrics_sitenote_note":"","_exactmetrics_sitenote_category":0,"_monsterinsights_skip_tracking":false,"_monsterinsights_sitenote_active":false,"_monsterinsights_sitenote_note":"","_monsterinsights_sitenote_category":0},"product_brand":[],"product_cat":[2172],"product_tag":[],"shoptype":[],"class_list":{"0":"post-6012","1":"product","2":"type-product","3":"status-publish","4":"has-post-thumbnail","6":"product_cat-b4b-freebee","8":"first","9":"instock","10":"shipping-taxable","11":"product-type-external"},"yoast_head":"<!-- This site is optimized with the Yoast SEO Premium plugin v16.3 (Yoast SEO v27.2) - https:\/\/yoast.com\/product\/yoast-seo-premium-wordpress\/ -->\n<title>Optimer din forretning - Christine Lego Boye<\/title>\n<meta name=\"robots\" content=\"index, follow, max-snippet:-1, max-image-preview:large, max-video-preview:-1\" \/>\n<link rel=\"canonical\" href=\"http:\/\/niipit.dk\/christine-lego-boye\/produkt\/optimer-din-forretning\/\" \/>\n<meta property=\"og:locale\" content=\"da_DK\" \/>\n<meta property=\"og:type\" content=\"article\" \/>\n<meta property=\"og:title\" content=\"Optimer din forretning - Christine Lego Boye\" \/>\n<meta property=\"og:description\" content=\"GRATIS AFKLARENDE SAMTALE Vil du optimerer din forretning? Vil du I gang med effektiv markedsf\u00f8ring? Book en snak omkring dine muligheder og lad os se om jeg kan hj\u00e6lpe dig p\u00e5 vej. &nbsp;\" \/>\n<meta property=\"og:url\" content=\"http:\/\/niipit.dk\/christine-lego-boye\/produkt\/optimer-din-forretning\/\" \/>\n<meta property=\"og:site_name\" content=\"Christine Lego Boye\" \/>\n<meta property=\"article:modified_time\" content=\"2020-05-10T15:08:00+00:00\" \/>\n<meta property=\"og:image\" content=\"http:\/\/niipit.dk\/christine-lego-boye\/wp-content\/uploads\/sites\/632\/2020\/05\/F\u00c5-1-GRATIS-AFKLARENDE-SAMTALE-MED-MARKETINGSEKSPERT.png\" \/>\n\t<meta property=\"og:image:width\" content=\"940\" \/>\n\t<meta property=\"og:image:height\" content=\"788\" \/>\n\t<meta property=\"og:image:type\" content=\"image\/png\" \/>\n<meta name=\"twitter:card\" content=\"summary_large_image\" \/>\n<script type=\"application\/ld+json\" class=\"yoast-schema-graph\">{\"@context\":\"https:\/\/schema.org\",\"@graph\":[{\"@type\":\"WebPage\",\"@id\":\"http:\/\/niipit.dk\/christine-lego-boye\/produkt\/optimer-din-forretning\/\",\"url\":\"http:\/\/niipit.dk\/christine-lego-boye\/produkt\/optimer-din-forretning\/\",\"name\":\"Optimer din forretning - Christine Lego Boye\",\"isPartOf\":{\"@id\":\"http:\/\/niipit.dk\/christine-lego-boye\/#website\"},\"primaryImageOfPage\":{\"@id\":\"http:\/\/niipit.dk\/christine-lego-boye\/produkt\/optimer-din-forretning\/#primaryimage\"},\"image\":{\"@id\":\"http:\/\/niipit.dk\/christine-lego-boye\/produkt\/optimer-din-forretning\/#primaryimage\"},\"thumbnailUrl\":\"https:\/\/niipit.dk\/christine-lego-boye\/wp-content\/uploads\/sites\/632\/2020\/05\/F\u00c5-1-GRATIS-AFKLARENDE-SAMTALE-MED-MARKETINGSEKSPERT.png\",\"datePublished\":\"2020-05-10T15:00:50+00:00\",\"dateModified\":\"2020-05-10T15:08:00+00:00\",\"breadcrumb\":{\"@id\":\"http:\/\/niipit.dk\/christine-lego-boye\/produkt\/optimer-din-forretning\/#breadcrumb\"},\"inLanguage\":\"da-DK\",\"potentialAction\":[{\"@type\":\"ReadAction\",\"target\":[\"http:\/\/niipit.dk\/christine-lego-boye\/produkt\/optimer-din-forretning\/\"]}]},{\"@type\":\"ImageObject\",\"inLanguage\":\"da-DK\",\"@id\":\"http:\/\/niipit.dk\/christine-lego-boye\/produkt\/optimer-din-forretning\/#primaryimage\",\"url\":\"https:\/\/niipit.dk\/christine-lego-boye\/wp-content\/uploads\/sites\/632\/2020\/05\/F\u00c5-1-GRATIS-AFKLARENDE-SAMTALE-MED-MARKETINGSEKSPERT.png\",\"contentUrl\":\"https:\/\/niipit.dk\/christine-lego-boye\/wp-content\/uploads\/sites\/632\/2020\/05\/F\u00c5-1-GRATIS-AFKLARENDE-SAMTALE-MED-MARKETINGSEKSPERT.png\",\"width\":940,\"height\":788,\"caption\":\"F\u00c5 1 GRATIS AFKLARENDE SAMTALE MED MARKETINGSEKSPERT\"},{\"@type\":\"BreadcrumbList\",\"@id\":\"http:\/\/niipit.dk\/christine-lego-boye\/produkt\/optimer-din-forretning\/#breadcrumb\",\"itemListElement\":[{\"@type\":\"ListItem\",\"position\":1,\"name\":\"Hjem\",\"item\":\"http:\/\/niipit.dk\/christine-lego-boye\/\"},{\"@type\":\"ListItem\",\"position\":2,\"name\":\"Shop\",\"item\":\"http:\/\/niipit.dk\/christine-lego-boye\/shop\/\"},{\"@type\":\"ListItem\",\"position\":3,\"name\":\"Optimer din forretning\"}]},{\"@type\":\"WebSite\",\"@id\":\"http:\/\/niipit.dk\/christine-lego-boye\/#website\",\"url\":\"http:\/\/niipit.dk\/christine-lego-boye\/\",\"name\":\"Christine Lego Boye\",\"description\":\"Din online marketingekspert og personline coach\",\"potentialAction\":[{\"@type\":\"SearchAction\",\"target\":{\"@type\":\"EntryPoint\",\"urlTemplate\":\"http:\/\/niipit.dk\/christine-lego-boye\/?s={search_term_string}\"},\"query-input\":{\"@type\":\"PropertyValueSpecification\",\"valueRequired\":true,\"valueName\":\"search_term_string\"}}],\"inLanguage\":\"da-DK\"}]}<\/script>\n<!-- \/ Yoast SEO Premium plugin. -->","yoast_head_json":{"title":"Optimer din forretning - Christine Lego Boye","robots":{"index":"index","follow":"follow","max-snippet":"max-snippet:-1","max-image-preview":"max-image-preview:large","max-video-preview":"max-video-preview:-1"},"canonical":"http:\/\/niipit.dk\/christine-lego-boye\/produkt\/optimer-din-forretning\/","og_locale":"da_DK","og_type":"article","og_title":"Optimer din forretning - Christine Lego Boye","og_description":"GRATIS AFKLARENDE SAMTALE Vil du optimerer din forretning? Vil du I gang med effektiv markedsf\u00f8ring? Book en snak omkring dine muligheder og lad os se om jeg kan hj\u00e6lpe dig p\u00e5 vej. &nbsp;","og_url":"http:\/\/niipit.dk\/christine-lego-boye\/produkt\/optimer-din-forretning\/","og_site_name":"Christine Lego Boye","article_modified_time":"2020-05-10T15:08:00+00:00","og_image":[{"width":940,"height":788,"url":"http:\/\/niipit.dk\/christine-lego-boye\/wp-content\/uploads\/sites\/632\/2020\/05\/F\u00c5-1-GRATIS-AFKLARENDE-SAMTALE-MED-MARKETINGSEKSPERT.png","type":"image\/png"}],"twitter_card":"summary_large_image","schema":{"@context":"https:\/\/schema.org","@graph":[{"@type":"WebPage","@id":"http:\/\/niipit.dk\/christine-lego-boye\/produkt\/optimer-din-forretning\/","url":"http:\/\/niipit.dk\/christine-lego-boye\/produkt\/optimer-din-forretning\/","name":"Optimer din forretning - Christine Lego Boye","isPartOf":{"@id":"http:\/\/niipit.dk\/christine-lego-boye\/#website"},"primaryImageOfPage":{"@id":"http:\/\/niipit.dk\/christine-lego-boye\/produkt\/optimer-din-forretning\/#primaryimage"},"image":{"@id":"http:\/\/niipit.dk\/christine-lego-boye\/produkt\/optimer-din-forretning\/#primaryimage"},"thumbnailUrl":"https:\/\/niipit.dk\/christine-lego-boye\/wp-content\/uploads\/sites\/632\/2020\/05\/F\u00c5-1-GRATIS-AFKLARENDE-SAMTALE-MED-MARKETINGSEKSPERT.png","datePublished":"2020-05-10T15:00:50+00:00","dateModified":"2020-05-10T15:08:00+00:00","breadcrumb":{"@id":"http:\/\/niipit.dk\/christine-lego-boye\/produkt\/optimer-din-forretning\/#breadcrumb"},"inLanguage":"da-DK","potentialAction":[{"@type":"ReadAction","target":["http:\/\/niipit.dk\/christine-lego-boye\/produkt\/optimer-din-forretning\/"]}]},{"@type":"ImageObject","inLanguage":"da-DK","@id":"http:\/\/niipit.dk\/christine-lego-boye\/produkt\/optimer-din-forretning\/#primaryimage","url":"https:\/\/niipit.dk\/christine-lego-boye\/wp-content\/uploads\/sites\/632\/2020\/05\/F\u00c5-1-GRATIS-AFKLARENDE-SAMTALE-MED-MARKETINGSEKSPERT.png","contentUrl":"https:\/\/niipit.dk\/christine-lego-boye\/wp-content\/uploads\/sites\/632\/2020\/05\/F\u00c5-1-GRATIS-AFKLARENDE-SAMTALE-MED-MARKETINGSEKSPERT.png","width":940,"height":788,"caption":"F\u00c5 1 GRATIS AFKLARENDE SAMTALE MED MARKETINGSEKSPERT"},{"@type":"BreadcrumbList","@id":"http:\/\/niipit.dk\/christine-lego-boye\/produkt\/optimer-din-forretning\/#breadcrumb","itemListElement":[{"@type":"ListItem","position":1,"name":"Hjem","item":"http:\/\/niipit.dk\/christine-lego-boye\/"},{"@type":"ListItem","position":2,"name":"Shop","item":"http:\/\/niipit.dk\/christine-lego-boye\/shop\/"},{"@type":"ListItem","position":3,"name":"Optimer din forretning"}]},{"@type":"WebSite","@id":"http:\/\/niipit.dk\/christine-lego-boye\/#website","url":"http:\/\/niipit.dk\/christine-lego-boye\/","name":"Christine Lego Boye","description":"Din online marketingekspert og personline coach","potentialAction":[{"@type":"SearchAction","target":{"@type":"EntryPoint","urlTemplate":"http:\/\/niipit.dk\/christine-lego-boye\/?s={search_term_string}"},"query-input":{"@type":"PropertyValueSpecification","valueRequired":true,"valueName":"search_term_string"}}],"inLanguage":"da-DK"}]}},"_links":{"self":[{"href":"https:\/\/niipit.dk\/christine-lego-boye\/wp-json\/wp\/v2\/product\/6012","targetHints":{"allow":["GET"]}}],"collection":[{"href":"https:\/\/niipit.dk\/christine-lego-boye\/wp-json\/wp\/v2\/product"}],"about":[{"href":"https:\/\/niipit.dk\/christine-lego-boye\/wp-json\/wp\/v2\/types\/product"}],"wp:featuredmedia":[{"embeddable":true,"href":"https:\/\/niipit.dk\/christine-lego-boye\/wp-json\/wp\/v2\/media\/6010"}],"wp:attachment":[{"href":"https:\/\/niipit.dk\/christine-lego-boye\/wp-json\/wp\/v2\/media?parent=6012"}],"wp:term":[{"taxonomy":"product_brand","embeddable":true,"href":"https:\/\/niipit.dk\/christine-lego-boye\/wp-json\/wp\/v2\/product_brand?post=6012"},{"taxonomy":"product_cat","embeddable":true,"href":"https:\/\/niipit.dk\/christine-lego-boye\/wp-json\/wp\/v2\/product_cat?post=6012"},{"taxonomy":"product_tag","embeddable":true,"href":"https:\/\/niipit.dk\/christine-lego-boye\/wp-json\/wp\/v2\/product_tag?post=6012"},{"taxonomy":"shoptype","embeddable":true,"href":"https:\/\/niipit.dk\/christine-lego-boye\/wp-json\/wp\/v2\/shoptype?post=6012"}],"curies":[{"name":"wp","href":"https:\/\/api.w.org\/{rel}","templated":true}]}}