{"id":5119,"date":"2018-08-15T22:06:08","date_gmt":"2018-08-15T20:06:08","guid":{"rendered":"https:\/\/niipit.dk\/nv2-QogM\/?page_id=5119"},"modified":"2020-05-16T16:50:03","modified_gmt":"2020-05-16T14:50:03","slug":"handelsbetingelser","status":"publish","type":"page","link":"https:\/\/niipit.dk\/christine-lego-boye\/handelsbetingelser\/","title":{"rendered":"Handelsbetingelser"},"content":{"rendered":"\n<h2 class=\"wp-block-heading\">HANDELSBETINGELSER OG ABONNEMENTSBETINGELSER<\/h2>\n\n\n\n<p>Produkter og tjenester udbydes af:<\/p>\n\n\n\n<p>Better Marketing v. Christine Lego Boye<br>Gr\u00f8nnehave All\u00e9 20<br>2500 Valby<br>CVR nr. 40584463<\/p>\n\n\n\n<p>Kontakt mig p\u00e5&nbsp;<a href=\"mailto:christine@bettermarketing.dk\">christine@bettermarketing.dk<\/a>.<\/p>\n\n\n\n<p>Produkterne bliver leveret digitalt via e-mail, som fysiske kurser eller arrangementer, eller med post eller fragtmand.<\/p>\n\n\n\n<p>Produkter kan k\u00f8bes med b\u00e5de VISA og Mastercard.<\/p>\n\n\n\n<p>Alle priser er i danske kroner ekskl. moms.<\/p>\n\n\n\n<p>For abonnementer g\u00e6lder, at abonnementsprisen, som oplyst p\u00e5 produktsiden, automatisk bliver trukket for hver abonnementsperiode. Kvittering for tr\u00e6kket tilsendes per e-mail.<\/p>\n\n\n\n<p>Du modtager en e-mail med bekr\u00e6ftelse p\u00e5 din abonnementstilmelding efter indg\u00e5else af abonnementet.<\/p>\n\n\n\n<p>Du kan n\u00e5r som helst opsige dit abonnement ved at skrive til&nbsp;<a href=\"mailto:christine@bettermarketing.dk\">christine@bettermarketing.dk<\/a>, eller ved at logge ind p\u00e5 din konto og selv stoppe abonnementet. Opsigelsen er \u00f8jeblikkelig, og efter opsigelsen vil der ikke blive faktureret eller trukket yderligere. Allerede udsendte fakturaer skal dog stadig betales.<\/p>\n\n\n\n<p>\u00d8nsker du at \u00e6ndre det kort abonnementet tr\u00e6kkes p\u00e5, g\u00f8res dette ved at klikke p\u00e5 det link, der st\u00e5r i hver faktura.<\/p>\n\n\n\n<p>Levering sker som oftest i l\u00f8bet af f\u00e5 minutter, men i helt s\u00e6rlige tilf\u00e6lde kan der g\u00e5 op til 5 hverdage.<\/p>\n\n\n\n<p>Der er 14 dages returret. Hvis du fortryder dit k\u00f8b inden 14 dage, s\u00e5 kontakt os p\u00e5&nbsp;<a href=\"mailto:christine@bettermarketing.dk\">christine@bettermarketing.dk<\/a>&nbsp;og du vil f\u00e5 alle pengene tilbage.<\/p>\n\n\n\n<p>Alle rettigheder til kurser, workshops, events samt digitale produkter tilh\u00f8rer Christine Lego Boye. Ved k\u00f8b opn\u00e5s udelukkende licens til at benytte det k\u00f8bte produkt som angivet under det p\u00e5g\u00e6ldende produkt.<\/p>\n","protected":false},"excerpt":{"rendered":"<p>HANDELSBETINGELSER OG ABONNEMENTSBETINGELSER Produkter og tjenester udbydes af: Better Marketing v. Christine Lego BoyeGr\u00f8nnehave All\u00e9 202500 ValbyCVR nr. 40584463 Kontakt mig p\u00e5&nbsp;christine@bettermarketing.dk. Produkterne bliver leveret digitalt via e-mail, som fysiske kurser eller arrangementer, eller med post eller fragtmand. Produkter kan k\u00f8bes med b\u00e5de VISA og Mastercard. Alle priser er i danske kroner ekskl. moms. For <a class=\"moretag btn btn-primary\" href=\"https:\/\/niipit.dk\/christine-lego-boye\/handelsbetingelser\/\">L\u00e6s mere<\/a><\/p>\n","protected":false},"author":151,"featured_media":0,"parent":0,"menu_order":0,"comment_status":"closed","ping_status":"closed","template":"","meta":{"_exactmetrics_skip_tracking":false,"_exactmetrics_sitenote_active":false,"_exactmetrics_sitenote_note":"","_exactmetrics_sitenote_category":0,"_monsterinsights_skip_tracking":false,"_monsterinsights_sitenote_active":false,"_monsterinsights_sitenote_note":"","_monsterinsights_sitenote_category":0,"footnotes":""},"class_list":["post-5119","page","type-page","status-publish","hentry"],"yoast_head":"<!-- This site is optimized with the Yoast SEO Premium plugin v16.3 (Yoast SEO v27.4) - https:\/\/yoast.com\/product\/yoast-seo-premium-wordpress\/ -->\n<title>Handelsbetingelser - Christine Lego Boye<\/title>\n<meta name=\"robots\" content=\"index, follow, max-snippet:-1, max-image-preview:large, max-video-preview:-1\" \/>\n<link rel=\"canonical\" href=\"https:\/\/niipit.dk\/christine-lego-boye\/handelsbetingelser\/\" \/>\n<meta property=\"og:locale\" content=\"da_DK\" \/>\n<meta property=\"og:type\" content=\"article\" \/>\n<meta property=\"og:title\" content=\"Handelsbetingelser - Christine Lego Boye\" \/>\n<meta property=\"og:description\" content=\"HANDELSBETINGELSER OG ABONNEMENTSBETINGELSER Produkter og tjenester udbydes af: Better Marketing v. Christine Lego BoyeGr\u00f8nnehave All\u00e9 202500 ValbyCVR nr. 40584463 Kontakt mig p\u00e5&nbsp;christine@bettermarketing.dk. Produkterne bliver leveret digitalt via e-mail, som fysiske kurser eller arrangementer, eller med post eller fragtmand. Produkter kan k\u00f8bes med b\u00e5de VISA og Mastercard. Alle priser er i danske kroner ekskl. moms. For L\u00e6s mere\" \/>\n<meta property=\"og:url\" content=\"https:\/\/niipit.dk\/christine-lego-boye\/handelsbetingelser\/\" \/>\n<meta property=\"og:site_name\" content=\"Christine Lego Boye\" \/>\n<meta property=\"article:modified_time\" content=\"2020-05-16T14:50:03+00:00\" \/>\n<meta name=\"twitter:card\" content=\"summary_large_image\" \/>\n<meta name=\"twitter:label1\" content=\"Estimeret l\u00e6setid\" \/>\n\t<meta name=\"twitter:data1\" content=\"1 minut\" \/>\n<script type=\"application\/ld+json\" class=\"yoast-schema-graph\">{\"@context\":\"https:\\\/\\\/schema.org\",\"@graph\":[{\"@type\":\"WebPage\",\"@id\":\"https:\\\/\\\/niipit.dk\\\/christine-lego-boye\\\/handelsbetingelser\\\/\",\"url\":\"https:\\\/\\\/niipit.dk\\\/christine-lego-boye\\\/handelsbetingelser\\\/\",\"name\":\"Handelsbetingelser - Christine Lego Boye\",\"isPartOf\":{\"@id\":\"https:\\\/\\\/niipit.dk\\\/christine-lego-boye\\\/#website\"},\"datePublished\":\"2018-08-15T20:06:08+00:00\",\"dateModified\":\"2020-05-16T14:50:03+00:00\",\"breadcrumb\":{\"@id\":\"https:\\\/\\\/niipit.dk\\\/christine-lego-boye\\\/handelsbetingelser\\\/#breadcrumb\"},\"inLanguage\":\"da-DK\",\"potentialAction\":[{\"@type\":\"ReadAction\",\"target\":[\"https:\\\/\\\/niipit.dk\\\/christine-lego-boye\\\/handelsbetingelser\\\/\"]}]},{\"@type\":\"BreadcrumbList\",\"@id\":\"https:\\\/\\\/niipit.dk\\\/christine-lego-boye\\\/handelsbetingelser\\\/#breadcrumb\",\"itemListElement\":[{\"@type\":\"ListItem\",\"position\":1,\"name\":\"Hjem\",\"item\":\"https:\\\/\\\/niipit.dk\\\/christine-lego-boye\\\/\"},{\"@type\":\"ListItem\",\"position\":2,\"name\":\"Handelsbetingelser\"}]},{\"@type\":\"WebSite\",\"@id\":\"https:\\\/\\\/niipit.dk\\\/christine-lego-boye\\\/#website\",\"url\":\"https:\\\/\\\/niipit.dk\\\/christine-lego-boye\\\/\",\"name\":\"Christine Lego Boye\",\"description\":\"Din online marketingekspert og personline coach\",\"potentialAction\":[{\"@type\":\"SearchAction\",\"target\":{\"@type\":\"EntryPoint\",\"urlTemplate\":\"https:\\\/\\\/niipit.dk\\\/christine-lego-boye\\\/?s={search_term_string}\"},\"query-input\":{\"@type\":\"PropertyValueSpecification\",\"valueRequired\":true,\"valueName\":\"search_term_string\"}}],\"inLanguage\":\"da-DK\"}]}<\/script>\n<!-- \/ Yoast SEO Premium plugin. -->","yoast_head_json":{"title":"Handelsbetingelser - Christine Lego Boye","robots":{"index":"index","follow":"follow","max-snippet":"max-snippet:-1","max-image-preview":"max-image-preview:large","max-video-preview":"max-video-preview:-1"},"canonical":"https:\/\/niipit.dk\/christine-lego-boye\/handelsbetingelser\/","og_locale":"da_DK","og_type":"article","og_title":"Handelsbetingelser - Christine Lego Boye","og_description":"HANDELSBETINGELSER OG ABONNEMENTSBETINGELSER Produkter og tjenester udbydes af: Better Marketing v. Christine Lego BoyeGr\u00f8nnehave All\u00e9 202500 ValbyCVR nr. 40584463 Kontakt mig p\u00e5&nbsp;christine@bettermarketing.dk. Produkterne bliver leveret digitalt via e-mail, som fysiske kurser eller arrangementer, eller med post eller fragtmand. Produkter kan k\u00f8bes med b\u00e5de VISA og Mastercard. Alle priser er i danske kroner ekskl. moms. For L\u00e6s mere","og_url":"https:\/\/niipit.dk\/christine-lego-boye\/handelsbetingelser\/","og_site_name":"Christine Lego Boye","article_modified_time":"2020-05-16T14:50:03+00:00","twitter_card":"summary_large_image","twitter_misc":{"Estimeret l\u00e6setid":"1 minut"},"schema":{"@context":"https:\/\/schema.org","@graph":[{"@type":"WebPage","@id":"https:\/\/niipit.dk\/christine-lego-boye\/handelsbetingelser\/","url":"https:\/\/niipit.dk\/christine-lego-boye\/handelsbetingelser\/","name":"Handelsbetingelser - Christine Lego Boye","isPartOf":{"@id":"https:\/\/niipit.dk\/christine-lego-boye\/#website"},"datePublished":"2018-08-15T20:06:08+00:00","dateModified":"2020-05-16T14:50:03+00:00","breadcrumb":{"@id":"https:\/\/niipit.dk\/christine-lego-boye\/handelsbetingelser\/#breadcrumb"},"inLanguage":"da-DK","potentialAction":[{"@type":"ReadAction","target":["https:\/\/niipit.dk\/christine-lego-boye\/handelsbetingelser\/"]}]},{"@type":"BreadcrumbList","@id":"https:\/\/niipit.dk\/christine-lego-boye\/handelsbetingelser\/#breadcrumb","itemListElement":[{"@type":"ListItem","position":1,"name":"Hjem","item":"https:\/\/niipit.dk\/christine-lego-boye\/"},{"@type":"ListItem","position":2,"name":"Handelsbetingelser"}]},{"@type":"WebSite","@id":"https:\/\/niipit.dk\/christine-lego-boye\/#website","url":"https:\/\/niipit.dk\/christine-lego-boye\/","name":"Christine Lego Boye","description":"Din online marketingekspert og personline coach","potentialAction":[{"@type":"SearchAction","target":{"@type":"EntryPoint","urlTemplate":"https:\/\/niipit.dk\/christine-lego-boye\/?s={search_term_string}"},"query-input":{"@type":"PropertyValueSpecification","valueRequired":true,"valueName":"search_term_string"}}],"inLanguage":"da-DK"}]}},"_links":{"self":[{"href":"https:\/\/niipit.dk\/christine-lego-boye\/wp-json\/wp\/v2\/pages\/5119","targetHints":{"allow":["GET"]}}],"collection":[{"href":"https:\/\/niipit.dk\/christine-lego-boye\/wp-json\/wp\/v2\/pages"}],"about":[{"href":"https:\/\/niipit.dk\/christine-lego-boye\/wp-json\/wp\/v2\/types\/page"}],"author":[{"embeddable":true,"href":"https:\/\/niipit.dk\/christine-lego-boye\/wp-json\/wp\/v2\/users\/151"}],"replies":[{"embeddable":true,"href":"https:\/\/niipit.dk\/christine-lego-boye\/wp-json\/wp\/v2\/comments?post=5119"}],"version-history":[{"count":0,"href":"https:\/\/niipit.dk\/christine-lego-boye\/wp-json\/wp\/v2\/pages\/5119\/revisions"}],"wp:attachment":[{"href":"https:\/\/niipit.dk\/christine-lego-boye\/wp-json\/wp\/v2\/media?parent=5119"}],"curies":[{"name":"wp","href":"https:\/\/api.w.org\/{rel}","templated":true}]}}