{"id":5064,"date":"2020-04-10T22:29:34","date_gmt":"2020-04-10T20:29:34","guid":{"rendered":"https:\/\/niipit.dk\/charlottenlund-privathospital-shop\/?page_id=5064"},"modified":"2021-07-26T06:47:24","modified_gmt":"2021-07-26T04:47:24","slug":"frontpage","status":"publish","type":"page","link":"https:\/\/niipit.dk\/charlottenlund-privathospital\/","title":{"rendered":"Forside"},"content":{"rendered":"\n<hr class=\"wp-block-separator\"\/>\n\n\n\n<h1 class=\"wp-block-heading\" id=\"h-charlottenlund-privathospital-er-f-rende-behandler-inden-for-re-n-se-og-halsomr-det\">Charlottenlund Privathospital er f\u00f8rende behandler inden for \u00f8re-, n\u00e6se- og halsomr\u00e5det<\/h1>\n\n\n\n<h2 class=\"wp-block-heading\" id=\"h-faglighed-og-god-patientpleje-er-i-h-js-det-hos-charlottenlund-privathospital\">Faglighed og god patientpleje er i h\u00f8js\u00e6det hos Charlottenlund Privathospital<\/h2>\n\n\n\n<p>Som patient i Danmark kan du v\u00e6lge at blive behandlet p\u00e5 et privathospital, hvis du enten selv betaler for behandlingen, eller hvis du bliver indstillet til den af et offentligt hospital. Mange v\u00e6lger et privathospital, fordi det er kendt for den gode behandling og patientpleje. I privat regi er der typisk mere tid til hver enkelt patient, og der er ofte meget kort ventetid, hvilket st\u00e5r h\u00f8jt p\u00e5 prioriteringslisten for mange mennesker.<\/p>\n\n\n\n<p>Er du p\u00e5 udkig efter et professionelt privathospital i Nordsj\u00e6lland med faglighed og patientpleje i h\u00f8js\u00e6det, er <a href=\"https:\/\/www.charlottenlund-privathospital.dk\/\" target=\"_blank\" rel=\"noreferrer noopener\">Charlottenlund Privathospital<\/a> h\u00f8jst sandsynligt det rette valg for dig. Charlottenlund Privathospital fungerer b\u00e5de som almindeligt hospital, og derudover er de ogs\u00e5 specialklinik inden for \u00f8re-, n\u00e6se- og halsbehandlinger. Det vil sige, at du b\u00e5de kan v\u00e6lge Charlottenlund Privathospital, hvis du vil blive udredt for fx h\u00f8retab, men ogs\u00e5 hvis du har brug for behandling af resten af kroppen.<\/p>\n\n\n\n<h3 class=\"wp-block-heading\" id=\"h-danmarks-f-rende-team-inden-for-behandling-af-re-n-se-og-halssygdomme\">Danmarks f\u00f8rende team inden for behandling af \u00f8re-, n\u00e6se- og halssygdomme<\/h3>\n\n\n\n<p>Grunden til, at Charlottenlund Privathospital kan kalde sig den f\u00f8rende behandler inden for \u00f8re-, n\u00e6se- og halsomr\u00e5det, er, at de har nogle af de dygtigste \u00f8re-n\u00e6se-halsl\u00e6ger og audiologer ansat. Du er alts\u00e5 i kyndige h\u00e6nder, n\u00e5r du v\u00e6lger denne klinik som dit behandlingssted.<\/p>\n\n\n\n<p>Charlottenlund Privathospital er centralt placeret i Charlottenlund med udsigt over skoven og \u00d8resund. Du kan blive behandlet her med dit gule sundhedskort, hvis behandlingsgarantien i det offentlige overstiger 30 dage. Kontakt Charlottenlund Privathospital for at booke en tid eller h\u00f8re mere om deres tilbud.<\/p>\n","protected":false},"excerpt":{"rendered":"<p>Charlottenlund Privathospital er f\u00f8rende behandler inden for \u00f8re-, n\u00e6se- og halsomr\u00e5det Faglighed og god patientpleje er i h\u00f8js\u00e6det hos Charlottenlund Privathospital Som patient i Danmark kan du v\u00e6lge at blive behandlet p\u00e5 et privathospital, hvis du enten selv betaler for behandlingen, eller hvis du bliver indstillet til den af et offentligt hospital. Mange v\u00e6lger et <a class=\"moretag btn btn-primary\" href=\"https:\/\/niipit.dk\/charlottenlund-privathospital\/\">L\u00e6s mere<\/a><\/p>\n","protected":false},"author":1,"featured_media":0,"parent":0,"menu_order":0,"comment_status":"closed","ping_status":"closed","template":"frontpagePremium.php","meta":{"_exactmetrics_skip_tracking":false,"_exactmetrics_sitenote_active":false,"_exactmetrics_sitenote_note":"","_exactmetrics_sitenote_category":0,"_monsterinsights_skip_tracking":false,"_monsterinsights_sitenote_active":false,"_monsterinsights_sitenote_note":"","_monsterinsights_sitenote_category":0,"footnotes":""},"class_list":["post-5064","page","type-page","status-publish","hentry"],"yoast_head":"<!-- This site is optimized with the Yoast SEO Premium plugin v16.3 (Yoast SEO v27.3) - https:\/\/yoast.com\/product\/yoast-seo-premium-wordpress\/ -->\n<title>Behandler inden for \u00f8re-, n\u00e6se- og halsomr\u00e5det | Privathospital<\/title>\n<meta name=\"description\" content=\"Charlottenlund Privathospital er centralt placeret i Charlottenlund med udsigt over skoven og \u00d8resund - Bestil tid i dag\" \/>\n<meta name=\"robots\" content=\"index, follow, max-snippet:-1, max-image-preview:large, max-video-preview:-1\" \/>\n<link rel=\"canonical\" href=\"https:\/\/niipit.dk\/charlottenlund-privathospital\/\" \/>\n<meta property=\"og:locale\" content=\"da_DK\" \/>\n<meta property=\"og:type\" content=\"article\" \/>\n<meta property=\"og:title\" content=\"Behandler inden for \u00f8re-, n\u00e6se- og halsomr\u00e5det | Privathospital\" \/>\n<meta property=\"og:description\" content=\"Charlottenlund Privathospital er centralt placeret i Charlottenlund med udsigt over skoven og \u00d8resund - Bestil tid i dag\" \/>\n<meta property=\"og:url\" content=\"https:\/\/niipit.dk\/charlottenlund-privathospital\/\" \/>\n<meta property=\"og:site_name\" content=\"Charlottenlund Privathospital\" \/>\n<meta property=\"article:modified_time\" content=\"2021-07-26T04:47:24+00:00\" \/>\n<meta name=\"twitter:card\" content=\"summary_large_image\" \/>\n<meta name=\"twitter:label1\" content=\"Estimeret l\u00e6setid\" \/>\n\t<meta name=\"twitter:data1\" content=\"2 minutter\" \/>\n<script type=\"application\/ld+json\" class=\"yoast-schema-graph\">{\"@context\":\"https:\\\/\\\/schema.org\",\"@graph\":[{\"@type\":\"WebPage\",\"@id\":\"https:\\\/\\\/niipit.dk\\\/charlottenlund-privathospital\\\/\",\"url\":\"https:\\\/\\\/niipit.dk\\\/charlottenlund-privathospital\\\/\",\"name\":\"Behandler inden for \u00f8re-, n\u00e6se- og halsomr\u00e5det | Privathospital\",\"isPartOf\":{\"@id\":\"https:\\\/\\\/niipit.dk\\\/charlottenlund-privathospital\\\/#website\"},\"datePublished\":\"2020-04-10T20:29:34+00:00\",\"dateModified\":\"2021-07-26T04:47:24+00:00\",\"description\":\"Charlottenlund Privathospital er centralt placeret i Charlottenlund med udsigt over skoven og \u00d8resund - Bestil tid i dag\",\"breadcrumb\":{\"@id\":\"https:\\\/\\\/niipit.dk\\\/charlottenlund-privathospital\\\/#breadcrumb\"},\"inLanguage\":\"da-DK\",\"potentialAction\":[{\"@type\":\"ReadAction\",\"target\":[\"https:\\\/\\\/niipit.dk\\\/charlottenlund-privathospital\\\/\"]}]},{\"@type\":\"BreadcrumbList\",\"@id\":\"https:\\\/\\\/niipit.dk\\\/charlottenlund-privathospital\\\/#breadcrumb\",\"itemListElement\":[{\"@type\":\"ListItem\",\"position\":1,\"name\":\"Hjem\",\"item\":\"https:\\\/\\\/niipit.dk\\\/charlottenlund-privathospital\\\/\"},{\"@type\":\"ListItem\",\"position\":2,\"name\":\"Forside\"}]},{\"@type\":\"WebSite\",\"@id\":\"https:\\\/\\\/niipit.dk\\\/charlottenlund-privathospital\\\/#website\",\"url\":\"https:\\\/\\\/niipit.dk\\\/charlottenlund-privathospital\\\/\",\"name\":\"Charlottenlund Privathospital\",\"description\":\"Bliv set online med Niipit\",\"potentialAction\":[{\"@type\":\"SearchAction\",\"target\":{\"@type\":\"EntryPoint\",\"urlTemplate\":\"https:\\\/\\\/niipit.dk\\\/charlottenlund-privathospital\\\/?s={search_term_string}\"},\"query-input\":{\"@type\":\"PropertyValueSpecification\",\"valueRequired\":true,\"valueName\":\"search_term_string\"}}],\"inLanguage\":\"da-DK\"}]}<\/script>\n<!-- \/ Yoast SEO Premium plugin. -->","yoast_head_json":{"title":"Behandler inden for \u00f8re-, n\u00e6se- og halsomr\u00e5det | Privathospital","description":"Charlottenlund Privathospital er centralt placeret i Charlottenlund med udsigt over skoven og \u00d8resund - Bestil tid i dag","robots":{"index":"index","follow":"follow","max-snippet":"max-snippet:-1","max-image-preview":"max-image-preview:large","max-video-preview":"max-video-preview:-1"},"canonical":"https:\/\/niipit.dk\/charlottenlund-privathospital\/","og_locale":"da_DK","og_type":"article","og_title":"Behandler inden for \u00f8re-, n\u00e6se- og halsomr\u00e5det | Privathospital","og_description":"Charlottenlund Privathospital er centralt placeret i Charlottenlund med udsigt over skoven og \u00d8resund - Bestil tid i dag","og_url":"https:\/\/niipit.dk\/charlottenlund-privathospital\/","og_site_name":"Charlottenlund Privathospital","article_modified_time":"2021-07-26T04:47:24+00:00","twitter_card":"summary_large_image","twitter_misc":{"Estimeret l\u00e6setid":"2 minutter"},"schema":{"@context":"https:\/\/schema.org","@graph":[{"@type":"WebPage","@id":"https:\/\/niipit.dk\/charlottenlund-privathospital\/","url":"https:\/\/niipit.dk\/charlottenlund-privathospital\/","name":"Behandler inden for \u00f8re-, n\u00e6se- og halsomr\u00e5det | Privathospital","isPartOf":{"@id":"https:\/\/niipit.dk\/charlottenlund-privathospital\/#website"},"datePublished":"2020-04-10T20:29:34+00:00","dateModified":"2021-07-26T04:47:24+00:00","description":"Charlottenlund Privathospital er centralt placeret i Charlottenlund med udsigt over skoven og \u00d8resund - Bestil tid i dag","breadcrumb":{"@id":"https:\/\/niipit.dk\/charlottenlund-privathospital\/#breadcrumb"},"inLanguage":"da-DK","potentialAction":[{"@type":"ReadAction","target":["https:\/\/niipit.dk\/charlottenlund-privathospital\/"]}]},{"@type":"BreadcrumbList","@id":"https:\/\/niipit.dk\/charlottenlund-privathospital\/#breadcrumb","itemListElement":[{"@type":"ListItem","position":1,"name":"Hjem","item":"https:\/\/niipit.dk\/charlottenlund-privathospital\/"},{"@type":"ListItem","position":2,"name":"Forside"}]},{"@type":"WebSite","@id":"https:\/\/niipit.dk\/charlottenlund-privathospital\/#website","url":"https:\/\/niipit.dk\/charlottenlund-privathospital\/","name":"Charlottenlund Privathospital","description":"Bliv set online med Niipit","potentialAction":[{"@type":"SearchAction","target":{"@type":"EntryPoint","urlTemplate":"https:\/\/niipit.dk\/charlottenlund-privathospital\/?s={search_term_string}"},"query-input":{"@type":"PropertyValueSpecification","valueRequired":true,"valueName":"search_term_string"}}],"inLanguage":"da-DK"}]}},"_links":{"self":[{"href":"https:\/\/niipit.dk\/charlottenlund-privathospital\/wp-json\/wp\/v2\/pages\/5064","targetHints":{"allow":["GET"]}}],"collection":[{"href":"https:\/\/niipit.dk\/charlottenlund-privathospital\/wp-json\/wp\/v2\/pages"}],"about":[{"href":"https:\/\/niipit.dk\/charlottenlund-privathospital\/wp-json\/wp\/v2\/types\/page"}],"author":[{"embeddable":true,"href":"https:\/\/niipit.dk\/charlottenlund-privathospital\/wp-json\/wp\/v2\/users\/1"}],"replies":[{"embeddable":true,"href":"https:\/\/niipit.dk\/charlottenlund-privathospital\/wp-json\/wp\/v2\/comments?post=5064"}],"version-history":[{"count":3,"href":"https:\/\/niipit.dk\/charlottenlund-privathospital\/wp-json\/wp\/v2\/pages\/5064\/revisions"}],"predecessor-version":[{"id":5996,"href":"https:\/\/niipit.dk\/charlottenlund-privathospital\/wp-json\/wp\/v2\/pages\/5064\/revisions\/5996"}],"wp:attachment":[{"href":"https:\/\/niipit.dk\/charlottenlund-privathospital\/wp-json\/wp\/v2\/media?parent=5064"}],"curies":[{"name":"wp","href":"https:\/\/api.w.org\/{rel}","templated":true}]}}