{"id":6063,"date":"2020-03-31T09:08:21","date_gmt":"2020-03-31T07:08:21","guid":{"rendered":"https:\/\/niipit.dk\/cafe-liva\/?post_type=product&#038;p=6063"},"modified":"2020-03-31T09:39:27","modified_gmt":"2020-03-31T07:39:27","slug":"strong-ass-burger","status":"publish","type":"product","link":"https:\/\/niipit.dk\/cafe-liva\/produkt\/strong-ass-burger\/","title":{"rendered":"Strong ass burger"},"content":{"rendered":"<h1>Strong ass burger<\/h1>\n<h3>Cheeseburger<br \/>\nm. salat, syltede r\u00f8dl\u00f8g, spicy chili\u00a0 cheese tops, jalapenos &amp; Livas\u2019s Mayo.<\/h3>\n<p>Vi steger vores b\u00f8ffer medium, fordi det mener vi giver den bedste smag og konsistens. \u00d8nsker du din b\u00f8f well done, s\u00e5 im\u00f8dekommer vi gerne dette. \u2013 giv blot besked n\u00e5r du bestiller.<\/p>\n<p>Alle burgere serveres med 200 grams oksek\u00f8d, lollo bionda, tomatskiver, og en brioche bolle smurt i Liva&#8217;s hjemmelavet mayo!<\/p>\n<p>V\u00e6lg mellem Liva&#8217;s mayo, chilimayo, aioli til fritterne!!<br \/>\nN\u00e5r du bestiller s\u00e5 skriv i kommentarfeltet hvilken dip du vil have med.<\/p>\n","protected":false},"excerpt":{"rendered":"<p>Strong ass burger Cheeseburger m. salat, syltede r\u00f8dl\u00f8g, spicy chili\u00a0 cheese tops, jalapenos &amp; Livas\u2019s Mayo. Vi steger vores b\u00f8ffer medium, fordi det mener vi giver den bedste smag og konsistens. \u00d8nsker du din b\u00f8f well done, s\u00e5 im\u00f8dekommer vi gerne dette. \u2013 giv blot besked n\u00e5r du bestiller. Alle burgere serveres med 200 grams <a class=\"moretag btn btn-primary\" href=\"https:\/\/niipit.dk\/cafe-liva\/produkt\/strong-ass-burger\/\">L\u00e6s mere<\/a><\/p>\n","protected":false},"featured_media":0,"template":"","meta":{"_exactmetrics_skip_tracking":false,"_exactmetrics_sitenote_active":false,"_exactmetrics_sitenote_note":"","_exactmetrics_sitenote_category":0,"_monsterinsights_skip_tracking":false,"_monsterinsights_sitenote_active":false,"_monsterinsights_sitenote_note":"","_monsterinsights_sitenote_category":0},"product_brand":[],"product_cat":[2172],"product_tag":[],"shoptype":[],"class_list":{"0":"post-6063","1":"product","2":"type-product","3":"status-publish","5":"product_cat-burger","7":"first","8":"instock","9":"shipping-taxable","10":"purchasable","11":"product-type-variable"},"yoast_head":"<!-- This site is optimized with the Yoast SEO Premium plugin v16.3 (Yoast SEO v27.4) - https:\/\/yoast.com\/product\/yoast-seo-premium-wordpress\/ -->\n<title>Strong ass burger - Cafe Liva<\/title>\n<meta name=\"robots\" content=\"index, follow, max-snippet:-1, max-image-preview:large, max-video-preview:-1\" \/>\n<link rel=\"canonical\" href=\"https:\/\/niipit.dk\/cafe-liva\/produkt\/strong-ass-burger\/\" \/>\n<meta property=\"og:locale\" content=\"da_DK\" \/>\n<meta property=\"og:type\" content=\"article\" \/>\n<meta property=\"og:title\" content=\"Strong ass burger - Cafe Liva\" \/>\n<meta property=\"og:description\" content=\"Strong ass burger Cheeseburger m. salat, syltede r\u00f8dl\u00f8g, spicy chili\u00a0 cheese tops, jalapenos &amp; Livas\u2019s Mayo. Vi steger vores b\u00f8ffer medium, fordi det mener vi giver den bedste smag og konsistens. \u00d8nsker du din b\u00f8f well done, s\u00e5 im\u00f8dekommer vi gerne dette. \u2013 giv blot besked n\u00e5r du bestiller. Alle burgere serveres med 200 grams L\u00e6s mere\" \/>\n<meta property=\"og:url\" content=\"https:\/\/niipit.dk\/cafe-liva\/produkt\/strong-ass-burger\/\" \/>\n<meta property=\"og:site_name\" content=\"Cafe Liva\" \/>\n<meta property=\"article:modified_time\" content=\"2020-03-31T07:39:27+00:00\" \/>\n<meta name=\"twitter:card\" content=\"summary_large_image\" \/>\n<script type=\"application\/ld+json\" class=\"yoast-schema-graph\">{\"@context\":\"https:\\\/\\\/schema.org\",\"@graph\":[{\"@type\":\"WebPage\",\"@id\":\"https:\\\/\\\/niipit.dk\\\/cafe-liva\\\/produkt\\\/strong-ass-burger\\\/\",\"url\":\"https:\\\/\\\/niipit.dk\\\/cafe-liva\\\/produkt\\\/strong-ass-burger\\\/\",\"name\":\"Strong ass burger - Cafe Liva\",\"isPartOf\":{\"@id\":\"https:\\\/\\\/niipit.dk\\\/cafe-liva\\\/#website\"},\"datePublished\":\"2020-03-31T07:08:21+00:00\",\"dateModified\":\"2020-03-31T07:39:27+00:00\",\"breadcrumb\":{\"@id\":\"https:\\\/\\\/niipit.dk\\\/cafe-liva\\\/produkt\\\/strong-ass-burger\\\/#breadcrumb\"},\"inLanguage\":\"da-DK\",\"potentialAction\":[{\"@type\":\"ReadAction\",\"target\":[\"https:\\\/\\\/niipit.dk\\\/cafe-liva\\\/produkt\\\/strong-ass-burger\\\/\"]}]},{\"@type\":\"BreadcrumbList\",\"@id\":\"https:\\\/\\\/niipit.dk\\\/cafe-liva\\\/produkt\\\/strong-ass-burger\\\/#breadcrumb\",\"itemListElement\":[{\"@type\":\"ListItem\",\"position\":1,\"name\":\"Hjem\",\"item\":\"https:\\\/\\\/niipit.dk\\\/cafe-liva\\\/\"},{\"@type\":\"ListItem\",\"position\":2,\"name\":\"Shop\",\"item\":\"https:\\\/\\\/niipit.dk\\\/cafe-liva\\\/shop\\\/\"},{\"@type\":\"ListItem\",\"position\":3,\"name\":\"Strong ass burger\"}]},{\"@type\":\"WebSite\",\"@id\":\"https:\\\/\\\/niipit.dk\\\/cafe-liva\\\/#website\",\"url\":\"https:\\\/\\\/niipit.dk\\\/cafe-liva\\\/\",\"name\":\"Cafe Liva\",\"description\":\"Kystvejen 40A i \u00d8ster Hurup\",\"potentialAction\":[{\"@type\":\"SearchAction\",\"target\":{\"@type\":\"EntryPoint\",\"urlTemplate\":\"https:\\\/\\\/niipit.dk\\\/cafe-liva\\\/?s={search_term_string}\"},\"query-input\":{\"@type\":\"PropertyValueSpecification\",\"valueRequired\":true,\"valueName\":\"search_term_string\"}}],\"inLanguage\":\"da-DK\"}]}<\/script>\n<!-- \/ Yoast SEO Premium plugin. -->","yoast_head_json":{"title":"Strong ass burger - Cafe Liva","robots":{"index":"index","follow":"follow","max-snippet":"max-snippet:-1","max-image-preview":"max-image-preview:large","max-video-preview":"max-video-preview:-1"},"canonical":"https:\/\/niipit.dk\/cafe-liva\/produkt\/strong-ass-burger\/","og_locale":"da_DK","og_type":"article","og_title":"Strong ass burger - Cafe Liva","og_description":"Strong ass burger Cheeseburger m. salat, syltede r\u00f8dl\u00f8g, spicy chili\u00a0 cheese tops, jalapenos &amp; Livas\u2019s Mayo. Vi steger vores b\u00f8ffer medium, fordi det mener vi giver den bedste smag og konsistens. \u00d8nsker du din b\u00f8f well done, s\u00e5 im\u00f8dekommer vi gerne dette. \u2013 giv blot besked n\u00e5r du bestiller. Alle burgere serveres med 200 grams L\u00e6s mere","og_url":"https:\/\/niipit.dk\/cafe-liva\/produkt\/strong-ass-burger\/","og_site_name":"Cafe Liva","article_modified_time":"2020-03-31T07:39:27+00:00","twitter_card":"summary_large_image","schema":{"@context":"https:\/\/schema.org","@graph":[{"@type":"WebPage","@id":"https:\/\/niipit.dk\/cafe-liva\/produkt\/strong-ass-burger\/","url":"https:\/\/niipit.dk\/cafe-liva\/produkt\/strong-ass-burger\/","name":"Strong ass burger - Cafe Liva","isPartOf":{"@id":"https:\/\/niipit.dk\/cafe-liva\/#website"},"datePublished":"2020-03-31T07:08:21+00:00","dateModified":"2020-03-31T07:39:27+00:00","breadcrumb":{"@id":"https:\/\/niipit.dk\/cafe-liva\/produkt\/strong-ass-burger\/#breadcrumb"},"inLanguage":"da-DK","potentialAction":[{"@type":"ReadAction","target":["https:\/\/niipit.dk\/cafe-liva\/produkt\/strong-ass-burger\/"]}]},{"@type":"BreadcrumbList","@id":"https:\/\/niipit.dk\/cafe-liva\/produkt\/strong-ass-burger\/#breadcrumb","itemListElement":[{"@type":"ListItem","position":1,"name":"Hjem","item":"https:\/\/niipit.dk\/cafe-liva\/"},{"@type":"ListItem","position":2,"name":"Shop","item":"https:\/\/niipit.dk\/cafe-liva\/shop\/"},{"@type":"ListItem","position":3,"name":"Strong ass burger"}]},{"@type":"WebSite","@id":"https:\/\/niipit.dk\/cafe-liva\/#website","url":"https:\/\/niipit.dk\/cafe-liva\/","name":"Cafe Liva","description":"Kystvejen 40A i \u00d8ster Hurup","potentialAction":[{"@type":"SearchAction","target":{"@type":"EntryPoint","urlTemplate":"https:\/\/niipit.dk\/cafe-liva\/?s={search_term_string}"},"query-input":{"@type":"PropertyValueSpecification","valueRequired":true,"valueName":"search_term_string"}}],"inLanguage":"da-DK"}]}},"_links":{"self":[{"href":"https:\/\/niipit.dk\/cafe-liva\/wp-json\/wp\/v2\/product\/6063","targetHints":{"allow":["GET"]}}],"collection":[{"href":"https:\/\/niipit.dk\/cafe-liva\/wp-json\/wp\/v2\/product"}],"about":[{"href":"https:\/\/niipit.dk\/cafe-liva\/wp-json\/wp\/v2\/types\/product"}],"wp:attachment":[{"href":"https:\/\/niipit.dk\/cafe-liva\/wp-json\/wp\/v2\/media?parent=6063"}],"wp:term":[{"taxonomy":"product_brand","embeddable":true,"href":"https:\/\/niipit.dk\/cafe-liva\/wp-json\/wp\/v2\/product_brand?post=6063"},{"taxonomy":"product_cat","embeddable":true,"href":"https:\/\/niipit.dk\/cafe-liva\/wp-json\/wp\/v2\/product_cat?post=6063"},{"taxonomy":"product_tag","embeddable":true,"href":"https:\/\/niipit.dk\/cafe-liva\/wp-json\/wp\/v2\/product_tag?post=6063"},{"taxonomy":"shoptype","embeddable":true,"href":"https:\/\/niipit.dk\/cafe-liva\/wp-json\/wp\/v2\/shoptype?post=6063"}],"curies":[{"name":"wp","href":"https:\/\/api.w.org\/{rel}","templated":true}]}}