{"id":5119,"date":"2018-08-15T22:06:08","date_gmt":"2018-08-15T20:06:08","guid":{"rendered":"https:\/\/niipit.dk\/nv2-QogM\/?page_id=5119"},"modified":"2020-03-27T09:10:47","modified_gmt":"2020-03-27T08:10:47","slug":"handelsbetingelser","status":"publish","type":"page","link":"https:\/\/niipit.dk\/cafe-liva\/handelsbetingelser\/","title":{"rendered":"Handelsbetingelser"},"content":{"rendered":"\n<h1 class=\"wp-block-heading\">Handelsbetingelser for Cafe Liva<\/h1>\n\n\n\n<h3 class=\"wp-block-heading\">Cafe Liva<br>Kystvejen 40 A, \u00d8ster Hurup\u00a0\u00a0<br>9560 Hadsund<br>TLF:\u00a0<a href=\"tel:+45 42940114\">+45 42940114<\/a><br>CVR: 40424741<\/h3>\n\n\n\n<h2 class=\"wp-block-heading\">Betaling<\/h2>\n\n\n\n<p>Cafe Liva modtager betalinger med kontanter, kreditkort og Mobilepay .\u00a0<\/p>\n\n\n\n<p>Betaling vil blive trukket p\u00e5 din konto, n\u00e5r den fysiske vare leveres eller afhentes. <\/p>\n\n\n\n<p>Alle bel\u00f8b p\u00e5 hjemmesiden er med moms.<br>Hjemmesiden bruger f\u00f8lgende valutaer til priss\u00e6tning:<br>Denmark &#8211; Kroner (DKK)<\/p>\n\n\n\n<p>Cafe Liva benytter en sikker betalingsserver, der krypterer alle oplysninger med SSL protokol hvilket betyder din data er sikker og ikke kan l\u00e6ses af andre udefrakommende.<\/p>\n\n\n\n<p>Cafe Liva&#8217;s egen hjemmeside bruger ligeledes kryptering med SSL protokol.<\/p>\n\n\n\n<h2 class=\"wp-block-heading\">Levering<\/h2>\n\n\n\n<p>Leveringstiden for din ordre er Samme dag.<\/p>\n\n\n\n<p>Leverings omr\u00e5de: Vi leverer kun varer indenfor \u00d8ster Hurup omr\u00e5det.<\/p>\n\n\n\n<p>Fragten bliver beregnet ud fra afstand.<\/p>\n\n\n\n<h2 class=\"wp-block-heading\">Fortrydelsesret<\/h2>\n\n\n\n<p>Der gives ikke fortrydelsesret p\u00e5 varer k\u00f8bt i vores webshop da varen er af s\u00e5dan art, ( f\u00e6rdig mad lavet p\u00e5 bestilling) at der i henhold til dansk lovgivning ikke kan eller b\u00f8r ydes returret.<\/p>\n\n\n\n<p><a href=\"http:\/\/www.forbrugerombudsmanden.dk\/hvad-gaelder\/markedsfoeringsloven\/webshopguide\/kundens-fortrydelsesret\/\">L\u00e6s mere p\u00e5 forbrugerombudsmandens hjemmeside.<\/a><\/p>\n\n\n\n<h2 class=\"wp-block-heading\">Reklamationsret<\/h2>\n\n\n\n<p>Reklamation vedr. fejl og mangler skal meddeles til Cafe Liva inden for 30 min efter varens modtagelse.\u00a0<\/p>\n\n\n\n<p>Reklamationen frafalder ved forkert eller ualmindelig betjening af produktet.<\/p>\n\n\n\n<p>Ved reklamation kontaktes virksomheden:<\/p>\n\n\n\n<p><strong>Cafe Liva<\/strong><br>Kystvejen 40 A, \u00d8ster Hurup&nbsp;&nbsp;<br>9560 Hadsund<br>TLF:&nbsp;<a href=\"tel:+45 42940114\">+45 42940114<\/a><\/p>\n\n\n\n<p>Reklamationer modtages\u00a0<strong>kun<\/strong> ved telefonopkald eller personligt fremm\u00f8de.<br>Reklamationer fremsendt p\u00e5 mail eller sociale medier accepteres ikke<\/p>\n\n\n\n<h2 class=\"wp-block-heading\">Kunde- &amp; Privatlivspolitik<\/h2>\n\n\n\n<p>Vi videres\u00e6lger ikke personlige oplysninger og videregiver ikke dine personlige oplysninger til andre, de er kun registreret i vores kundekartotek. Du kan til enhver tid f\u00e5 slettet dine oplysninger.<\/p>\n\n\n\n<p>For at du kan indg\u00e5 aftale med Cafe Liva, har vi brug for f\u00f8lgende oplysninger:<br>. Navn<br>. Adresse<br>. Telefonnummer<br>. E-mail adresse<\/p>\n\n\n\n<p>Vi foretager registreringen af dine personoplysninger med det form\u00e5l, at kunne levere varen til dig.<\/p>\n\n\n\n<p>Personoplysningerne registreres hos Cafe Liva og hos Niipit og opbevares i op til fem \u00e5r, hvorefter oplysningerne slettes.<\/p>\n\n\n\n<p>N\u00e5r der indsamles personoplysninger via vores hjemmeside, sikrer vi, at det altid sker ved afgivelse af dit udtrykkelige samtykke, s\u00e5ledes at du er informeret om pr\u00e6cis, hvilke oplysninger, der indsamles og hvorfor.<\/p>\n\n\n\n<p>Direkt\u00f8ren og de ansatte for Cafe Liva og Niipit har adgang til de oplysninger, der registreres om dig.<\/p>\n\n\n\n<p>Den dataansvarlige i Cafe Liva er: Casper Nielsen og i Niipit er: Niipit den ansvarlige.<\/p>\n\n\n\n<p>Vi opbevarer og transmitterer ikke kundeoplysninger krypteret.<\/p>\n\n\n\n<p>Som registreret hos Cafe Liva, Niipit har du altid ret til at g\u00f8re indsigelse mod registreringen. Du har ogs\u00e5 ret til indsigt i, hvilke oplysninger, der er registreret om dig. Disse rettigheder har du efter Persondataloven og henvendelse i forbindelse hermed rettes til\u00a0<a href=\"mailto:1@email.com\">1@email.com<\/a>.<\/p>\n\n\n\n<p><strong>Cookies<\/strong><br>P\u00e5 https:\/\/niipit.dk\/cafe-liva\/ anvendes cookies med det form\u00e5l at optimere hjemmesiden og dets funktionalitet, og dermed g\u00f8re bes\u00f8get s\u00e5 nemt som muligt for dig.<\/p>\n\n\n\n<p>Du kan til enhver tid slette cookies fra din computer, se vejledningen p\u00e5\u00a0Webshop Cookies og Privatlivspolitik.<\/p>\n\n\n\n<p><strong>Log-statistik<\/strong><br>Vi bruger en log-statistik p\u00e5 https:\/\/niipit.dk\/cafe-liva\/, hvilket betyder, at et statistik-system opsamler information, som kan give et statistisk billede af, hvor mange bes\u00f8gende vi har, hvor de kommer fra og hvor p\u00e5 websitet det forlades mv.<\/p>\n\n\n\n<p>Logstatistikken anvendes kun med det form\u00e5l, at optimere Cafe Liva&#8217;s, Niipit\u00b4s hjemmeside.<\/p>\n\n\n\n<h2 class=\"wp-block-heading\">Klagemuligheder<\/h2>\n\n\n\n<p>Ved klage skal vores e-mail adresse angives: 1@email.com samt hjemmesiden du har k\u00f8bt varen p\u00e5.<br>En klage over en vare eller tjenesteydelse kan indgives til Center for Klagel\u00f8sning, N\u00e6vnenes Hus, Toldboden 2, 8800 Viborg.<br>Du kan klage til Center for Klagel\u00f8sning via Klageportalen for N\u00e6vnenes Hus&nbsp;<a href=\"https:\/\/kpo.naevneneshus.dk\/Public\/Home\/ChooseLoginProvider?returnUrl=https:\/\/kpo.naevneneshus.dk\/External\">(Link)<\/a>.<br>For EU-borgere uden for EU skal klager sendes via EU Kommissionens online klageplatform.<br><a href=\"http:\/\/ec.europa.eu\/consumers\/odr\/\">ec.europa.eu<\/a><\/p>\n","protected":false},"excerpt":{"rendered":"<p>Handelsbetingelser for Cafe Liva Cafe LivaKystvejen 40 A, \u00d8ster Hurup\u00a0\u00a09560 HadsundTLF:\u00a0+45 42940114CVR: 40424741 Betaling Cafe Liva modtager betalinger med kontanter, kreditkort og Mobilepay .\u00a0 Betaling vil blive trukket p\u00e5 din konto, n\u00e5r den fysiske vare leveres eller afhentes. Alle bel\u00f8b p\u00e5 hjemmesiden er med moms.Hjemmesiden bruger f\u00f8lgende valutaer til priss\u00e6tning:Denmark &#8211; Kroner (DKK) Cafe Liva <a class=\"moretag btn btn-primary\" href=\"https:\/\/niipit.dk\/cafe-liva\/handelsbetingelser\/\">L\u00e6s mere<\/a><\/p>\n","protected":false},"author":151,"featured_media":0,"parent":0,"menu_order":0,"comment_status":"closed","ping_status":"closed","template":"","meta":{"_exactmetrics_skip_tracking":false,"_exactmetrics_sitenote_active":false,"_exactmetrics_sitenote_note":"","_exactmetrics_sitenote_category":0,"_monsterinsights_skip_tracking":false,"_monsterinsights_sitenote_active":false,"_monsterinsights_sitenote_note":"","_monsterinsights_sitenote_category":0,"footnotes":""},"class_list":["post-5119","page","type-page","status-publish","hentry"],"yoast_head":"<!-- This site is optimized with the Yoast SEO Premium plugin v16.3 (Yoast SEO v27.4) - https:\/\/yoast.com\/product\/yoast-seo-premium-wordpress\/ -->\n<title>L\u00e6s altid Handelsbetingelser f\u00f8r du handler - Cafe Liva<\/title>\n<meta name=\"description\" content=\"Husk altid at l\u00e6se Handelsbetingelserne inden du handler online. S\u00e5 finder du svar p\u00e5 de fleste sp\u00f8rgsm\u00e5l og du kan se hvem du handler med og hvordan.\" \/>\n<meta name=\"robots\" content=\"index, nofollow, max-snippet:-1, max-image-preview:large, max-video-preview:-1\" \/>\n<link rel=\"canonical\" href=\"https:\/\/niipit.dk\/cafe-liva\/\" \/>\n<meta property=\"og:locale\" content=\"da_DK\" \/>\n<meta property=\"og:type\" content=\"article\" \/>\n<meta property=\"og:title\" content=\"L\u00e6s altid Handelsbetingelser f\u00f8r du handler - Cafe Liva\" \/>\n<meta property=\"og:description\" content=\"Husk altid at l\u00e6se Handelsbetingelserne inden du handler online. S\u00e5 finder du svar p\u00e5 de fleste sp\u00f8rgsm\u00e5l og du kan se hvem du handler med og hvordan.\" \/>\n<meta property=\"og:url\" content=\"https:\/\/niipit.dk\/cafe-liva\/\" \/>\n<meta property=\"og:site_name\" content=\"Cafe Liva\" \/>\n<meta property=\"article:modified_time\" content=\"2020-03-27T08:10:47+00:00\" \/>\n<meta name=\"twitter:card\" content=\"summary_large_image\" \/>\n<meta name=\"twitter:label1\" content=\"Estimeret l\u00e6setid\" \/>\n\t<meta name=\"twitter:data1\" content=\"3 minutter\" \/>\n<script type=\"application\/ld+json\" class=\"yoast-schema-graph\">{\"@context\":\"https:\\\/\\\/schema.org\",\"@graph\":[{\"@type\":\"WebPage\",\"@id\":\"https:\\\/\\\/niipit.dk\\\/cafe-liva\\\/handelsbetingelser\\\/\",\"url\":\"https:\\\/\\\/niipit.dk\\\/cafe-liva\\\/\",\"name\":\"L\u00e6s altid Handelsbetingelser f\u00f8r du handler - Cafe Liva\",\"isPartOf\":{\"@id\":\"https:\\\/\\\/niipit.dk\\\/cafe-liva\\\/#website\"},\"datePublished\":\"2018-08-15T20:06:08+00:00\",\"dateModified\":\"2020-03-27T08:10:47+00:00\",\"description\":\"Husk altid at l\u00e6se Handelsbetingelserne inden du handler online. S\u00e5 finder du svar p\u00e5 de fleste sp\u00f8rgsm\u00e5l og du kan se hvem du handler med og hvordan.\",\"breadcrumb\":{\"@id\":\"https:\\\/\\\/niipit.dk\\\/cafe-liva\\\/#breadcrumb\"},\"inLanguage\":\"da-DK\",\"potentialAction\":[{\"@type\":\"ReadAction\",\"target\":[\"https:\\\/\\\/niipit.dk\\\/cafe-liva\\\/\"]}]},{\"@type\":\"BreadcrumbList\",\"@id\":\"https:\\\/\\\/niipit.dk\\\/cafe-liva\\\/#breadcrumb\",\"itemListElement\":[{\"@type\":\"ListItem\",\"position\":1,\"name\":\"Hjem\",\"item\":\"https:\\\/\\\/niipit.dk\\\/cafe-liva\\\/\"},{\"@type\":\"ListItem\",\"position\":2,\"name\":\"Handelsbetingelser\"}]},{\"@type\":\"WebSite\",\"@id\":\"https:\\\/\\\/niipit.dk\\\/cafe-liva\\\/#website\",\"url\":\"https:\\\/\\\/niipit.dk\\\/cafe-liva\\\/\",\"name\":\"Cafe Liva\",\"description\":\"Kystvejen 40A i \u00d8ster Hurup\",\"potentialAction\":[{\"@type\":\"SearchAction\",\"target\":{\"@type\":\"EntryPoint\",\"urlTemplate\":\"https:\\\/\\\/niipit.dk\\\/cafe-liva\\\/?s={search_term_string}\"},\"query-input\":{\"@type\":\"PropertyValueSpecification\",\"valueRequired\":true,\"valueName\":\"search_term_string\"}}],\"inLanguage\":\"da-DK\"}]}<\/script>\n<!-- \/ Yoast SEO Premium plugin. -->","yoast_head_json":{"title":"L\u00e6s altid Handelsbetingelser f\u00f8r du handler - Cafe Liva","description":"Husk altid at l\u00e6se Handelsbetingelserne inden du handler online. S\u00e5 finder du svar p\u00e5 de fleste sp\u00f8rgsm\u00e5l og du kan se hvem du handler med og hvordan.","robots":{"index":"index","follow":"nofollow","max-snippet":"max-snippet:-1","max-image-preview":"max-image-preview:large","max-video-preview":"max-video-preview:-1"},"canonical":"https:\/\/niipit.dk\/cafe-liva\/","og_locale":"da_DK","og_type":"article","og_title":"L\u00e6s altid Handelsbetingelser f\u00f8r du handler - Cafe Liva","og_description":"Husk altid at l\u00e6se Handelsbetingelserne inden du handler online. S\u00e5 finder du svar p\u00e5 de fleste sp\u00f8rgsm\u00e5l og du kan se hvem du handler med og hvordan.","og_url":"https:\/\/niipit.dk\/cafe-liva\/","og_site_name":"Cafe Liva","article_modified_time":"2020-03-27T08:10:47+00:00","twitter_card":"summary_large_image","twitter_misc":{"Estimeret l\u00e6setid":"3 minutter"},"schema":{"@context":"https:\/\/schema.org","@graph":[{"@type":"WebPage","@id":"https:\/\/niipit.dk\/cafe-liva\/handelsbetingelser\/","url":"https:\/\/niipit.dk\/cafe-liva\/","name":"L\u00e6s altid Handelsbetingelser f\u00f8r du handler - Cafe Liva","isPartOf":{"@id":"https:\/\/niipit.dk\/cafe-liva\/#website"},"datePublished":"2018-08-15T20:06:08+00:00","dateModified":"2020-03-27T08:10:47+00:00","description":"Husk altid at l\u00e6se Handelsbetingelserne inden du handler online. S\u00e5 finder du svar p\u00e5 de fleste sp\u00f8rgsm\u00e5l og du kan se hvem du handler med og hvordan.","breadcrumb":{"@id":"https:\/\/niipit.dk\/cafe-liva\/#breadcrumb"},"inLanguage":"da-DK","potentialAction":[{"@type":"ReadAction","target":["https:\/\/niipit.dk\/cafe-liva\/"]}]},{"@type":"BreadcrumbList","@id":"https:\/\/niipit.dk\/cafe-liva\/#breadcrumb","itemListElement":[{"@type":"ListItem","position":1,"name":"Hjem","item":"https:\/\/niipit.dk\/cafe-liva\/"},{"@type":"ListItem","position":2,"name":"Handelsbetingelser"}]},{"@type":"WebSite","@id":"https:\/\/niipit.dk\/cafe-liva\/#website","url":"https:\/\/niipit.dk\/cafe-liva\/","name":"Cafe Liva","description":"Kystvejen 40A i \u00d8ster Hurup","potentialAction":[{"@type":"SearchAction","target":{"@type":"EntryPoint","urlTemplate":"https:\/\/niipit.dk\/cafe-liva\/?s={search_term_string}"},"query-input":{"@type":"PropertyValueSpecification","valueRequired":true,"valueName":"search_term_string"}}],"inLanguage":"da-DK"}]}},"_links":{"self":[{"href":"https:\/\/niipit.dk\/cafe-liva\/wp-json\/wp\/v2\/pages\/5119","targetHints":{"allow":["GET"]}}],"collection":[{"href":"https:\/\/niipit.dk\/cafe-liva\/wp-json\/wp\/v2\/pages"}],"about":[{"href":"https:\/\/niipit.dk\/cafe-liva\/wp-json\/wp\/v2\/types\/page"}],"author":[{"embeddable":true,"href":"https:\/\/niipit.dk\/cafe-liva\/wp-json\/wp\/v2\/users\/151"}],"replies":[{"embeddable":true,"href":"https:\/\/niipit.dk\/cafe-liva\/wp-json\/wp\/v2\/comments?post=5119"}],"version-history":[{"count":0,"href":"https:\/\/niipit.dk\/cafe-liva\/wp-json\/wp\/v2\/pages\/5119\/revisions"}],"wp:attachment":[{"href":"https:\/\/niipit.dk\/cafe-liva\/wp-json\/wp\/v2\/media?parent=5119"}],"curies":[{"name":"wp","href":"https:\/\/api.w.org\/{rel}","templated":true}]}}