{"id":5064,"date":"2020-03-26T12:29:34","date_gmt":"2020-03-26T11:29:34","guid":{"rendered":"https:\/\/niipit.dk\/cafe-liva\/?page_id=5064"},"modified":"2020-03-31T07:34:02","modified_gmt":"2020-03-31T05:34:02","slug":"spisested-i-oester-hurup","status":"publish","type":"page","link":"https:\/\/niipit.dk\/cafe-liva\/","title":{"rendered":"Forside"},"content":{"rendered":"\n<hr class=\"wp-block-separator\"\/>\n\n\n\n<h2 class=\"wp-block-heading\">Cafe Liva<br>Spisested i \u00d8ster Hurup<\/h2>\n\n\n\n<p>\u00d8ster Hurup er en lille hyggelig by i det nordjyske hvor tusindevis af turister samles hvert \u00e5r. Mange turister vil gerne slappe af og nyde livet n\u00e5r de holder ferie og spare p\u00e5 madlavningen.<\/p>\n\n\n\n<p>Cafe Liva st\u00e5r gerne for madlavningen til dig og din familie n\u00e5r i holder ferie ved \u00f8stkysten og slapper af i sommerhusene ud til havet.<\/p>\n\n\n\n<p>Hver sommer fra april til oktober kan du f\u00e5 store saftige hjemmelavede burgere med spr\u00f8dsalat, grove fritter og dip. Du kan v\u00e6lge mellem mange varianter.<\/p>\n\n\n\n<p>Du bestemmer selv om du vil spise din burger hos os, i sommerhuset eller p\u00e5 stranden. Du kan bestille online og afhente din mad i vores restaurant p\u00e5 Kystvejen 40 i \u00d8ster Hurup.<\/p>\n\n\n\n<h4 class=\"wp-block-heading\">Hjemmelavet Burger<\/h4>\n\n\n\n<p>Alle vores burgere er hjemmelavet og sammensat ud fra de favoritter kunderne har bestemt. <\/p>\n\n\n\n<h2 class=\"wp-block-heading\">Cafe Liva<\/h2>\n\n\n\n<p>&#8230;er stedet, hvor du f\u00e5r stillet din sult, n\u00e5r det skal v\u00e6re hurtigt og l\u00e6kkert. Hjemmelavede dressing, f\u00f8rsteklasses burgere.<\/p>\n\n\n\n<div class=\"wp-block-image\"><figure class=\"aligncenter size-large\"><img loading=\"lazy\" decoding=\"async\" width=\"820\" height=\"312\" src=\"https:\/\/niipit.dk\/cafe-liva\/wp-content\/uploads\/sites\/436\/2020\/03\/Cafe-Liva-\u00d8ster-Hurup.jpg\" alt=\"Spisested i \u00d8ster Hurup - Cafe Liva Kystvejen 40\" class=\"wp-image-5999\" srcset=\"https:\/\/niipit.dk\/cafe-liva\/wp-content\/uploads\/sites\/436\/2020\/03\/Cafe-Liva-\u00d8ster-Hurup.jpg 820w, https:\/\/niipit.dk\/cafe-liva\/wp-content\/uploads\/sites\/436\/2020\/03\/Cafe-Liva-\u00d8ster-Hurup-300x114.jpg 300w, https:\/\/niipit.dk\/cafe-liva\/wp-content\/uploads\/sites\/436\/2020\/03\/Cafe-Liva-\u00d8ster-Hurup-768x292.jpg 768w, https:\/\/niipit.dk\/cafe-liva\/wp-content\/uploads\/sites\/436\/2020\/03\/Cafe-Liva-\u00d8ster-Hurup-600x228.jpg 600w\" sizes=\"auto, (max-width: 820px) 100vw, 820px\" \/><\/figure><\/div>\n","protected":false},"excerpt":{"rendered":"<p>Cafe LivaSpisested i \u00d8ster Hurup \u00d8ster Hurup er en lille hyggelig by i det nordjyske hvor tusindevis af turister samles hvert \u00e5r. Mange turister vil gerne slappe af og nyde livet n\u00e5r de holder ferie og spare p\u00e5 madlavningen. Cafe Liva st\u00e5r gerne for madlavningen til dig og din familie n\u00e5r i holder ferie ved <a class=\"moretag btn btn-primary\" href=\"https:\/\/niipit.dk\/cafe-liva\/\">L\u00e6s mere<\/a><\/p>\n","protected":false},"author":151,"featured_media":0,"parent":0,"menu_order":0,"comment_status":"closed","ping_status":"closed","template":"frontpagePremium.php","meta":{"_exactmetrics_skip_tracking":false,"_exactmetrics_sitenote_active":false,"_exactmetrics_sitenote_note":"","_exactmetrics_sitenote_category":0,"_monsterinsights_skip_tracking":false,"_monsterinsights_sitenote_active":false,"_monsterinsights_sitenote_note":"","_monsterinsights_sitenote_category":0,"footnotes":""},"class_list":["post-5064","page","type-page","status-publish","hentry"],"yoast_head":"<!-- This site is optimized with the Yoast SEO Premium plugin v16.3 (Yoast SEO v27.4) - https:\/\/yoast.com\/product\/yoast-seo-premium-wordpress\/ -->\n<title>Cafe Liva - Dit lokale spisested i \u00d8ster Hurup \u27a2\u27a2\u27a2<\/title>\n<meta name=\"description\" content=\"Er du sulten og vil have noget l\u00e6kkert s\u00e5 er Cafe Liva, Kystvejen 40, dit spisested i \u00d8rster Hurup. Spis her, afhent eller f\u00e5r leveret \u260f Ring p\u00e5 42 94 01 14\" \/>\n<meta name=\"robots\" content=\"index, follow, max-snippet:-1, max-image-preview:large, max-video-preview:-1\" \/>\n<link rel=\"canonical\" href=\"https:\/\/niipit.dk\/cafe-liva\/\" \/>\n<meta property=\"og:locale\" content=\"da_DK\" \/>\n<meta property=\"og:type\" content=\"article\" \/>\n<meta property=\"og:title\" content=\"Cafe Liva - Dit lokale spisested i \u00d8ster Hurup \u27a2\u27a2\u27a2\" \/>\n<meta property=\"og:description\" content=\"Er du sulten og vil have noget l\u00e6kkert s\u00e5 er Cafe Liva, Kystvejen 40, dit spisested i \u00d8rster Hurup. Spis her, afhent eller f\u00e5r leveret \u260f Ring p\u00e5 42 94 01 14\" \/>\n<meta property=\"og:url\" content=\"https:\/\/niipit.dk\/cafe-liva\/\" \/>\n<meta property=\"og:site_name\" content=\"Cafe Liva\" \/>\n<meta property=\"article:modified_time\" content=\"2020-03-31T05:34:02+00:00\" \/>\n<meta property=\"og:image\" content=\"https:\/\/niipit.dk\/cafe-liva\/wp-content\/uploads\/sites\/436\/2020\/03\/Cafe-Liva-Burger.png\" \/>\n\t<meta property=\"og:image:width\" content=\"1664\" \/>\n\t<meta property=\"og:image:height\" content=\"756\" \/>\n\t<meta property=\"og:image:type\" content=\"image\/png\" \/>\n<meta name=\"twitter:card\" content=\"summary_large_image\" \/>\n<meta name=\"twitter:label1\" content=\"Estimeret l\u00e6setid\" \/>\n\t<meta name=\"twitter:data1\" content=\"1 minut\" \/>\n<script type=\"application\/ld+json\" class=\"yoast-schema-graph\">{\"@context\":\"https:\\\/\\\/schema.org\",\"@graph\":[{\"@type\":\"WebPage\",\"@id\":\"https:\\\/\\\/niipit.dk\\\/cafe-liva\\\/\",\"url\":\"https:\\\/\\\/niipit.dk\\\/cafe-liva\\\/\",\"name\":\"Cafe Liva - Dit lokale spisested i \u00d8ster Hurup \u27a2\u27a2\u27a2\",\"isPartOf\":{\"@id\":\"https:\\\/\\\/niipit.dk\\\/cafe-liva\\\/#website\"},\"datePublished\":\"2020-03-26T11:29:34+00:00\",\"dateModified\":\"2020-03-31T05:34:02+00:00\",\"description\":\"Er du sulten og vil have noget l\u00e6kkert s\u00e5 er Cafe Liva, Kystvejen 40, dit spisested i \u00d8rster Hurup. Spis her, afhent eller f\u00e5r leveret \u260f Ring p\u00e5 42 94 01 14\",\"breadcrumb\":{\"@id\":\"https:\\\/\\\/niipit.dk\\\/cafe-liva\\\/#breadcrumb\"},\"inLanguage\":\"da-DK\",\"potentialAction\":[{\"@type\":\"ReadAction\",\"target\":[\"https:\\\/\\\/niipit.dk\\\/cafe-liva\\\/\"]}]},{\"@type\":\"BreadcrumbList\",\"@id\":\"https:\\\/\\\/niipit.dk\\\/cafe-liva\\\/#breadcrumb\",\"itemListElement\":[{\"@type\":\"ListItem\",\"position\":1,\"name\":\"Hjem\",\"item\":\"https:\\\/\\\/niipit.dk\\\/cafe-liva\\\/\"},{\"@type\":\"ListItem\",\"position\":2,\"name\":\"Forside\"}]},{\"@type\":\"WebSite\",\"@id\":\"https:\\\/\\\/niipit.dk\\\/cafe-liva\\\/#website\",\"url\":\"https:\\\/\\\/niipit.dk\\\/cafe-liva\\\/\",\"name\":\"Cafe Liva\",\"description\":\"Kystvejen 40A i \u00d8ster Hurup\",\"potentialAction\":[{\"@type\":\"SearchAction\",\"target\":{\"@type\":\"EntryPoint\",\"urlTemplate\":\"https:\\\/\\\/niipit.dk\\\/cafe-liva\\\/?s={search_term_string}\"},\"query-input\":{\"@type\":\"PropertyValueSpecification\",\"valueRequired\":true,\"valueName\":\"search_term_string\"}}],\"inLanguage\":\"da-DK\"}]}<\/script>\n<!-- \/ Yoast SEO Premium plugin. -->","yoast_head_json":{"title":"Cafe Liva - Dit lokale spisested i \u00d8ster Hurup \u27a2\u27a2\u27a2","description":"Er du sulten og vil have noget l\u00e6kkert s\u00e5 er Cafe Liva, Kystvejen 40, dit spisested i \u00d8rster Hurup. Spis her, afhent eller f\u00e5r leveret \u260f Ring p\u00e5 42 94 01 14","robots":{"index":"index","follow":"follow","max-snippet":"max-snippet:-1","max-image-preview":"max-image-preview:large","max-video-preview":"max-video-preview:-1"},"canonical":"https:\/\/niipit.dk\/cafe-liva\/","og_locale":"da_DK","og_type":"article","og_title":"Cafe Liva - Dit lokale spisested i \u00d8ster Hurup \u27a2\u27a2\u27a2","og_description":"Er du sulten og vil have noget l\u00e6kkert s\u00e5 er Cafe Liva, Kystvejen 40, dit spisested i \u00d8rster Hurup. Spis her, afhent eller f\u00e5r leveret \u260f Ring p\u00e5 42 94 01 14","og_url":"https:\/\/niipit.dk\/cafe-liva\/","og_site_name":"Cafe Liva","article_modified_time":"2020-03-31T05:34:02+00:00","og_image":[{"width":1664,"height":756,"url":"https:\/\/niipit.dk\/cafe-liva\/wp-content\/uploads\/sites\/436\/2020\/03\/Cafe-Liva-Burger.png","type":"image\/png"}],"twitter_card":"summary_large_image","twitter_misc":{"Estimeret l\u00e6setid":"1 minut"},"schema":{"@context":"https:\/\/schema.org","@graph":[{"@type":"WebPage","@id":"https:\/\/niipit.dk\/cafe-liva\/","url":"https:\/\/niipit.dk\/cafe-liva\/","name":"Cafe Liva - Dit lokale spisested i \u00d8ster Hurup \u27a2\u27a2\u27a2","isPartOf":{"@id":"https:\/\/niipit.dk\/cafe-liva\/#website"},"datePublished":"2020-03-26T11:29:34+00:00","dateModified":"2020-03-31T05:34:02+00:00","description":"Er du sulten og vil have noget l\u00e6kkert s\u00e5 er Cafe Liva, Kystvejen 40, dit spisested i \u00d8rster Hurup. Spis her, afhent eller f\u00e5r leveret \u260f Ring p\u00e5 42 94 01 14","breadcrumb":{"@id":"https:\/\/niipit.dk\/cafe-liva\/#breadcrumb"},"inLanguage":"da-DK","potentialAction":[{"@type":"ReadAction","target":["https:\/\/niipit.dk\/cafe-liva\/"]}]},{"@type":"BreadcrumbList","@id":"https:\/\/niipit.dk\/cafe-liva\/#breadcrumb","itemListElement":[{"@type":"ListItem","position":1,"name":"Hjem","item":"https:\/\/niipit.dk\/cafe-liva\/"},{"@type":"ListItem","position":2,"name":"Forside"}]},{"@type":"WebSite","@id":"https:\/\/niipit.dk\/cafe-liva\/#website","url":"https:\/\/niipit.dk\/cafe-liva\/","name":"Cafe Liva","description":"Kystvejen 40A i \u00d8ster Hurup","potentialAction":[{"@type":"SearchAction","target":{"@type":"EntryPoint","urlTemplate":"https:\/\/niipit.dk\/cafe-liva\/?s={search_term_string}"},"query-input":{"@type":"PropertyValueSpecification","valueRequired":true,"valueName":"search_term_string"}}],"inLanguage":"da-DK"}]}},"_links":{"self":[{"href":"https:\/\/niipit.dk\/cafe-liva\/wp-json\/wp\/v2\/pages\/5064","targetHints":{"allow":["GET"]}}],"collection":[{"href":"https:\/\/niipit.dk\/cafe-liva\/wp-json\/wp\/v2\/pages"}],"about":[{"href":"https:\/\/niipit.dk\/cafe-liva\/wp-json\/wp\/v2\/types\/page"}],"author":[{"embeddable":true,"href":"https:\/\/niipit.dk\/cafe-liva\/wp-json\/wp\/v2\/users\/151"}],"replies":[{"embeddable":true,"href":"https:\/\/niipit.dk\/cafe-liva\/wp-json\/wp\/v2\/comments?post=5064"}],"version-history":[{"count":0,"href":"https:\/\/niipit.dk\/cafe-liva\/wp-json\/wp\/v2\/pages\/5064\/revisions"}],"wp:attachment":[{"href":"https:\/\/niipit.dk\/cafe-liva\/wp-json\/wp\/v2\/media?parent=5064"}],"curies":[{"name":"wp","href":"https:\/\/api.w.org\/{rel}","templated":true}]}}